{"id":29390,"date":"2026-05-01T00:20:16","date_gmt":"2026-05-01T00:20:16","guid":{"rendered":"https:\/\/emeniro.lovehorses.lv\/product\/candy-cmg2071m\/"},"modified":"2026-05-01T00:20:16","modified_gmt":"2026-05-01T00:20:16","slug":"candy-cmg2071m","status":"publish","type":"product","link":"https:\/\/emeniro.lovehorses.lv\/ru\/product\/candy-cmg2071m\/","title":{"rendered":"Candy CMG2071M"},"content":{"rendered":"<p><\/p>\n<div>\u0422\u043e\u0440\u0433\u043e\u0432\u0430\u044f \u043c\u0430\u0440\u043a\u0430<span style=\"white-space:pre\"> <\/span>\u041a\u044d\u043d\u0434\u0438<\/div>\n<div>\u0426\u0432\u0435\u0442<span style=\"white-space:pre\"> <\/span>\u0411\u0435\u043b\u044b\u0439<\/div>\n<div>\u041e\u0431\u044a\u0435\u043c<span style=\"white-space:pre\"> <\/span>20 \u043b<\/div>\n<div>\u0420\u0430\u0437\u043c\u0435\u0440\u044b, \u0432\u0435\u0441<\/div>\n<div>\u0420\u0430\u0437\u043c\u0435\u0440 (\u0428x\u0412x\u0413) \u043c\u043c<span style=\"white-space:pre\"> <\/span>461x260x334<\/div>\n<div>\u0412\u0435\u0441<span style=\"white-space:pre\"> <\/span>12.4 \u043a\u0433<\/div>\n<div>\u041f\u0430\u0440\u0430\u043c\u0435\u0442\u0440\u044b \u043c\u0438\u043a\u0440\u043e\u0432\u043e\u043b\u043d\u043e\u0432\u043e\u0439 \u043f\u0435\u0447\u0438<\/div>\n<div>\u0423\u043f\u0440\u0430\u0432\u043b\u0435\u043d\u0438\u0435<span style=\"white-space:pre\"> <\/span>\u041c\u0435\u0445\u0430\u043d\u0438\u0447\u0435\u0441\u043a\u0430\u044f<\/div>\n<div>\u041c\u043e\u0449\u043d\u043e\u0441\u0442\u044c \u043c\u0438\u043a\u0440\u043e\u0432\u043e\u043b\u043d<span style=\"white-space:pre\"> <\/span>700 W<\/div>\n<div>\u041c\u043e\u0449\u043d\u043e\u0441\u0442\u044c \u0433\u0440\u0438\u043b\u044f (\u0412\u0442)<span style=\"white-space:pre\"> <\/span>800<\/div>\n<div>\u0422\u0430\u0439\u043c\u0435\u0440<span style=\"white-space:pre\"> <\/span>\u0415\u0441\u0442\u044c<\/div><\/p>","protected":false},"excerpt":{"rendered":"<p>Pre\u010du z\u012bme Candy Kr\u0101sa Balta Tilpums 20 l Izm\u0113ri, svars Izm\u0113rs (PxAxDz) mm 461x260x334 Svars 12.4 kg Mikrovi\u013c\u0146u kr\u0101sns parametri Vad\u012bba Meh\u0101niska Mikrovi\u013c\u0146u izejas jauda 700 W Grila jauda (W) 800 Taimeris Ir<\/p>","protected":false},"featured_media":29389,"comment_status":"open","ping_status":"closed","template":"","meta":{"_joinchat":[]},"product_brand":[267],"product_cat":[273],"product_tag":[],"class_list":{"0":"post-29390","1":"product","2":"type-product","3":"status-publish","4":"has-post-thumbnail","6":"product_brand-candy","7":"product_cat-sadzives-tehnika-mikrovilnu-krasnis","9":"first","10":"instock","11":"shipping-taxable","12":"purchasable","13":"product-type-simple"},"_links":{"self":[{"href":"https:\/\/emeniro.lovehorses.lv\/ru\/wp-json\/wp\/v2\/product\/29390","targetHints":{"allow":["GET"]}}],"collection":[{"href":"https:\/\/emeniro.lovehorses.lv\/ru\/wp-json\/wp\/v2\/product"}],"about":[{"href":"https:\/\/emeniro.lovehorses.lv\/ru\/wp-json\/wp\/v2\/types\/product"}],"replies":[{"embeddable":true,"href":"https:\/\/emeniro.lovehorses.lv\/ru\/wp-json\/wp\/v2\/comments?post=29390"}],"wp:featuredmedia":[{"embeddable":true,"href":"https:\/\/emeniro.lovehorses.lv\/ru\/wp-json\/wp\/v2\/media\/29389"}],"wp:attachment":[{"href":"https:\/\/emeniro.lovehorses.lv\/ru\/wp-json\/wp\/v2\/media?parent=29390"}],"wp:term":[{"taxonomy":"product_brand","embeddable":true,"href":"https:\/\/emeniro.lovehorses.lv\/ru\/wp-json\/wp\/v2\/product_brand?post=29390"},{"taxonomy":"product_cat","embeddable":true,"href":"https:\/\/emeniro.lovehorses.lv\/ru\/wp-json\/wp\/v2\/product_cat?post=29390"},{"taxonomy":"product_tag","embeddable":true,"href":"https:\/\/emeniro.lovehorses.lv\/ru\/wp-json\/wp\/v2\/product_tag?post=29390"}],"curies":[{"name":"wp","href":"https:\/\/api.w.org\/{rel}","templated":true}]}}