{"id":29452,"date":"2026-05-01T00:21:46","date_gmt":"2026-05-01T00:21:46","guid":{"rendered":"https:\/\/emeniro.lovehorses.lv\/product\/gorenje-mo20a3b\/"},"modified":"2026-05-01T00:21:46","modified_gmt":"2026-05-01T00:21:46","slug":"gorenje-mo20a3b","status":"publish","type":"product","link":"https:\/\/emeniro.lovehorses.lv\/ru\/product\/gorenje-mo20a3b\/","title":{"rendered":"Gorenje MO20A3B"},"content":{"rendered":"<div>\u0422\u043e\u0440\u0433\u043e\u0432\u0430\u044f \u043c\u0430\u0440\u043a\u0430<span style=\"white-space:pre\"> <\/span>Gorenje<\/div>\n<div>\u041a\u043e\u0434 \u043f\u0440\u043e\u0434\u0443\u043a\u0442\u0430<span style=\"white-space:pre\"> <\/span>733237<\/div>\n<div>\u0426\u0432\u0435\u0442<span style=\"white-space:pre\"> <\/span>\u0427\u0435\u0440\u043d\u044b\u0439<\/div>\n<div>\u041e\u0431\u044a\u0435\u043c<span style=\"white-space:pre\"> <\/span>20 \u043b<\/div>\n<div>EAN<span style=\"white-space:pre\"> <\/span>3838782176524<\/div>\n<div>\u0420\u0430\u0437\u043c\u0435\u0440\u044b, \u0432\u0435\u0441<\/div>\n<div>\u0420\u0430\u0437\u043c\u0435\u0440 (\u0428x\u0412x\u0413) \u043c\u043c<span style=\"white-space:pre\"> <\/span>451x257x312<\/div>\n<div>\u0412\u0435\u0441<span style=\"white-space:pre\"> <\/span>10.8 kg<\/div>\n<div>\u0412\u0435\u0441 \u0441 \u0443\u043f\u0430\u043a\u043e\u0432\u043a\u043e\u0439<span style=\"white-space:pre\"> <\/span>12.5 \u043a\u0433<\/div>\n<div>\u041f\u0430\u0440\u0430\u043c\u0435\u0442\u0440\u044b \u043c\u0438\u043a\u0440\u043e\u0432\u043e\u043b\u043d\u043e\u0432\u043e\u0439 \u043f\u0435\u0447\u0438<\/div>\n<div>\u0423\u043f\u0440\u0430\u0432\u043b\u0435\u043d\u0438\u0435<span style=\"white-space:pre\"> <\/span>\u042d\u043b\u0435\u043a\u0442\u0440\u043e\u043d\u043d\u0430\u044f<\/div>\n<div>\u041c\u043e\u0449\u043d\u043e\u0441\u0442\u044c \u043c\u0438\u043a\u0440\u043e\u0432\u043e\u043b\u043d<span style=\"white-space:pre\"> <\/span>800 W<\/div>","protected":false},"excerpt":{"rendered":"<p>Pre\u010du z\u012bme Gorenje Produkta kods 733237 Kr\u0101sa Melna Tilpums 20 l EAN 3838782176524 Izm\u0113ri, svars Izm\u0113rs (PxAxDz) mm 451x257x312 Svars 10.8 kg Svars ar iepakojumu 12.5 kg Mikrovi\u013c\u0146u kr\u0101sns parametri Vad\u012bba Elektroniska Mikrovi\u013c\u0146u izejas jauda 800 W<\/p>","protected":false},"featured_media":29447,"comment_status":"open","ping_status":"closed","template":"","meta":{"_joinchat":[]},"product_brand":[271],"product_cat":[273],"product_tag":[],"class_list":{"0":"post-29452","1":"product","2":"type-product","3":"status-publish","4":"has-post-thumbnail","6":"product_brand-gorenje","7":"product_cat-sadzives-tehnika-mikrovilnu-krasnis","9":"first","10":"instock","11":"shipping-taxable","12":"purchasable","13":"product-type-simple"},"_links":{"self":[{"href":"https:\/\/emeniro.lovehorses.lv\/ru\/wp-json\/wp\/v2\/product\/29452","targetHints":{"allow":["GET"]}}],"collection":[{"href":"https:\/\/emeniro.lovehorses.lv\/ru\/wp-json\/wp\/v2\/product"}],"about":[{"href":"https:\/\/emeniro.lovehorses.lv\/ru\/wp-json\/wp\/v2\/types\/product"}],"replies":[{"embeddable":true,"href":"https:\/\/emeniro.lovehorses.lv\/ru\/wp-json\/wp\/v2\/comments?post=29452"}],"wp:featuredmedia":[{"embeddable":true,"href":"https:\/\/emeniro.lovehorses.lv\/ru\/wp-json\/wp\/v2\/media\/29447"}],"wp:attachment":[{"href":"https:\/\/emeniro.lovehorses.lv\/ru\/wp-json\/wp\/v2\/media?parent=29452"}],"wp:term":[{"taxonomy":"product_brand","embeddable":true,"href":"https:\/\/emeniro.lovehorses.lv\/ru\/wp-json\/wp\/v2\/product_brand?post=29452"},{"taxonomy":"product_cat","embeddable":true,"href":"https:\/\/emeniro.lovehorses.lv\/ru\/wp-json\/wp\/v2\/product_cat?post=29452"},{"taxonomy":"product_tag","embeddable":true,"href":"https:\/\/emeniro.lovehorses.lv\/ru\/wp-json\/wp\/v2\/product_tag?post=29452"}],"curies":[{"name":"wp","href":"https:\/\/api.w.org\/{rel}","templated":true}]}}