{"id":29504,"date":"2026-05-01T00:22:41","date_gmt":"2026-05-01T00:22:41","guid":{"rendered":"https:\/\/emeniro.lovehorses.lv\/product\/barkan-e410-b-32-90\/"},"modified":"2026-05-01T00:22:41","modified_gmt":"2026-05-01T00:22:41","slug":"barkan-e410-b-32-90","status":"publish","type":"product","link":"https:\/\/emeniro.lovehorses.lv\/ru\/product\/barkan-e410-b-32-90\/","title":{"rendered":"BARKAN E410+.B 32\"-90\""},"content":{"rendered":"<p><\/p>\n<p>\u041f\u0440\u043e\u0438\u0437\u0432\u043e\u0434\u0438\u0442\u0435\u043b\u044c Barkan<\/p>\n<p>\u041c\u0438\u043d\u0438\u043c\u0430\u043b\u044c\u043d\u0430\u044f \u0434\u0438\u0430\u0433\u043e\u043d\u0430\u043b\u044c \u044d\u043a\u0440\u0430\u043d\u0430 32<br \/>\u041c\u0430\u043a\u0441\u0438\u043c\u0430\u043b\u044c\u043d\u0430\u044f \u0434\u0438\u0430\u0433\u043e\u043d\u0430\u043b\u044c \u044d\u043a\u0440\u0430\u043d\u0430 90<br \/>\u0422\u0438\u043f \u041d\u0430\u0441\u0442\u0435\u043d\u043d\u043e\u0435 \u043a\u0440\u0435\u043f\u043b\u0435\u043d\u0438\u0435 \u0441 \u0440\u0435\u0433\u0443\u043b\u0438\u0440\u0443\u0435\u043c\u044b\u043c \u043d\u0430\u043a\u043b\u043e\u043d\u043e\u043c<br \/>\u041c\u0430\u043a\u0441\u0438\u043c\u0430\u043b\u044c\u043d\u044b\u0439 \u0432\u0435\u0441, \u043a\u0433 60<br \/>\u0420\u0430\u0441\u0441\u0442\u043e\u044f\u043d\u0438\u0435 \u043e\u0442 \u0441\u0442\u0435\u043d\u044b, \u0441\u043c 8.1<br \/>\u0412\u0435\u0441<br \/>\u0412\u0435\u0441 \u0431\u0440\u0443\u0442\u0442\u043e (\u043a\u0433) 10<\/p>\n<p><strong><\/strong><\/p>","protected":false},"excerpt":{"rendered":"<p>Ra\u017eot\u0101js Barkan Minim\u0101l\u0101 ekr\u0101na diagon\u0101le 32Maksim\u0101l\u0101 ekr\u0101na diagon\u0101le 90Tips Sienas stiprin\u0101jums ar main\u0101mu sl\u012bpumuMaksim\u0101lais svars, kg 60Att\u0101lums no sienas, cm 8.1SvarsBruto svars (kg) 10<\/p>","protected":false},"featured_media":29502,"comment_status":"open","ping_status":"closed","template":"","meta":{"_joinchat":[]},"product_brand":[],"product_cat":[326],"product_tag":[],"class_list":{"0":"post-29504","1":"product","2":"type-product","3":"status-publish","4":"has-post-thumbnail","6":"product_cat-tv-foto-video-audio-televizori-un-aksesuari-televizoru-kronsteini","8":"first","9":"instock","10":"shipping-taxable","11":"purchasable","12":"product-type-simple"},"_links":{"self":[{"href":"https:\/\/emeniro.lovehorses.lv\/ru\/wp-json\/wp\/v2\/product\/29504","targetHints":{"allow":["GET"]}}],"collection":[{"href":"https:\/\/emeniro.lovehorses.lv\/ru\/wp-json\/wp\/v2\/product"}],"about":[{"href":"https:\/\/emeniro.lovehorses.lv\/ru\/wp-json\/wp\/v2\/types\/product"}],"replies":[{"embeddable":true,"href":"https:\/\/emeniro.lovehorses.lv\/ru\/wp-json\/wp\/v2\/comments?post=29504"}],"wp:featuredmedia":[{"embeddable":true,"href":"https:\/\/emeniro.lovehorses.lv\/ru\/wp-json\/wp\/v2\/media\/29502"}],"wp:attachment":[{"href":"https:\/\/emeniro.lovehorses.lv\/ru\/wp-json\/wp\/v2\/media?parent=29504"}],"wp:term":[{"taxonomy":"product_brand","embeddable":true,"href":"https:\/\/emeniro.lovehorses.lv\/ru\/wp-json\/wp\/v2\/product_brand?post=29504"},{"taxonomy":"product_cat","embeddable":true,"href":"https:\/\/emeniro.lovehorses.lv\/ru\/wp-json\/wp\/v2\/product_cat?post=29504"},{"taxonomy":"product_tag","embeddable":true,"href":"https:\/\/emeniro.lovehorses.lv\/ru\/wp-json\/wp\/v2\/product_tag?post=29504"}],"curies":[{"name":"wp","href":"https:\/\/api.w.org\/{rel}","templated":true}]}}