{"id":29530,"date":"2026-05-01T00:23:18","date_gmt":"2026-05-01T00:23:18","guid":{"rendered":"https:\/\/emeniro.lovehorses.lv\/product\/gorenje-ect322bcsc\/"},"modified":"2026-05-01T00:23:18","modified_gmt":"2026-05-01T00:23:18","slug":"gorenje-ect322bcsc","status":"publish","type":"product","link":"https:\/\/emeniro.lovehorses.lv\/ru\/product\/gorenje-ect322bcsc\/","title":{"rendered":"Gorenje ECT322BCSC"},"content":{"rendered":"<p class=\"translation-block\"><p>\u041c\u0430\u043b\u0430 \u0441\u043a\u0438\u043f\u0430<br \/>\u0414\u0435\u0442\u0441\u043a\u0430\u044f \u0431\u043b\u043e\u043a\u0438\u0440\u043e\u0432\u043a\u0430 +<br \/>\u0412\u0435\u0441 (\u043a\u0433) 4.1<br \/>\u0418\u043d\u0434\u0438\u043a\u0430\u0442\u043e\u0440\u044b \u043e\u0441\u0442\u0430\u0442\u043e\u0447\u043d\u043e\u0433\u043e \u0442\u0435\u043f\u043b\u0430 +<br \/>\u041a\u043e\u043b\u0438\u0447\u0435\u0441\u0442\u0432\u043e \u043a\u043e\u043d\u0444\u043e\u0440\u043e\u043a 2<br \/>\u041b\u0435\u0432\u0430\u044f \u0437\u0430\u0434\u043d\u044f\u044f \u0437\u043e\u043d\u0430: 1200 \u0412\u0442; 145 \u043c\u043c<br \/>\u041b\u0435\u0432\u0430\u044f \u043f\u0435\u0440\u0435\u0434\u043d\u044f\u044f \u0437\u043e\u043d\u0430: 700\/1700 \u0412\u0442; 120\/180 \u043c\u043c<br \/>\u041c\u0430\u0442\u0435\u0440\u0438\u0430\u043b \u043f\u043b\u0438\u0442\u044b \u041a\u0435\u0440\u0430\u043c\u0438\u0447\u0435\u0441\u043a\u043e\u0435 \u0441\u0442\u0435\u043a\u043b\u043e<br \/>\u041c\u043e\u0449\u043d\u043e\u0441\u0442\u044c (\u0412\u0442) 2900<br \/>\u0420\u0430\u0437\u043c\u0435\u0440\u044b (\u0412\u0445\u0428\u0445\u0413 \u0441\u043c) 5.1 x 30 x 52<br \/>\u0420\u0430\u0441\u0448\u0438\u0440\u044f\u0435\u043c\u044b\u0435 \u0437\u043e\u043d\u044b \u043f\u0440\u0438\u0433\u043e\u0442\u043e\u0432\u043b\u0435\u043d\u0438\u044f +<br \/>\u0422\u0430\u0439\u043c\u0435\u0440 +<br \/>\u0422\u0438\u043f \u043f\u043b\u0438\u0442\u044b \u042d\u043b\u0435\u043a\u0442\u0440\u0438\u0447\u0435\u0441\u043a\u0430\u044f \u043f\u043b\u0438\u0442\u0430<br \/>\u0423\u043f\u0440\u0430\u0432\u043b\u0435\u043d\u0438\u0435 \u0421\u0435\u043d\u0441\u043e\u0440\u043d\u043e\u0435 \u0443\u043f\u0440\u0430\u0432\u043b\u0435\u043d\u0438\u0435<br \/>\u0420\u0430\u0437\u043c\u0435\u0440\u044b \u0434\u043b\u044f \u0443\u0441\u0442\u0430\u043d\u043e\u0432\u043a\u0438 (\u0412\u0445\u0428\u0445\u0413 \u0441\u043c) 6,7 x 28,3 x 49<br \/>\u0424\u0443\u043d\u043a\u0446\u0438\u0438: Stop &amp;amp; Go, StayWarm<br \/>\u0427\u0435\u0440\u043d\u044b\u0439 \u0446\u0432\u0435\u0442<\/p><\/p>","protected":false},"excerpt":{"rendered":"<p>Mala sl\u012bpaB\u0113rnu sl\u0113dzene +Svars (kg) 4.1Atliku\u0161\u0101 siltuma indikatori +Deg\u013cu skaits 2Kreis\u0101 aizmugur\u0113j\u0101 zona: 1200 W; 145 mmKreis\u0101 priek\u0161\u0113j\u0101 zona: 700\/1700 W; 120\/180 mmPl\u012bts materi\u0101ls Keramikas stiklsJauda (W) 2900Izm\u0113ri (HxWxD cm) 5.1 x 30 x 52Papla\u0161in\u0101m\u0101s gatavo\u0161anas zonas +Taimeris +Pl\u012bts tips Elektrisk\u0101 pl\u012btsVad\u012bba Piesk\u0101riena vad\u012bbaUzst\u0101d\u012b\u0161anas izm\u0113ri (HxWxD cm) 6,7 x 28,3 x 49Funkcijas: Stop &amp; Go, [&hellip;]<\/p>\n","protected":false},"featured_media":29529,"comment_status":"open","ping_status":"closed","template":"","meta":{"_joinchat":[]},"product_brand":[271],"product_cat":[264],"product_tag":[],"class_list":{"0":"post-29530","1":"product","2":"type-product","3":"status-publish","4":"has-post-thumbnail","6":"product_brand-gorenje","7":"product_cat-iebuvejama-sadzives-tehnika-iebuvejamas-elektriskas-plits-virsmas","9":"first","10":"instock","11":"shipping-taxable","12":"purchasable","13":"product-type-simple"},"_links":{"self":[{"href":"https:\/\/emeniro.lovehorses.lv\/ru\/wp-json\/wp\/v2\/product\/29530","targetHints":{"allow":["GET"]}}],"collection":[{"href":"https:\/\/emeniro.lovehorses.lv\/ru\/wp-json\/wp\/v2\/product"}],"about":[{"href":"https:\/\/emeniro.lovehorses.lv\/ru\/wp-json\/wp\/v2\/types\/product"}],"replies":[{"embeddable":true,"href":"https:\/\/emeniro.lovehorses.lv\/ru\/wp-json\/wp\/v2\/comments?post=29530"}],"wp:featuredmedia":[{"embeddable":true,"href":"https:\/\/emeniro.lovehorses.lv\/ru\/wp-json\/wp\/v2\/media\/29529"}],"wp:attachment":[{"href":"https:\/\/emeniro.lovehorses.lv\/ru\/wp-json\/wp\/v2\/media?parent=29530"}],"wp:term":[{"taxonomy":"product_brand","embeddable":true,"href":"https:\/\/emeniro.lovehorses.lv\/ru\/wp-json\/wp\/v2\/product_brand?post=29530"},{"taxonomy":"product_cat","embeddable":true,"href":"https:\/\/emeniro.lovehorses.lv\/ru\/wp-json\/wp\/v2\/product_cat?post=29530"},{"taxonomy":"product_tag","embeddable":true,"href":"https:\/\/emeniro.lovehorses.lv\/ru\/wp-json\/wp\/v2\/product_tag?post=29530"}],"curies":[{"name":"wp","href":"https:\/\/api.w.org\/{rel}","templated":true}]}}