{"id":29544,"date":"2026-05-01T00:23:46","date_gmt":"2026-05-01T00:23:46","guid":{"rendered":"https:\/\/emeniro.lovehorses.lv\/product\/delonghi-magnifica-ecam-21-117-w\/"},"modified":"2026-05-01T00:23:46","modified_gmt":"2026-05-01T00:23:46","slug":"delonghi-magnifica-ecam-21-117-w","status":"publish","type":"product","link":"https:\/\/emeniro.lovehorses.lv\/ru\/product\/delonghi-magnifica-ecam-21-117-w\/","title":{"rendered":"DeLonghi Magnifica ECAM 21.117.W"},"content":{"rendered":"<p>Produkta veids\u00a0 \u00a0 \u00a0Autom\u0101tiskie kafijas autom\u0101ti<\/p>\n<p>Z\u012bmols\u00a0 \u00a0 \u00a0DeLonghi<br \/>Kolekcija\u00a0 \u00a0 \u00a0Magnifica<br \/>Modelis\u00a0 \u00a0 \u00a0ECAM 21.117.W<br \/>Kafijas autom\u0101ta veids\u00a0 \u00a0 \u00a0Autom\u0101tisks<br \/>Piena sist\u0113mas tips\u00a0 \u00a0 \u00a0Tvaika piena putu veidot\u0101js<br \/>Jauda\u00a0 \u00a0 1450 W<br \/>Maksim\u0101lais darba spiediens\u00a0 \u00a0 15 Bar<br \/>Korpusa materi\u0101ls\u00a0 \u00a0 \u00a0Ner\u016bs\u0113jo\u0161ais t\u0113rauds, Plastmasa<br \/>Izcelsmes valsts\u00a0 \u00a0 \u00a0Rum\u0101nija<br \/>\u016adens filtrs\u00a0 \u00a0 N\u0113<br \/>Kr\u0101sa\u00a0 \u00a0 \u00a0Balta<br \/>Ekr\u0101ns\u00a0 \u00a0 \u00a0J\u0101<br \/>Ekr\u0101na tips\u00a0 \u00a0 \u00a0Simbolu displejs<br \/>\u0412\u0438\u0434\u044b \u043a\u043e\u0444\u0435 \u0438 \u043f\u0440\u0438\u0433\u043e\u0442\u043e\u0432\u043b\u0435\u043d\u0438\u0435<br \/>Kafijas veids\u00a0 \u00a0 Kafijas pupi\u0146as, Malta kafija<br \/>Kafijas pagatavo\u0161anas metodes\u00a0 \u00a0 Caff\u00e8 latte, Espresso, Kafija, Kapu\u010dino<br \/>Kafijas stipruma regul\u0113\u0161ana\u00a0 \u00a0 J\u0101<br \/>\u0424\u0443\u043d\u043a\u0446\u0438\u0438 \u0438 \u0432\u043e\u0437\u043c\u043e\u0436\u043d\u043e\u0441\u0442\u0438<br \/>\u016adens ciet\u012bbas regul\u0113\u0161ana\u00a0 \u00a0 J\u0101<br \/>Vienlaic\u012bgi sagatavo vair\u0101kas devas\u00a0 \u00a0 J\u0101<br \/>Kr\u016bzes uzsild\u012b\u0161ana\u00a0 \u00a0 N\u0113<br \/>Tvaika uzgalis\u00a0 \u00a0 J\u0101<br \/>Saglab\u0101 kafijas veidus\u00a0 \u00a0 J\u0101<br \/>Programm\u0113jama \u016bdens temperat\u016bra\u00a0 \u00a0 \u00a0J\u0101<br \/>Programm\u0113jams kafijas daudzums\u00a0 \u00a0 \u00a0J\u0101<br \/>Ar manometru\u00a0 \u00a0 N\u0113<br \/>Regul\u0113jams spiediens\u00a0 \u00a0 \u00a0N\u0113<br \/>Aizsardz\u012bba pret \u016bdens nopl\u016bdi\u00a0 \u00a0 \u00a0J\u0101<br \/>Autom\u0101tisk\u0101 izsl\u0113g\u0161an\u0101s\u00a0 \u00a0 \u00a0J\u0101<br \/>Aukstu dz\u0113rienu pagatavo\u0161ana\u00a0 \u00a0 \u00a0N\u0113<br \/>Inteli\u0123ent\u0101 iepriek\u0161\u0113j\u0101 uzkars\u0113\u0161ana\u00a0 \u00a0 \u00a0N\u0113<br \/>Dz\u0113rienu kop\u0113\u0161ana un personaliz\u0113\u0161ana\u00a0 \u00a0 \u00a0J\u0101<br \/>Iestat\u0101ma piena\/ piena putu temperat\u016bra\u00a0 \u00a0 \u00a0N\u0113<br \/>Kafijas pupi\u0146u daudzuma kontrole\u00a0 \u00a0 \u00a0J\u0101<br \/>Pulvera tekne maltai kafijai\u00a0 \u00a0 \u00a0J\u0101<br \/>Porcijas izv\u0113le melnai kafijai\u00a0 \u00a0 \u00a02<br \/>Porcijas izv\u0113le kafijai ar pienu\u00a0 \u00a0 \u00a00<br \/>Programm\u0113jams porcijas lielums\u00a0 \u00a0 \u00a0J\u0101<br \/>Karst\u0101 \u016bdens sagatavo\u0161ana\u00a0 \u00a0 \u00a0J\u0101<br \/>Karst\u0101 piena pagatavo\u0161ana\u00a0 \u00a0 \u00a0N\u0113<br \/>Kontrol\u0113ts, izmantojot lietojumprogrammu\u00a0 \u00a0 \u00a0N\u0113<br \/>Kafijas pupi\u0146u daudzuma kontrole\u00a0 \u00a0 \u00a0J\u0101<br \/>Programm\u0113jams piena \/ piena putu daudzums\u00a0 \u00a0 \u00a0N\u0113<br \/>Vad\u012bbas tips\u00a0 \u00a0 \u00a0Meh\u0101nisks<br \/>\u041a\u043e\u0444\u0435\u043c\u043e\u043b\u043a\u0430<br \/>Kafijas dzirnavi\u0146as\u00a0 \u00a0 J\u0101<br \/>Regul\u0113jama kafijas smalcin\u0101\u0161ana\u00a0 \u00a0 J\u0101<br \/>Kafijas pupi\u0146u ietilp\u012bba\u00a0 \u00a0 \u00a0250 g<br \/>Kafijas padeves kr\u0101na augstums\u00a0 \u00a0 \u00a086 \u2013 142 mm<br \/>\u0420\u0435\u0437\u0435\u0440\u0432\u0443\u0430\u0440\u044b<br \/>\u016adens tvertne\u00a0 \u00a0 \u00a01.8 l<br \/>Kafijas konteiners (trauks)\u00a0 \u00a0 14<br \/>Piena trauks\u00a0 \u00a0 N\u0113<br \/>Maksim\u0101lais trauka augstums\u00a0 \u00a0 \u00a0142 mm<br \/>\u041e\u0447\u0438\u0441\u0442\u043a\u0430<br \/>Autom\u0101tiska mazg\u0101\u0161ana\u00a0 \u00a0 J\u0101<br \/>Autom\u0101tisk\u0101 atka\u013c\u0137o\u0161an\u0101s\u00a0 \u00a0 J\u0101<br \/>Autom\u0101tiska piena sist\u0113mas t\u012br\u012b\u0161ana\u00a0 \u00a0 \u00a0N\u0113<br \/>\u0420\u0430\u0437\u043c\u0435\u0440\u044b \u0438 \u0432\u0435\u0441<br \/>Dzi\u013cums\u00a0 \u00a0 \u00a043 cm<br \/>Platums\u00a0 \u00a0 \u00a023.8 cm<br \/>Augstums\u00a0 \u00a0 \u00a034 cm<br \/>Svars\u00a0 \u00a0 \u00a010 kg<br \/>\u0414\u043e\u043f\u043e\u043b\u043d\u0438\u0442\u0435\u043b\u044c\u043d\u043e<br \/>Telefona savienojums iek\u013cauts standarta komplekt\u0101\u00a0 \u00a0 \u00a0N\u0113<br \/>Papildus inform\u0101cija\u00a0 \u00a0 \u00a0Kafijas pupi\u0146u tvertnes ietilp\u012bba: 250 g\u00a0<\/p><\/p>","protected":false},"excerpt":{"rendered":"<p>Produkta veids\u00a0 \u00a0 \u00a0Autom\u0101tiskie kafijas autom\u0101ti Z\u012bmols\u00a0 \u00a0 \u00a0DeLonghiKolekcija\u00a0 \u00a0 \u00a0MagnificaModelis\u00a0 \u00a0 \u00a0ECAM 21.117.WKafijas autom\u0101ta veids\u00a0 \u00a0 \u00a0Autom\u0101tisksPiena sist\u0113mas tips\u00a0 \u00a0 \u00a0Tvaika piena putu veidot\u0101jsJauda\u00a0 \u00a0 1450 WMaksim\u0101lais darba spiediens\u00a0 \u00a0 15 BarKorpusa materi\u0101ls\u00a0 \u00a0 \u00a0Ner\u016bs\u0113jo\u0161ais t\u0113rauds, PlastmasaIzcelsmes valsts\u00a0 \u00a0 \u00a0Rum\u0101nija\u016adens filtrs\u00a0 \u00a0 N\u0113Kr\u0101sa\u00a0 \u00a0 \u00a0BaltaEkr\u0101ns\u00a0 \u00a0 \u00a0J\u0101Ekr\u0101na tips\u00a0 \u00a0 \u00a0Simbolu displejsKafijas veidi un pagatavo\u0161anaKafijas [&hellip;]<\/p>\n","protected":false},"featured_media":29541,"comment_status":"open","ping_status":"closed","template":"","meta":{"_joinchat":[]},"product_brand":[],"product_cat":[314],"product_tag":[],"class_list":{"0":"post-29544","1":"product","2":"type-product","3":"status-publish","4":"has-post-thumbnail","6":"product_cat-maza-sadzives-tehnika-kafijas-automati","8":"first","9":"instock","10":"shipping-taxable","11":"purchasable","12":"product-type-simple"},"_links":{"self":[{"href":"https:\/\/emeniro.lovehorses.lv\/ru\/wp-json\/wp\/v2\/product\/29544","targetHints":{"allow":["GET"]}}],"collection":[{"href":"https:\/\/emeniro.lovehorses.lv\/ru\/wp-json\/wp\/v2\/product"}],"about":[{"href":"https:\/\/emeniro.lovehorses.lv\/ru\/wp-json\/wp\/v2\/types\/product"}],"replies":[{"embeddable":true,"href":"https:\/\/emeniro.lovehorses.lv\/ru\/wp-json\/wp\/v2\/comments?post=29544"}],"wp:featuredmedia":[{"embeddable":true,"href":"https:\/\/emeniro.lovehorses.lv\/ru\/wp-json\/wp\/v2\/media\/29541"}],"wp:attachment":[{"href":"https:\/\/emeniro.lovehorses.lv\/ru\/wp-json\/wp\/v2\/media?parent=29544"}],"wp:term":[{"taxonomy":"product_brand","embeddable":true,"href":"https:\/\/emeniro.lovehorses.lv\/ru\/wp-json\/wp\/v2\/product_brand?post=29544"},{"taxonomy":"product_cat","embeddable":true,"href":"https:\/\/emeniro.lovehorses.lv\/ru\/wp-json\/wp\/v2\/product_cat?post=29544"},{"taxonomy":"product_tag","embeddable":true,"href":"https:\/\/emeniro.lovehorses.lv\/ru\/wp-json\/wp\/v2\/product_tag?post=29544"}],"curies":[{"name":"wp","href":"https:\/\/api.w.org\/{rel}","templated":true}]}}