{"id":29551,"date":"2026-05-01T00:24:01","date_gmt":"2026-05-01T00:24:01","guid":{"rendered":"https:\/\/emeniro.lovehorses.lv\/product\/geko-g80576-960-w\/"},"modified":"2026-05-01T00:24:01","modified_gmt":"2026-05-01T00:24:01","slug":"geko-g80576-960-w","status":"publish","type":"product","link":"https:\/\/emeniro.lovehorses.lv\/ru\/product\/geko-g80576-960-w\/","title":{"rendered":"Geko G80576 960 W"},"content":{"rendered":"<p><span class=\"HwtZe\" lang=\"lv\"><span class=\"jCAhz ChMk0b\"><span class=\"ryNqvb\">Ra\u017eot\u0101js<br \/>Ra\u017eot\u0101ja nosaukums: GEKO<br \/>Produkts<br \/>Ra\u017eot\u0101ja kods: G80576<br \/>EAN5901477173820<br \/>\u041e\u0441\u043d\u043e\u0432\u043d\u0430\u044f \u0438\u043d\u0444\u043e\u0440\u043c\u0430\u0446\u0438\u044f<br \/>Modelis: G80576<br \/>Tips: Elektriskie starojuma sild\u012bt\u0101ji<br \/>\u0426\u0432\u0435\u0442: \u0411\u0435\u043b\u044b\u0439<br \/>Tehnisk\u0101s specifik\u0101cijas: Maksim\u0101l\u0101 jauda: 960 W<br \/>Minim\u0101l\u0101 jauda: Nav datu<br \/>Funkcijas: Ar taimeri<br \/>Bez termostata<br \/>Jaudas l\u012bme\u0146u skaits: Nav datu<br \/>Pie sienas stiprin\u0101ms<br \/>Rite\u0146i: Bez rite\u0146iem<br \/>T\u0101lvad\u012bbas pults: Ar t\u0101lvad\u012bbas pulti<br \/>Ventilators: Bez ventilatora<br \/>Lietotnes vad\u012bba: J\u0101<br \/>\u0424\u0438\u0437\u0438\u0447\u0435\u0441\u043a\u0438\u0435 \u043f\u0430\u0440\u0430\u043c\u0435\u0442\u0440\u044b<br \/>Platums: 120 cm<br \/>Augstums: 80 cm<br \/>Dzi\u013cums: 20 cm<br \/>Svars: 7,8 kg<\/span><\/span><\/span><span class=\"ZSCsVd\"><\/span><span class=\"LdhArd\" aria-expanded=\"true\"><\/span><span><\/span><span><\/span><span><\/span><span><\/span><span><\/span><span><\/span><span class=\"HQQHBe\"><span><\/span><br \/><\/span><span class=\"HQQHBe\"><\/span><span class=\"mZD5Ae\"><span><\/span><\/span><span class=\"mZD5Ae\"><br \/><\/span><br \/><a href=\"https:\/\/translate.google.com\/history\" class=\"mqNsCe\" data-probe-id=\"translation_history_footer_button\"><br \/><\/a><a href=\"https:\/\/translate.google.com\/saved\" class=\"mqNsCe\" data-probe-id=\"saved_translations_footer_button\"><br \/><\/a><\/p>\n<pre><\/pre>\n<p><span class=\"MIHGm VMyXr\"><span class=\"TMgxcd\"><\/span><\/span><\/p>\n<p><span class=\"MMvswb\"><span class=\"OLCwg\"><\/span><\/span><span><\/span><span><\/span><\/p>\n<p><span><\/span><span><\/span><br \/><span><\/span><\/p>","protected":false},"excerpt":{"rendered":"<p>Ra\u017eot\u0101jsRa\u017eot\u0101ja nosaukums: GEKOProduktsRa\u017eot\u0101ja kods: G80576EAN5901477173820Pamatinform\u0101cijaModelis: G80576Tips: Elektriskie starojuma sild\u012bt\u0101jiKr\u0101sa: BaltaTehnisk\u0101s specifik\u0101cijas: Maksim\u0101l\u0101 jauda: 960 WMinim\u0101l\u0101 jauda: Nav datuFunkcijas: Ar taimeriBez termostataJaudas l\u012bme\u0146u skaits: Nav datuPie sienas stiprin\u0101msRite\u0146i: Bez rite\u0146iemT\u0101lvad\u012bbas pults: Ar t\u0101lvad\u012bbas pultiVentilators: Bez ventilatoraLietotnes vad\u012bba: J\u0101Fiziskie parametriPlatums: 120 cmAugstums: 80 cmDzi\u013cums: 20 cmSvars: 7,8 kg<\/p>","protected":false},"featured_media":29545,"comment_status":"open","ping_status":"closed","template":"","meta":[],"product_brand":[],"product_cat":[288],"product_tag":[],"class_list":{"0":"post-29551","1":"product","2":"type-product","3":"status-publish","4":"has-post-thumbnail","6":"product_cat-siltumtehnika-silditaji-ar-gaisu-sildelementu","8":"first","9":"instock","10":"shipping-taxable","11":"purchasable","12":"product-type-simple"},"_links":{"self":[{"href":"https:\/\/emeniro.lovehorses.lv\/ru\/wp-json\/wp\/v2\/product\/29551","targetHints":{"allow":["GET"]}}],"collection":[{"href":"https:\/\/emeniro.lovehorses.lv\/ru\/wp-json\/wp\/v2\/product"}],"about":[{"href":"https:\/\/emeniro.lovehorses.lv\/ru\/wp-json\/wp\/v2\/types\/product"}],"replies":[{"embeddable":true,"href":"https:\/\/emeniro.lovehorses.lv\/ru\/wp-json\/wp\/v2\/comments?post=29551"}],"wp:featuredmedia":[{"embeddable":true,"href":"https:\/\/emeniro.lovehorses.lv\/ru\/wp-json\/wp\/v2\/media\/29545"}],"wp:attachment":[{"href":"https:\/\/emeniro.lovehorses.lv\/ru\/wp-json\/wp\/v2\/media?parent=29551"}],"wp:term":[{"taxonomy":"product_brand","embeddable":true,"href":"https:\/\/emeniro.lovehorses.lv\/ru\/wp-json\/wp\/v2\/product_brand?post=29551"},{"taxonomy":"product_cat","embeddable":true,"href":"https:\/\/emeniro.lovehorses.lv\/ru\/wp-json\/wp\/v2\/product_cat?post=29551"},{"taxonomy":"product_tag","embeddable":true,"href":"https:\/\/emeniro.lovehorses.lv\/ru\/wp-json\/wp\/v2\/product_tag?post=29551"}],"curies":[{"name":"wp","href":"https:\/\/api.w.org\/{rel}","templated":true}]}}