{"id":29617,"date":"2026-05-01T00:25:25","date_gmt":"2026-05-01T00:25:25","guid":{"rendered":"https:\/\/emeniro.lovehorses.lv\/product\/bosch-msm66155\/"},"modified":"2026-05-01T00:25:25","modified_gmt":"2026-05-01T00:25:25","slug":"bosch-msm66155","status":"publish","type":"product","link":"https:\/\/emeniro.lovehorses.lv\/ru\/product\/bosch-msm66155\/","title":{"rendered":"Bosch MSM66155"},"content":{"rendered":"<div>\u0422\u043e\u0440\u0433\u043e\u0432\u0430\u044f \u043c\u0430\u0440\u043a\u0430<span style=\"white-space:pre\"> <\/span>Bosch<\/div>\n<div>\u0422\u0438\u043f<span style=\"white-space:pre\"> <\/span>\u041f\u043e\u0433\u0440\u0443\u0436\u043d\u043e\u0439 \u0431\u043b\u0435\u043d\u0434\u0435\u0440<\/div>\n<div>\u0426\u0432\u0435\u0442<span style=\"white-space:pre\"> <\/span>\u0411\u0435\u043b\u044b\u0439<\/div>\n<div>\u041c\u043e\u0449\u043d\u043e\u0441\u0442\u044c<span style=\"white-space:pre\"> <\/span>600 W<\/div>\n<div>\u041e\u0431\u044a\u0435\u043c \u0447\u0430\u0448\u0438 (\u043b)<span style=\"white-space:pre\"> <\/span>1<\/div>\n<div>\u0420\u0430\u0437\u043c\u0435\u0440\u044b, \u0432\u0435\u0441<\/div>\n<div>\u0420\u0430\u0437\u043c\u0435\u0440\u044b \u0412x\u0428x\u0413 (\u0441\u043c)<span style=\"white-space:pre\"> <\/span>39.3 x 5.5 x 6.2<\/div>\n<div>\u0412\u0435\u0441<span style=\"white-space:pre\"> <\/span>1.594 kg<\/div>\n<div>\u0414\u0440\u0443\u0433\u0438\u0435 \u043f\u0430\u0440\u0430\u043c\u0435\u0442\u0440\u044b<\/div>\n<div>\u041a\u043e\u043b\u0438\u0447\u0435\u0441\u0442\u0432\u043e \u0441\u043a\u043e\u0440\u043e\u0441\u0442\u0435\u0439<span style=\"white-space:pre\"> <\/span>12 + \u0442\u0443\u0440\u0431\u043e \u0440\u0435\u0436\u0438\u043c<\/div>\n<div>\u0412 \u043a\u043e\u043c\u043f\u043b\u0435\u043a\u0442\u0435<span style=\"white-space:pre\"> <\/span>2 x \u041a\u0440\u044b\u0448\u043a\u0430, 1 x \u0427\u0430\u0448\u0430 \u0434\u043b\u044f \u043c\u0438\u043a\u0441\u0435\u0440\u0430\/\u0432\u0437\u0431\u0438\u0432\u0430\u043d\u0438\u044f, 1 x \u041c\u0438\u043a\u0441\u0435\u0440\u043d\u0430\u044f \u043d\u043e\u0436\u043a\u0430 \u0438\u0437 \u043d\u0435\u0440\u0436\u0430\u0432\u0435\u044e\u0449\u0435\u0439 \u0441\u0442\u0430\u043b\u0438, 1 x \u0421\u043e\u043a\u043e\u0432\u044b\u0436\u0438\u043c\u0430\u043b\u043a\u0430, 1 x \u0412\u0435\u043d\u0447\u0438\u043a \u0434\u043b\u044f \u0432\u0437\u0431\u0438\u0432\u0430\u043d\u0438\u044f, 1 x \u0423\u043d\u0438\u0432\u0435\u0440\u0441\u0430\u043b\u044c\u043d\u0430\u044f \u0438\u0437\u043c\u0435\u043b\u044c\u0447\u0438\u0442\u0435\u043b\u044c<\/div>","protected":false},"excerpt":{"rendered":"<p>Pre\u010du z\u012bme Bosch Veids Rokas blenderis Kr\u0101sa Balta Jauda 600 W Trauka tilpums (l) 1 Izm\u0113ri, svars Izm\u0113ri AxPxD (cm) 39.3 x 5.5 x 6.2 Svars 1.594 kg Citi parametri \u0100trumu skaits 12 + turbo re\u017e\u012bms Komplekt\u0101 2 x V\u0101ks, 1 x Miksera \/mais\u012b\u0161anas trauks, 1 x Miksera stienis, ner\u016bso\u0161\u0101 t\u0113rauda, 1 x Izspied\u0113js, 1 [&hellip;]<\/p>\n","protected":false},"featured_media":29612,"comment_status":"open","ping_status":"closed","template":"","meta":{"_joinchat":[]},"product_brand":[281],"product_cat":[325],"product_tag":[],"class_list":{"0":"post-29617","1":"product","2":"type-product","3":"status-publish","4":"has-post-thumbnail","6":"product_brand-bosch","7":"product_cat-maza-sadzives-tehnika-blenderi-smalcinataji","9":"first","10":"instock","11":"shipping-taxable","12":"purchasable","13":"product-type-simple"},"_links":{"self":[{"href":"https:\/\/emeniro.lovehorses.lv\/ru\/wp-json\/wp\/v2\/product\/29617","targetHints":{"allow":["GET"]}}],"collection":[{"href":"https:\/\/emeniro.lovehorses.lv\/ru\/wp-json\/wp\/v2\/product"}],"about":[{"href":"https:\/\/emeniro.lovehorses.lv\/ru\/wp-json\/wp\/v2\/types\/product"}],"replies":[{"embeddable":true,"href":"https:\/\/emeniro.lovehorses.lv\/ru\/wp-json\/wp\/v2\/comments?post=29617"}],"wp:featuredmedia":[{"embeddable":true,"href":"https:\/\/emeniro.lovehorses.lv\/ru\/wp-json\/wp\/v2\/media\/29612"}],"wp:attachment":[{"href":"https:\/\/emeniro.lovehorses.lv\/ru\/wp-json\/wp\/v2\/media?parent=29617"}],"wp:term":[{"taxonomy":"product_brand","embeddable":true,"href":"https:\/\/emeniro.lovehorses.lv\/ru\/wp-json\/wp\/v2\/product_brand?post=29617"},{"taxonomy":"product_cat","embeddable":true,"href":"https:\/\/emeniro.lovehorses.lv\/ru\/wp-json\/wp\/v2\/product_cat?post=29617"},{"taxonomy":"product_tag","embeddable":true,"href":"https:\/\/emeniro.lovehorses.lv\/ru\/wp-json\/wp\/v2\/product_tag?post=29617"}],"curies":[{"name":"wp","href":"https:\/\/api.w.org\/{rel}","templated":true}]}}