{"id":29635,"date":"2026-05-01T00:25:39","date_gmt":"2026-05-01T00:25:39","guid":{"rendered":"https:\/\/emeniro.lovehorses.lv\/product\/gorenje-b800oraw\/"},"modified":"2026-05-01T00:25:39","modified_gmt":"2026-05-01T00:25:39","slug":"gorenje-b800oraw","status":"publish","type":"product","link":"https:\/\/emeniro.lovehorses.lv\/ru\/product\/gorenje-b800oraw\/","title":{"rendered":"Gorenje B800ORAW"},"content":{"rendered":"<div>\u0422\u043e\u0440\u0433\u043e\u0432\u0430\u044f \u043c\u0430\u0440\u043a\u0430<span style=\"white-space:pre\"> <\/span>Gorenje<\/div>\n<div>\u0422\u0438\u043f<span style=\"white-space:pre\"> <\/span>\u0411\u043b\u0435\u043d\u0434\u0435\u0440<\/div>\n<div>\u0426\u0432\u0435\u0442<span style=\"white-space:pre\"> <\/span>\u0411\u0435\u043b\u044b\u0439<\/div>\n<div>\u041c\u043e\u0449\u043d\u043e\u0441\u0442\u044c<span style=\"white-space:pre\"> <\/span>800 W<\/div>\n<div>\u041e\u0431\u044a\u0435\u043c \u0447\u0430\u0448\u0438 (\u043b)<span style=\"white-space:pre\"> <\/span>1.5<\/div>\n<div>EAN<span style=\"white-space:pre\"> <\/span>3838782129568<\/div>\n<div>\u0420\u0430\u0437\u043c\u0435\u0440\u044b, \u0432\u0435\u0441<\/div>\n<div>\u0420\u0430\u0437\u043c\u0435\u0440\u044b \u0412x\u0428x\u0413 (\u0441\u043c)<span style=\"white-space:pre\"> <\/span>41.5x21x14<\/div>\n<div>\u0412\u0435\u0441<span style=\"white-space:pre\"> <\/span>2.4 \u043a\u0433<\/div>\n<div>\u0412\u0435\u0441 \u0441 \u0443\u043f\u0430\u043a\u043e\u0432\u043a\u043e\u0439<span style=\"white-space:pre\"> <\/span>2.9 \u043a\u0433<\/div>\n<div>\u0414\u0440\u0443\u0433\u0438\u0435 \u043f\u0430\u0440\u0430\u043c\u0435\u0442\u0440\u044b<\/div>\n<div>\u041a\u043e\u043b\u0438\u0447\u0435\u0441\u0442\u0432\u043e \u0441\u043a\u043e\u0440\u043e\u0441\u0442\u0435\u0439<span style=\"white-space:pre\"> <\/span>3<\/div>\n<div>\u0424\u0443\u043d\u043a\u0446\u0438\u044f \u0438\u0437\u043c\u0435\u043b\u044c\u0447\u0435\u043d\u0438\u044f \u043b\u044c\u0434\u0430<span style=\"white-space:pre\"> <\/span>\u0415\u0441\u0442\u044c<\/div>\n<div>\u0414\u043b\u0438\u043d\u0430 \u0448\u043d\u0443\u0440\u0430<span style=\"white-space:pre\"> <\/span>0.9 m<\/div>","protected":false},"excerpt":{"rendered":"<p>Pre\u010du z\u012bme Gorenje Veids Blenderis Kr\u0101sa Balta Jauda 800 W Trauka tilpums (l) 1.5 EAN 3838782129568 Izm\u0113ri, svars Izm\u0113ri AxPxD (cm) 41.5x21x14 Svars 2.4 kg Svars ar iepakojumu 2.9 kg Citi parametri \u0100trumu skaits 3 Ledus smalcin\u0101\u0161anas funkcija Ir Vada garums 0.9 m<\/p>","protected":false},"featured_media":29630,"comment_status":"open","ping_status":"closed","template":"","meta":{"_joinchat":[]},"product_brand":[271],"product_cat":[325],"product_tag":[],"class_list":{"0":"post-29635","1":"product","2":"type-product","3":"status-publish","4":"has-post-thumbnail","6":"product_brand-gorenje","7":"product_cat-maza-sadzives-tehnika-blenderi-smalcinataji","9":"first","10":"instock","11":"shipping-taxable","12":"purchasable","13":"product-type-simple"},"_links":{"self":[{"href":"https:\/\/emeniro.lovehorses.lv\/ru\/wp-json\/wp\/v2\/product\/29635","targetHints":{"allow":["GET"]}}],"collection":[{"href":"https:\/\/emeniro.lovehorses.lv\/ru\/wp-json\/wp\/v2\/product"}],"about":[{"href":"https:\/\/emeniro.lovehorses.lv\/ru\/wp-json\/wp\/v2\/types\/product"}],"replies":[{"embeddable":true,"href":"https:\/\/emeniro.lovehorses.lv\/ru\/wp-json\/wp\/v2\/comments?post=29635"}],"wp:featuredmedia":[{"embeddable":true,"href":"https:\/\/emeniro.lovehorses.lv\/ru\/wp-json\/wp\/v2\/media\/29630"}],"wp:attachment":[{"href":"https:\/\/emeniro.lovehorses.lv\/ru\/wp-json\/wp\/v2\/media?parent=29635"}],"wp:term":[{"taxonomy":"product_brand","embeddable":true,"href":"https:\/\/emeniro.lovehorses.lv\/ru\/wp-json\/wp\/v2\/product_brand?post=29635"},{"taxonomy":"product_cat","embeddable":true,"href":"https:\/\/emeniro.lovehorses.lv\/ru\/wp-json\/wp\/v2\/product_cat?post=29635"},{"taxonomy":"product_tag","embeddable":true,"href":"https:\/\/emeniro.lovehorses.lv\/ru\/wp-json\/wp\/v2\/product_tag?post=29635"}],"curies":[{"name":"wp","href":"https:\/\/api.w.org\/{rel}","templated":true}]}}