{"id":29645,"date":"2026-05-01T00:25:53","date_gmt":"2026-05-01T00:25:53","guid":{"rendered":"https:\/\/emeniro.lovehorses.lv\/product\/electrolux-e7tb1-8ssm\/"},"modified":"2026-05-01T00:25:53","modified_gmt":"2026-05-01T00:25:53","slug":"electrolux-e7tb1-8ssm","status":"publish","type":"product","link":"https:\/\/emeniro.lovehorses.lv\/ru\/product\/electrolux-e7tb1-8ssm\/","title":{"rendered":"Electrolux E7TB1-8SSM"},"content":{"rendered":"<table>\n<tbody>\n<tr>\n<td>\n<div>\u0422\u043e\u0440\u0433\u043e\u0432\u0430\u044f \u043c\u0430\u0440\u043a\u0430<span style=\"white-space:pre\"> <\/span>Electrolux<\/div>\n<div>\u0422\u0438\u043f<span style=\"white-space:pre\"> <\/span>\u0411\u043b\u0435\u043d\u0434\u0435\u0440<\/div>\n<div>\u0426\u0432\u0435\u0442<span style=\"white-space:pre\"> <\/span>\u0411\u0435\u0436\u0435\u0432\u044b\u0439<\/div>\n<div>\u041c\u043e\u0449\u043d\u043e\u0441\u0442\u044c<span style=\"white-space:pre\"> <\/span>900 W<\/div>\n<div>\u041e\u0431\u044a\u0435\u043c \u0447\u0430\u0448\u0438 (\u043b)<span style=\"white-space:pre\"> <\/span>1.5<\/div>\n<div>EAN<span style=\"white-space:pre\"> <\/span>7332543629527<\/div>\n<div>\u0420\u0430\u0437\u043c\u0435\u0440\u044b, \u0432\u0435\u0441<\/div>\n<div>\u0412\u0435\u0441<span style=\"white-space:pre\"> <\/span>3.4 kg<\/div>\n<div>\u0412\u0435\u0441 \u0441 \u0443\u043f\u0430\u043a\u043e\u0432\u043a\u043e\u0439<span style=\"white-space:pre\"> <\/span>4.7 \u043a\u0433<\/div>\n<div>\u0414\u0440\u0443\u0433\u0438\u0435 \u043f\u0430\u0440\u0430\u043c\u0435\u0442\u0440\u044b<\/div>\n<div>\u041a\u043e\u043b\u0438\u0447\u0435\u0441\u0442\u0432\u043e \u0441\u043a\u043e\u0440\u043e\u0441\u0442\u0435\u0439<span style=\"white-space:pre\"> <\/span>3 + \u0438\u043c\u043f\u0443\u043b\u044c\u0441\u043d\u044b\u0439 \u0440\u0435\u0436\u0438\u043c<\/div>\n<div>\u0424\u0443\u043d\u043a\u0446\u0438\u044f \u0438\u0437\u043c\u0435\u043b\u044c\u0447\u0435\u043d\u0438\u044f \u043b\u044c\u0434\u0430<span style=\"white-space:pre\"> <\/span>\u0415\u0441\u0442\u044c<\/div>\n<\/td>\n<\/tr>\n<\/tbody>\n<\/table>","protected":false},"excerpt":{"rendered":"<p>Pre\u010du z\u012bme Electrolux Veids Blenderis Kr\u0101sa B\u0113\u0161a Jauda 900 W Trauka tilpums (l) 1.5 EAN 7332543629527 Izm\u0113ri, svars Svars 3.4 kg Svars ar iepakojumu 4.7 kg Citi parametri \u0100trumu skaits 3 + puls\u0101cijas re\u017e\u012bms Ledus smalcin\u0101\u0161anas funkcija Ir<\/p>","protected":false},"featured_media":29640,"comment_status":"open","ping_status":"closed","template":"","meta":{"_joinchat":[]},"product_brand":[265],"product_cat":[325],"product_tag":[],"class_list":{"0":"post-29645","1":"product","2":"type-product","3":"status-publish","4":"has-post-thumbnail","6":"product_brand-electrolux","7":"product_cat-maza-sadzives-tehnika-blenderi-smalcinataji","9":"first","10":"instock","11":"shipping-taxable","12":"purchasable","13":"product-type-simple"},"_links":{"self":[{"href":"https:\/\/emeniro.lovehorses.lv\/ru\/wp-json\/wp\/v2\/product\/29645","targetHints":{"allow":["GET"]}}],"collection":[{"href":"https:\/\/emeniro.lovehorses.lv\/ru\/wp-json\/wp\/v2\/product"}],"about":[{"href":"https:\/\/emeniro.lovehorses.lv\/ru\/wp-json\/wp\/v2\/types\/product"}],"replies":[{"embeddable":true,"href":"https:\/\/emeniro.lovehorses.lv\/ru\/wp-json\/wp\/v2\/comments?post=29645"}],"wp:featuredmedia":[{"embeddable":true,"href":"https:\/\/emeniro.lovehorses.lv\/ru\/wp-json\/wp\/v2\/media\/29640"}],"wp:attachment":[{"href":"https:\/\/emeniro.lovehorses.lv\/ru\/wp-json\/wp\/v2\/media?parent=29645"}],"wp:term":[{"taxonomy":"product_brand","embeddable":true,"href":"https:\/\/emeniro.lovehorses.lv\/ru\/wp-json\/wp\/v2\/product_brand?post=29645"},{"taxonomy":"product_cat","embeddable":true,"href":"https:\/\/emeniro.lovehorses.lv\/ru\/wp-json\/wp\/v2\/product_cat?post=29645"},{"taxonomy":"product_tag","embeddable":true,"href":"https:\/\/emeniro.lovehorses.lv\/ru\/wp-json\/wp\/v2\/product_tag?post=29645"}],"curies":[{"name":"wp","href":"https:\/\/api.w.org\/{rel}","templated":true}]}}