{"id":29651,"date":"2026-05-01T00:25:59","date_gmt":"2026-05-01T00:25:59","guid":{"rendered":"https:\/\/emeniro.lovehorses.lv\/product\/electrolux-e8si1-6dbm\/"},"modified":"2026-05-01T00:25:59","modified_gmt":"2026-05-01T00:25:59","slug":"electrolux-e8si1-6dbm","status":"publish","type":"product","link":"https:\/\/emeniro.lovehorses.lv\/ru\/product\/electrolux-e8si1-6dbm\/","title":{"rendered":"Electrolux E8SI1-6DBM"},"content":{"rendered":"<div>\u0422\u043e\u0440\u0433\u043e\u0432\u0430\u044f \u043c\u0430\u0440\u043a\u0430<span style=\"white-space:pre\"> <\/span>Electrolux<\/div>\n<div>\u0426\u0432\u0435\u0442<span style=\"white-space:pre\"> <\/span>Zila<\/div>\n<div>\u041c\u043e\u0449\u043d\u043e\u0441\u0442\u044c<span style=\"white-space:pre\"> <\/span>2700 W<\/div>\n<div>Trauka tilpums (l)<span style=\"white-space:pre\"> <\/span>0.4<\/div>\n<div>Atka\u013c\u0137o\u0161an\u0101s sist\u0113ma<span style=\"white-space:pre\"> <\/span>\u0415\u0441\u0442\u044c<\/div>\n<div>\u0414\u043b\u0438\u043d\u0430 \u0448\u043d\u0443\u0440\u0430<span style=\"white-space:pre\"> <\/span>3 m<\/div>\n<div>\u0412\u0435\u0441<span style=\"white-space:pre\"> <\/span>1,7 \u043a\u0433<\/div>\n<div>Papildus inform\u0101cija<span style=\"white-space:pre\"> <\/span>Gludin\u0101\u0161anas virsmas materi\u0101ls: RESILIUM\u2122. P\u0101rkl\u0101jums: ResiliumTM SKI 500<\/div>\n<div>EAN<span style=\"white-space:pre\"> <\/span>7332543693825<\/div>","protected":false},"excerpt":{"rendered":"<p>Pre\u010du z\u012bme Electrolux Kr\u0101sa Zila Jauda 2700 W Trauka tilpums (l) 0.4 Atka\u013c\u0137o\u0161an\u0101s sist\u0113ma Ir Vada garums 3 m Svars 1.7 kg Papildus inform\u0101cija Gludin\u0101\u0161anas virsmas materi\u0101ls: RESILIUM\u2122. P\u0101rkl\u0101jums: ResiliumTM SKI 500 EAN 7332543693825<\/p>","protected":false},"featured_media":29646,"comment_status":"open","ping_status":"closed","template":"","meta":[],"product_brand":[265],"product_cat":[306],"product_tag":[],"class_list":{"0":"post-29651","1":"product","2":"type-product","3":"status-publish","4":"has-post-thumbnail","6":"product_brand-electrolux","7":"product_cat-maza-sadzives-tehnika-gludekli","9":"first","10":"instock","11":"shipping-taxable","12":"purchasable","13":"product-type-simple"},"_links":{"self":[{"href":"https:\/\/emeniro.lovehorses.lv\/ru\/wp-json\/wp\/v2\/product\/29651","targetHints":{"allow":["GET"]}}],"collection":[{"href":"https:\/\/emeniro.lovehorses.lv\/ru\/wp-json\/wp\/v2\/product"}],"about":[{"href":"https:\/\/emeniro.lovehorses.lv\/ru\/wp-json\/wp\/v2\/types\/product"}],"replies":[{"embeddable":true,"href":"https:\/\/emeniro.lovehorses.lv\/ru\/wp-json\/wp\/v2\/comments?post=29651"}],"wp:featuredmedia":[{"embeddable":true,"href":"https:\/\/emeniro.lovehorses.lv\/ru\/wp-json\/wp\/v2\/media\/29646"}],"wp:attachment":[{"href":"https:\/\/emeniro.lovehorses.lv\/ru\/wp-json\/wp\/v2\/media?parent=29651"}],"wp:term":[{"taxonomy":"product_brand","embeddable":true,"href":"https:\/\/emeniro.lovehorses.lv\/ru\/wp-json\/wp\/v2\/product_brand?post=29651"},{"taxonomy":"product_cat","embeddable":true,"href":"https:\/\/emeniro.lovehorses.lv\/ru\/wp-json\/wp\/v2\/product_cat?post=29651"},{"taxonomy":"product_tag","embeddable":true,"href":"https:\/\/emeniro.lovehorses.lv\/ru\/wp-json\/wp\/v2\/product_tag?post=29651"}],"curies":[{"name":"wp","href":"https:\/\/api.w.org\/{rel}","templated":true}]}}