{"id":29667,"date":"2026-05-01T00:26:26","date_gmt":"2026-05-01T00:26:26","guid":{"rendered":"https:\/\/emeniro.lovehorses.lv\/product\/gorenje-tg2000cb\/"},"modified":"2026-05-01T00:26:26","modified_gmt":"2026-05-01T00:26:26","slug":"gorenje-tg2000cb","status":"publish","type":"product","link":"https:\/\/emeniro.lovehorses.lv\/ru\/product\/gorenje-tg2000cb\/","title":{"rendered":"Gorenje TG2000CB"},"content":{"rendered":"<div>\u0422\u043e\u0440\u0433\u043e\u0432\u0430\u044f \u043c\u0430\u0440\u043a\u0430<span style=\"white-space:pre\"> <\/span>Gorenje<\/div>\n<div>\u0426\u0432\u0435\u0442<span style=\"white-space:pre\"> <\/span>Melna\/Ner\u016bs\u0113jo\u0161a t\u0113rauda<\/div>\n<div>\u041c\u043e\u0449\u043d\u043e\u0441\u0442\u044c<span style=\"white-space:pre\"> <\/span>1800 W<\/div>\n<div>\u0412\u0435\u0441<span style=\"white-space:pre\"> <\/span>3.2 \u043a\u0433<\/div>\n<div>\u0412\u0435\u0441 \u0441 \u0443\u043f\u0430\u043a\u043e\u0432\u043a\u043e\u0439<span style=\"white-space:pre\"> <\/span>4.1 kg<\/div>\n<div>EAN<span style=\"white-space:pre\"> <\/span>3838782070235<\/div><\/p>","protected":false},"excerpt":{"rendered":"<p>Pre\u010du z\u012bme Gorenje Kr\u0101sa Melna\/Ner\u016bs\u0113jo\u0161a t\u0113rauda Jauda 1800 W Svars 3.2 kg Svars ar iepakojumu 4.1 kg EAN 3838782070235<\/p>","protected":false},"featured_media":29662,"comment_status":"open","ping_status":"closed","template":"","meta":{"_joinchat":[]},"product_brand":[271],"product_cat":[368],"product_tag":[],"class_list":{"0":"post-29667","1":"product","2":"type-product","3":"status-publish","4":"has-post-thumbnail","6":"product_brand-gorenje","7":"product_cat-maza-sadzives-tehnika-elektriskie-grilli","9":"first","10":"instock","11":"shipping-taxable","12":"purchasable","13":"product-type-simple"},"_links":{"self":[{"href":"https:\/\/emeniro.lovehorses.lv\/ru\/wp-json\/wp\/v2\/product\/29667","targetHints":{"allow":["GET"]}}],"collection":[{"href":"https:\/\/emeniro.lovehorses.lv\/ru\/wp-json\/wp\/v2\/product"}],"about":[{"href":"https:\/\/emeniro.lovehorses.lv\/ru\/wp-json\/wp\/v2\/types\/product"}],"replies":[{"embeddable":true,"href":"https:\/\/emeniro.lovehorses.lv\/ru\/wp-json\/wp\/v2\/comments?post=29667"}],"wp:featuredmedia":[{"embeddable":true,"href":"https:\/\/emeniro.lovehorses.lv\/ru\/wp-json\/wp\/v2\/media\/29662"}],"wp:attachment":[{"href":"https:\/\/emeniro.lovehorses.lv\/ru\/wp-json\/wp\/v2\/media?parent=29667"}],"wp:term":[{"taxonomy":"product_brand","embeddable":true,"href":"https:\/\/emeniro.lovehorses.lv\/ru\/wp-json\/wp\/v2\/product_brand?post=29667"},{"taxonomy":"product_cat","embeddable":true,"href":"https:\/\/emeniro.lovehorses.lv\/ru\/wp-json\/wp\/v2\/product_cat?post=29667"},{"taxonomy":"product_tag","embeddable":true,"href":"https:\/\/emeniro.lovehorses.lv\/ru\/wp-json\/wp\/v2\/product_tag?post=29667"}],"curies":[{"name":"wp","href":"https:\/\/api.w.org\/{rel}","templated":true}]}}