{"id":29673,"date":"2026-05-01T00:26:31","date_gmt":"2026-05-01T00:26:31","guid":{"rendered":"https:\/\/emeniro.lovehorses.lv\/product\/gorenje-t800oraw\/"},"modified":"2026-05-01T00:26:31","modified_gmt":"2026-05-01T00:26:31","slug":"gorenje-t800oraw","status":"publish","type":"product","link":"https:\/\/emeniro.lovehorses.lv\/ru\/product\/gorenje-t800oraw\/","title":{"rendered":"Gorenje T800ORAW"},"content":{"rendered":"<div>\u0422\u043e\u0440\u0433\u043e\u0432\u0430\u044f \u043c\u0430\u0440\u043a\u0430<span style=\"white-space:pre\"> <\/span>Gorenje<\/div>\n<div>\u0422\u0438\u043f \u0442\u043e\u0441\u0442\u0435\u0440\u0430<span style=\"white-space:pre\"> <\/span>\u0414\u043b\u044f \u0442\u043e\u0441\u0442\u043e\u0432<\/div>\n<div>\u0426\u0432\u0435\u0442<span style=\"white-space:pre\"> <\/span>\u0411\u0435\u043b\u044b\u0439<\/div>\n<div>\u041c\u043e\u0449\u043d\u043e\u0441\u0442\u044c<span style=\"white-space:pre\"> <\/span>800 W<\/div>\n<div>\u0420\u0430\u0437\u043c\u0435\u0440\u044b \u043c\u043c (\u0412x\u0428x\u0413)<span style=\"white-space:pre\"> <\/span>200x300x170<\/div>\n<div>\u0414\u043b\u0438\u043d\u0430 \u0448\u043d\u0443\u0440\u0430<span style=\"white-space:pre\"> <\/span>0.8 \u043c<\/div>\n<div>\u0412\u0435\u0441<span style=\"white-space:pre\"> <\/span>1.5 kg<\/div>\n<div>\u0412\u0435\u0441 \u0441 \u0443\u043f\u0430\u043a\u043e\u0432\u043a\u043e\u0439<span style=\"white-space:pre\"> <\/span>2 kg<\/div>\n<div>EAN<span style=\"white-space:pre\"> <\/span>3838782129643<\/div>","protected":false},"excerpt":{"rendered":"<p>Pre\u010du z\u012bme Gorenje Tostera veids Grauzdi\u0146u Kr\u0101sa Balta Jauda 800 W Izm\u0113ri mm (AxPxDz) 200x300x170 Vada garums 0.8 m Svars 1.5 kg Svars ar iepakojumu 2 kg EAN 3838782129643<\/p>","protected":false},"featured_media":29668,"comment_status":"open","ping_status":"closed","template":"","meta":{"_joinchat":[]},"product_brand":[271],"product_cat":[323],"product_tag":[],"class_list":{"0":"post-29673","1":"product","2":"type-product","3":"status-publish","4":"has-post-thumbnail","6":"product_brand-gorenje","7":"product_cat-maza-sadzives-tehnika-tosteri-un-vafelu-pannas","9":"first","10":"instock","11":"shipping-taxable","12":"purchasable","13":"product-type-simple"},"_links":{"self":[{"href":"https:\/\/emeniro.lovehorses.lv\/ru\/wp-json\/wp\/v2\/product\/29673","targetHints":{"allow":["GET"]}}],"collection":[{"href":"https:\/\/emeniro.lovehorses.lv\/ru\/wp-json\/wp\/v2\/product"}],"about":[{"href":"https:\/\/emeniro.lovehorses.lv\/ru\/wp-json\/wp\/v2\/types\/product"}],"replies":[{"embeddable":true,"href":"https:\/\/emeniro.lovehorses.lv\/ru\/wp-json\/wp\/v2\/comments?post=29673"}],"wp:featuredmedia":[{"embeddable":true,"href":"https:\/\/emeniro.lovehorses.lv\/ru\/wp-json\/wp\/v2\/media\/29668"}],"wp:attachment":[{"href":"https:\/\/emeniro.lovehorses.lv\/ru\/wp-json\/wp\/v2\/media?parent=29673"}],"wp:term":[{"taxonomy":"product_brand","embeddable":true,"href":"https:\/\/emeniro.lovehorses.lv\/ru\/wp-json\/wp\/v2\/product_brand?post=29673"},{"taxonomy":"product_cat","embeddable":true,"href":"https:\/\/emeniro.lovehorses.lv\/ru\/wp-json\/wp\/v2\/product_cat?post=29673"},{"taxonomy":"product_tag","embeddable":true,"href":"https:\/\/emeniro.lovehorses.lv\/ru\/wp-json\/wp\/v2\/product_tag?post=29673"}],"curies":[{"name":"wp","href":"https:\/\/api.w.org\/{rel}","templated":true}]}}