{"id":29688,"date":"2026-05-01T00:26:47","date_gmt":"2026-05-01T00:26:47","guid":{"rendered":"https:\/\/emeniro.lovehorses.lv\/product\/electrolux-egt6242nvk\/"},"modified":"2026-05-01T00:26:47","modified_gmt":"2026-05-01T00:26:47","slug":"electrolux-egt6242nvk","status":"publish","type":"product","link":"https:\/\/emeniro.lovehorses.lv\/ru\/product\/electrolux-egt6242nvk\/","title":{"rendered":"Electrolux EGT6242NVK"},"content":{"rendered":"<div>\u0422\u043e\u0440\u0433\u043e\u0432\u0430\u044f \u043c\u0430\u0440\u043a\u0430<span style=\"white-space:pre\"> <\/span>Electrolux<\/div>\n<div>\u0426\u0432\u0435\u0442<span style=\"white-space:pre\"> <\/span>\u0427\u0435\u0440\u043d\u044b\u0439<\/div>\n<div>\u041a\u043e\u043b\u0438\u0447\u0435\u0441\u0442\u0432\u043e \u0433\u0430\u0437\u043e\u0432\u044b\u0445 \u043a\u043e\u043d\u0444\u043e\u0440\u043e\u043a<span style=\"white-space:pre\"> <\/span>4<\/div>\n<div>\u042d\u043b\u0435\u043a\u0442\u0440\u043e\u043f\u043e\u0434\u0436\u0438\u0433<span style=\"white-space:pre\"> <\/span>\u0415\u0441\u0442\u044c<\/div>\n<div>EAN<span style=\"white-space:pre\"> <\/span>7332543475926<\/div>\n<div>\u0420\u0430\u0437\u043c\u0435\u0440\u044b, \u0432\u0435\u0441<\/div>\n<div>\u0420\u0430\u0437\u043c\u0435\u0440\u044b, \u0441\u043c<span style=\"white-space:pre\"> <\/span>59x52x4.7<\/div>\n<div>\u0414\u0440\u0443\u0433\u0438\u0435 \u043f\u0430\u0440\u0430\u043c\u0435\u0442\u0440\u044b<\/div>\n<div>\u0420\u0435\u0448\u0435\u0442\u043a\u0438<span style=\"white-space:pre\"> <\/span>\u041c\u0435\u0442\u0430\u043b\u043b\u0438\u0447\u0435\u0441\u043a\u0438\u0439<\/div>\n<div>\u0413\u0430\u0437-\u043a\u043e\u043d\u0442\u0440\u043e\u043b\u044c<span style=\"white-space:pre\"> <\/span><\/div>\n<div>\u041f\u043e\u0432\u0435\u0440\u0445\u043d\u043e\u0441\u0442\u044c<span style=\"white-space:pre\"> <\/span>\u0421\u0442\u0435\u043a\u043b\u044f\u043d\u043d\u0430\u044f<\/div>\n<div>\u0423\u043f\u0440\u0430\u0432\u043b\u0435\u043d\u0438\u0435<span style=\"white-space:pre\"> <\/span>\u041c\u0435\u0445\u0430\u043d\u0438\u0447\u0435\u0441\u043a\u0430\u044f<\/div>","protected":false},"excerpt":{"rendered":"<p>Pre\u010du z\u012bme Electrolux Kr\u0101sa Melna G\u0101zes deg\u013cu skaits 4 Elektrisk\u0101 aizdedze Ir EAN 7332543475926 Izm\u0113ri, svars Izm\u0113ri, cm 59x52x4.7 Citi parametri Restes Met\u0101la G\u0101zes kontrole Virsma Stikla Vad\u012bba Meh\u0101niska<\/p>","protected":false},"featured_media":29686,"comment_status":"open","ping_status":"closed","template":"","meta":{"_joinchat":[]},"product_brand":[265],"product_cat":[268],"product_tag":[],"class_list":{"0":"post-29688","1":"product","2":"type-product","3":"status-publish","4":"has-post-thumbnail","6":"product_brand-electrolux","7":"product_cat-iebuvejama-sadzives-tehnika-iebuvejamas-gazes-plits-virsmas","9":"first","10":"instock","11":"shipping-taxable","12":"purchasable","13":"product-type-simple"},"_links":{"self":[{"href":"https:\/\/emeniro.lovehorses.lv\/ru\/wp-json\/wp\/v2\/product\/29688","targetHints":{"allow":["GET"]}}],"collection":[{"href":"https:\/\/emeniro.lovehorses.lv\/ru\/wp-json\/wp\/v2\/product"}],"about":[{"href":"https:\/\/emeniro.lovehorses.lv\/ru\/wp-json\/wp\/v2\/types\/product"}],"replies":[{"embeddable":true,"href":"https:\/\/emeniro.lovehorses.lv\/ru\/wp-json\/wp\/v2\/comments?post=29688"}],"wp:featuredmedia":[{"embeddable":true,"href":"https:\/\/emeniro.lovehorses.lv\/ru\/wp-json\/wp\/v2\/media\/29686"}],"wp:attachment":[{"href":"https:\/\/emeniro.lovehorses.lv\/ru\/wp-json\/wp\/v2\/media?parent=29688"}],"wp:term":[{"taxonomy":"product_brand","embeddable":true,"href":"https:\/\/emeniro.lovehorses.lv\/ru\/wp-json\/wp\/v2\/product_brand?post=29688"},{"taxonomy":"product_cat","embeddable":true,"href":"https:\/\/emeniro.lovehorses.lv\/ru\/wp-json\/wp\/v2\/product_cat?post=29688"},{"taxonomy":"product_tag","embeddable":true,"href":"https:\/\/emeniro.lovehorses.lv\/ru\/wp-json\/wp\/v2\/product_tag?post=29688"}],"curies":[{"name":"wp","href":"https:\/\/api.w.org\/{rel}","templated":true}]}}