{"id":29812,"date":"2026-05-01T00:30:10","date_gmt":"2026-05-01T00:30:10","guid":{"rendered":"https:\/\/emeniro.lovehorses.lv\/product\/bosch-mfq36460\/"},"modified":"2026-05-01T00:30:10","modified_gmt":"2026-05-01T00:30:10","slug":"bosch-mfq36460","status":"publish","type":"product","link":"https:\/\/emeniro.lovehorses.lv\/ru\/product\/bosch-mfq36460\/","title":{"rendered":"BOSCH MFQ36460"},"content":{"rendered":"<\/p>\n<table class=\"data-table\" id=\"product-attribute-specs-table\">\n<tbody>\n<tr class=\"even\">\n<th class=\"label\">\n<p>Jauda, W<\/p>\n<\/th>\n<td class=\"data last\">450<\/td>\n<\/tr>\n<tr class=\"odd\">\n<th class=\"label\">\u041a\u043e\u043b\u0438\u0447\u0435\u0441\u0442\u0432\u043e \u0441\u043a\u043e\u0440\u043e\u0441\u0442\u0435\u0439<\/th>\n<td class=\"data last\">5<\/td>\n<\/tr>\n<tr class=\"even\">\n<th class=\"label\">Turbo re\u017e\u012bms<\/th>\n<td class=\"data last\">\u0415\u0441\u0442\u044c<\/td>\n<\/tr>\n<tr class=\"odd\">\n<th class=\"label\">Puto\u0161anas uzgalis<\/th>\n<td class=\"data last\">\u0415\u0441\u0442\u044c<\/td>\n<\/tr>\n<tr class=\"even\">\n<th class=\"label\">Korpusa materi\u0101ls<\/th>\n<td class=\"data last\">Plastmasa<\/td>\n<\/tr>\n<tr class=\"odd\">\n<th class=\"label\">Korpusa kr\u0101sa<\/th>\n<td class=\"data last\">Balts<\/td>\n<\/tr>\n<tr class=\"last even\">\n<th class=\"label\">\u0413\u0430\u0440\u0430\u043d\u0442\u0438\u044f<\/th>\n<td class=\"data last\">24 m\u0113ne\u0161i<\/td>\n<\/tr>\n<\/tbody>\n<\/table>","protected":false},"excerpt":{"rendered":"<p>Jauda, W 450 \u0100trumu skaits 5 Turbo re\u017e\u012bms Ir Puto\u0161anas uzgalis Ir Korpusa materi\u0101ls Plastmasa Korpusa kr\u0101sa Balts Garantija 24 m\u0113ne\u0161i<\/p>","protected":false},"featured_media":29811,"comment_status":"open","ping_status":"closed","template":"","meta":[],"product_brand":[281],"product_cat":[358],"product_tag":[],"class_list":{"0":"post-29812","1":"product","2":"type-product","3":"status-publish","4":"has-post-thumbnail","6":"product_brand-bosch","7":"product_cat-maza-sadzives-tehnika-mikseri","9":"first","10":"instock","11":"shipping-taxable","12":"purchasable","13":"product-type-simple"},"_links":{"self":[{"href":"https:\/\/emeniro.lovehorses.lv\/ru\/wp-json\/wp\/v2\/product\/29812","targetHints":{"allow":["GET"]}}],"collection":[{"href":"https:\/\/emeniro.lovehorses.lv\/ru\/wp-json\/wp\/v2\/product"}],"about":[{"href":"https:\/\/emeniro.lovehorses.lv\/ru\/wp-json\/wp\/v2\/types\/product"}],"replies":[{"embeddable":true,"href":"https:\/\/emeniro.lovehorses.lv\/ru\/wp-json\/wp\/v2\/comments?post=29812"}],"wp:featuredmedia":[{"embeddable":true,"href":"https:\/\/emeniro.lovehorses.lv\/ru\/wp-json\/wp\/v2\/media\/29811"}],"wp:attachment":[{"href":"https:\/\/emeniro.lovehorses.lv\/ru\/wp-json\/wp\/v2\/media?parent=29812"}],"wp:term":[{"taxonomy":"product_brand","embeddable":true,"href":"https:\/\/emeniro.lovehorses.lv\/ru\/wp-json\/wp\/v2\/product_brand?post=29812"},{"taxonomy":"product_cat","embeddable":true,"href":"https:\/\/emeniro.lovehorses.lv\/ru\/wp-json\/wp\/v2\/product_cat?post=29812"},{"taxonomy":"product_tag","embeddable":true,"href":"https:\/\/emeniro.lovehorses.lv\/ru\/wp-json\/wp\/v2\/product_tag?post=29812"}],"curies":[{"name":"wp","href":"https:\/\/api.w.org\/{rel}","templated":true}]}}