{"id":29874,"date":"2026-05-01T00:32:41","date_gmt":"2026-05-01T00:32:41","guid":{"rendered":"https:\/\/emeniro.lovehorses.lv\/product\/hisense-65u7nq\/"},"modified":"2026-05-01T00:32:41","modified_gmt":"2026-05-01T00:32:41","slug":"hisense-65u7nq","status":"publish","type":"product","link":"https:\/\/emeniro.lovehorses.lv\/ru\/product\/hisense-65u7nq\/","title":{"rendered":"Hisense 65U7NQ"},"content":{"rendered":"<p>Ekr\u0101na izm\u0113rs pa diagon\u0101li\u00a0 \u00a0 \u00a065 \u201c<\/p>\n<p>TV diagon\u0101le\u00a0 \u00a0 \u00a056-65\u2033<br \/>Z\u012bmols\u00a0 \u00a0 \u00a0Hisense<br \/>Modelis\u00a0 \u00a0 \u00a065U7NQ<br \/>Energoefektivit\u0101tes klase\u00a0 \u00a0 D<br \/>Energoefektivit\u0101tes kla\u0161u skala\u00a0 \u00a0 \u00a0A \u2013 G<br \/>Jauda\u00a0 \u00a0 \u00a067 W<br \/>Kr\u0101sa\u00a0 \u00a0 \u00a0Melna<br \/>Procesora modelis\u00a0 \u00a0 Hi-View<br \/>Spriegums\u00a0 \u00a0 \u00a0220 \u2013 240 V<br \/>Gatav\u012bbas re\u017e\u012bma elektropat\u0113ri\u0146\u0161\u00a0 \u00a0 \u00a00.5 W<br \/>Materi\u0101ls\u00a0 \u00a0 \u00a0Met\u0101ls, Plastmasa<br \/>\u042d\u043a\u0440\u0430\u043d<br \/>Ekr\u0101na iz\u0161\u0137irtsp\u0113ja\u00a0 \u00a0 4K (3840 x 2160)<br \/>Ekr\u0101na tips\u00a0 \u00a0 \u00a0QLED<br \/>Ekr\u0101na iz\u0161\u0137irtsp\u0113jas veids\u00a0 \u00a0 \u00a0QLED<br \/>Oper\u0113t\u0101jsist\u0113ma\u00a0 \u00a0 \u00a0VIDAA<br \/>Ekr\u0101na frekvence\u00a0 \u00a0 144 Hz<br \/>Ekr\u0101na forma\u00a0 \u00a0 \u00a0Plakana<br \/>Att\u0113la uzlabo\u0161anas sist\u0113mas\u00a0 \u00a0 \u00a0HDR10, HDR10+, HLG, Dolby Vision IQ, HDR10+ Adaptive, HDR Enhancer Dynamic Tone Mapping Pro<br \/>3D funkcija\u00a0 \u00a0 N\u0113<br \/>Apgaismojums\u00a0 \u00a0 N\u0113<br \/>\u0421\u043c\u0430\u0440\u0442 \u0422\u0412 \u0438 \u0438\u043d\u0442\u0435\u0440\u043d\u0435\u0442<br \/>\u201cSmart TV\u201d\u00a0 \u00a0 J\u0101<br \/>\u0423\u043f\u0440\u0430\u0432\u043b\u0435\u043d\u0438\u0435 \u0438 \u0430\u0443\u0434\u0438\u043e<br \/>Ska\u0146as jauda\u00a0 \u00a0 40 W<br \/>\u0411\u0435\u0441\u043f\u0440\u043e\u0432\u043e\u0434\u043d\u044b\u0435 \u0438 \u0444\u0438\u0437\u0438\u0447\u0435\u0441\u043a\u0438\u0435 \u043f\u043e\u0434\u043a\u043b\u044e\u0447\u0435\u043d\u0438\u044f<br \/>USB 3.x savienot\u0101ju skaits\u00a0 \u00a0 \u00a01<br \/>USB 2.0 savienot\u0101ju skaits\u00a0 \u00a0 1<br \/>HDMI piesl\u0113gvietu skaits\u00a0 \u00a0 4<br \/>S\/PDIF savienot\u0101js\u00a0 \u00a0 \u00a0J\u0101<br \/>3.5mm austi\u0146u kontakts\u00a0 \u00a0 \u00a0J\u0101<br \/>WiFi savienojums\u00a0 \u00a0 J\u0101<br \/>WiFi tie\u0161\u0101 saskarne\u00a0 \u00a0 J\u0101<br \/>Ethernet LAN (RJ-45) kontakts\u00a0 \u00a0 \u00a0J\u0101<br \/>WiDi saskarne\u00a0 \u00a0 J\u0101<br \/>Optisk\u0101 audio savienot\u0101js\u00a0 \u00a0 \u00a0J\u0101<br \/>Bluetooth interfeiss\u00a0 \u00a0 \u00a0J\u0101<br \/>DLNA\u00a0 \u00a0 N\u0113<br \/>NFC\u00a0 \u00a0 N\u0113<br \/>\u0420\u0430\u0437\u043c\u0435\u0440\u044b \u0438 \u0432\u0435\u0441<br \/>Platums\u00a0 \u00a0 \u00a0144.9 cm<br \/>Dzi\u013cums\u00a0 \u00a0 \u00a07.7 cm<br \/>Augstums\u00a0 \u00a0 \u00a083.8 cm<br \/>Svars bez stat\u012bva\u00a0 \u00a0 \u00a020.8 kg<br \/>Dzi\u013cums ar stat\u012bvu\u00a0 \u00a0 \u00a029.5 cm<br \/>Augstums ar stat\u012bvu\u00a0 \u00a0 \u00a089.9 cm<br \/>Svars\u00a0 \u00a0 \u00a020.8 kg<br \/>VESA standarts\u00a0 \u00a0 \u00a0400 x 300<br \/>\u0414\u043e\u043f\u043e\u043b\u043d\u0438\u0442\u0435\u043b\u044c\u043d\u043e<br \/>Funkcijas\u00a0 \u00a0 \u00a0Game Center App Store VIDAA Free VIDAA Art AccuWeather Tet+ SWEET.TV Apple TV+ FIFA+ NBA Disney+ Hungama Play Plex Redbull TV Deezer Toon Googles Kidoodle TV UEFA TV EON DAZN YouTube Kids Rakuten TV Amazon Prime Video YouTube Netflix<br \/>\u0422\u0438\u043f \u0446\u0438\u0444\u0440\u043e\u0432\u043e\u0433\u043e \u043f\u0440\u0438\u0435\u043c\u043d\u0438\u043a\u0430<br \/>\u00a0 \u00a0 DVB-T2\/T\/C\/S2\/S\u00a0<\/p><\/p>","protected":false},"excerpt":{"rendered":"<p>Ekr\u0101na izm\u0113rs pa diagon\u0101li\u00a0 \u00a0 \u00a065 \u201c TV diagon\u0101le\u00a0 \u00a0 \u00a056-65\u2033Z\u012bmols\u00a0 \u00a0 \u00a0HisenseModelis\u00a0 \u00a0 \u00a065U7NQEnergoefektivit\u0101tes klase\u00a0 \u00a0 DEnergoefektivit\u0101tes kla\u0161u skala\u00a0 \u00a0 \u00a0A \u2013 GJauda\u00a0 \u00a0 \u00a067 WKr\u0101sa\u00a0 \u00a0 \u00a0MelnaProcesora modelis\u00a0 \u00a0 Hi-ViewSpriegums\u00a0 \u00a0 \u00a0220 \u2013 240 VGatav\u012bbas re\u017e\u012bma elektropat\u0113ri\u0146\u0161\u00a0 \u00a0 \u00a00.5 WMateri\u0101ls\u00a0 \u00a0 \u00a0Met\u0101ls, PlastmasaEkr\u0101nsEkr\u0101na iz\u0161\u0137irtsp\u0113ja\u00a0 \u00a0 4K (3840 x 2160)Ekr\u0101na tips\u00a0 \u00a0 \u00a0QLEDEkr\u0101na iz\u0161\u0137irtsp\u0113jas [&hellip;]<\/p>\n","protected":false},"featured_media":29862,"comment_status":"open","ping_status":"closed","template":"","meta":{"_joinchat":[]},"product_brand":[341],"product_cat":[294],"product_tag":[],"class_list":{"0":"post-29874","1":"product","2":"type-product","3":"status-publish","4":"has-post-thumbnail","6":"product_brand-hisense","7":"product_cat-tv-foto-video-audio-televizori-un-aksesuari-led-televizori","9":"first","10":"instock","11":"shipping-taxable","12":"purchasable","13":"product-type-simple"},"_links":{"self":[{"href":"https:\/\/emeniro.lovehorses.lv\/ru\/wp-json\/wp\/v2\/product\/29874","targetHints":{"allow":["GET"]}}],"collection":[{"href":"https:\/\/emeniro.lovehorses.lv\/ru\/wp-json\/wp\/v2\/product"}],"about":[{"href":"https:\/\/emeniro.lovehorses.lv\/ru\/wp-json\/wp\/v2\/types\/product"}],"replies":[{"embeddable":true,"href":"https:\/\/emeniro.lovehorses.lv\/ru\/wp-json\/wp\/v2\/comments?post=29874"}],"wp:featuredmedia":[{"embeddable":true,"href":"https:\/\/emeniro.lovehorses.lv\/ru\/wp-json\/wp\/v2\/media\/29862"}],"wp:attachment":[{"href":"https:\/\/emeniro.lovehorses.lv\/ru\/wp-json\/wp\/v2\/media?parent=29874"}],"wp:term":[{"taxonomy":"product_brand","embeddable":true,"href":"https:\/\/emeniro.lovehorses.lv\/ru\/wp-json\/wp\/v2\/product_brand?post=29874"},{"taxonomy":"product_cat","embeddable":true,"href":"https:\/\/emeniro.lovehorses.lv\/ru\/wp-json\/wp\/v2\/product_cat?post=29874"},{"taxonomy":"product_tag","embeddable":true,"href":"https:\/\/emeniro.lovehorses.lv\/ru\/wp-json\/wp\/v2\/product_tag?post=29874"}],"curies":[{"name":"wp","href":"https:\/\/api.w.org\/{rel}","templated":true}]}}