{"id":30042,"date":"2026-05-01T00:36:40","date_gmt":"2026-05-01T00:36:40","guid":{"rendered":"https:\/\/emeniro.lovehorses.lv\/product\/siltumnica-klasika-polikarbonats-4-x-3-m-4-mm\/"},"modified":"2026-05-01T00:36:40","modified_gmt":"2026-05-01T00:36:40","slug":"siltumnica-klasika-polikarbonats-4-x-3-m-4-mm","status":"publish","type":"product","link":"https:\/\/emeniro.lovehorses.lv\/ru\/product\/siltumnica-klasika-polikarbonats-4-x-3-m-4-mm\/","title":{"rendered":"\u0422\u0435\u043f\u043b\u0438\u0446\u0430 Klasika, \u043f\u043e\u043b\u0438\u043a\u0430\u0440\u0431\u043e\u043d\u0430\u0442, 4 x 3 \u043c, 4 \u043c\u043c"},"content":{"rendered":"<\/p>\n<p>\u041e\u0431\u0449\u0438\u0435 \u043f\u0430\u0440\u0430\u043c\u0435\u0442\u0440\u044b<br \/>Produkta veids\u00a0\u00a0\u00a0\u00a0 Siltumn\u012bcas<br \/>Z\u012bmols\u00a0\u00a0\u00a0\u00a0 Klasika<br \/>Modelis\u00a0\u00a0\u00a0\u00a0 \u2013<br \/>Garums\u00a0\u00a0\u00a0\u00a0 4 m<br \/>Platums\u00a0\u00a0\u00a0\u00a0 3 m<br \/>Augstums\u00a0\u00a0\u00a0\u00a0 2.18 m<br \/>Plat\u012bba\u00a0\u00a0\u00a0\u00a0 12 m\u00b2<br \/>Kr\u0101sa\u00a0\u00a0\u00a0\u00a0 Caursp\u012bd\u012bga<br \/>Siltumn\u012bcas materi\u0101ls\u00a0\u00a0\u00a0\u00a0 Polikarbon\u0101ts<br \/>Polikarbon\u0101ta p\u0101rkl\u0101juma biezums\u00a0\u00a0\u00a0\u00a0 4 mm<br \/>Siltumn\u012bcas tips\u00a0\u00a0\u00a0\u00a0 Izliekts<br \/>R\u0101mja materi\u0101ls\u00a0\u00a0\u00a0\u00a0 Cinkotais t\u0113rauds<br \/>Ieteicamais pamats\u00a0\u00a0\u00a0\u00a0 J\u0101<br \/>Durvju skaits\u00a0\u00a0\u00a0\u00a0 1<br \/>L\u016bku skaits\u00a0\u00a0\u00a0\u00a0 0<br \/>Siltumn\u012bcas komplekts\u00a0\u00a0\u00a0\u00a0 Pamatnes (pamati), Siltumn\u012bcas r\u0101mis<br \/>Garantija\u00a0\u00a0\u00a0\u00a0 24 m\u0113n<br \/>Papildus inform\u0101cija\u00a0\u00a0\u00a0\u00a0 Komplekt\u0101 visi nepiecie\u0161amie stiprin\u0101jumi \u2013 skr\u016bves un bl\u012bves, gumijas starplikas (lai pasarg\u0101tu polikarbon\u0101ta kan\u0101lus no putek\u013ciem un net\u012brumiem). Polikarbon\u0101ta biezums ir 4 mm<\/p><\/p>","protected":false},"excerpt":{"rendered":"<p>Kop\u0113jie parametriProdukta veids\u00a0\u00a0\u00a0\u00a0 Siltumn\u012bcasZ\u012bmols\u00a0\u00a0\u00a0\u00a0 KlasikaModelis\u00a0\u00a0\u00a0\u00a0 \u2013Garums\u00a0\u00a0\u00a0\u00a0 4 mPlatums\u00a0\u00a0\u00a0\u00a0 3 mAugstums\u00a0\u00a0\u00a0\u00a0 2.18 mPlat\u012bba\u00a0\u00a0\u00a0\u00a0 12 m\u00b2Kr\u0101sa\u00a0\u00a0\u00a0\u00a0 Caursp\u012bd\u012bgaSiltumn\u012bcas materi\u0101ls\u00a0\u00a0\u00a0\u00a0 Polikarbon\u0101tsPolikarbon\u0101ta p\u0101rkl\u0101juma biezums\u00a0\u00a0\u00a0\u00a0 4 mmSiltumn\u012bcas tips\u00a0\u00a0\u00a0\u00a0 IzliektsR\u0101mja materi\u0101ls\u00a0\u00a0\u00a0\u00a0 Cinkotais t\u0113raudsIeteicamais pamats\u00a0\u00a0\u00a0\u00a0 J\u0101Durvju skaits\u00a0\u00a0\u00a0\u00a0 1L\u016bku skaits\u00a0\u00a0\u00a0\u00a0 0Siltumn\u012bcas komplekts\u00a0\u00a0\u00a0\u00a0 Pamatnes (pamati), Siltumn\u012bcas r\u0101misGarantija\u00a0\u00a0\u00a0\u00a0 24 m\u0113nPapildus inform\u0101cija\u00a0\u00a0\u00a0\u00a0 Komplekt\u0101 visi nepiecie\u0161amie stiprin\u0101jumi \u2013 skr\u016bves un bl\u012bves, gumijas starplikas (lai pasarg\u0101tu polikarbon\u0101ta kan\u0101lus no [&hellip;]<\/p>\n","protected":false},"featured_media":30016,"comment_status":"open","ping_status":"closed","template":"","meta":{"_joinchat":[]},"product_brand":[],"product_cat":[362],"product_tag":[],"class_list":{"0":"post-30042","1":"product","2":"type-product","3":"status-publish","4":"has-post-thumbnail","6":"product_cat-darza-tehnika-siltumnicas-un-to-piederumi","8":"first","9":"instock","10":"shipping-taxable","11":"purchasable","12":"product-type-simple"},"_links":{"self":[{"href":"https:\/\/emeniro.lovehorses.lv\/ru\/wp-json\/wp\/v2\/product\/30042","targetHints":{"allow":["GET"]}}],"collection":[{"href":"https:\/\/emeniro.lovehorses.lv\/ru\/wp-json\/wp\/v2\/product"}],"about":[{"href":"https:\/\/emeniro.lovehorses.lv\/ru\/wp-json\/wp\/v2\/types\/product"}],"replies":[{"embeddable":true,"href":"https:\/\/emeniro.lovehorses.lv\/ru\/wp-json\/wp\/v2\/comments?post=30042"}],"wp:featuredmedia":[{"embeddable":true,"href":"https:\/\/emeniro.lovehorses.lv\/ru\/wp-json\/wp\/v2\/media\/30016"}],"wp:attachment":[{"href":"https:\/\/emeniro.lovehorses.lv\/ru\/wp-json\/wp\/v2\/media?parent=30042"}],"wp:term":[{"taxonomy":"product_brand","embeddable":true,"href":"https:\/\/emeniro.lovehorses.lv\/ru\/wp-json\/wp\/v2\/product_brand?post=30042"},{"taxonomy":"product_cat","embeddable":true,"href":"https:\/\/emeniro.lovehorses.lv\/ru\/wp-json\/wp\/v2\/product_cat?post=30042"},{"taxonomy":"product_tag","embeddable":true,"href":"https:\/\/emeniro.lovehorses.lv\/ru\/wp-json\/wp\/v2\/product_tag?post=30042"}],"curies":[{"name":"wp","href":"https:\/\/api.w.org\/{rel}","templated":true}]}}