{"id":30044,"date":"2026-05-01T00:36:44","date_gmt":"2026-05-01T00:36:44","guid":{"rendered":"https:\/\/emeniro.lovehorses.lv\/product\/remington-s8590\/"},"modified":"2026-05-01T00:36:44","modified_gmt":"2026-05-01T00:36:44","slug":"remington-s8590","status":"publish","type":"product","link":"https:\/\/emeniro.lovehorses.lv\/ru\/product\/remington-s8590\/","title":{"rendered":"REMINGTON S8590"},"content":{"rendered":"<\/p>\n<ul>\n<li>\u0412\u0441\u0442\u0440\u043e\u0435\u043d\u043d\u044b\u0439 \u0446\u0438\u0444\u0440\u043e\u0432\u043e\u0439 \u0434\u0438\u0441\u043f\u043b\u0435\u0439<\/li>\n<li>5 rtemperat\u016bras re\u017e\u012bmi 160\u00b0C \u2013 230\u00b0C<\/li>\n<li>\u0100tra uzkar\u0161ana 15 sekund\u0113s \u2013 p\u012bkst, kad gatavs lieto\u0161anai<\/li>\n<li>Gar\u0101kas pl\u0101ksnes \u2013 110mm<\/li>\n<li>\u0413\u0438\u0431\u043a\u0430\u044f \u043f\u043b\u0430\u0441\u0442\u0438\u043d\u0430 \u0434\u043b\u044f \u0440\u0430\u0432\u043d\u043e\u043c\u0435\u0440\u043d\u043e\u0433\u043e \u0434\u0430\u0432\u043b\u0435\u043d\u0438\u044f \u043d\u0430 \u0432\u043e\u043b\u043e\u0441\u044b \u0432\u043e \u0432\u0440\u0435\u043c\u044f \u0443\u043a\u043b\u0430\u0434\u043a\u0438<\/li>\n<li>\u0424\u0443\u043d\u043a\u0446\u0438\u044f \u0431\u043b\u043e\u043a\u0438\u0440\u043e\u0432\u043a\u0438 \u0442\u0435\u043c\u043f\u0435\u0440\u0430\u0442\u0443\u0440\u044b<\/li>\n<li>\u0424\u0443\u043d\u043a\u0446\u0438\u044f \u0442\u0443\u0440\u0431\u043e-\u0443\u0441\u043a\u043e\u0440\u0435\u043d\u0438\u044f<\/li>\n<li>\u0410\u0432\u0442\u043e\u043c\u0430\u0442\u0438\u0447\u0435\u0441\u043a\u043e\u0435 \u0431\u0435\u0437\u043e\u043f\u0430\u0441\u043d\u043e\u0435 \u043e\u0442\u043a\u043b\u044e\u0447\u0435\u043d\u0438\u0435<\/li>\n<li>\u0411\u043b\u043e\u043a\u0438\u0440\u0430\u0442\u043e\u0440 \u043f\u043b\u0430\u0441\u0442\u0438\u043d \u0434\u043b\u044f \u0445\u0440\u0430\u043d\u0435\u043d\u0438\u044f<\/li>\n<li>\u0420\u043e\u0441\u043a\u043e\u0448\u043d\u044b\u0439 \u0442\u0435\u0440\u043c\u043e\u0441\u0442\u043e\u0439\u043a\u0438\u0439 \u0447\u0435\u0445\u043e\u043b \u0434\u043b\u044f \u0445\u0440\u0430\u043d\u0435\u043d\u0438\u044f<\/li>\n<li>\u0423\u043d\u0438\u0432\u0435\u0440\u0441\u0430\u043b\u044c\u043d\u043e\u0435 \u043d\u0430\u043f\u0440\u044f\u0436\u0435\u043d\u0438\u0435<\/li>\n<li>\u0421\u043a\u0440\u0443\u0447\u0438\u0432\u0430\u0435\u043c\u044b\u0439 \u0448\u043d\u0443\u0440<\/li>\n<\/ul>","protected":false},"excerpt":{"rendered":"<p>Iestr\u0101d\u0101ts digit\u0101lais displejs 5 rtemperat\u016bras re\u017e\u012bmi 160\u00b0C \u2013 230\u00b0C \u0100tra uzkar\u0161ana 15 sekund\u0113s \u2013 p\u012bkst, kad gatavs lieto\u0161anai Gar\u0101kas pl\u0101ksnes \u2013 110mm Elast\u012bga pl\u0101ksne vienm\u0113r\u012bgam spiedienam uz matiem ieveido\u0161anas laik\u0101 Temperat\u016bras blo\u0137\u0113\u0161anas funkcija Turbo boost funkcija Autom\u0101tiska dro\u0161\u012bbas izsl\u0113g\u0161an\u0101s Pl\u0101k\u0161\u0146u blo\u0137\u0113t\u0101js uzglab\u0101\u0161anai Luksusa klases karstumnotur\u012bga somi\u0146a uzglab\u0101\u0161anai Univers\u0101la volt\u0101\u017ea Aptinams vads<\/p>","protected":false},"featured_media":30043,"comment_status":"open","ping_status":"closed","template":"","meta":{"_joinchat":[]},"product_brand":[],"product_cat":[373],"product_tag":[],"class_list":{"0":"post-30044","1":"product","2":"type-product","3":"status-publish","4":"has-post-thumbnail","6":"product_cat-skaistumam-matu-feni","8":"first","9":"instock","10":"shipping-taxable","11":"purchasable","12":"product-type-simple"},"_links":{"self":[{"href":"https:\/\/emeniro.lovehorses.lv\/ru\/wp-json\/wp\/v2\/product\/30044","targetHints":{"allow":["GET"]}}],"collection":[{"href":"https:\/\/emeniro.lovehorses.lv\/ru\/wp-json\/wp\/v2\/product"}],"about":[{"href":"https:\/\/emeniro.lovehorses.lv\/ru\/wp-json\/wp\/v2\/types\/product"}],"replies":[{"embeddable":true,"href":"https:\/\/emeniro.lovehorses.lv\/ru\/wp-json\/wp\/v2\/comments?post=30044"}],"wp:featuredmedia":[{"embeddable":true,"href":"https:\/\/emeniro.lovehorses.lv\/ru\/wp-json\/wp\/v2\/media\/30043"}],"wp:attachment":[{"href":"https:\/\/emeniro.lovehorses.lv\/ru\/wp-json\/wp\/v2\/media?parent=30044"}],"wp:term":[{"taxonomy":"product_brand","embeddable":true,"href":"https:\/\/emeniro.lovehorses.lv\/ru\/wp-json\/wp\/v2\/product_brand?post=30044"},{"taxonomy":"product_cat","embeddable":true,"href":"https:\/\/emeniro.lovehorses.lv\/ru\/wp-json\/wp\/v2\/product_cat?post=30044"},{"taxonomy":"product_tag","embeddable":true,"href":"https:\/\/emeniro.lovehorses.lv\/ru\/wp-json\/wp\/v2\/product_tag?post=30044"}],"curies":[{"name":"wp","href":"https:\/\/api.w.org\/{rel}","templated":true}]}}