{"id":30077,"date":"2026-05-01T00:37:34","date_gmt":"2026-05-01T00:37:34","guid":{"rendered":"https:\/\/emeniro.lovehorses.lv\/product\/delonghi-ctov2103bg-ctov-2103-bg-delonghi\/"},"modified":"2026-05-01T00:37:34","modified_gmt":"2026-05-01T00:37:34","slug":"delonghi-ctov2103bg-ctov-2103-bg-delonghi","status":"publish","type":"product","link":"https:\/\/emeniro.lovehorses.lv\/ru\/product\/delonghi-ctov2103bg-ctov-2103-bg-delonghi\/","title":{"rendered":"DeLonghi CTOV2103BG (CTOV 2103 BG De\u2019Longhi)"},"content":{"rendered":"<div>Ra\u017eot\u0101js<span style=\"white-space:pre\"> <\/span>DeLonghi<\/div>\n<div>\u041c\u043e\u0449\u043d\u043e\u0441\u0442\u044c (\u0412\u0442)<span style=\"white-space:pre\"> <\/span>900<\/div>\n<div>\u041a\u043e\u043b\u0438\u0447\u0435\u0441\u0442\u0432\u043e \u0442\u043e\u0441\u0442\u043e\u0432<span style=\"white-space:pre\"> <\/span>2<\/div>\n<div>\u041b\u043e\u0442\u043e\u043a \u0434\u043b\u044f \u043a\u0440\u043e\u0448\u0435\u043a<span style=\"white-space:pre\"> <\/span>\u0415\u0441\u0442\u044c<\/div>\n<div>\u0424\u0443\u043d\u043a\u0446\u0438\u044f \u0440\u0430\u0437\u043c\u043e\u0440\u0430\u0436\u0438\u0432\u0430\u043d\u0438\u044f<span style=\"white-space:pre\"> <\/span>\u0415\u0441\u0442\u044c<\/div>\n<div>\u0426\u0432\u0435\u0442<span style=\"white-space:pre\"> <\/span>\u0411\u0435\u0436\u0435\u0432\u044b\u0439<\/div>\n<div>\u0412\u0435\u0441<\/div>\n<div>\u0412\u0435\u0441 \u0431\u0440\u0443\u0442\u0442\u043e (\u043a\u0433)<span style=\"white-space:pre\"> <\/span>5<\/div>","protected":false},"excerpt":{"rendered":"<p>Ra\u017eot\u0101js DeLonghi Jauda (W) 900 Tostu skaits 2 Drupa\u010du papl\u0101te Ir Atsald\u0113\u0161anas funkcija Ir Kr\u0101sa B\u0113\u0161a Svars Bruto svars (kg) 5<\/p>","protected":false},"featured_media":30076,"comment_status":"open","ping_status":"closed","template":"","meta":{"_joinchat":[]},"product_brand":[],"product_cat":[323],"product_tag":[],"class_list":{"0":"post-30077","1":"product","2":"type-product","3":"status-publish","4":"has-post-thumbnail","6":"product_cat-maza-sadzives-tehnika-tosteri-un-vafelu-pannas","8":"first","9":"instock","10":"shipping-taxable","11":"purchasable","12":"product-type-simple"},"_links":{"self":[{"href":"https:\/\/emeniro.lovehorses.lv\/ru\/wp-json\/wp\/v2\/product\/30077","targetHints":{"allow":["GET"]}}],"collection":[{"href":"https:\/\/emeniro.lovehorses.lv\/ru\/wp-json\/wp\/v2\/product"}],"about":[{"href":"https:\/\/emeniro.lovehorses.lv\/ru\/wp-json\/wp\/v2\/types\/product"}],"replies":[{"embeddable":true,"href":"https:\/\/emeniro.lovehorses.lv\/ru\/wp-json\/wp\/v2\/comments?post=30077"}],"wp:featuredmedia":[{"embeddable":true,"href":"https:\/\/emeniro.lovehorses.lv\/ru\/wp-json\/wp\/v2\/media\/30076"}],"wp:attachment":[{"href":"https:\/\/emeniro.lovehorses.lv\/ru\/wp-json\/wp\/v2\/media?parent=30077"}],"wp:term":[{"taxonomy":"product_brand","embeddable":true,"href":"https:\/\/emeniro.lovehorses.lv\/ru\/wp-json\/wp\/v2\/product_brand?post=30077"},{"taxonomy":"product_cat","embeddable":true,"href":"https:\/\/emeniro.lovehorses.lv\/ru\/wp-json\/wp\/v2\/product_cat?post=30077"},{"taxonomy":"product_tag","embeddable":true,"href":"https:\/\/emeniro.lovehorses.lv\/ru\/wp-json\/wp\/v2\/product_tag?post=30077"}],"curies":[{"name":"wp","href":"https:\/\/api.w.org\/{rel}","templated":true}]}}