{"id":30112,"date":"2026-05-01T00:38:20","date_gmt":"2026-05-01T00:38:20","guid":{"rendered":"https:\/\/emeniro.lovehorses.lv\/product\/ir-veikalabosch-hbg632bs1-razots-vacija\/"},"modified":"2026-05-01T00:38:20","modified_gmt":"2026-05-01T00:38:20","slug":"ir-veikalabosch-hbg632bs1-razots-vacija","status":"publish","type":"product","link":"https:\/\/emeniro.lovehorses.lv\/ru\/product\/ir-veikalabosch-hbg632bs1-razots-vacija\/","title":{"rendered":"(\u0412 \u043d\u0430\u043b\u0438\u0447\u0438\u0438!)Bosch HBG632BS1 \u0421\u0434\u0435\u043b\u0430\u043d\u043e \u0432 \u0413\u0435\u0440\u043c\u0430\u043d\u0438\u0438!"},"content":{"rendered":"<p><em><strong>\u0422\u041e\u0412\u0410\u0420 \u0412 \u041d\u0410\u041b\u0418\u0427\u0418\u0418!<\/strong><\/em><\/p>\n<p>\u0411\u0440\u0435\u043d\u0434 Bosch<br \/>\u0422\u0438\u043f \u0434\u0443\u0445\u043e\u0432\u043a\u0438 \u041c\u043d\u043e\u0433\u043e\u0444\u0443\u043d\u043a\u0446\u0438\u043e\u043d\u0430\u043b\u044c\u043d\u0430\u044f<br \/>\u041a\u043b\u0430\u0441\u0441 \u044d\u043d\u0435\u0440\u0433\u043e\u044d\u0444\u0444\u0435\u043a\u0442\u0438\u0432\u043d\u043e\u0441\u0442\u0438 A+<br \/>\u0426\u0432\u0435\u0442 \u041d\u0435\u0440\u0436\u0430\u0432\u0435\u044e\u0449\u0430\u044f \u0441\u0442\u0430\u043b\u044c<br \/>\u041e\u0431\u044a\u0435\u043c \u0434\u0443\u0445\u043e\u0432\u043a\u0438 71 \u043b<br \/>EAN 4242002808765<br \/>\u0414\u0440\u0443\u0433\u0438\u0435 \u043f\u0430\u0440\u0430\u043c\u0435\u0442\u0440\u044b<br \/>\u041f\u043e\u0434\u0441\u0432\u0435\u0442\u043a\u0430 \u0434\u0443\u0445\u043e\u0432\u043a\u0438 \u0415\u0441\u0442\u044c<br \/>\u0422\u0430\u0439\u043c\u0435\u0440 \u0415\u0441\u0442\u044c<br \/>\u0420\u0435\u0436\u0438\u043c\u044b 8<br \/>\u0420\u0430\u0437\u043c\u0435\u0440\u044b \u043c\u043c (\u0412x\u0428x\u0413) 595 x 594 x 548<br \/>\u0412 \u043a\u043e\u043c\u043f\u043b\u0435\u043a\u0442\u0435 1 \u043f\u0440\u043e\u0442\u0438\u0432\u0435\u043d\u044c, 1 \u0440\u0435\u0448\u0435\u0442\u043a\u0430<br \/>\u0414\u043e\u043f\u043e\u043b\u043d\u0438\u0442\u0435\u043b\u044c\u043d\u0430\u044f \u0438\u043d\u0444\u043e\u0440\u043c\u0430\u0446\u0438\u044f \u041a\u043e\u043d\u0432\u0435\u043a\u0446\u0438\u044f, \u0433\u0440\u0438\u043b\u044c<\/p>","protected":false},"excerpt":{"rendered":"<p>IR UZ VIETAS! Pre\u010du z\u012bme BoschCepe\u0161kr\u0101sns veids Daudzfunkcion\u0101laEnergoefektivit\u0101tes klase A+Kr\u0101sa Ner\u016bs\u0113jo\u0161a t\u0113raudaCepe\u0161kr\u0101sns tilpums 71 lEAN 4242002808765Citi parametriCepe\u0161kr\u0101sns apgaismo\u0161ana IrTaimeris IrRe\u017e\u012bmi 8Izm\u0113ri mm (AxPxDz) 595 x 594 x 548Piederumi 1 cepe\u0161panna, 1 re\u017egisPapildus inform\u0101cija Konvekcija, grils<\/p>","protected":false},"featured_media":30109,"comment_status":"open","ping_status":"closed","template":"","meta":{"_joinchat":[]},"product_brand":[],"product_cat":[266],"product_tag":[],"class_list":{"0":"post-30112","1":"product","2":"type-product","3":"status-publish","4":"has-post-thumbnail","6":"product_cat-iebuvejama-sadzives-tehnika-iebuvejamas-cepeskrasnis","8":"first","9":"instock","10":"shipping-taxable","11":"purchasable","12":"product-type-simple"},"_links":{"self":[{"href":"https:\/\/emeniro.lovehorses.lv\/ru\/wp-json\/wp\/v2\/product\/30112","targetHints":{"allow":["GET"]}}],"collection":[{"href":"https:\/\/emeniro.lovehorses.lv\/ru\/wp-json\/wp\/v2\/product"}],"about":[{"href":"https:\/\/emeniro.lovehorses.lv\/ru\/wp-json\/wp\/v2\/types\/product"}],"replies":[{"embeddable":true,"href":"https:\/\/emeniro.lovehorses.lv\/ru\/wp-json\/wp\/v2\/comments?post=30112"}],"wp:featuredmedia":[{"embeddable":true,"href":"https:\/\/emeniro.lovehorses.lv\/ru\/wp-json\/wp\/v2\/media\/30109"}],"wp:attachment":[{"href":"https:\/\/emeniro.lovehorses.lv\/ru\/wp-json\/wp\/v2\/media?parent=30112"}],"wp:term":[{"taxonomy":"product_brand","embeddable":true,"href":"https:\/\/emeniro.lovehorses.lv\/ru\/wp-json\/wp\/v2\/product_brand?post=30112"},{"taxonomy":"product_cat","embeddable":true,"href":"https:\/\/emeniro.lovehorses.lv\/ru\/wp-json\/wp\/v2\/product_cat?post=30112"},{"taxonomy":"product_tag","embeddable":true,"href":"https:\/\/emeniro.lovehorses.lv\/ru\/wp-json\/wp\/v2\/product_tag?post=30112"}],"curies":[{"name":"wp","href":"https:\/\/api.w.org\/{rel}","templated":true}]}}