{"id":30201,"date":"2026-05-01T00:40:30","date_gmt":"2026-05-01T00:40:30","guid":{"rendered":"https:\/\/emeniro.lovehorses.lv\/product\/lg-gbbs726aev-203cm-no-frost\/"},"modified":"2026-05-01T00:40:30","modified_gmt":"2026-05-01T00:40:30","slug":"lg-gbbs726aev-203cm-no-frost","status":"publish","type":"product","link":"https:\/\/emeniro.lovehorses.lv\/ru\/product\/lg-gbbs726aev-203cm-no-frost\/","title":{"rendered":"LG GBBS726AEV 203 \u0441\u043c No Frost"},"content":{"rendered":"<\/p>\n<p>PRECES TIPS<br \/>\u0422\u0438\u043f: \u0414\u0432\u0443\u0445\u043a\u0430\u043c\u0435\u0440\u043d\u044b\u0439 \u0445\u043e\u043b\u043e\u0434\u0438\u043b\u044c\u043d\u0438\u043a\u00a0\u00a0<br \/>\u0420\u0430\u0441\u043f\u043e\u043b\u043e\u0436\u0435\u043d\u0438\u0435: \u041e\u0442\u0434\u0435\u043b\u044c\u043d\u043e \u0441\u0442\u043e\u044f\u0449\u0438\u0439\u00a0\u00a0<br \/>\u0420\u0430\u0441\u043f\u043e\u043b\u043e\u0436\u0435\u043d\u0438\u0435 \u043c\u043e\u0440\u043e\u0437\u0438\u043b\u044c\u043d\u043e\u0439 \u043a\u0430\u043c\u0435\u0440\u044b: \u0412\u043d\u0438\u0437\u0443\u00a0\u00a0<br \/>IZM\u0112RI<br \/>\u0420\u0430\u0437\u043c\u0435\u0440\u044b (\u0412x\u0428x\u0413):<br \/>203 x 59,7 x 67,4 \u0441\u043c\u00a0\u00a0<br \/>ENER\u0122IJAS PAT\u0112RI\u0145\u0160<br \/>\u041a\u043b\u0430\u0441\u0441 \u044d\u043d\u0435\u0440\u0433\u043e\u043f\u043e\u0442\u0440\u0435\u0431\u043b\u0435\u043d\u0438\u044f: A\u00a0\u00a0<br \/>Ener\u0123ijas pat\u0113ri\u0146\u0161:\u00a0 112 kWh\/ gad\u0101\u00a0\u00a0<br \/>TILPUMS<br \/>Kop\u0113jais tilpums:\u00a0 375 L\u00a0\u00a0<br \/>Ledusskapja tilpums:\u00a0 262 L\u00a0\u00a0<br \/>Sald\u0113tavas tilpums:\u00a0 113 L\u00a0\u00a0<br \/>ATKAUS\u0112\u0160ANAS SIST\u0112MA<br \/>No Frost (Frost Free):\u00a0 Total No Frost\u00a0\u00a0<br \/>Ledusskapja atkaus\u0113\u0161ana:\u00a0 Autom\u0101tiska\u00a0\u00a0<br \/>Sald\u0113tavas atkaus\u0113\u0161ana:\u00a0 Autom\u0101tiska\u00a0\u00a0<br \/>VAD\u012aBA<br \/>Vad\u012bbas tips:\u00a0 Elektronisk\u0101 vad\u012bba\u00a0\u00a0<br \/>\u0414\u0438\u0441\u043f\u043b\u0435\u0439: LED \u0434\u0438\u0441\u043f\u043b\u0435\u0439\u00a0\u00a0<br \/>FUNKCIJAS \u0100tr\u0101 atdzes\u0113\u0161ana:\u00a0 Ir\u00a0\u00a0<br \/>\u0100tr\u0101 sasald\u0113\u0161ana:\u00a0 Ir\u00a0\u00a0<br \/>Br\u012bvdienu re\u017e\u012bms:\u00a0 Ir\u00a0\u00a0<br \/>UNIK\u0100L\u0100S \u012aPA\u0160\u012aBAS<br \/>Temperat\u016bras izmai\u0146as signaliz\u0101cija:\u00a0 Ir\u00a0\u00a0<br \/>Wi-Fi:\u00a0 Ir\u00a0\u00a0<br \/>Nulles zona:\u00a0 Ir\u00a0\u00a0<br \/>Svaiguma zona:\u00a0 Ir\u00a0\u00a0<br \/>Plaukts pudel\u0113m:\u00a0 Ir\u00a0\u00a0<br \/>KOP\u0112JIE PARAMETRI<br \/>\u0422\u0438\u043f \u043f\u043e\u043b\u043e\u043a: \u0417\u0430\u043a\u0430\u043b\u0451\u043d\u043d\u043e\u0435 \u0441\u0442\u0435\u043a\u043b\u043e \u0441 \u043c\u0435\u0442\u0430\u043b\u043b\u0438\u0447\u0435\u0441\u043a\u043e\u0439 \u043e\u0442\u0434\u0435\u043b\u043a\u043e\u0439\u00a0\u00a0<br \/>Termostats:\u00a0 Elektronisks\u00a0\u00a0<br \/>\u041e\u0442\u0434\u0435\u043b\u0435\u043d\u0438\u044f \u043c\u043e\u0440\u043e\u0437\u0438\u043b\u044c\u043d\u043e\u0439 \u043a\u0430\u043c\u0435\u0440\u044b: 3\u00a0\u00a0<br \/>\u041c\u043e\u0449\u043d\u043e\u0441\u0442\u044c \u0437\u0430\u043c\u043e\u0440\u0430\u0436\u0438\u0432\u0430\u043d\u0438\u044f:\u00a0<br \/>12,4 \u043a\u0433\/24\u0447\u00a0\u00a0<br \/>\u041a\u043b\u0438\u043c\u0430\u0442\u0438\u0447\u0435\u0441\u043a\u0438\u0439 \u043a\u043b\u0430\u0441\u0441:\u00a0<br \/>T (\u043e\u0442 +18 \u0434\u043e +43\u00b0\u0421)\u00a0\u00a0<br \/>Sald\u0113tavas kameras klimatisk\u0101 klase:\u00a0 t**** (L\u012bdz -24C)\u00a0\u00a0<br \/>Temp. saglab\u0101\u0161anas ilgums elektroen. atsl. gad\u012bjum\u0101:\u00a0 11 h st\u00a0\u00a0<br \/>Trok\u0161\u0146a l\u012bmenis:\u00a0 29 dB\u00a0\u00a0<br \/>Abpus\u0113ji veram\u0101s durvis:\u00a0 Ir\u00a0\u00a0<br \/>\u0426\u0432\u0435\u0442: \u0427\u0451\u0440\u043d\u044b\u0439 (Essence Black Steel)\u00a0\u00a0<\/p>","protected":false},"excerpt":{"rendered":"<p>PRECES TIPSTips: Divkameras ledusskapis\u00a0\u00a0Izvieto\u0161ana: Br\u012bvi st\u0101vo\u0161s\u00a0\u00a0Sald\u0113tavas izvietojums: Apak\u0161\u0101\u00a0\u00a0IZM\u0112RIIzm\u0113ri (AxPxDz):203 x 59,7 x 67,4 cm\u00a0\u00a0ENER\u0122IJAS PAT\u0112RI\u0145\u0160Energoefektivit\u0101tes klase: A\u00a0\u00a0Ener\u0123ijas pat\u0113ri\u0146\u0161:\u00a0 112 kWh\/ gad\u0101\u00a0\u00a0TILPUMSKop\u0113jais tilpums:\u00a0 375 L\u00a0\u00a0Ledusskapja tilpums:\u00a0 262 L\u00a0\u00a0Sald\u0113tavas tilpums:\u00a0 113 L\u00a0\u00a0ATKAUS\u0112\u0160ANAS SIST\u0112MANo Frost (Frost Free):\u00a0 Total No Frost\u00a0\u00a0Ledusskapja atkaus\u0113\u0161ana:\u00a0 Autom\u0101tiska\u00a0\u00a0Sald\u0113tavas atkaus\u0113\u0161ana:\u00a0 Autom\u0101tiska\u00a0\u00a0VAD\u012aBAVad\u012bbas tips:\u00a0 Elektronisk\u0101 vad\u012bba\u00a0\u00a0Displejs: LED displejs\u00a0\u00a0FUNKCIJAS \u0100tr\u0101 atdzes\u0113\u0161ana:\u00a0 Ir\u00a0\u00a0\u0100tr\u0101 sasald\u0113\u0161ana:\u00a0 Ir\u00a0\u00a0Br\u012bvdienu re\u017e\u012bms:\u00a0 Ir\u00a0\u00a0UNIK\u0100L\u0100S \u012aPA\u0160\u012aBASTemperat\u016bras izmai\u0146as [&hellip;]<\/p>\n","protected":false},"featured_media":30185,"comment_status":"open","ping_status":"closed","template":"","meta":{"_joinchat":[]},"product_brand":[112],"product_cat":[272],"product_tag":[],"class_list":{"0":"post-30201","1":"product","2":"type-product","3":"status-publish","4":"has-post-thumbnail","6":"product_brand-lg","7":"product_cat-sadzives-tehnika-ledusskapji","9":"first","10":"instock","11":"shipping-taxable","12":"purchasable","13":"product-type-simple"},"_links":{"self":[{"href":"https:\/\/emeniro.lovehorses.lv\/ru\/wp-json\/wp\/v2\/product\/30201","targetHints":{"allow":["GET"]}}],"collection":[{"href":"https:\/\/emeniro.lovehorses.lv\/ru\/wp-json\/wp\/v2\/product"}],"about":[{"href":"https:\/\/emeniro.lovehorses.lv\/ru\/wp-json\/wp\/v2\/types\/product"}],"replies":[{"embeddable":true,"href":"https:\/\/emeniro.lovehorses.lv\/ru\/wp-json\/wp\/v2\/comments?post=30201"}],"wp:featuredmedia":[{"embeddable":true,"href":"https:\/\/emeniro.lovehorses.lv\/ru\/wp-json\/wp\/v2\/media\/30185"}],"wp:attachment":[{"href":"https:\/\/emeniro.lovehorses.lv\/ru\/wp-json\/wp\/v2\/media?parent=30201"}],"wp:term":[{"taxonomy":"product_brand","embeddable":true,"href":"https:\/\/emeniro.lovehorses.lv\/ru\/wp-json\/wp\/v2\/product_brand?post=30201"},{"taxonomy":"product_cat","embeddable":true,"href":"https:\/\/emeniro.lovehorses.lv\/ru\/wp-json\/wp\/v2\/product_cat?post=30201"},{"taxonomy":"product_tag","embeddable":true,"href":"https:\/\/emeniro.lovehorses.lv\/ru\/wp-json\/wp\/v2\/product_tag?post=30201"}],"curies":[{"name":"wp","href":"https:\/\/api.w.org\/{rel}","templated":true}]}}