{"id":30448,"date":"2026-05-01T00:47:51","date_gmt":"2026-05-01T00:47:51","guid":{"rendered":"https:\/\/emeniro.lovehorses.lv\/product\/aeg-iae64431fb-indukcijas-razots-vacija\/"},"modified":"2026-05-01T00:47:51","modified_gmt":"2026-05-01T00:47:51","slug":"aeg-iae64431fb-indukcijas-razots-vacija","status":"publish","type":"product","link":"https:\/\/emeniro.lovehorses.lv\/ru\/product\/aeg-iae64431fb-indukcijas-razots-vacija\/","title":{"rendered":"AEG IAE64431FB \u0418\u043d\u0434\u0443\u043a\u0446\u0438\u043e\u043d\u043d\u0430\u044f! \u041f\u0420\u041e\u0418\u0417\u0412\u0415\u0414\u0415\u041d\u041e \u0412 \u0413\u0415\u0420\u041c\u0410\u041d\u0418\u0418"},"content":{"rendered":"<div>\u0422\u043e\u0440\u0433\u043e\u0432\u0430\u044f \u043c\u0430\u0440\u043a\u0430<span style=\"white-space:pre\"> <\/span>AEG<\/div>\n<div>\u0421\u043e\u0432\u0435\u0442\u044b<span style=\"white-space:pre\"> <\/span>\u0418\u043d\u0434\u0443\u043a\u0446\u0438\u043e\u043d\u043d\u0430\u044f<\/div>\n<div>\u041f\u043e\u0432\u0435\u0440\u0445\u043d\u043e\u0441\u0442\u044c<span style=\"white-space:pre\"> <\/span>\u041a\u0435\u0440\u0430\u043c\u0438\u0447\u0435\u0441\u043a\u043e\u0435 \u0441\u0442\u0435\u043a\u043b\u043e<\/div>\n<div>\u0426\u0432\u0435\u0442<span style=\"white-space:pre\"> <\/span>\u0427\u0435\u0440\u043d\u044b\u0439<\/div>\n<div>\u041a\u043e\u043b\u0438\u0447\u0435\u0441\u0442\u0432\u043e \u043d\u0430\u0433\u0440\u0435\u0432\u0430\u0442\u0435\u043b\u044c\u043d\u044b\u0445 \u043a\u043e\u043b\u0435\u0446<span style=\"white-space:pre\"> <\/span>4<\/div>\n<div>\u0423\u043f\u0440\u0430\u0432\u043b\u0435\u043d\u0438\u0435<\/div>\n<div>\u0423\u043f\u0440\u0430\u0432\u043b\u0435\u043d\u0438\u0435<span style=\"white-space:pre\"> <\/span>\u0421\u0435\u043d\u0441\u043e\u0440\u043d\u043e\u0435 \u0443\u043f\u0440\u0430\u0432\u043b\u0435\u043d\u0438\u0435<\/div>\n<div>\u041f\u0430\u043d\u0435\u043b\u044c \u0443\u043f\u0440\u0430\u0432\u043b\u0435\u043d\u0438\u044f<span style=\"white-space:pre\"> <\/span>\u0421\u0435\u043d\u0441\u043e\u0440\u043d\u044b\u0439<\/div>\n<div>\u0420\u0430\u0437\u043c\u0435\u0440\u044b \u0438 \u0432\u0435\u0441<\/div>\n<div>\u0420\u0430\u0437\u043c\u0435\u0440\u044b, \u0441\u043c<span style=\"white-space:pre\"> <\/span>59 x 52<\/div>\n<div>\u0412\u0435\u0441<span style=\"white-space:pre\"> <\/span>10.92 \u043a\u0433<\/div>\n<div>\u0412\u0435\u0441 \u0441 \u0443\u043f\u0430\u043a\u043e\u0432\u043a\u043e\u0439<span style=\"white-space:pre\"> <\/span>11.78 \u043a\u0433<\/div>\n<div>\u0414\u0440\u0443\u0433\u0438\u0435 \u043f\u0430\u0440\u0430\u043c\u0435\u0442\u0440\u044b<\/div>\n<div>\u041e\u0431\u0440\u0430\u043c\u043b\u0435\u043d\u0438\u0435<span style=\"white-space:pre\"> <\/span>\u041d\u0435\u0442<\/div>\n<div>\u0422\u0430\u0439\u043c\u0435\u0440<span style=\"white-space:pre\"> <\/span>\u0415\u0441\u0442\u044c<\/div>\n<div>\u0417\u0430\u0449\u0438\u0442\u0430 \u0434\u0435\u0442\u0441\u043a\u043e\u0439 \u0431\u0435\u0437\u043e\u043f\u0430\u0441\u043d\u043e\u0441\u0442\u0438<span style=\"white-space:pre\"> <\/span><\/div>\n<div>\u041e\u0431\u0449\u0430\u044f \u043c\u043e\u0449\u043d\u043e\u0441\u0442\u044c<span style=\"white-space:pre\"> <\/span>7.8 \u043a\u0412\u0442<\/div>\n<div>\u0414\u043e\u043f\u043e\u043b\u043d\u0438\u0442\u0435\u043b\u044c\u043d\u0430\u044f \u0438\u043d\u0444\u043e\u0440\u043c\u0430\u0446\u0438\u044f<span style=\"white-space:pre\"> <\/span>Direct Control \u0441\u043a\u043e\u043b\u044c\u0437\u044f\u0449\u0430\u044f \u0442\u0435\u0445\u043d\u043e\u043b\u043e\u0433\u0438\u044f \u0443\u043f\u0440\u0430\u0432\u043b\u0435\u043d\u0438\u044f<\/div>","protected":false},"excerpt":{"rendered":"<p>Pre\u010du z\u012bme AEG Tips Indukcijas Virsma Keramikas stikla Kr\u0101sa Melna Sildri\u0146\u0137u skaits 4 Vad\u012bba Vad\u012bba Sk\u0101rievad\u012bba Vad\u012bbas panelis Sk\u0101rienj\u016bt\u012bgs Izm\u0113rs, svars Izm\u0113ri, cm 59 x 52 Svars 10.92 kg Svars ar iepakojumu 11.78 kg Citi parametri Apmale Nav Taimeris Ir B\u0113rnu dro\u0161\u012bbas aizsardz\u012bba Kop\u0113j\u0101 jauda 7.8 kW Papildus inform\u0101cija Direct Control sl\u012bdo\u0161\u0101s vad\u012bbas tehnolo\u0123ija<\/p>","protected":false},"featured_media":30445,"comment_status":"open","ping_status":"closed","template":"","meta":{"_joinchat":[]},"product_brand":[262],"product_cat":[264],"product_tag":[],"class_list":{"0":"post-30448","1":"product","2":"type-product","3":"status-publish","4":"has-post-thumbnail","6":"product_brand-aeg","7":"product_cat-iebuvejama-sadzives-tehnika-iebuvejamas-elektriskas-plits-virsmas","9":"first","10":"instock","11":"shipping-taxable","12":"purchasable","13":"product-type-simple"},"_links":{"self":[{"href":"https:\/\/emeniro.lovehorses.lv\/ru\/wp-json\/wp\/v2\/product\/30448","targetHints":{"allow":["GET"]}}],"collection":[{"href":"https:\/\/emeniro.lovehorses.lv\/ru\/wp-json\/wp\/v2\/product"}],"about":[{"href":"https:\/\/emeniro.lovehorses.lv\/ru\/wp-json\/wp\/v2\/types\/product"}],"replies":[{"embeddable":true,"href":"https:\/\/emeniro.lovehorses.lv\/ru\/wp-json\/wp\/v2\/comments?post=30448"}],"wp:featuredmedia":[{"embeddable":true,"href":"https:\/\/emeniro.lovehorses.lv\/ru\/wp-json\/wp\/v2\/media\/30445"}],"wp:attachment":[{"href":"https:\/\/emeniro.lovehorses.lv\/ru\/wp-json\/wp\/v2\/media?parent=30448"}],"wp:term":[{"taxonomy":"product_brand","embeddable":true,"href":"https:\/\/emeniro.lovehorses.lv\/ru\/wp-json\/wp\/v2\/product_brand?post=30448"},{"taxonomy":"product_cat","embeddable":true,"href":"https:\/\/emeniro.lovehorses.lv\/ru\/wp-json\/wp\/v2\/product_cat?post=30448"},{"taxonomy":"product_tag","embeddable":true,"href":"https:\/\/emeniro.lovehorses.lv\/ru\/wp-json\/wp\/v2\/product_tag?post=30448"}],"curies":[{"name":"wp","href":"https:\/\/api.w.org\/{rel}","templated":true}]}}