{"id":30450,"date":"2026-05-01T00:47:53","date_gmt":"2026-05-01T00:47:53","guid":{"rendered":"https:\/\/emeniro.lovehorses.lv\/product\/samsung-nz64h37075k-eo-indukcijas\/"},"modified":"2026-05-01T00:47:53","modified_gmt":"2026-05-01T00:47:53","slug":"samsung-nz64h37075k-eo-indukcijas","status":"publish","type":"product","link":"https:\/\/emeniro.lovehorses.lv\/ru\/product\/samsung-nz64h37075k-eo-indukcijas\/","title":{"rendered":"Samsung NZ64H37075K\/EO \u0418\u043d\u0434\u0443\u043a\u0446\u0438\u043e\u043d\u043d\u0430\u044f!"},"content":{"rendered":"<div>Ra\u017eot\u0101js<span style=\"white-space: pre\">\u2013<\/span>Samsung<\/div>\n<div>\u0412\u0441\u0442\u0440\u0430\u0438\u0432\u0430\u0435\u043c\u0430\u044f:<span style=\"white-space:pre\"> <\/span>\u0415\u0441\u0442\u044c<\/div>\n<div>\u0422\u0438\u043f \u0432\u0430\u0440\u043e\u0447\u043d\u043e\u0439 \u043f\u043e\u0432\u0435\u0440\u0445\u043d\u043e\u0441\u0442\u0438<span style=\"white-space: pre\">\u2013<\/span>\u0418\u043d\u0434\u0443\u043a\u0446\u0438\u043e\u043d\u043d\u0430\u044f<\/div>\n<div>\u041c\u0430\u0442\u0435\u0440\u0438\u0430\u043b \u043f\u043e\u0432\u0435\u0440\u0445\u043d\u043e\u0441\u0442\u0438<span style=\"white-space: pre\">\u2013<\/span>\u0421\u0442\u0435\u043a\u043b\u043e\u043a\u0435\u0440\u0430\u043c\u0438\u043a\u0430<\/div>\n<div>\u041a\u043e\u043b\u0438\u0447\u0435\u0441\u0442\u0432\u043e \u0437\u043e\u043d \u043f\u0440\u0438\u0433\u043e\u0442\u043e\u0432\u043b\u0435\u043d\u0438\u044f:<span style=\"white-space:pre\"> <\/span>4<\/div>\n<div>\u041a\u043b\u0430\u0441\u0441 \u044d\u043d\u0435\u0440\u0433\u043e\u043f\u043e\u0442\u0440\u0435\u0431\u043b\u0435\u043d\u0438\u044f<span style=\"white-space:pre\"> <\/span>A<\/div>\n<div>\u041e\u0446\u0435\u043d\u043a\u0430 \u0433\u043e\u0434\u043e\u0432\u043e\u0433\u043e \u044d\u043d\u0435\u0440\u0433\u043e\u043f\u043e\u0442\u0440\u0435\u0431\u043b\u0435\u043d\u0438\u044f (\u043a\u0412\u0442\u0447)<span style=\"white-space:pre\"> <\/span>\u2013<\/div>\n<div>\u0420\u0430\u0437\u043c\u0435\u0440\u044b \u0438 \u0432\u0435\u0441<\/div>\n<div>\u0413\u043b\u0443\u0431\u0438\u043d\u0430 (\u043c\u043c)<span style=\"white-space:pre\"> <\/span>57<\/div>\n<div>\u0428\u0438\u0440\u0438\u043d\u0430 (\u043c\u043c)<span style=\"white-space:pre\"> <\/span>590<\/div>\n<div>\u0412\u044b\u0441\u043e\u0442\u0430 (\u043c\u043c)<span style=\"white-space:pre\"> <\/span>520<\/div>\n<div>\u0420\u0430\u0437\u043c\u0435\u0440\u044b \u0434\u043b\u044f \u0432\u0441\u0442\u0440\u0430\u0438\u0432\u0430\u043d\u0438\u044f (\u0428\u0445\u0413)<span style=\"white-space:pre\"> <\/span>560\u00d7490<\/div>\n<div>\u0414\u043e\u043f\u043e\u043b\u043d\u0438\u0442\u0435\u043b\u044c\u043d\u043e<\/div>\n<div>\u0426\u0432\u0435\u0442<span style=\"white-space: pre\">\u2013<\/span>\u0427\u0435\u0440\u043d\u044b\u0439<\/div>\n<div>\u041f\u0430\u043d\u0435\u043b\u044c \u0443\u043f\u0440\u0430\u0432\u043b\u0435\u043d\u0438\u044f:<\/div>\n<div>\u041f\u0435\u0440\u0435\u043a\u043b\u044e\u0447\u0430\u0442\u0435\u043b\u0438<span style=\"white-space:pre\"> <\/span>\u0421\u0435\u043d\u0441\u043e\u0440\u043d\u044b\u0435<\/div>\n<div>Vad\u012bbas blo\u0137\u0113\u0161ana \u201caizsardz\u012bbai pret b\u0113rniem\u201d<span style=\"white-space:pre\"> <\/span>\u0415\u0441\u0442\u044c<\/div>\n<div>\u0420\u0430\u0441\u043f\u043e\u043b\u043e\u0436\u0435\u043d\u0438\u0435 \u043f\u0430\u043d\u0435\u043b\u0438 \u0443\u043f\u0440\u0430\u0432\u043b\u0435\u043d\u0438\u044f<span style=\"white-space:pre\"> <\/span>\u0421\u043f\u0435\u0440\u0435\u0434\u0438<\/div>\n<div>\u0414\u043e\u043f\u043e\u043b\u043d\u0438\u0442\u0435\u043b\u044c\u043d\u0430\u044f \u0438\u043d\u0444\u043e\u0440\u043c\u0430\u0446\u0438\u044f<\/div>\n<div>\u041e\u043f\u0438\u0441\u0430\u043d\u0438\u0435 \u043d\u0430 \u0441\u0430\u0439\u0442\u0435 \u043f\u0440\u043e\u0438\u0437\u0432\u043e\u0434\u0438\u0442\u0435\u043b\u044f<span style=\"white-space:pre\"> <\/span>Samsung<\/div>\n<div>\u0412\u0435\u0441<\/div>\n<div>\u0412\u0435\u0441 \u0431\u0440\u0443\u0442\u0442\u043e (\u043a\u0433)<span style=\"white-space:pre\"> <\/span>13<\/div>","protected":false},"excerpt":{"rendered":"<p>Ra\u017eot\u0101js\u2013Samsung Ieb\u016bv\u0113jams: Ir Virsmas tips\u2013Indukcijas Virsmas materi\u0101ls\u2013Stikla keramisk\u0101 Gatavo\u0161anas zonu skaits: 4 Elektroener\u0123ijas pat\u0113ri\u0146a klase A Ener\u0123ijas gada pat\u0113ri\u0146a nov\u0113rt\u0113jums (kWh) \u2013 Izm\u0113rs un svars Dzi\u013cums (mm) 57 Platums (mm) 590 Augstums (mm) 520 Ieb\u016bv\u0113\u0161anas izm\u0113ri (P\u0445D) 560\u00d7490 Papildus Kr\u0101sa\u2013Melna Vad\u012bbas panelis: Sl\u0113d\u017ei Sensoru Vad\u012bbas blo\u0137\u0113\u0161ana \u201caizsardz\u012bbai pret b\u0113rniem\u201d Ir Vad\u012bbas pane\u013ca novietojums Priek\u0161\u0101 Cita [&hellip;]<\/p>\n","protected":false},"featured_media":30449,"comment_status":"open","ping_status":"closed","template":"","meta":{"_joinchat":[]},"product_brand":[139],"product_cat":[264],"product_tag":[],"class_list":{"0":"post-30450","1":"product","2":"type-product","3":"status-publish","4":"has-post-thumbnail","6":"product_brand-samsung","7":"product_cat-iebuvejama-sadzives-tehnika-iebuvejamas-elektriskas-plits-virsmas","9":"first","10":"instock","11":"shipping-taxable","12":"purchasable","13":"product-type-simple"},"_links":{"self":[{"href":"https:\/\/emeniro.lovehorses.lv\/ru\/wp-json\/wp\/v2\/product\/30450","targetHints":{"allow":["GET"]}}],"collection":[{"href":"https:\/\/emeniro.lovehorses.lv\/ru\/wp-json\/wp\/v2\/product"}],"about":[{"href":"https:\/\/emeniro.lovehorses.lv\/ru\/wp-json\/wp\/v2\/types\/product"}],"replies":[{"embeddable":true,"href":"https:\/\/emeniro.lovehorses.lv\/ru\/wp-json\/wp\/v2\/comments?post=30450"}],"wp:featuredmedia":[{"embeddable":true,"href":"https:\/\/emeniro.lovehorses.lv\/ru\/wp-json\/wp\/v2\/media\/30449"}],"wp:attachment":[{"href":"https:\/\/emeniro.lovehorses.lv\/ru\/wp-json\/wp\/v2\/media?parent=30450"}],"wp:term":[{"taxonomy":"product_brand","embeddable":true,"href":"https:\/\/emeniro.lovehorses.lv\/ru\/wp-json\/wp\/v2\/product_brand?post=30450"},{"taxonomy":"product_cat","embeddable":true,"href":"https:\/\/emeniro.lovehorses.lv\/ru\/wp-json\/wp\/v2\/product_cat?post=30450"},{"taxonomy":"product_tag","embeddable":true,"href":"https:\/\/emeniro.lovehorses.lv\/ru\/wp-json\/wp\/v2\/product_tag?post=30450"}],"curies":[{"name":"wp","href":"https:\/\/api.w.org\/{rel}","templated":true}]}}