{"id":30533,"date":"2026-05-01T00:49:23","date_gmt":"2026-05-01T00:49:23","guid":{"rendered":"https:\/\/emeniro.lovehorses.lv\/product\/beko-fse57310gas\/"},"modified":"2026-05-01T00:49:23","modified_gmt":"2026-05-01T00:49:23","slug":"beko-fse57310gas","status":"publish","type":"product","link":"https:\/\/emeniro.lovehorses.lv\/ru\/product\/beko-fse57310gas\/","title":{"rendered":"BEKO FSE57310GAS"},"content":{"rendered":"<p>Pre\u010du z\u012bme\u00a0 \u00a0 Beko<\/p>\n<p>\u00a0 \u00a0 Sildvirsma\u00a0 \u00a0 Elektrisk\u0101<br \/>\u00a0 \u00a0 Kr\u0101sa\u00a0 \u00a0 Melna<br \/>\u00a0 \u00a0 Energoefektivit\u0101tes klase\u00a0 \u00a0 A<br \/>\u00a0 \u00a0 Sildri\u0146\u0137u skaits\u00a0 \u00a0 4<br \/>\u00a0 \u00a0 EAN\u00a0 \u00a0 8690842120022<br \/>\u0420\u0430\u0437\u043c\u0435\u0440\u044b, \u0432\u0435\u0441<br \/>\u00a0 \u00a0 Augstums\u00a0 \u00a0 85 cm<br \/>\u00a0 \u00a0 Platums\u00a0 \u00a0 50 cm<br \/>\u00a0 \u00a0 Dzi\u013cums\u00a0 \u00a0 60 cm<br \/>\u00a0 \u00a0 Svars\u00a0 \u00a0 42.5 kg<br \/>\u00a0 \u00a0 Svars ar iepakojumu\u00a0 \u00a0 44 kg<br \/>\u041f\u0430\u0440\u0430\u043c\u0435\u0442\u0440\u044b \u0434\u0443\u0445\u043e\u0432\u043a\u0438<br \/>\u00a0 \u00a0 Cepe\u0161kr\u0101sns veids\u00a0 \u00a0 Elektriska<br \/>\u00a0 \u00a0 Cepe\u0161kr\u0101sns tilpums\u00a0 \u00a0 60 l<br \/>\u00a0 \u00a0 Re\u017e\u012bmi\u00a0 \u00a0 6<br \/>\u00a0 \u00a0 Taimeris cepe\u0161kr\u0101snij\u00a0 \u00a0 Ir<br \/>\u00a0 \u00a0 \u041a\u043e\u043d\u0432\u0435\u043a\u0446\u0438\u044f\u00a0 \u00a0\u00a0<br \/>\u00a0 \u00a0 Grils cepe\u0161kr\u0101snij\u00a0 \u00a0 Ir<br \/>\u00a0 \u00a0 Cepe\u0161kr\u0101sns t\u012br\u012b\u0161anas funkcija\u00a0 \u00a0 Hidrol\u012btisk\u0101<br \/>\u00a0 \u00a0 Piederumi\u00a0 \u00a0 1 standarta panna, 1 dzi\u013c\u0101 panna, 1 re\u017e\u0123is<\/p><\/p>","protected":false},"excerpt":{"rendered":"<p>Pre\u010du z\u012bme\u00a0 \u00a0 Beko \u00a0 \u00a0 Sildvirsma\u00a0 \u00a0 Elektrisk\u0101\u00a0 \u00a0 Kr\u0101sa\u00a0 \u00a0 Melna\u00a0 \u00a0 Energoefektivit\u0101tes klase\u00a0 \u00a0 A\u00a0 \u00a0 Sildri\u0146\u0137u skaits\u00a0 \u00a0 4\u00a0 \u00a0 EAN\u00a0 \u00a0 8690842120022Izm\u0113ri, svars\u00a0 \u00a0 Augstums\u00a0 \u00a0 85 cm\u00a0 \u00a0 Platums\u00a0 \u00a0 50 cm\u00a0 \u00a0 Dzi\u013cums\u00a0 \u00a0 60 cm\u00a0 \u00a0 Svars\u00a0 \u00a0 42.5 kg\u00a0 \u00a0 Svars ar iepakojumu\u00a0 \u00a0 44 kgCepe\u0161kr\u0101sns [&hellip;]<\/p>\n","protected":false},"featured_media":30531,"comment_status":"open","ping_status":"closed","template":"","meta":{"_joinchat":[]},"product_brand":[269],"product_cat":[297],"product_tag":[],"class_list":{"0":"post-30533","1":"product","2":"type-product","3":"status-publish","4":"has-post-thumbnail","6":"product_brand-beko","7":"product_cat-sadzives-tehnika-elektriskas-plitis","9":"first","10":"instock","11":"shipping-taxable","12":"purchasable","13":"product-type-simple"},"_links":{"self":[{"href":"https:\/\/emeniro.lovehorses.lv\/ru\/wp-json\/wp\/v2\/product\/30533","targetHints":{"allow":["GET"]}}],"collection":[{"href":"https:\/\/emeniro.lovehorses.lv\/ru\/wp-json\/wp\/v2\/product"}],"about":[{"href":"https:\/\/emeniro.lovehorses.lv\/ru\/wp-json\/wp\/v2\/types\/product"}],"replies":[{"embeddable":true,"href":"https:\/\/emeniro.lovehorses.lv\/ru\/wp-json\/wp\/v2\/comments?post=30533"}],"wp:featuredmedia":[{"embeddable":true,"href":"https:\/\/emeniro.lovehorses.lv\/ru\/wp-json\/wp\/v2\/media\/30531"}],"wp:attachment":[{"href":"https:\/\/emeniro.lovehorses.lv\/ru\/wp-json\/wp\/v2\/media?parent=30533"}],"wp:term":[{"taxonomy":"product_brand","embeddable":true,"href":"https:\/\/emeniro.lovehorses.lv\/ru\/wp-json\/wp\/v2\/product_brand?post=30533"},{"taxonomy":"product_cat","embeddable":true,"href":"https:\/\/emeniro.lovehorses.lv\/ru\/wp-json\/wp\/v2\/product_cat?post=30533"},{"taxonomy":"product_tag","embeddable":true,"href":"https:\/\/emeniro.lovehorses.lv\/ru\/wp-json\/wp\/v2\/product_tag?post=30533"}],"curies":[{"name":"wp","href":"https:\/\/api.w.org\/{rel}","templated":true}]}}