{"id":30535,"date":"2026-05-01T00:49:27","date_gmt":"2026-05-01T00:49:27","guid":{"rendered":"https:\/\/emeniro.lovehorses.lv\/product\/russell-hobbs-26051-70\/"},"modified":"2026-05-01T00:49:27","modified_gmt":"2026-05-01T00:49:27","slug":"russell-hobbs-26051-70","status":"publish","type":"product","link":"https:\/\/emeniro.lovehorses.lv\/ru\/product\/russell-hobbs-26051-70\/","title":{"rendered":"Russell Hobbs 26051-70"},"content":{"rendered":"<p><\/p>\n<p>\u0411\u0440\u0435\u043d\u0434 Russell Hobbs<\/p>\n<p>\u0426\u0432\u0435\u0442 \u0427\u0435\u0440\u043d\u044b\u0439<br \/>\u041c\u0430\u0442\u0435\u0440\u0438\u0430\u043b \u043a\u043e\u0440\u043f\u0443\u0441\u0430 \u041f\u043b\u0430\u0441\u0442\u043c\u0430\u0441\u0441\u0430<br \/>\u041c\u043e\u0449\u043d\u043e\u0441\u0442\u044c 2400 \u0412\u0442<br \/>\u041e\u0431\u044a\u0435\u043c 1.7 \u043b<br \/>\u0414\u043e\u043f\u043e\u043b\u043d\u0438\u0442\u0435\u043b\u044c\u043d\u0430\u044f \u0438\u043d\u0444\u043e\u0440\u043c\u0430\u0446\u0438\u044f \u0412\u043d\u0443\u0442\u0440\u0438 \u043e\u0442\u043c\u0435\u0442\u043a\u0438 \u0437\u043e\u043d\u044b \u0431\u044b\u0441\u0442\u0440\u043e\u0433\u043e \u043a\u0438\u043f\u044f\u0447\u0435\u043d\u0438\u044f<\/p>","protected":false},"excerpt":{"rendered":"<p>Pre\u010du z\u012bme Russell Hobbs Kr\u0101sa MelnaKorpusa materi\u0101ls PlastmasaJauda 2400 WTilpums 1.7 lPapildus inform\u0101cija Iek\u0161pus\u0113 \u0101tr\u0101s v\u0101r\u012b\u0161an\u0101s zonas mar\u0137\u0113jumi<\/p>","protected":false},"featured_media":30534,"comment_status":"open","ping_status":"closed","template":"","meta":[],"product_brand":[],"product_cat":[333],"product_tag":[],"class_list":{"0":"post-30535","1":"product","2":"type-product","3":"status-publish","4":"has-post-thumbnail","6":"product_cat-maza-sadzives-tehnika-elektriskas-tejkannas","8":"first","9":"instock","10":"shipping-taxable","11":"purchasable","12":"product-type-simple"},"_links":{"self":[{"href":"https:\/\/emeniro.lovehorses.lv\/ru\/wp-json\/wp\/v2\/product\/30535","targetHints":{"allow":["GET"]}}],"collection":[{"href":"https:\/\/emeniro.lovehorses.lv\/ru\/wp-json\/wp\/v2\/product"}],"about":[{"href":"https:\/\/emeniro.lovehorses.lv\/ru\/wp-json\/wp\/v2\/types\/product"}],"replies":[{"embeddable":true,"href":"https:\/\/emeniro.lovehorses.lv\/ru\/wp-json\/wp\/v2\/comments?post=30535"}],"wp:featuredmedia":[{"embeddable":true,"href":"https:\/\/emeniro.lovehorses.lv\/ru\/wp-json\/wp\/v2\/media\/30534"}],"wp:attachment":[{"href":"https:\/\/emeniro.lovehorses.lv\/ru\/wp-json\/wp\/v2\/media?parent=30535"}],"wp:term":[{"taxonomy":"product_brand","embeddable":true,"href":"https:\/\/emeniro.lovehorses.lv\/ru\/wp-json\/wp\/v2\/product_brand?post=30535"},{"taxonomy":"product_cat","embeddable":true,"href":"https:\/\/emeniro.lovehorses.lv\/ru\/wp-json\/wp\/v2\/product_cat?post=30535"},{"taxonomy":"product_tag","embeddable":true,"href":"https:\/\/emeniro.lovehorses.lv\/ru\/wp-json\/wp\/v2\/product_tag?post=30535"}],"curies":[{"name":"wp","href":"https:\/\/api.w.org\/{rel}","templated":true}]}}