{"id":30567,"date":"2026-05-01T00:50:32","date_gmt":"2026-05-01T00:50:32","guid":{"rendered":"https:\/\/emeniro.lovehorses.lv\/product\/hansa-fccx58290\/"},"modified":"2026-05-01T00:50:32","modified_gmt":"2026-05-01T00:50:32","slug":"hansa-fccx58290","status":"publish","type":"product","link":"https:\/\/emeniro.lovehorses.lv\/ru\/product\/hansa-fccx58290\/","title":{"rendered":"Hansa FCCX58290"},"content":{"rendered":"<p> \u0426\u0432\u0435\u0442 \u041d\u0435\u0440\u0436\u0430\u0432\u0435\u044e\u0449\u0430\u044f \u0441\u0442\u0430\u043b\u044c<br \/> Elektroener\u0123ijas klase A<br \/> \u041a\u043e\u043b\u0438\u0447\u0435\u0441\u0442\u0432\u043e \u043a\u043e\u043d\u0444\u043e\u0440\u043e\u043a 4<br \/> \u0412\u044b\u0441\u043e\u0442\u0430 85 \u0441\u043c<br \/> \u0428\u0438\u0440\u0438\u043d\u0430 50 \u0441\u043c<br \/> Dzi\u013cums (cm) 60<br \/> Cepe\u0161kr\u0101sns veids Daudzfunkcion\u0101la<br \/> Cepe\u0161kr\u0101sns tilpums 62 l<br \/> \u0420\u0435\u0436\u0438\u043c\u044b 8<\/p>","protected":false},"excerpt":{"rendered":"<p>Kr\u0101sa Ner\u016bs\u0113jo\u0161a t\u0113rauda Elektroener\u0123ijas klase A Sildri\u0146\u0137u skaits 4 Augstums 85 cm Platums 50 cm Dzi\u013cums (cm) 60 Cepe\u0161kr\u0101sns veids Daudzfunkcion\u0101la Cepe\u0161kr\u0101sns tilpums 62 l Re\u017e\u012bmi 8<\/p>","protected":false},"featured_media":30565,"comment_status":"open","ping_status":"closed","template":"","meta":[],"product_brand":[],"product_cat":[297],"product_tag":[],"class_list":{"0":"post-30567","1":"product","2":"type-product","3":"status-publish","4":"has-post-thumbnail","6":"product_cat-sadzives-tehnika-elektriskas-plitis","8":"first","9":"instock","10":"shipping-taxable","11":"purchasable","12":"product-type-simple"},"_links":{"self":[{"href":"https:\/\/emeniro.lovehorses.lv\/ru\/wp-json\/wp\/v2\/product\/30567","targetHints":{"allow":["GET"]}}],"collection":[{"href":"https:\/\/emeniro.lovehorses.lv\/ru\/wp-json\/wp\/v2\/product"}],"about":[{"href":"https:\/\/emeniro.lovehorses.lv\/ru\/wp-json\/wp\/v2\/types\/product"}],"replies":[{"embeddable":true,"href":"https:\/\/emeniro.lovehorses.lv\/ru\/wp-json\/wp\/v2\/comments?post=30567"}],"wp:featuredmedia":[{"embeddable":true,"href":"https:\/\/emeniro.lovehorses.lv\/ru\/wp-json\/wp\/v2\/media\/30565"}],"wp:attachment":[{"href":"https:\/\/emeniro.lovehorses.lv\/ru\/wp-json\/wp\/v2\/media?parent=30567"}],"wp:term":[{"taxonomy":"product_brand","embeddable":true,"href":"https:\/\/emeniro.lovehorses.lv\/ru\/wp-json\/wp\/v2\/product_brand?post=30567"},{"taxonomy":"product_cat","embeddable":true,"href":"https:\/\/emeniro.lovehorses.lv\/ru\/wp-json\/wp\/v2\/product_cat?post=30567"},{"taxonomy":"product_tag","embeddable":true,"href":"https:\/\/emeniro.lovehorses.lv\/ru\/wp-json\/wp\/v2\/product_tag?post=30567"}],"curies":[{"name":"wp","href":"https:\/\/api.w.org\/{rel}","templated":true}]}}