{"id":30679,"date":"2026-05-01T00:53:03","date_gmt":"2026-05-01T00:53:03","guid":{"rendered":"https:\/\/emeniro.lovehorses.lv\/product\/bosch-dft63ac50\/"},"modified":"2026-05-01T00:53:03","modified_gmt":"2026-05-01T00:53:03","slug":"bosch-dft63ac50","status":"publish","type":"product","link":"https:\/\/emeniro.lovehorses.lv\/ru\/product\/bosch-dft63ac50\/","title":{"rendered":"Bosch DFT63AC50"},"content":{"rendered":"<p class=\"translation-block\"><p>\u0411\u0440\u0435\u043d\u0434 Bosch<br>\u0422\u0438\u043f \u0412\u044b\u0434\u0432\u0438\u0436\u043d\u043e\u0439<br>\u0426\u0432\u0435\u0442 \u041d\u0435\u0440\u0436\u0430\u0432\u0435\u044e\u0449\u0430\u044f \u0441\u0442\u0430\u043b\u044c<br>\u041a\u043b\u0430\u0441\u0441 \u044d\u043d\u0435\u0440\u0433\u043e\u044d\u0444\u0444\u0435\u043a\u0442\u0438\u0432\u043d\u043e\u0441\u0442\u0438 D<br>\u041a\u043b\u0430\u0441\u0441 \u0433\u0438\u0434\u0440\u043e\u0434\u0438\u043d\u0430\u043c\u0438\u0447\u0435\u0441\u043a\u043e\u0439 \u044d\u0444\u0444\u0435\u043a\u0442\u0438\u0432\u043d\u043e\u0441\u0442\u0438 E<br>\u041a\u043b\u0430\u0441\u0441 \u044d\u0444\u0444\u0435\u043a\u0442\u0438\u0432\u043d\u043e\u0441\u0442\u0438 \u043e\u0441\u0432\u0435\u0449\u0435\u043d\u0438\u044f D<br>\u041a\u043b\u0430\u0441\u0441 \u044d\u0444\u0444\u0435\u043a\u0442\u0438\u0432\u043d\u043e\u0441\u0442\u0438 \u0444\u0438\u043b\u044c\u0442\u0440\u0430\u0446\u0438\u0438 \u0436\u0438\u0440\u0430 D<br>EAN 4242002976525<br>\u0420\u0430\u0437\u043c\u0435\u0440\u044b, \u0432\u0435\u0441<br>\u0412\u044b\u0441\u043e\u0442\u0430 18 \u0441\u043c<br>\u0428\u0438\u0440\u0438\u043d\u0430 59.8 \u0441\u043c<br>\u0413\u043b\u0443\u0431\u0438\u043d\u0430 28 \u0441\u043c<br>\u041f\u043e\u0434\u0445\u043e\u0434\u044f\u0449\u0430\u044f \u0448\u0438\u0440\u0438\u043d\u0430 \u0448\u043a\u0430\u0444\u0430 60 \u0441\u043c<br>\u0412\u0435\u0441 6 \u043a\u0433<br>\u0412\u0435\u0441 \u0441 \u0443\u043f\u0430\u043a\u043e\u0432\u043a\u043e\u0439 8.5 \u043a\u0433<br>\u041f\u0440\u043e\u0438\u0437\u0432\u043e\u0434\u0438\u0442\u0435\u043b\u044c\u043d\u043e\u0441\u0442\u044c<br>\u041c\u043e\u0449\u043d\u043e\u0441\u0442\u044c \u0432\u0441\u0430\u0441\u044b\u0432\u0430\u043d\u0438\u044f 368 \u043c\u00b3\/\u0447<br>\u041a\u043e\u043b\u0438\u0447\u0435\u0441\u0442\u0432\u043e \u043c\u043e\u0442\u043e\u0440\u043e\u0432 1<br>\u0423\u043f\u0440\u0430\u0432\u043b\u0435\u043d\u0438\u0435<br>\u0423\u043f\u0440\u0430\u0432\u043b\u0435\u043d\u0438\u0435 \u041c\u0435\u0445\u0430\u043d\u0438\u0447\u0435\u0441\u043a\u043e\u0435<br>\u041a\u043e\u043b\u0438\u0447\u0435\u0441\u0442\u0432\u043e \u0441\u043a\u043e\u0440\u043e\u0441\u0442\u0435\u0439 3<br>\u0414\u0440\u0443\u0433\u0438\u0435 \u043f\u0430\u0440\u0430\u043c\u0435\u0442\u0440\u044b<br>\u0423\u0440\u043e\u0432\u0435\u043d\u044c \u0448\u0443\u043c\u0430 (\u0434\u0411) 68<br>\u041e\u0441\u0432\u0435\u0449\u0435\u043d\u0438\u0435 2 x 1,5W LED<br>\u0422\u0438\u043f \u0444\u0438\u043b\u044c\u0442\u0440\u0430 \u0410\u043b\u044e\u043c\u0438\u043d\u0438\u0435\u0432\u044b\u0439<br>\u0414\u043e\u043f\u043e\u043b\u043d\u0438\u0442\u0435\u043b\u044c\u043d\u043e\u0435 \u043e\u0431\u043e\u0440\u0443\u0434\u043e\u0432\u0430\u043d\u0438\u0435<br>\u041a\u043e\u0434 \u0443\u0433\u043e\u043b\u044c\u043d\u043e\u0433\u043e \u0444\u0438\u043b\u044c\u0442\u0440\u0430 DHZ2600<\/p><\/p>","protected":false},"excerpt":{"rendered":"<p>Pre\u010du z\u012bme BoschVeids IzvelkamsKr\u0101sa Ner\u016bs\u0113jo\u0161a t\u0113raudaEnergoefektivit\u0101tes klase DHidrodinamisk\u0101s efektivit\u0101tes klase EApgaismojuma efektivit\u0101tes klase DTauku filtr\u0113\u0161anas efektivit\u0101tes klase DEAN 4242002976525Izm\u0113ri, svarsAugstums 18 cmPlatums 59.8 cmDzi\u013cums 28 cmAtbilsto\u0161a skap\u012b\u0161a platums 60 cmSvars 6 kgSvars ar iepakojumu 8.5 kgVeiktsp\u0113jaNos\u016bk\u0161anas jauda 368 m\u00b3\/hMotoru skaits 1Vad\u012bbaVad\u012bba Meh\u0101niska\u0100trumu skaits 3Citi parametriTrok\u0161\u0146a l\u012bmenis (dB) 68Apgaismojums 2 x 1,5W LEDFiltra veids Alum\u012bnijaPapildapr\u012bkojumsOgles filtra [&hellip;]<\/p>\n","protected":false},"featured_media":30676,"comment_status":"open","ping_status":"closed","template":"","meta":{"_joinchat":[]},"product_brand":[281],"product_cat":[298],"product_tag":[],"class_list":{"0":"post-30679","1":"product","2":"type-product","3":"status-publish","4":"has-post-thumbnail","6":"product_brand-bosch","7":"product_cat-iebuvejama-sadzives-tehnika-iebuvejamie-tvaika-nosuceji","9":"first","10":"instock","11":"shipping-taxable","12":"purchasable","13":"product-type-simple"},"_links":{"self":[{"href":"https:\/\/emeniro.lovehorses.lv\/ru\/wp-json\/wp\/v2\/product\/30679","targetHints":{"allow":["GET"]}}],"collection":[{"href":"https:\/\/emeniro.lovehorses.lv\/ru\/wp-json\/wp\/v2\/product"}],"about":[{"href":"https:\/\/emeniro.lovehorses.lv\/ru\/wp-json\/wp\/v2\/types\/product"}],"replies":[{"embeddable":true,"href":"https:\/\/emeniro.lovehorses.lv\/ru\/wp-json\/wp\/v2\/comments?post=30679"}],"wp:featuredmedia":[{"embeddable":true,"href":"https:\/\/emeniro.lovehorses.lv\/ru\/wp-json\/wp\/v2\/media\/30676"}],"wp:attachment":[{"href":"https:\/\/emeniro.lovehorses.lv\/ru\/wp-json\/wp\/v2\/media?parent=30679"}],"wp:term":[{"taxonomy":"product_brand","embeddable":true,"href":"https:\/\/emeniro.lovehorses.lv\/ru\/wp-json\/wp\/v2\/product_brand?post=30679"},{"taxonomy":"product_cat","embeddable":true,"href":"https:\/\/emeniro.lovehorses.lv\/ru\/wp-json\/wp\/v2\/product_cat?post=30679"},{"taxonomy":"product_tag","embeddable":true,"href":"https:\/\/emeniro.lovehorses.lv\/ru\/wp-json\/wp\/v2\/product_tag?post=30679"}],"curies":[{"name":"wp","href":"https:\/\/api.w.org\/{rel}","templated":true}]}}