{"id":30708,"date":"2026-05-01T00:53:37","date_gmt":"2026-05-01T00:53:37","guid":{"rendered":"https:\/\/emeniro.lovehorses.lv\/product\/bosch-hkr39a220u\/"},"modified":"2026-05-01T00:53:37","modified_gmt":"2026-05-01T00:53:37","slug":"bosch-hkr39a220u","status":"publish","type":"product","link":"https:\/\/emeniro.lovehorses.lv\/ru\/product\/bosch-hkr39a220u\/","title":{"rendered":"Bosch HKR39A220U"},"content":{"rendered":"<p>\u0411\u0440\u0435\u043d\u0434 Bosch<br \/>\u0422\u0438\u043f \u043f\u043b\u0438\u0442\u044b \u042d\u043b\u0435\u043a\u0442\u0440\u0438\u0447\u0435\u0441\u043a\u0430\u044f<br \/>\u0426\u0432\u0435\u0442 \u0411\u0435\u043b\u044b\u0439<br \/>\u041a\u043b\u0430\u0441\u0441 \u044d\u043d\u0435\u0440\u0433\u043e\u044d\u0444\u0444\u0435\u043a\u0442\u0438\u0432\u043d\u043e\u0441\u0442\u0438 A<br \/>\u041a\u043e\u043b\u0438\u0447\u0435\u0441\u0442\u0432\u043e \u043a\u043e\u043d\u0444\u043e\u0440\u043e\u043a 4<br \/>EAN 4242005042067<br \/>\u0420\u0430\u0437\u043c\u0435\u0440\u044b, \u0432\u0435\u0441<br \/>Augstums 90 cm<br \/>\u0428\u0438\u0440\u0438\u043d\u0430 60 \u0441\u043c<br \/>\u0413\u043b\u0443\u0431\u0438\u043d\u0430 60 \u0441\u043c<br \/>\u041f\u0430\u0440\u0430\u043c\u0435\u0442\u0440\u044b \u0434\u0443\u0445\u043e\u0432\u043a\u0438<br \/>\u0422\u0438\u043f \u0434\u0443\u0445\u043e\u0432\u043a\u0438 \u042d\u043b\u0435\u043a\u0442\u0440\u0438\u0447\u0435\u0441\u043a\u0430\u044f<br \/>Cepe\u0161kr\u0101sns tilpums 66 l<br \/>\u0420\u0435\u0436\u0438\u043c\u044b 7<br \/>\u041a\u043e\u043d\u0432\u0435\u043a\u0446\u0438\u044f \u0415\u0441\u0442\u044c<\/p>","protected":false},"excerpt":{"rendered":"<p>Pre\u010du z\u012bme BoschSildvirsma Elektrisk\u0101Kr\u0101sa BaltaEnergoefektivit\u0101tes klase ASildri\u0146\u0137u skaits 4EAN 4242005042067Izm\u0113ri, svarsAugstums 90 cmPlatums 60 cmDzi\u013cums 60 cmCepe\u0161kr\u0101sns parametriCepe\u0161kr\u0101sns veids ElektriskaCepe\u0161kr\u0101sns tilpums 66 lRe\u017e\u012bmi 7Konvekcija Ir<\/p>","protected":false},"featured_media":30702,"comment_status":"open","ping_status":"closed","template":"","meta":[],"product_brand":[281],"product_cat":[297],"product_tag":[],"class_list":{"0":"post-30708","1":"product","2":"type-product","3":"status-publish","4":"has-post-thumbnail","6":"product_brand-bosch","7":"product_cat-sadzives-tehnika-elektriskas-plitis","9":"first","10":"instock","11":"shipping-taxable","12":"purchasable","13":"product-type-simple"},"_links":{"self":[{"href":"https:\/\/emeniro.lovehorses.lv\/ru\/wp-json\/wp\/v2\/product\/30708","targetHints":{"allow":["GET"]}}],"collection":[{"href":"https:\/\/emeniro.lovehorses.lv\/ru\/wp-json\/wp\/v2\/product"}],"about":[{"href":"https:\/\/emeniro.lovehorses.lv\/ru\/wp-json\/wp\/v2\/types\/product"}],"replies":[{"embeddable":true,"href":"https:\/\/emeniro.lovehorses.lv\/ru\/wp-json\/wp\/v2\/comments?post=30708"}],"wp:featuredmedia":[{"embeddable":true,"href":"https:\/\/emeniro.lovehorses.lv\/ru\/wp-json\/wp\/v2\/media\/30702"}],"wp:attachment":[{"href":"https:\/\/emeniro.lovehorses.lv\/ru\/wp-json\/wp\/v2\/media?parent=30708"}],"wp:term":[{"taxonomy":"product_brand","embeddable":true,"href":"https:\/\/emeniro.lovehorses.lv\/ru\/wp-json\/wp\/v2\/product_brand?post=30708"},{"taxonomy":"product_cat","embeddable":true,"href":"https:\/\/emeniro.lovehorses.lv\/ru\/wp-json\/wp\/v2\/product_cat?post=30708"},{"taxonomy":"product_tag","embeddable":true,"href":"https:\/\/emeniro.lovehorses.lv\/ru\/wp-json\/wp\/v2\/product_tag?post=30708"}],"curies":[{"name":"wp","href":"https:\/\/api.w.org\/{rel}","templated":true}]}}