{"id":30798,"date":"2026-05-01T00:56:40","date_gmt":"2026-05-01T00:56:40","guid":{"rendered":"https:\/\/emeniro.lovehorses.lv\/product\/delonghi-ecam380-85-sb\/"},"modified":"2026-05-01T00:56:40","modified_gmt":"2026-05-01T00:56:40","slug":"delonghi-ecam380-85-sb","status":"publish","type":"product","link":"https:\/\/emeniro.lovehorses.lv\/ru\/product\/delonghi-ecam380-85-sb\/","title":{"rendered":"DeLonghi ECAM380.85.SB"},"content":{"rendered":"<p>\u0420rodukta veids\u00a0 \u00a0 \u00a0Autom\u0101tiskie kafijas autom\u0101ti<\/p>\n<p>Z\u012bmols\u00a0 \u00a0 \u00a0DeLonghi<br \/>Modelis\u00a0 \u00a0 \u00a0ECAM380.85.SB<br \/>Kafijas autom\u0101ta veids\u00a0 \u00a0 \u00a0Autom\u0101tisks<br \/>Piena sist\u0113mas tips\u00a0 \u00a0 \u00a0Piena tvertne<br \/>Jauda\u00a0 \u00a0 1450 W<br \/>Korpusa materi\u0101ls\u00a0 \u00a0 \u00a0Met\u0101ls<br \/>Izcelsmes valsts\u00a0 \u00a0 \u00a0Rum\u0101nija<br \/>Kr\u0101sa\u00a0 \u00a0 \u00a0Melna, Sudraba<br \/>Ekr\u0101ns\u00a0 \u00a0 \u00a0J\u0101<br \/>\u0412\u0438\u0434\u044b \u043a\u043e\u0444\u0435 \u0438 \u043f\u0440\u0438\u0433\u043e\u0442\u043e\u0432\u043b\u0435\u043d\u0438\u0435<br \/>Kafijas veids\u00a0 \u00a0 Kafijas pupi\u0146as, Malta kafija<br \/>Kafijas pagatavo\u0161anas metodes\u00a0 \u00a0 Caff\u00e8 Americano, Caff\u00e8 latte, Caf\u00e9 au lait, Cappuccino+, CappuccinoMix, Cortado, Doppio+, Espresso, Espresso Lungo, Espresso Macchiato, Flat white, Kafija, Kafijas pagatavot\u0101js, Kapu\u010dino, Karsts \u016bdens, Latte Macchiato, Long Coffee, Ristretto<br \/>\u0424\u0443\u043d\u043a\u0446\u0438\u0438 \u0438 \u0432\u043e\u0437\u043c\u043e\u0436\u043d\u043e\u0441\u0442\u0438<br \/>Kr\u016bzes uzsild\u012b\u0161ana\u00a0 \u00a0 N\u0113<br \/>Tvaika uzgalis\u00a0 \u00a0 N\u0113<br \/>Saglab\u0101 kafijas veidus\u00a0 \u00a0 J\u0101<br \/>Ar manometru\u00a0 \u00a0 N\u0113<br \/>Aukstu dz\u0113rienu pagatavo\u0161ana\u00a0 \u00a0 \u00a0N\u0113<br \/>Programm\u0113jams porcijas lielums\u00a0 \u00a0 \u00a0J\u0101<br \/>Karst\u0101 \u016bdens sagatavo\u0161ana\u00a0 \u00a0 \u00a0J\u0101<br \/>Karst\u0101 piena pagatavo\u0161ana\u00a0 \u00a0 \u00a0J\u0101<br \/>Vad\u012bbas tips\u00a0 \u00a0 \u00a0Sk\u0101rienj\u016bt\u012bga<br \/>\u041a\u043e\u0444\u0435\u043c\u043e\u043b\u043a\u0430<br \/>Kafijas dzirnavi\u0146as\u00a0 \u00a0 J\u0101<br \/>Kafijas pupi\u0146u ietilp\u012bba\u00a0 \u00a0 \u00a0300 g<br \/>Kafijas padeves kr\u0101na augstums\u00a0 \u00a0 \u00a084 \u2013 135 mm<br \/>\u0420\u0435\u0437\u0435\u0440\u0432\u0443\u0430\u0440\u044b<br \/>\u016adens tvertne\u00a0 \u00a0 \u00a01.8 l<br \/>Piena trauks\u00a0 \u00a0 J\u0101<br \/>\u0420\u0430\u0437\u043c\u0435\u0440\u044b \u0438 \u0432\u0435\u0441<br \/>Dzi\u013cums\u00a0 \u00a0 \u00a042.9 cm<br \/>Platums\u00a0 \u00a0 \u00a023.6 cm<br \/>Augstums\u00a0 \u00a0 \u00a034.8 cm<br \/>Svars\u00a0 \u00a0 \u00a09.5 kg\u00a0<\/p><\/p>","protected":false},"excerpt":{"rendered":"<p>\u0420rodukta veids\u00a0 \u00a0 \u00a0Autom\u0101tiskie kafijas autom\u0101ti Z\u012bmols\u00a0 \u00a0 \u00a0DeLonghiModelis\u00a0 \u00a0 \u00a0ECAM380.85.SBKafijas autom\u0101ta veids\u00a0 \u00a0 \u00a0Autom\u0101tisksPiena sist\u0113mas tips\u00a0 \u00a0 \u00a0Piena tvertneJauda\u00a0 \u00a0 1450 WKorpusa materi\u0101ls\u00a0 \u00a0 \u00a0Met\u0101lsIzcelsmes valsts\u00a0 \u00a0 \u00a0Rum\u0101nijaKr\u0101sa\u00a0 \u00a0 \u00a0Melna, SudrabaEkr\u0101ns\u00a0 \u00a0 \u00a0J\u0101Kafijas veidi un pagatavo\u0161anaKafijas veids\u00a0 \u00a0 Kafijas pupi\u0146as, Malta kafijaKafijas pagatavo\u0161anas metodes\u00a0 \u00a0 Caff\u00e8 Americano, Caff\u00e8 latte, Caf\u00e9 au lait, Cappuccino+, CappuccinoMix, [&hellip;]<\/p>\n","protected":false},"featured_media":30788,"comment_status":"open","ping_status":"closed","template":"","meta":{"_joinchat":[]},"product_brand":[],"product_cat":[314],"product_tag":[],"class_list":{"0":"post-30798","1":"product","2":"type-product","3":"status-publish","4":"has-post-thumbnail","6":"product_cat-maza-sadzives-tehnika-kafijas-automati","8":"first","9":"instock","10":"shipping-taxable","11":"purchasable","12":"product-type-simple"},"_links":{"self":[{"href":"https:\/\/emeniro.lovehorses.lv\/ru\/wp-json\/wp\/v2\/product\/30798","targetHints":{"allow":["GET"]}}],"collection":[{"href":"https:\/\/emeniro.lovehorses.lv\/ru\/wp-json\/wp\/v2\/product"}],"about":[{"href":"https:\/\/emeniro.lovehorses.lv\/ru\/wp-json\/wp\/v2\/types\/product"}],"replies":[{"embeddable":true,"href":"https:\/\/emeniro.lovehorses.lv\/ru\/wp-json\/wp\/v2\/comments?post=30798"}],"wp:featuredmedia":[{"embeddable":true,"href":"https:\/\/emeniro.lovehorses.lv\/ru\/wp-json\/wp\/v2\/media\/30788"}],"wp:attachment":[{"href":"https:\/\/emeniro.lovehorses.lv\/ru\/wp-json\/wp\/v2\/media?parent=30798"}],"wp:term":[{"taxonomy":"product_brand","embeddable":true,"href":"https:\/\/emeniro.lovehorses.lv\/ru\/wp-json\/wp\/v2\/product_brand?post=30798"},{"taxonomy":"product_cat","embeddable":true,"href":"https:\/\/emeniro.lovehorses.lv\/ru\/wp-json\/wp\/v2\/product_cat?post=30798"},{"taxonomy":"product_tag","embeddable":true,"href":"https:\/\/emeniro.lovehorses.lv\/ru\/wp-json\/wp\/v2\/product_tag?post=30798"}],"curies":[{"name":"wp","href":"https:\/\/api.w.org\/{rel}","templated":true}]}}