{"id":30828,"date":"2026-05-01T00:57:20","date_gmt":"2026-05-01T00:57:20","guid":{"rendered":"https:\/\/emeniro.lovehorses.lv\/product\/electrolux-coe7p31x-coe7p31x\/"},"modified":"2026-05-01T00:57:20","modified_gmt":"2026-05-01T00:57:20","slug":"electrolux-coe7p31x-coe7p31x","status":"publish","type":"product","link":"https:\/\/emeniro.lovehorses.lv\/ru\/product\/electrolux-coe7p31x-coe7p31x\/","title":{"rendered":"ELECTROLUX COE7P31X (COE7P31X)"},"content":{"rendered":"<p>Ra\u017eot\u0101js     Electrolux<br \/>\u041a\u043b\u0430\u0441\u0441 \u044d\u043d\u0435\u0440\u0433\u043e\u043f\u043e\u0442\u0440\u0435\u0431\u043b\u0435\u043d\u0438\u044f\u00a0<br \/>Uzst\u0101d\u012b\u0161anas veids     Neatkar\u012bg\u0101<br \/>Cepe\u0161kr\u0101sns veids     Elektrisk\u0101<br \/>Tilpums (litri)     71<br \/>Sild\u012b\u0161\u0101nas re\u017e\u012bmi     11 + Autom\u0101tiskas programmas<br \/>Maksim\u0101l\u0101 temperat\u016bra, \u00b0\u0421     300<br \/>Atsald\u0113\u0161anas funkcija     J\u0101<br \/>Konvekcija     J\u0101<br \/>Grills     J\u0101<br \/>Taimeris     J\u0101<br \/>Pulkstens     J\u0101<br \/>Apgaismojums     J\u0101<br \/>Termozonde     J\u0101<br \/>Teleskopiski papl\u0101\u0161u tur\u0113t\u0101ji     J\u0101<br \/>Stiklu skaits cepe\u0161kr\u0101sns durv\u012bs     4<br \/>Cepe\u0161kr\u0101sns att\u012br\u012b\u0161anas sist\u0113ma     Pirol\u012btisk\u0101 pa\u0161att\u012br\u012b\u0161ana<br \/>Durvju sl\u0113dzis     J\u0101<br \/>Dro\u0161\u012bbas funkcijas     Funkcija \u201caizsardz\u012bba no b\u0113rniem\u201d<br \/>Vad\u012bba     Sk\u0101rienj\u016bt\u012bg\u0101 vad\u012bba<br \/>Displejs     J\u0101<br \/>Kr\u0101sa     Ner\u016bs\u0113jo\u0161\u0101 t\u0113rauda\/melna<br \/>Augstums, mm     594<br \/>Platums, mm     595<br \/>Dzi\u013cums, mm     567<\/p>","protected":false},"excerpt":{"rendered":"<p>Ra\u017eot\u0101js ElectroluxElektroener\u0123ijas klase\u00a0Uzst\u0101d\u012b\u0161anas veids Neatkar\u012bg\u0101Cepe\u0161kr\u0101sns veids Elektrisk\u0101Tilpums (litri) 71Sild\u012b\u0161\u0101nas re\u017e\u012bmi 11 + Autom\u0101tiskas programmasMaksim\u0101l\u0101 temperat\u016bra, \u00b0\u0421 300Atsald\u0113\u0161anas funkcija J\u0101Konvekcija J\u0101Grills J\u0101Taimeris J\u0101Pulkstens J\u0101Apgaismojums J\u0101Termozonde J\u0101Teleskopiski papl\u0101\u0161u tur\u0113t\u0101ji J\u0101Stiklu skaits cepe\u0161kr\u0101sns durv\u012bs 4Cepe\u0161kr\u0101sns att\u012br\u012b\u0161anas sist\u0113ma Pirol\u012btisk\u0101 pa\u0161att\u012br\u012b\u0161anaDurvju sl\u0113dzis J\u0101Dro\u0161\u012bbas funkcijas Funkcija \u201caizsardz\u012bba no b\u0113rniem\u201dVad\u012bba Sk\u0101rienj\u016bt\u012bg\u0101 vad\u012bbaDisplejs J\u0101Kr\u0101sa Ner\u016bs\u0113jo\u0161\u0101 t\u0113rauda\/melnaAugstums, mm 594Platums, mm 595Dzi\u013cums, mm 567<\/p>","protected":false},"featured_media":30826,"comment_status":"open","ping_status":"closed","template":"","meta":{"_joinchat":[]},"product_brand":[265],"product_cat":[266],"product_tag":[],"class_list":{"0":"post-30828","1":"product","2":"type-product","3":"status-publish","4":"has-post-thumbnail","6":"product_brand-electrolux","7":"product_cat-iebuvejama-sadzives-tehnika-iebuvejamas-cepeskrasnis","9":"first","10":"instock","11":"shipping-taxable","12":"purchasable","13":"product-type-simple"},"_links":{"self":[{"href":"https:\/\/emeniro.lovehorses.lv\/ru\/wp-json\/wp\/v2\/product\/30828","targetHints":{"allow":["GET"]}}],"collection":[{"href":"https:\/\/emeniro.lovehorses.lv\/ru\/wp-json\/wp\/v2\/product"}],"about":[{"href":"https:\/\/emeniro.lovehorses.lv\/ru\/wp-json\/wp\/v2\/types\/product"}],"replies":[{"embeddable":true,"href":"https:\/\/emeniro.lovehorses.lv\/ru\/wp-json\/wp\/v2\/comments?post=30828"}],"wp:featuredmedia":[{"embeddable":true,"href":"https:\/\/emeniro.lovehorses.lv\/ru\/wp-json\/wp\/v2\/media\/30826"}],"wp:attachment":[{"href":"https:\/\/emeniro.lovehorses.lv\/ru\/wp-json\/wp\/v2\/media?parent=30828"}],"wp:term":[{"taxonomy":"product_brand","embeddable":true,"href":"https:\/\/emeniro.lovehorses.lv\/ru\/wp-json\/wp\/v2\/product_brand?post=30828"},{"taxonomy":"product_cat","embeddable":true,"href":"https:\/\/emeniro.lovehorses.lv\/ru\/wp-json\/wp\/v2\/product_cat?post=30828"},{"taxonomy":"product_tag","embeddable":true,"href":"https:\/\/emeniro.lovehorses.lv\/ru\/wp-json\/wp\/v2\/product_tag?post=30828"}],"curies":[{"name":"wp","href":"https:\/\/api.w.org\/{rel}","templated":true}]}}