{"id":30886,"date":"2026-05-01T00:58:43","date_gmt":"2026-05-01T00:58:43","guid":{"rendered":"https:\/\/emeniro.lovehorses.lv\/product\/samsung-dw60m6050bb-eo-iebuvejama-60cm\/"},"modified":"2026-05-01T00:58:43","modified_gmt":"2026-05-01T00:58:43","slug":"samsung-dw60m6050bb-eo-iebuvejama-60cm","status":"publish","type":"product","link":"https:\/\/emeniro.lovehorses.lv\/ru\/product\/samsung-dw60m6050bb-eo-iebuvejama-60cm\/","title":{"rendered":"Samsung DW60M6050BB\/EO \u0412\u0441\u0442\u0440\u0430\u0438\u0432\u0430\u0435\u043c\u0430\u044f 60\u0441\u043c"},"content":{"rendered":"<\/p>\n<p class=\"translation-block\"><p><\/p><p>\u0411\u0440\u0435\u043d\u0434 Samsung<br>\u0420\u0430\u0437\u043c\u0435\u0440 60 \u0441\u043c \u0448\u0438\u0440\u0438\u043d\u0430<br>EAN 8806088803029<br>\u041d\u043e\u0432\u0430\u044f \u044d\u043d\u0435\u0440\u0433\u0435\u0442\u0438\u0447\u0435\u0441\u043a\u0430\u044f \u043c\u0430\u0440\u043a\u0438\u0440\u043e\u0432\u043a\u0430 \u0441 2021 \u0433\u043e\u0434\u0430<br>\u041a\u043b\u0430\u0441\u0441 \u044d\u043d\u0435\u0440\u0433\u043e\u044d\u0444\u0444\u0435\u043a\u0442\u0438\u0432\u043d\u043e\u0441\u0442\u0438 (2021) E<br>\u042d\u043d\u0435\u0440\u0433\u043e\u043f\u043e\u0442\u0440\u0435\u0431\u043b\u0435\u043d\u0438\u0435 \u0437\u0430 100 \u0446\u0438\u043a\u043b\u043e\u0432 \u043c\u043e\u0439\u043a\u0438 95 \u043a\u0412\u0442\u00b7\u0447<br>\u041a\u043e\u043b\u0438\u0447\u0435\u0441\u0442\u0432\u043e \u043a\u043e\u043c\u043f\u043b\u0435\u043a\u0442\u043e\u0432 \u043f\u043e\u0441\u0443\u0434\u044b 14<br>\u041f\u043e\u0442\u0440\u0435\u0431\u043b\u0435\u043d\u0438\u0435 \u0432\u043e\u0434\u044b \u0437\u0430 \u043e\u0434\u0438\u043d \u0446\u0438\u043a\u043b \u043c\u043e\u0439\u043a\u0438 10.5 \u043b<br>\u0414\u043b\u0438\u0442\u0435\u043b\u044c\u043d\u043e\u0441\u0442\u044c \u044d\u043a\u043e\u043d\u043e\u043c\u0438\u0447\u043d\u043e\u0439 \u043f\u0440\u043e\u0433\u0440\u0430\u043c\u043c\u044b (\u0447\u0430\u0441\u044b : \u043c\u0438\u043d\u0443\u0442\u044b) 3:45<br>\u0423\u0440\u043e\u0432\u0435\u043d\u044c \u0448\u0443\u043c\u0430 44 \u0434\u0411<br>\u041a\u043b\u0430\u0441\u0441 \u0430\u043a\u0443\u0441\u0442\u0438\u0447\u0435\u0441\u043a\u0438\u0445 \u0432\u044b\u0431\u0440\u043e\u0441\u043e\u0432 \u0448\u0443\u043c\u0430 B<br>\u0420\u0430\u0437\u043c\u0435\u0440\u044b, \u0432\u0435\u0441<br>\u0412\u044b\u0441\u043e\u0442\u0430 81.5 \u0441\u043c<br>\u0428\u0438\u0440\u0438\u043d\u0430 59.8 \u0441\u043c<br>\u0413\u043b\u0443\u0431\u0438\u043d\u0430 55 \u0441\u043c<br>\u0412\u0435\u0441 43 \u043a\u0433<br>\u0423\u043f\u0440\u0430\u0432\u043b\u0435\u043d\u0438\u0435<br>\u0423\u043f\u0440\u0430\u0432\u043b\u0435\u043d\u0438\u0435 \u0441\u0435\u043d\u0441\u043e\u0440\u043d\u043e\u0435<br>\u041f\u0440\u043e\u0447\u0438\u0435 \u043f\u0430\u0440\u0430\u043c\u0435\u0442\u0440\u044b<br>\u041a\u043e\u043b\u0438\u0447\u0435\u0441\u0442\u0432\u043e \u043f\u0440\u043e\u0433\u0440\u0430\u043c\u043c 7<br>\u0422\u0430\u0439\u043c\u0435\u0440 \u043e\u0442\u043b\u043e\u0436\u0435\u043d\u043d\u043e\u0433\u043e \u0437\u0430\u043f\u0443\u0441\u043a\u0430 \u0435\u0441\u0442\u044c<\/p><\/p>","protected":false},"excerpt":{"rendered":"<p>Pre\u010du z\u012bme SamsungIzm\u0113rs 60 cm platumsEAN 8806088803029Jaunais energomar\u0137\u0113jums no 2021.gadaEnergoefektivit\u0101tes klase (2021) EElektroener\u0123ijas pat\u0113ri\u0146\u0161 100 mazg\u0101\u0161anas ciklos 95 kWhTrauku komplektu skaits 14\u016adens pat\u0113ri\u0146\u0161 vien\u0101 mazg\u0101\u0161anas cikl\u0101 10.5 lEkonomisk\u0101s programmas ilgums (stundas : min\u016btes) 3:45Trok\u0161\u0146a l\u012bmenis 44 dBAkustisk\u0101 trok\u0161\u0146a emisijas klase BIzm\u0113ri, svarsAugstums 81.5 cmPlatums 59.8 cmDzi\u013cums 55 cmSvars 43 kgVad\u012bbaVad\u012bba Sk\u0101rienvad\u012bbaCiti parametriProgrammu skaits 7Atlikt\u0101s mazg\u0101\u0161anas [&hellip;]<\/p>\n","protected":false},"featured_media":30880,"comment_status":"open","ping_status":"closed","template":"","meta":{"_joinchat":[]},"product_brand":[139],"product_cat":[280],"product_tag":[],"class_list":{"0":"post-30886","1":"product","2":"type-product","3":"status-publish","4":"has-post-thumbnail","6":"product_brand-samsung","7":"product_cat-iebuvejama-sadzives-tehnika-iebuvejamas-trauku-mazgajamas-masinas","9":"first","10":"instock","11":"shipping-taxable","12":"purchasable","13":"product-type-simple"},"_links":{"self":[{"href":"https:\/\/emeniro.lovehorses.lv\/ru\/wp-json\/wp\/v2\/product\/30886","targetHints":{"allow":["GET"]}}],"collection":[{"href":"https:\/\/emeniro.lovehorses.lv\/ru\/wp-json\/wp\/v2\/product"}],"about":[{"href":"https:\/\/emeniro.lovehorses.lv\/ru\/wp-json\/wp\/v2\/types\/product"}],"replies":[{"embeddable":true,"href":"https:\/\/emeniro.lovehorses.lv\/ru\/wp-json\/wp\/v2\/comments?post=30886"}],"wp:featuredmedia":[{"embeddable":true,"href":"https:\/\/emeniro.lovehorses.lv\/ru\/wp-json\/wp\/v2\/media\/30880"}],"wp:attachment":[{"href":"https:\/\/emeniro.lovehorses.lv\/ru\/wp-json\/wp\/v2\/media?parent=30886"}],"wp:term":[{"taxonomy":"product_brand","embeddable":true,"href":"https:\/\/emeniro.lovehorses.lv\/ru\/wp-json\/wp\/v2\/product_brand?post=30886"},{"taxonomy":"product_cat","embeddable":true,"href":"https:\/\/emeniro.lovehorses.lv\/ru\/wp-json\/wp\/v2\/product_cat?post=30886"},{"taxonomy":"product_tag","embeddable":true,"href":"https:\/\/emeniro.lovehorses.lv\/ru\/wp-json\/wp\/v2\/product_tag?post=30886"}],"curies":[{"name":"wp","href":"https:\/\/api.w.org\/{rel}","templated":true}]}}