{"id":31119,"date":"2026-05-01T01:05:45","date_gmt":"2026-05-01T01:05:45","guid":{"rendered":"https:\/\/emeniro.lovehorses.lv\/product\/bosch-bfr634gs1\/"},"modified":"2026-05-01T01:05:45","modified_gmt":"2026-05-01T01:05:45","slug":"bosch-bfr634gs1","status":"publish","type":"product","link":"https:\/\/emeniro.lovehorses.lv\/ru\/product\/bosch-bfr634gs1\/","title":{"rendered":"BOSCH BFR634GS1"},"content":{"rendered":"<p>Tilpums (l)     21<br \/>Mikrovi\u013c\u0146u jauda (W)     900<br \/>Kr\u0101sa     Melna\/Ner\u016bs\u0113jo\u0161\u0101 t\u0113rauda<br \/>Izm\u0113rs (PxAxDz) mm     594x382x318<br \/>Svars (kg)     16<br \/>\u041e\u0431\u044a\u0435\u043c \u0434\u0443\u0445\u043e\u0432\u043a\u0438 21 \u043b<br \/>\u041a\u0435\u0440\u0430\u043c\u0438\u0447\u0435\u0441\u043a\u043e\u0435 \u0434\u043d\u043e<br \/>Invertora tehnolo\u0123ija \u2013 saudz\u012bga kars\u0113\u0161ana<br \/>AutoPilot<br \/>\u041a\u043e\u043b\u0438\u0447\u0435\u0441\u0442\u0432\u043e \u0430\u0432\u0442\u043e\u043c\u0430\u0442\u0438\u0447\u0435\u0441\u043a\u0438\u0445 \u043f\u0440\u043e\u0433\u0440\u0430\u043c\u043c: 7 \u0448\u0442<br \/>Maks. jauda \u2013 900 W; 5 mikrovi\u013c\u0146u jaudas iestat\u012bjumi (90 W,180 W,360 W, 900 W);<br \/>LED-\u043f\u043e\u0434\u0441\u0432\u0435\u0442\u043a\u0430<br \/>\u041a\u043d\u043e\u043f\u043a\u0430 \u0432\u043a\u043b\u044e\u0447\u0435\u043d\u0438\u044f\/\u0432\u044b\u043a\u043b\u044e\u0447\u0435\u043d\u0438\u044f<br \/>\u0414\u0432\u0435\u0440\u0446\u0430 \u043e\u0442\u043a\u0440\u044b\u0432\u0430\u0435\u0442\u0441\u044f \u0432 \u0431\u043e\u043a, \u043f\u0435\u0442\u043b\u0438 \u0441\u043f\u0440\u0430\u0432\u0430 <\/p>","protected":false},"excerpt":{"rendered":"<p>Tilpums (l) 21Mikrovi\u013c\u0146u jauda (W) 900Kr\u0101sa Melna\/Ner\u016bs\u0113jo\u0161\u0101 t\u0113raudaIzm\u0113rs (PxAxDz) mm 594x382x318Svars (kg) 16Cepe\u0161kr\u0101sns tilpums 21 lKeramikas apak\u0161aInvertora tehnolo\u0123ija \u2013 saudz\u012bga kars\u0113\u0161anaAutoPilotAutom\u0101tisko programmu skaits: 7 STMaks. jauda \u2013 900 W; 5 mikrovi\u013c\u0146u jaudas iestat\u012bjumi (90 W,180 W,360 W, 900 W);LED apgaismojumsIesl\u0113g\u0161anas\/ izsl\u0113g\u0161anas pogaUz s\u0101niem veramas durvis, lab\u0101s puses e\u0146\u0123es<\/p>","protected":false},"featured_media":31117,"comment_status":"open","ping_status":"closed","template":"","meta":{"_joinchat":[]},"product_brand":[281],"product_cat":[321],"product_tag":[],"class_list":{"0":"post-31119","1":"product","2":"type-product","3":"status-publish","4":"has-post-thumbnail","6":"product_brand-bosch","7":"product_cat-iebuvejama-sadzives-tehnika-iebuvejamas-mikrovilnu-krasnis","9":"first","10":"instock","11":"shipping-taxable","12":"purchasable","13":"product-type-simple"},"_links":{"self":[{"href":"https:\/\/emeniro.lovehorses.lv\/ru\/wp-json\/wp\/v2\/product\/31119","targetHints":{"allow":["GET"]}}],"collection":[{"href":"https:\/\/emeniro.lovehorses.lv\/ru\/wp-json\/wp\/v2\/product"}],"about":[{"href":"https:\/\/emeniro.lovehorses.lv\/ru\/wp-json\/wp\/v2\/types\/product"}],"replies":[{"embeddable":true,"href":"https:\/\/emeniro.lovehorses.lv\/ru\/wp-json\/wp\/v2\/comments?post=31119"}],"wp:featuredmedia":[{"embeddable":true,"href":"https:\/\/emeniro.lovehorses.lv\/ru\/wp-json\/wp\/v2\/media\/31117"}],"wp:attachment":[{"href":"https:\/\/emeniro.lovehorses.lv\/ru\/wp-json\/wp\/v2\/media?parent=31119"}],"wp:term":[{"taxonomy":"product_brand","embeddable":true,"href":"https:\/\/emeniro.lovehorses.lv\/ru\/wp-json\/wp\/v2\/product_brand?post=31119"},{"taxonomy":"product_cat","embeddable":true,"href":"https:\/\/emeniro.lovehorses.lv\/ru\/wp-json\/wp\/v2\/product_cat?post=31119"},{"taxonomy":"product_tag","embeddable":true,"href":"https:\/\/emeniro.lovehorses.lv\/ru\/wp-json\/wp\/v2\/product_tag?post=31119"}],"curies":[{"name":"wp","href":"https:\/\/api.w.org\/{rel}","templated":true}]}}