{"id":31132,"date":"2026-05-01T01:06:01","date_gmt":"2026-05-01T01:06:01","guid":{"rendered":"https:\/\/emeniro.lovehorses.lv\/product\/electrolux-lkk560203w\/"},"modified":"2026-05-01T01:06:01","modified_gmt":"2026-05-01T01:06:01","slug":"electrolux-lkk560203w","status":"publish","type":"product","link":"https:\/\/emeniro.lovehorses.lv\/ru\/product\/electrolux-lkk560203w\/","title":{"rendered":"Electrolux LKK560203W"},"content":{"rendered":"<p>\u0411\u0440\u0435\u043d\u0434 Electrolux<br \/>Virsmas tips G\u0101zes<br \/>\u0426\u0432\u0435\u0442 \u0411\u0435\u043b\u044b\u0439<br \/>\u041a\u043b\u0430\u0441\u0441 \u044d\u043d\u0435\u0440\u0433\u043e\u044d\u0444\u0444\u0435\u043a\u0442\u0438\u0432\u043d\u043e\u0441\u0442\u0438 A<br \/>G\u0101zes deg\u013cu skaits 4<br \/>Elektrisk\u0101 aizdedze Ir<br \/>Produkta kods 943005353<br \/>\u0420\u0430\u0437\u043c\u0435\u0440\u044b, \u0432\u0435\u0441<br \/>\u0412\u044b\u0441\u043e\u0442\u0430 85 \u0441\u043c<br \/>\u0428\u0438\u0440\u0438\u043d\u0430 50 \u0441\u043c<br \/>\u0413\u043b\u0443\u0431\u0438\u043d\u0430 60 \u0441\u043c<br \/>Svars 49 kg<br \/>Svars ar iepakojumu 53 kg<br \/>Cepe\u0161kr\u0101sns parametri<br \/>\u0422\u0438\u043f \u0434\u0443\u0445\u043e\u0432\u043a\u0438 \u042d\u043b\u0435\u043a\u0442\u0440\u0438\u0447\u0435\u0441\u043a\u0430\u044f<br \/>Cepe\u0161kr\u0101sns tilpums 58 l<br \/>Re\u017e\u012bmi 10<br \/>Taimeris cepe\u0161kr\u0101snij Ir<br \/>\u041a\u043e\u043d\u0432\u0435\u043a\u0446\u0438\u044f <br \/>\u0413\u0440\u0438\u043b\u044c \u0415\u0441\u0442\u044c<br \/>\u0424\u0443\u043d\u043a\u0446\u0438\u044f \u043e\u0447\u0438\u0441\u0442\u043a\u0438 \u0434\u0443\u0445\u043e\u0432\u043a\u0438 \u0413\u0438\u0434\u0440\u043e\u043b\u0438\u0442\u0438\u0447\u0435\u0441\u043a\u0430\u044f<br \/>Pl\u012bts v\u0101ks Stikla<br \/>\u0414\u0440\u0443\u0433\u0438\u0435 \u043f\u0430\u0440\u0430\u043c\u0435\u0442\u0440\u044b<br \/>G\u0101zes kontrole pl\u012bts virsmai <br \/>Papildus inform\u0101cija AirFry \u012bpa\u0161a perfor\u0113ta cepe\u0161panna<br \/>Piederumi 3 cepe\u0161pannas, 1 re\u017e\u0123is<\/p><\/p>","protected":false},"excerpt":{"rendered":"<p>Pre\u010du z\u012bme ElectroluxVirsmas tips G\u0101zesKr\u0101sa BaltaEnergoefektivit\u0101tes klase AG\u0101zes deg\u013cu skaits 4Elektrisk\u0101 aizdedze IrProdukta kods 943005353Izm\u0113ri, svarsAugstums 85 cmPlatums 50 cmDzi\u013cums 60 cmSvars 49 kgSvars ar iepakojumu 53 kgCepe\u0161kr\u0101sns parametriCepe\u0161kr\u0101sns veids ElektriskaCepe\u0161kr\u0101sns tilpums 58 lRe\u017e\u012bmi 10Taimeris cepe\u0161kr\u0101snij IrKonvekcija Grils IrCepe\u0161kr\u0101sns t\u012br\u012b\u0161anas funkcija Hidrol\u012btisk\u0101Pl\u012bts v\u0101ks StiklaCiti parametriG\u0101zes kontrole pl\u012bts virsmai Papildus inform\u0101cija AirFry \u012bpa\u0161a perfor\u0113ta cepe\u0161pannaPiederumi 3 [&hellip;]<\/p>\n","protected":false},"featured_media":31129,"comment_status":"open","ping_status":"closed","template":"","meta":[],"product_brand":[265],"product_cat":[277],"product_tag":[],"class_list":{"0":"post-31132","1":"product","2":"type-product","3":"status-publish","4":"has-post-thumbnail","6":"product_brand-electrolux","7":"product_cat-sadzives-tehnika-gazes-plitis","9":"first","10":"instock","11":"shipping-taxable","12":"purchasable","13":"product-type-simple"},"_links":{"self":[{"href":"https:\/\/emeniro.lovehorses.lv\/ru\/wp-json\/wp\/v2\/product\/31132","targetHints":{"allow":["GET"]}}],"collection":[{"href":"https:\/\/emeniro.lovehorses.lv\/ru\/wp-json\/wp\/v2\/product"}],"about":[{"href":"https:\/\/emeniro.lovehorses.lv\/ru\/wp-json\/wp\/v2\/types\/product"}],"replies":[{"embeddable":true,"href":"https:\/\/emeniro.lovehorses.lv\/ru\/wp-json\/wp\/v2\/comments?post=31132"}],"wp:featuredmedia":[{"embeddable":true,"href":"https:\/\/emeniro.lovehorses.lv\/ru\/wp-json\/wp\/v2\/media\/31129"}],"wp:attachment":[{"href":"https:\/\/emeniro.lovehorses.lv\/ru\/wp-json\/wp\/v2\/media?parent=31132"}],"wp:term":[{"taxonomy":"product_brand","embeddable":true,"href":"https:\/\/emeniro.lovehorses.lv\/ru\/wp-json\/wp\/v2\/product_brand?post=31132"},{"taxonomy":"product_cat","embeddable":true,"href":"https:\/\/emeniro.lovehorses.lv\/ru\/wp-json\/wp\/v2\/product_cat?post=31132"},{"taxonomy":"product_tag","embeddable":true,"href":"https:\/\/emeniro.lovehorses.lv\/ru\/wp-json\/wp\/v2\/product_tag?post=31132"}],"curies":[{"name":"wp","href":"https:\/\/api.w.org\/{rel}","templated":true}]}}