{"id":31138,"date":"2026-05-01T01:06:10","date_gmt":"2026-05-01T01:06:10","guid":{"rendered":"https:\/\/emeniro.lovehorses.lv\/product\/bosch-twk8613p\/"},"modified":"2026-05-01T01:06:10","modified_gmt":"2026-05-01T01:06:10","slug":"bosch-twk8613p","status":"publish","type":"product","link":"https:\/\/emeniro.lovehorses.lv\/ru\/product\/bosch-twk8613p\/","title":{"rendered":"Bosch TWK8613P"},"content":{"rendered":"<p><\/p>\n<p>Jauda    2400 W<\/p>\n<p>Tilpums    1.5 l<br \/>\u016adens l\u012bme\u0146a indik\u0101tors    <br \/>Paliktnis ar 360 gr\u0101du pagriezienu     <br \/>Sildelements    Ieb\u016bv\u0113ts<br \/>Autom\u0101tisk\u0101 izsl\u0113g\u0161an\u0101s    <br \/>P\u0101rkar\u0161anas aizsardz\u012bba<br \/>Atsl\u0113g\u0161an\u0101s, ja nav \u016bdens<br \/>Siltuma saglab\u0101\u0161anas funkcija<br \/>Temperat\u016bras regul\u0113\u0161ana    <br \/>Korpusa materi\u0101ls    Plastmasa<br \/>Ner\u016bs\u0113jo\u0161ais t\u0113rauds<br \/>Korpusa kr\u0101sa    Melna<br \/>Svars    1.5 kg<\/p><\/p>","protected":false},"excerpt":{"rendered":"<p>Jauda 2400 W Tilpums 1.5 l\u016adens l\u012bme\u0146a indik\u0101tors Paliktnis ar 360 gr\u0101du pagriezienu Sildelements Ieb\u016bv\u0113tsAutom\u0101tisk\u0101 izsl\u0113g\u0161an\u0101s P\u0101rkar\u0161anas aizsardz\u012bbaAtsl\u0113g\u0161an\u0101s, ja nav \u016bdensSiltuma saglab\u0101\u0161anas funkcijaTemperat\u016bras regul\u0113\u0161ana Korpusa materi\u0101ls PlastmasaNer\u016bs\u0113jo\u0161ais t\u0113raudsKorpusa kr\u0101sa MelnaSvars 1.5 kg<\/p>","protected":false},"featured_media":31133,"comment_status":"open","ping_status":"closed","template":"","meta":[],"product_brand":[281],"product_cat":[333],"product_tag":[],"class_list":{"0":"post-31138","1":"product","2":"type-product","3":"status-publish","4":"has-post-thumbnail","6":"product_brand-bosch","7":"product_cat-maza-sadzives-tehnika-elektriskas-tejkannas","9":"first","10":"instock","11":"shipping-taxable","12":"purchasable","13":"product-type-simple"},"_links":{"self":[{"href":"https:\/\/emeniro.lovehorses.lv\/ru\/wp-json\/wp\/v2\/product\/31138","targetHints":{"allow":["GET"]}}],"collection":[{"href":"https:\/\/emeniro.lovehorses.lv\/ru\/wp-json\/wp\/v2\/product"}],"about":[{"href":"https:\/\/emeniro.lovehorses.lv\/ru\/wp-json\/wp\/v2\/types\/product"}],"replies":[{"embeddable":true,"href":"https:\/\/emeniro.lovehorses.lv\/ru\/wp-json\/wp\/v2\/comments?post=31138"}],"wp:featuredmedia":[{"embeddable":true,"href":"https:\/\/emeniro.lovehorses.lv\/ru\/wp-json\/wp\/v2\/media\/31133"}],"wp:attachment":[{"href":"https:\/\/emeniro.lovehorses.lv\/ru\/wp-json\/wp\/v2\/media?parent=31138"}],"wp:term":[{"taxonomy":"product_brand","embeddable":true,"href":"https:\/\/emeniro.lovehorses.lv\/ru\/wp-json\/wp\/v2\/product_brand?post=31138"},{"taxonomy":"product_cat","embeddable":true,"href":"https:\/\/emeniro.lovehorses.lv\/ru\/wp-json\/wp\/v2\/product_cat?post=31138"},{"taxonomy":"product_tag","embeddable":true,"href":"https:\/\/emeniro.lovehorses.lv\/ru\/wp-json\/wp\/v2\/product_tag?post=31138"}],"curies":[{"name":"wp","href":"https:\/\/api.w.org\/{rel}","templated":true}]}}