{"id":31164,"date":"2026-05-01T01:06:36","date_gmt":"2026-05-01T01:06:36","guid":{"rendered":"https:\/\/emeniro.lovehorses.lv\/product\/electrolux-eis84486-indukcijas-razots-vacija\/"},"modified":"2026-05-01T01:06:36","modified_gmt":"2026-05-01T01:06:36","slug":"electrolux-eis84486-indukcijas-razots-vacija","status":"publish","type":"product","link":"https:\/\/emeniro.lovehorses.lv\/ru\/product\/electrolux-eis84486-indukcijas-razots-vacija\/","title":{"rendered":"Electrolux EIS84486 \u0418\u043d\u0434\u0443\u043a\u0446\u0438\u043e\u043d\u043d\u0430\u044f \u043f\u043b\u0438\u0442\u0430! \u041f\u0420\u041e\u0418\u0417\u0412\u0415\u0414\u0415\u041d\u041e \u0412 \u0413\u0415\u0420\u041c\u0410\u041d\u0418\u0418"},"content":{"rendered":"<p>\u0411\u0440\u0435\u043d\u0434 Electrolux<br \/>\u0422\u0438\u043f \u0418\u043d\u0434\u0443\u043a\u0446\u0438\u043e\u043d\u043d\u0430\u044f<br \/>\u041f\u043e\u0432\u0435\u0440\u0445\u043d\u043e\u0441\u0442\u044c \u042d\u043b\u0435\u043a\u0442\u0440\u0438\u0447\u0435\u0441\u043a\u0430\u044f<br \/>\u0426\u0432\u0435\u0442 \u0421\u0435\u0440\u044b\u0439<br \/>\u041a\u043e\u043b\u0438\u0447\u0435\u0441\u0442\u0432\u043e \u043a\u043e\u043d\u0444\u043e\u0440\u043e\u043a 4<br \/>EAN 7332543685295<br \/>\u0423\u043f\u0440\u0430\u0432\u043b\u0435\u043d\u0438\u0435<br \/>\u0423\u043f\u0440\u0430\u0432\u043b\u0435\u043d\u0438\u0435 \u042d\u043b\u0435\u043a\u0442\u0440\u043e\u043d\u043d\u043e\u0435<br \/>\u041f\u0430\u043d\u0435\u043b\u044c \u0443\u043f\u0440\u0430\u0432\u043b\u0435\u043d\u0438\u044f LED<br \/>\u0420\u0430\u0437\u043c\u0435\u0440\u044b \u0438 \u0432\u0435\u0441<br \/>\u0420\u0430\u0437\u043c\u0435\u0440\u044b, \u0441\u043c 75 x 49 x 4.4<br \/>\u0414\u0440\u0443\u0433\u0438\u0435 \u043f\u0430\u0440\u0430\u043c\u0435\u0442\u0440\u044b<br \/>\u041e\u0431\u043e\u0434\u043e\u043a \u041d\u0435\u0442<br \/>\u0417\u0430\u0449\u0438\u0442\u0430 \u0434\u0435\u0442\u0441\u043a\u043e\u0439 \u0431\u0435\u0437\u043e\u043f\u0430\u0441\u043d\u043e\u0441\u0442\u0438 <br \/>\u041e\u0431\u0449\u0430\u044f \u043c\u043e\u0449\u043d\u043e\u0441\u0442\u044c 7.4 \u043a\u0412\u0442<br \/>\u0414\u043e\u043f\u043e\u043b\u043d\u0438\u0442\u0435\u043b\u044c\u043d\u0430\u044f \u0438\u043d\u0444\u043e\u0440\u043c\u0430\u0446\u0438\u044f: \u0438\u043d\u0434\u0438\u043a\u0430\u0446\u0438\u044f \u043e\u0441\u0442\u0430\u0442\u043e\u0447\u043d\u043e\u0433\u043e \u0442\u0435\u043f\u043b\u0430 \u0441 3 \u0443\u0440\u043e\u0432\u043d\u044f\u043c\u0438, \u0437\u0432\u0443\u043a\u043e\u0432\u043e\u0439 \u0441\u0438\u0433\u043d\u0430\u043b, \u0430\u0432\u0442\u043e\u043c\u0430\u0442\u0438\u0447\u0435\u0441\u043a\u0438\u0439 \u0440\u0430\u0437\u043e\u0433\u0440\u0435\u0432, \u0443\u0441\u0438\u043b\u0435\u043d\u0438\u0435 \u043c\u043e\u0449\u043d\u043e\u0441\u0442\u0438, \u0437\u0430\u0449\u0438\u0442\u0430 \u0434\u0435\u0442\u0435\u0439, \u0442\u0430\u0439\u043c\u0435\u0440 \u043e\u0431\u0440\u0430\u0442\u043d\u043e\u0433\u043e \u043e\u0442\u0441\u0447\u0451\u0442\u0430, \u044d\u043a\u043e-\u0442\u0430\u0439\u043c\u0435\u0440, \u0443\u043f\u0440\u0430\u0432\u043b\u0435\u043d\u0438\u0435 \u043c\u043e\u0449\u043d\u043e\u0441\u0442\u044c\u044e, \u0441\u043e\u0435\u0434\u0438\u043d\u0435\u043d\u0438\u0435 \u043f\u043e\u0432\u0435\u0440\u0445\u043d\u043e\u0441\u0442\u0438 \u0441 \u0432\u044b\u0442\u044f\u0436\u043a\u043e\u0439, \u0431\u043b\u043e\u043a\u0438\u0440\u043e\u0432\u043a\u0430 \u043a\u043b\u0430\u0432\u0438\u0448, \u0442\u0430\u0439\u043c\u0435\u0440 \u043e\u0431\u0440\u0430\u0442\u043d\u043e\u0433\u043e \u043e\u0442\u0441\u0447\u0451\u0442\u0430, \u043f\u0430\u0443\u0437\u0430, \u043e\u0442\u043a\u043b\u044e\u0447\u0435\u043d\u0438\u0435 \u0437\u0432\u0443\u043a\u0430, \u0442\u0430\u0439\u043c\u0435\u0440<br \/>\u0414\u043e\u043f\u043e\u043b\u043d\u0438\u0442\u0435\u043b\u044c\u043d\u044b\u0435 \u0444\u0443\u043d\u043a\u0446\u0438\u0438 Hob2Hood<br \/>\u0412\u0441\u0442\u0440\u0430\u0438\u0432\u0430\u0435\u043c\u0430\u044f \u0438\u043d\u0434\u0443\u043a\u0446\u0438\u043e\u043d\u043d\u0430\u044f \u0432\u0430\u0440\u043e\u0447\u043d\u0430\u044f \u043f\u043e\u0432\u0435\u0440\u0445\u043d\u043e\u0441\u0442\u044c 800 SenseFry \u0448\u0438\u0440\u0438\u043d\u043e\u0439 80 \u0441\u043c<br \/>\u041f\u043e\u0441\u0442\u043e\u044f\u043d\u043d\u043e \u0432\u043a\u0443\u0441\u043d\u044b\u0435 \u0440\u0435\u0437\u0443\u043b\u044c\u0442\u0430\u0442\u044b\u00a0<br \/>\u0421\u043a\u0430\u0436\u0438\u0442\u0435 \u00ab\u043f\u0440\u043e\u0449\u0430\u0439\u00bb \u0433\u0430\u0434\u0430\u043d\u0438\u044f\u043c \u0441 \u0432\u0430\u0440\u043e\u0447\u043d\u043e\u0439 \u043f\u0430\u043d\u0435\u043b\u044c\u044e 800 SenseFry\u00ae. \u0421\u0435\u043d\u0441\u043e\u0440 \u0433\u043e\u0442\u043e\u0432\u043a\u0438 \u043f\u043e\u0434\u0434\u0435\u0440\u0436\u0438\u0432\u0430\u0435\u0442 \u043f\u0440\u0430\u0432\u0438\u043b\u044c\u043d\u0443\u044e \u0442\u0435\u043c\u043f\u0435\u0440\u0430\u0442\u0443\u0440\u0443 \u043f\u043e \u0432\u0441\u0435\u0439 \u043f\u043e\u0432\u0435\u0440\u0445\u043d\u043e\u0441\u0442\u0438 \u043a\u0430\u0441\u0442\u0440\u044e\u043b\u0438. \u0422\u0435\u043f\u0435\u0440\u044c \u043d\u0435 \u043d\u0443\u0436\u043d\u043e \u0433\u0430\u0434\u0430\u0442\u044c \u0438 \u0440\u0435\u0433\u0443\u043b\u0438\u0440\u043e\u0432\u0430\u0442\u044c \u043d\u0430\u0441\u0442\u0440\u043e\u0439\u043a\u0438. \u0422\u0435\u043f\u0435\u0440\u044c \u0432\u044b \u043c\u043e\u0436\u0435\u0442\u0435 \u0431\u0435\u0437 \u0443\u0441\u0438\u043b\u0438\u0439 \u043f\u0440\u0438\u0433\u043e\u0442\u043e\u0432\u0438\u0442\u044c \u0438\u0434\u0435\u0430\u043b\u044c\u043d\u043e \u043e\u0434\u0438\u043d\u0430\u043a\u043e\u0432\u044b\u0435 \u0431\u043b\u0438\u043d\u044b \u0438 \u0441\u043e\u0447\u043d\u044b\u0435 \u0441\u0442\u0435\u0439\u043a\u0438 \u0432 \u0434\u043e\u043c\u0430\u0448\u043d\u0438\u0445 \u0443\u0441\u043b\u043e\u0432\u0438\u044f\u0445.\u00a0<\/p>\n<p>\u0421\u043a\u0430\u0436\u0438\u0442\u0435 \u00ab\u043f\u0440\u043e\u0449\u0430\u0439\u00bb \u0433\u0430\u0434\u0430\u043d\u0438\u044f\u043c \u0431\u043b\u0430\u0433\u043e\u0434\u0430\u0440\u044f \u0441\u0435\u043d\u0441\u043e\u0440\u0443 \u0433\u043e\u0442\u043e\u0432\u043a\u0438\u00a0<br \/>\u0414\u043e\u0432\u0435\u0440\u044c\u0442\u0435\u0441\u044c \u0441\u0435\u043d\u0441\u043e\u0440\u0443 \u0433\u043e\u0442\u043e\u0432\u043a\u0438, \u043a\u043e\u0442\u043e\u0440\u044b\u0439 \u043f\u043e\u0437\u0430\u0431\u043e\u0442\u0438\u0442\u0441\u044f \u043e \u0440\u0430\u0432\u043d\u043e\u043c\u0435\u0440\u043d\u043e\u043c \u043f\u0440\u0438\u0433\u043e\u0442\u043e\u0432\u043b\u0435\u043d\u0438\u0438 \u0432\u0430\u0448\u0435\u0439 \u043f\u0438\u0449\u0438. \u0421\u0435\u043d\u0441\u043e\u0440 \u043f\u043e\u0434\u0434\u0435\u0440\u0436\u0438\u0432\u0430\u0435\u0442 \u043f\u0440\u0430\u0432\u0438\u043b\u044c\u043d\u0443\u044e \u0442\u0435\u043c\u043f\u0435\u0440\u0430\u0442\u0443\u0440\u0443 \u043d\u0430 \u043f\u043e\u0432\u0435\u0440\u0445\u043d\u043e\u0441\u0442\u0438 \u0441\u043a\u043e\u0432\u043e\u0440\u043e\u0434\u044b, \u043f\u043e\u044d\u0442\u043e\u043c\u0443 \u0432\u0430\u043c \u043d\u0435 \u043f\u0440\u0438\u0434\u0451\u0442\u0441\u044f \u0442\u0440\u0430\u0442\u0438\u0442\u044c \u0432\u0440\u0435\u043c\u044f \u043d\u0430 \u0440\u0435\u0433\u0443\u043b\u0438\u0440\u043e\u0432\u043a\u0443 \u043d\u0430\u0433\u0440\u0435\u0432\u0430. \u041e\u043d \u0433\u0430\u0440\u0430\u043d\u0442\u0438\u0440\u0443\u0435\u0442, \u0447\u0442\u043e \u0432\u0430\u0448\u0435 \u0431\u043b\u044e\u0434\u043e \u0432\u0441\u0435\u0433\u0434\u0430 \u0431\u0443\u0434\u0435\u0442 \u043f\u0440\u0438\u0433\u043e\u0442\u043e\u0432\u043b\u0435\u043d\u043e \u043f\u0440\u0430\u0432\u0438\u043b\u044c\u043d\u043e.<\/p>\n<p>\u0423\u043f\u0440\u0430\u0432\u043b\u044f\u0439\u0442\u0435 \u0434\u0443\u0445\u043e\u0432\u043a\u043e\u0439 \u0441 \u0438\u043d\u0442\u0443\u0438\u0442\u0438\u0432\u043d\u044b\u043c \u043f\u0440\u0438\u043a\u043e\u0441\u043d\u043e\u0432\u0435\u043d\u0438\u0435\u043c<br \/>\u041d\u0430\u0441\u043b\u0430\u0436\u0434\u0430\u0439\u0442\u0435\u0441\u044c \u0438\u043d\u0442\u0443\u0438\u0442\u0438\u0432\u043d\u044b\u043c \u043e\u043f\u044b\u0442\u043e\u043c \u0441 \u043d\u0430\u0448\u0438\u043c \u0446\u0432\u0435\u0442\u043d\u044b\u043c \u0441\u0435\u043d\u0441\u043e\u0440\u043d\u044b\u043c \u044d\u043a\u0440\u0430\u043d\u043e\u043c. \u0412\u044b\u0431\u0435\u0440\u0438\u0442\u0435 \u0431\u043b\u044e\u0434\u043e, \u043a\u043e\u0442\u043e\u0440\u043e\u0435 \u0441\u043e\u0431\u0438\u0440\u0430\u0435\u0442\u0435\u0441\u044c \u043f\u0440\u0438\u0433\u043e\u0442\u043e\u0432\u0438\u0442\u044c, \u0438 \u043b\u0435\u0433\u043a\u043e \u043a\u043e\u043d\u0442\u0440\u043e\u043b\u0438\u0440\u0443\u0439\u0442\u0435 \u043f\u0440\u043e\u0446\u0435\u0441\u0441 \u0433\u043e\u0442\u043e\u0432\u043a\u0438. \u041e\u043d \u0434\u0430\u0436\u0435 \u043f\u0440\u0435\u0434\u043e\u0441\u0442\u0430\u0432\u0438\u0442 \u0438\u043d\u0441\u0442\u0440\u0443\u043a\u0446\u0438\u0438 \u0434\u043b\u044f \u0434\u043e\u0441\u0442\u0438\u0436\u0435\u043d\u0438\u044f \u0432\u0441\u0435\u0433\u0434\u0430 \u043f\u0440\u0435\u0432\u043e\u0441\u0445\u043e\u0434\u043d\u044b\u0445 \u0440\u0435\u0437\u0443\u043b\u044c\u0442\u0430\u0442\u043e\u0432.<br \/>\u0418\u0437\u043e\u0431\u0440\u0430\u0436\u0435\u043d\u0438\u0435<br \/>\u041e\u0431\u044a\u0435\u0434\u0438\u043d\u044f\u0439\u0442\u0435 \u0437\u043e\u043d\u044b \u0434\u043b\u044f \u0431\u043e\u043b\u044c\u0448\u0435\u0433\u043e \u043f\u0440\u043e\u0441\u0442\u0440\u0430\u043d\u0441\u0442\u0432\u0430 \u043f\u0440\u0438\u0433\u043e\u0442\u043e\u0432\u043b\u0435\u043d\u0438\u044f \u0441 \u0444\u0443\u043d\u043a\u0446\u0438\u0435\u0439 \u043c\u043e\u0441\u0442\u0430<br \/>\u0424\u0443\u043d\u043a\u0446\u0438\u044f \u043c\u043e\u0441\u0442\u0430 \u043f\u043e\u0437\u0432\u043e\u043b\u044f\u0435\u0442 \u043e\u0431\u044a\u0435\u0434\u0438\u043d\u0438\u0442\u044c \u0434\u0432\u0435 \u043e\u0442\u0434\u0435\u043b\u044c\u043d\u044b\u0435 \u0437\u043e\u043d\u044b \u043f\u0440\u0438\u0433\u043e\u0442\u043e\u0432\u043b\u0435\u043d\u0438\u044f \u0432 \u043e\u0434\u043d\u0443 \u0431\u043e\u043b\u044c\u0448\u0443\u044e \u043f\u043e\u0432\u0435\u0440\u0445\u043d\u043e\u0441\u0442\u044c. \u0422\u0435\u043c\u043f\u0435\u0440\u0430\u0442\u0443\u0440\u0430 \u0438 \u0432\u0440\u0435\u043c\u044f \u0430\u0432\u0442\u043e\u043c\u0430\u0442\u0438\u0447\u0435\u0441\u043a\u0438 \u0441\u0438\u043d\u0445\u0440\u043e\u043d\u0438\u0437\u0438\u0440\u0443\u044e\u0442\u0441\u044f, \u0447\u0442\u043e \u0438\u0434\u0435\u0430\u043b\u044c\u043d\u043e \u043f\u043e\u0434\u0445\u043e\u0434\u0438\u0442 \u0434\u043b\u044f \u0431\u043e\u043b\u044c\u0448\u0438\u043d\u0441\u0442\u0432\u0430 \u0433\u0440\u0438\u043b\u0435\u0439 Plancha \u0438\u043b\u0438 \u0436\u0430\u0440\u043e\u0447\u043d\u044b\u0445 \u043a\u0430\u0441\u0442\u0440\u044e\u043b\u044c.<\/p>\n<p>\u041c\u0433\u043d\u043e\u0432\u0435\u043d\u043d\u044b\u0439 \u043c\u043e\u0449\u043d\u044b\u0439 \u043d\u0430\u0433\u0440\u0435\u0432 \u0441 PowerBoost<br \/>\u0410\u043a\u0442\u0438\u0432\u0438\u0440\u0443\u0439\u0442\u0435 \u0444\u0443\u043d\u043a\u0446\u0438\u044e PowerBoost \u0434\u043b\u044f \u043c\u0433\u043d\u043e\u0432\u0435\u043d\u043d\u043e\u0433\u043e \u0441\u0438\u043b\u044c\u043d\u043e\u0433\u043e \u043d\u0430\u0433\u0440\u0435\u0432\u0430 \u0432\u043e \u0432\u0440\u0435\u043c\u044f \u0433\u043e\u0442\u043e\u0432\u043a\u0438. \u0418\u0434\u0435\u0430\u043b\u044c\u043d\u043e \u043f\u043e\u0434\u0445\u043e\u0434\u0438\u0442 \u0434\u043b\u044f \u0431\u044b\u0441\u0442\u0440\u043e\u0433\u043e \u043f\u0440\u0438\u0433\u043e\u0442\u043e\u0432\u043b\u0435\u043d\u0438\u044f \u0431\u043b\u044e\u0434. \u0412\u044b \u0441\u043c\u043e\u0436\u0435\u0442\u0435 \u0432\u0441\u043a\u0438\u043f\u044f\u0442\u0438\u0442\u044c \u0432\u043e\u0434\u0443 \u0431\u044b\u0441\u0442\u0440\u0435\u0435, \u0447\u0435\u043c \u043a\u043e\u0433\u0434\u0430-\u043b\u0438\u0431\u043e, \u0438 \u043d\u0430\u0433\u0440\u0435\u0442\u044c \u0441\u043a\u043e\u0432\u043e\u0440\u043e\u0434\u0443 \u0434\u043b\u044f \u043e\u0431\u0436\u0430\u0440\u0438\u0432\u0430\u043d\u0438\u044f \u043f\u0440\u043e\u0434\u0443\u043a\u0442\u043e\u0432 \u043d\u0430 \u0441\u0438\u043b\u044c\u043d\u043e\u043c \u043e\u0433\u043d\u0435.<\/p>\n<p>\u0418\u043d\u0434\u0438\u0432\u0438\u0434\u0443\u0430\u043b\u044c\u043d\u044b\u0439 \u0442\u0430\u0439\u043c\u0435\u0440 \u0434\u043b\u044f \u043a\u0430\u0436\u0434\u043e\u0439 \u0437\u043e\u043d\u044b<br \/>\u0413\u043e\u0442\u043e\u0432\u0438\u0442\u044c \u043d\u0435\u0441\u043a\u043e\u043b\u044c\u043a\u043e \u0431\u043b\u044e\u0434 \u043e\u0434\u043d\u043e\u0432\u0440\u0435\u043c\u0435\u043d\u043d\u043e \u043c\u043e\u0436\u0435\u0442 \u0431\u044b\u0442\u044c \u0441\u043b\u043e\u0436\u043d\u043e, \u043d\u043e \u0443\u0441\u0442\u0430\u043d\u043e\u0432\u043a\u0430 \u0442\u0430\u0439\u043c\u0435\u0440\u043e\u0432 \u043d\u0435 \u0434\u043e\u043b\u0436\u043d\u0430 \u0431\u044b\u0442\u044c \u0442\u0430\u043a\u043e\u0439. \u0423\u0441\u0442\u0430\u043d\u043e\u0432\u0438\u0442\u0435 \u0438\u043d\u0434\u0438\u0432\u0438\u0434\u0443\u0430\u043b\u044c\u043d\u044b\u0435 \u0442\u0430\u0439\u043c\u0435\u0440\u044b \u0434\u043b\u044f \u043a\u0430\u0436\u0434\u043e\u0439 \u0437\u043e\u043d\u044b \u043f\u0440\u0438\u0433\u043e\u0442\u043e\u0432\u043b\u0435\u043d\u0438\u044f, \u0438 \u043a\u043e\u0433\u0434\u0430 \u0432\u0440\u0435\u043c\u044f \u0438\u0441\u0442\u0435\u0447\u0451\u0442, \u043f\u043e\u0432\u0435\u0440\u0445\u043d\u043e\u0441\u0442\u044c \u0430\u0432\u0442\u043e\u043c\u0430\u0442\u0438\u0447\u0435\u0441\u043a\u0438 \u043e\u0442\u043a\u043b\u044e\u0447\u0438\u0442\u0441\u044f. \u0418\u043d\u0442\u0435\u043b\u043b\u0435\u043a\u0442\u0443\u0430\u043b\u044c\u043d\u0430\u044f \u043f\u043e\u043c\u043e\u0449\u044c \u043e\u0431\u0435\u0441\u043f\u0435\u0447\u0438\u0442 \u043b\u0451\u0433\u043a\u043e\u0441\u0442\u044c \u043f\u0440\u0438\u0433\u043e\u0442\u043e\u0432\u043b\u0435\u043d\u0438\u044f \u043a\u0430\u0436\u0434\u043e\u0433\u043e \u0431\u043b\u044e\u0434\u0430.<br \/>PrevNext12345<br \/>\u0424\u0443\u043d\u043a\u0446\u0438\u0438<br \/>\u0422\u0438\u043f \u043f\u043e\u0432\u0435\u0440\u0445\u043d\u043e\u0441\u0442\u0438: \u0418\u043d\u0434\u0443\u043a\u0446\u0438\u044f<br \/>\u0412\u0430\u0440\u043e\u0447\u043d\u0430\u044f \u043f\u043e\u0432\u0435\u0440\u0445\u043d\u043e\u0441\u0442\u044c \u0441 \u043d\u0430\u043a\u043b\u043e\u043d\u043d\u043e\u0439 \u0440\u0430\u043c\u043a\u043e\u0439<br \/>\u0423\u043f\u0440\u0430\u0432\u043b\u0435\u043d\u0438\u0435 InfiSight\u2122 \u0441 \u0446\u0432\u0435\u0442\u043d\u044b\u043c \u0434\u0438\u0441\u043f\u043b\u0435\u0435\u043c<br \/>\u0418\u043d\u0434\u0443\u043a\u0446\u0438\u043e\u043d\u043d\u044b\u0435 \u0437\u043e\u043d\u044b \u0441 \u0444\u0443\u043d\u043a\u0446\u0438\u0435\u0439 \u0443\u0441\u0438\u043b\u0435\u043d\u0438\u044f \u043c\u043e\u0449\u043d\u043e\u0441\u0442\u0438<br \/>\u0420\u0430\u0441\u043f\u043e\u0437\u043d\u0430\u0432\u0430\u043d\u0438\u0435 \u043f\u043e\u0441\u0443\u0434\u044b<br \/>\u0424\u0443\u043d\u043a\u0446\u0438\u044f \u0431\u043b\u043e\u043a\u0438\u0440\u043e\u0432\u043a\u0438 \u043a\u043b\u0430\u0432\u0438\u0448<br \/>\u0417\u0430\u0449\u0438\u0442\u0430 \u043e\u0442 \u0434\u0435\u0442\u0435\u0439<br \/>\u0411\u0435\u0437\u043e\u043f\u0430\u0441\u043d\u043e\u0441\u0442\u044c \u043f\u043e\u0432\u0435\u0440\u0445\u043d\u043e\u0441\u0442\u0438: \u0430\u0432\u0442\u043e\u043c\u0430\u0442\u0438\u0447\u0435\u0441\u043a\u043e\u0435 \u043e\u0442\u043a\u043b\u044e\u0447\u0435\u043d\u0438\u0435<br \/>\u0417\u0432\u0443\u043a\u043e\u0432\u043e\u0439 \u0441\u0438\u0433\u043d\u0430\u043b \u0441 \u0432\u043e\u0437\u043c\u043e\u0436\u043d\u043e\u0441\u0442\u044c\u044e \u043e\u0442\u043a\u043b\u044e\u0447\u0435\u043d\u0438\u044f<br \/>\u0422\u0430\u0439\u043c\u0435\u0440 \u043e\u0431\u0440\u0430\u0442\u043d\u043e\u0433\u043e \u043e\u0442\u0441\u0447\u0451\u0442\u0430<br \/>EcoTimer\u2122<br \/>\u0424\u0443\u043d\u043a\u0446\u0438\u044f \u0442\u0430\u0439\u043c\u0435\u0440\u0430<br \/>\u0424\u0443\u043d\u043a\u0446\u0438\u044f CleverHeat\u2122<br \/>\u0425\u0430\u0440\u0430\u043a\u0442\u0435\u0440\u0438\u0441\u0442\u0438\u043a\u0438<br \/>\u0420\u0430\u0437\u043c\u0435\u0440\u044b \u0434\u043b\u044f \u0432\u0441\u0442\u0440\u0430\u0438\u0432\u0430\u043d\u0438\u044f \u0412x\u0428x\u0413, \u043c\u043c x750x490<br \/>P x D, mm 780\u00d7520<br \/>\u0426\u0432\u0435\u0442 \u0422\u0435\u043c\u043d\u043e-\u0441\u0435\u0440\u044b\u0439<br \/>\u0422\u0438\u043f \u043f\u043e\u0432\u0435\u0440\u0445\u043d\u043e\u0441\u0442\u0438 \u0438\u043d\u0434\u0443\u043a\u0446\u0438\u043e\u043d\u043d\u0430\u044f<br \/>\u041f\u043e\u0434\u0441\u0442\u0430\u0432\u043a\u0438 \u0434\u043b\u044f \u043f\u043e\u0441\u0443\u0434\u044b \u043e\u0442\u0441\u0443\u0442\u0441\u0442\u0432\u0443\u044e\u0442<br \/>\u0414\u043b\u0438\u043d\u0430 \u0448\u043d\u0443\u0440\u0430 \u043f\u0438\u0442\u0430\u043d\u0438\u044f, \u043c 1.5<br \/>\u041e\u0431\u0449\u0430\u044f \u043c\u043e\u0449\u043d\u043e\u0441\u0442\u044c \u043f\u043e\u0434\u043a\u043b\u044e\u0447\u0435\u043d\u0438\u044f, \u0412\u0442 7350<br \/>\u041d\u0430\u043f\u0440\u044f\u0436\u0435\u043d\u0438\u0435 \u0441\u0435\u0442\u0438, \u0412 220-240\/400V2N<br \/>\u041d\u043e\u043c\u0435\u0440 \u043f\u0440\u043e\u0434\u0443\u043a\u0442\u0430 949 596 612<\/p><\/p>","protected":false},"excerpt":{"rendered":"<p>Pre\u010du z\u012bme ElectroluxTips IndukcijasVirsma Elektrisk\u0101Kr\u0101sa Pel\u0113kaSildri\u0146\u0137u skaits 4EAN 7332543685295Vad\u012bbaVad\u012bba ElektroniskaVad\u012bbas panelis LEDIzm\u0113rs, svarsIzm\u0113ri, cm 75 x 49 x 4.4Citi parametriApmale NavB\u0113rnu dro\u0161\u012bbas aizsardz\u012bba Kop\u0113j\u0101 jauda 7.4 kWPapildus inform\u0101cija 3 pak\u0101pju atliku\u0161\u0101 siltuma indik\u0101cija, ska\u0146as sign\u0101ls, autom\u0101tisk\u0101 uzkars\u0113\u0161ana, jaudas pastiprin\u0101\u0161ana, b\u0113rnu dro\u0161\u012bba, laika uzskaites taimeris, eko taimeris, jaudas p\u0101rvald\u012bba, virsmas savienojums ar nos\u016bc\u0113ju, tausti\u0146u blo\u0137\u0113\u0161ana, laika [&hellip;]<\/p>\n","protected":false},"featured_media":31160,"comment_status":"open","ping_status":"closed","template":"","meta":{"_joinchat":[]},"product_brand":[265],"product_cat":[264],"product_tag":[],"class_list":{"0":"post-31164","1":"product","2":"type-product","3":"status-publish","4":"has-post-thumbnail","6":"product_brand-electrolux","7":"product_cat-iebuvejama-sadzives-tehnika-iebuvejamas-elektriskas-plits-virsmas","9":"first","10":"instock","11":"shipping-taxable","12":"purchasable","13":"product-type-simple"},"_links":{"self":[{"href":"https:\/\/emeniro.lovehorses.lv\/ru\/wp-json\/wp\/v2\/product\/31164","targetHints":{"allow":["GET"]}}],"collection":[{"href":"https:\/\/emeniro.lovehorses.lv\/ru\/wp-json\/wp\/v2\/product"}],"about":[{"href":"https:\/\/emeniro.lovehorses.lv\/ru\/wp-json\/wp\/v2\/types\/product"}],"replies":[{"embeddable":true,"href":"https:\/\/emeniro.lovehorses.lv\/ru\/wp-json\/wp\/v2\/comments?post=31164"}],"wp:featuredmedia":[{"embeddable":true,"href":"https:\/\/emeniro.lovehorses.lv\/ru\/wp-json\/wp\/v2\/media\/31160"}],"wp:attachment":[{"href":"https:\/\/emeniro.lovehorses.lv\/ru\/wp-json\/wp\/v2\/media?parent=31164"}],"wp:term":[{"taxonomy":"product_brand","embeddable":true,"href":"https:\/\/emeniro.lovehorses.lv\/ru\/wp-json\/wp\/v2\/product_brand?post=31164"},{"taxonomy":"product_cat","embeddable":true,"href":"https:\/\/emeniro.lovehorses.lv\/ru\/wp-json\/wp\/v2\/product_cat?post=31164"},{"taxonomy":"product_tag","embeddable":true,"href":"https:\/\/emeniro.lovehorses.lv\/ru\/wp-json\/wp\/v2\/product_tag?post=31164"}],"curies":[{"name":"wp","href":"https:\/\/api.w.org\/{rel}","templated":true}]}}