{"id":31229,"date":"2026-05-01T01:08:07","date_gmt":"2026-05-01T01:08:07","guid":{"rendered":"https:\/\/emeniro.lovehorses.lv\/product\/candy-triovxnt-1-33002136\/"},"modified":"2026-05-01T01:08:07","modified_gmt":"2026-05-01T01:08:07","slug":"candy-triovxnt-1-33002136","status":"publish","type":"product","link":"https:\/\/emeniro.lovehorses.lv\/ru\/product\/candy-triovxnt-1-33002136\/","title":{"rendered":"Candy TRIOVXNT\/1 (33002136)"},"content":{"rendered":"<p>\u0422\u043e\u0440\u0433\u043e\u0432\u0430\u044f \u043c\u0430\u0440\u043a\u0430 Candy<\/p>\n<p>\u0422\u0438\u043f \u043f\u043b\u0438\u0442\u044b \u042d\u043b\u0435\u043a\u0442\u0440\u0438\u0447\u0435\u0441\u043a\u0430\u044f<br \/>\u0426\u0432\u0435\u0442 \u0421\u0435\u0440\u0435\u0431\u0440\u043e<br \/>\u041a\u043b\u0430\u0441\u0441 \u044d\u043d\u0435\u0440\u0433\u043e\u044d\u0444\u0444\u0435\u043a\u0442\u0438\u0432\u043d\u043e\u0441\u0442\u0438 F<br \/>\u0410\u0440\u0442\u0438\u043a\u0443\u043b 33002134<br \/>EAN 8059019016344<br \/>\u0420\u0430\u0437\u043c\u0435\u0440\u044b, \u0432\u0435\u0441<br \/>\u0412\u044b\u0441\u043e\u0442\u0430 86.5 \u0441\u043c<br \/>\u0428\u0438\u0440\u0438\u043d\u0430 60 \u0441\u043c<br \/>\u0413\u043b\u0443\u0431\u0438\u043d\u0430 60 \u0441\u043c<br \/>\u0412\u0435\u0441 54.7 \u043a\u0433<br \/>\u0412\u0435\u0441 \u0441 \u0443\u043f\u0430\u043a\u043e\u0432\u043a\u043e\u0439 57.8 \u043a\u0433<br \/>\u041f\u0430\u0440\u0430\u043c\u0435\u0442\u0440\u044b \u0434\u0443\u0445\u043e\u0432\u043a\u0438<br \/>\u0422\u0438\u043f \u0434\u0443\u0445\u043e\u0432\u043a\u0438 \u042d\u043b\u0435\u043a\u0442\u0440\u0438\u0447\u0435\u0441\u043a\u0430\u044f<br \/>\u041e\u0431\u044a\u0435\u043c \u0434\u0443\u0445\u043e\u0432\u043a\u0438 41 \u043b<br \/>\u0420\u0435\u0436\u0438\u043c\u044b 4<br \/>\u0413\u0440\u0438\u043b\u044c \u0434\u0443\u0445\u043e\u0432\u043a\u0438 \u0415\u0441\u0442\u044c<br \/>\u041a\u043e\u043c\u043f\u043b\u0435\u043a\u0442\u0430\u0446\u0438\u044f 1 \u0441\u0442\u0430\u043d\u0434\u0430\u0440\u0442\u043d\u044b\u0439 \u043f\u0440\u043e\u0442\u0438\u0432\u0435\u043d\u044c, 1 \u0433\u043b\u0443\u0431\u043e\u043a\u0438\u0439 \u043f\u0440\u043e\u0442\u0438\u0432\u0435\u043d\u044c, 1 \u0440\u0435\u0448\u0435\u0442\u043a\u0430<br \/>\u0414\u0440\u0443\u0433\u0438\u0435 \u043f\u0430\u0440\u0430\u043c\u0435\u0442\u0440\u044b<br \/>Papildus inform\u0101cija Trauku mazg\u0101\u0161anas ma\u0161\u012bnas ietilp\u012bba \u2013 6 trauku komplekti; 6 mazg\u0101\u0161anas programmas. S\u0101ls un spodrin\u0101t\u0101ja daudzuma indik\u0101tors<\/p>","protected":false},"excerpt":{"rendered":"<p>Pre\u010du z\u012bme Candy Sildvirsma Elektrisk\u0101Kr\u0101sa SudrabaEnergoefektivit\u0101tes klase FProdukta kods 33002134EAN 8059019016344Izm\u0113ri, svarsAugstums 86.5 cmPlatums 60 cmDzi\u013cums 60 cmSvars 54.7 kgSvars ar iepakojumu 57.8 kgCepe\u0161kr\u0101sns parametriCepe\u0161kr\u0101sns veids ElektriskaCepe\u0161kr\u0101sns tilpums 41 lRe\u017e\u012bmi 4Grils cepe\u0161kr\u0101snij IrPiederumi 1 standarta panna, 1 dzi\u013c\u0101 panna, 1 re\u017e\u0123isCiti parametriPapildus inform\u0101cija Trauku mazg\u0101\u0161anas ma\u0161\u012bnas ietilp\u012bba \u2013 6 trauku komplekti; 6 mazg\u0101\u0161anas programmas. S\u0101ls [&hellip;]<\/p>\n","protected":false},"featured_media":31225,"comment_status":"open","ping_status":"closed","template":"","meta":{"_joinchat":[]},"product_brand":[267],"product_cat":[297],"product_tag":[],"class_list":{"0":"post-31229","1":"product","2":"type-product","3":"status-publish","4":"has-post-thumbnail","6":"product_brand-candy","7":"product_cat-sadzives-tehnika-elektriskas-plitis","9":"first","10":"instock","11":"shipping-taxable","12":"purchasable","13":"product-type-simple"},"_links":{"self":[{"href":"https:\/\/emeniro.lovehorses.lv\/ru\/wp-json\/wp\/v2\/product\/31229","targetHints":{"allow":["GET"]}}],"collection":[{"href":"https:\/\/emeniro.lovehorses.lv\/ru\/wp-json\/wp\/v2\/product"}],"about":[{"href":"https:\/\/emeniro.lovehorses.lv\/ru\/wp-json\/wp\/v2\/types\/product"}],"replies":[{"embeddable":true,"href":"https:\/\/emeniro.lovehorses.lv\/ru\/wp-json\/wp\/v2\/comments?post=31229"}],"wp:featuredmedia":[{"embeddable":true,"href":"https:\/\/emeniro.lovehorses.lv\/ru\/wp-json\/wp\/v2\/media\/31225"}],"wp:attachment":[{"href":"https:\/\/emeniro.lovehorses.lv\/ru\/wp-json\/wp\/v2\/media?parent=31229"}],"wp:term":[{"taxonomy":"product_brand","embeddable":true,"href":"https:\/\/emeniro.lovehorses.lv\/ru\/wp-json\/wp\/v2\/product_brand?post=31229"},{"taxonomy":"product_cat","embeddable":true,"href":"https:\/\/emeniro.lovehorses.lv\/ru\/wp-json\/wp\/v2\/product_cat?post=31229"},{"taxonomy":"product_tag","embeddable":true,"href":"https:\/\/emeniro.lovehorses.lv\/ru\/wp-json\/wp\/v2\/product_tag?post=31229"}],"curies":[{"name":"wp","href":"https:\/\/api.w.org\/{rel}","templated":true}]}}