{"id":31304,"date":"2026-05-01T01:09:42","date_gmt":"2026-05-01T01:09:42","guid":{"rendered":"https:\/\/emeniro.lovehorses.lv\/product\/beko-fsm-62320-dss\/"},"modified":"2026-05-01T01:09:42","modified_gmt":"2026-05-01T01:09:42","slug":"beko-fsm-62320-dss","status":"publish","type":"product","link":"https:\/\/emeniro.lovehorses.lv\/ru\/product\/beko-fsm-62320-dss\/","title":{"rendered":"Beko FSM 62320 DSS"},"content":{"rendered":"<p>\u0411\u0440\u0435\u043d\u0434 Beko<\/p>\n<p>Virsmas tips G\u0101zes<br \/>\u0426\u0432\u0435\u0442 \u041d\u0435\u0440\u0436\u0430\u0432\u0435\u044e\u0449\u0430\u044f \u0441\u0442\u0430\u043b\u044c<br \/>\u041a\u043b\u0430\u0441\u0441 \u044d\u043d\u0435\u0440\u0433\u043e\u044d\u0444\u0444\u0435\u043a\u0442\u0438\u0432\u043d\u043e\u0441\u0442\u0438 A<br \/>G\u0101zes deg\u013cu skaits 4<br \/>Elektrisk\u0101 aizdedze Ir<br \/>\u0420\u0430\u0437\u043c\u0435\u0440\u044b, \u0432\u0435\u0441<br \/>\u0412\u044b\u0441\u043e\u0442\u0430 85 \u0441\u043c<br \/>\u0428\u0438\u0440\u0438\u043d\u0430 60 \u0441\u043c<br \/>\u0413\u043b\u0443\u0431\u0438\u043d\u0430 60 \u0441\u043c<br \/>Cepe\u0161kr\u0101sns parametri<br \/>Cepe\u0161kr\u0101sns veids Elektriska<br \/>Cepe\u0161kr\u0101sns tilpums 65 l<br \/>Re\u017e\u012bmi 8<br \/>Taimeris cepe\u0161kr\u0101snij Elektroniskais<br \/>\u041a\u043e\u043d\u0432\u0435\u043a\u0446\u0438\u044f <br \/>Grils Ir<br \/>\u0414\u0440\u0443\u0433\u0438\u0435 \u043f\u0430\u0440\u0430\u043c\u0435\u0442\u0440\u044b<br \/>G\u0101zes kontrole pl\u012bts virsmai <br \/>Papildus inform\u0101cija Apgaismojums cepe\u0161kr\u0101sn\u012b, konvekcija, 1 cepe\u0161panna, 1 re\u017e\u0123is, 1 papl\u0101te, LED displejs<\/p>","protected":false},"excerpt":{"rendered":"<p>Pre\u010du z\u012bme Beko Virsmas tips G\u0101zesKr\u0101sa Ner\u016bs\u0113jo\u0161a t\u0113raudaEnergoefektivit\u0101tes klase AG\u0101zes deg\u013cu skaits 4Elektrisk\u0101 aizdedze IrIzm\u0113ri, svarsAugstums 85 cmPlatums 60 cmDzi\u013cums 60 cmCepe\u0161kr\u0101sns parametriCepe\u0161kr\u0101sns veids ElektriskaCepe\u0161kr\u0101sns tilpums 65 lRe\u017e\u012bmi 8Taimeris cepe\u0161kr\u0101snij ElektroniskaisKonvekcija Grils IrCiti parametriG\u0101zes kontrole pl\u012bts virsmai Papildus inform\u0101cija Apgaismojums cepe\u0161kr\u0101sn\u012b, konvekcija, 1 cepe\u0161panna, 1 re\u017e\u0123is, 1 papl\u0101te, LED displejs<\/p>","protected":false},"featured_media":31301,"comment_status":"open","ping_status":"closed","template":"","meta":[],"product_brand":[269],"product_cat":[277],"product_tag":[],"class_list":{"0":"post-31304","1":"product","2":"type-product","3":"status-publish","4":"has-post-thumbnail","6":"product_brand-beko","7":"product_cat-sadzives-tehnika-gazes-plitis","9":"first","10":"instock","11":"shipping-taxable","12":"purchasable","13":"product-type-simple"},"_links":{"self":[{"href":"https:\/\/emeniro.lovehorses.lv\/ru\/wp-json\/wp\/v2\/product\/31304","targetHints":{"allow":["GET"]}}],"collection":[{"href":"https:\/\/emeniro.lovehorses.lv\/ru\/wp-json\/wp\/v2\/product"}],"about":[{"href":"https:\/\/emeniro.lovehorses.lv\/ru\/wp-json\/wp\/v2\/types\/product"}],"replies":[{"embeddable":true,"href":"https:\/\/emeniro.lovehorses.lv\/ru\/wp-json\/wp\/v2\/comments?post=31304"}],"wp:featuredmedia":[{"embeddable":true,"href":"https:\/\/emeniro.lovehorses.lv\/ru\/wp-json\/wp\/v2\/media\/31301"}],"wp:attachment":[{"href":"https:\/\/emeniro.lovehorses.lv\/ru\/wp-json\/wp\/v2\/media?parent=31304"}],"wp:term":[{"taxonomy":"product_brand","embeddable":true,"href":"https:\/\/emeniro.lovehorses.lv\/ru\/wp-json\/wp\/v2\/product_brand?post=31304"},{"taxonomy":"product_cat","embeddable":true,"href":"https:\/\/emeniro.lovehorses.lv\/ru\/wp-json\/wp\/v2\/product_cat?post=31304"},{"taxonomy":"product_tag","embeddable":true,"href":"https:\/\/emeniro.lovehorses.lv\/ru\/wp-json\/wp\/v2\/product_tag?post=31304"}],"curies":[{"name":"wp","href":"https:\/\/api.w.org\/{rel}","templated":true}]}}