{"id":31433,"date":"2026-05-01T01:12:54","date_gmt":"2026-05-01T01:12:54","guid":{"rendered":"https:\/\/emeniro.lovehorses.lv\/product\/xiaomi-robot-vacuum-5-eu\/"},"modified":"2026-05-01T01:12:54","modified_gmt":"2026-05-01T01:12:54","slug":"xiaomi-robot-vacuum-5-eu","status":"publish","type":"product","link":"https:\/\/emeniro.lovehorses.lv\/ru\/product\/xiaomi-robot-vacuum-5-eu\/","title":{"rendered":"Xiaomi Robot Vacuum 5 EU"},"content":{"rendered":"<p><span class=\"HwtZe\" lang=\"lv\"><span class=\"jCAhz ChMk0b\"><span class=\"ryNqvb\">\u041f\u0440\u043e\u0438\u0437\u0432\u043e\u0434\u0438\u0442\u0435\u043b\u044c: Xiaomi<\/span><\/span><\/span><\/p>\n<p><span class=\"HwtZe\" lang=\"lv\"><span class=\"jCAhz ChMk0b\"><span class=\"ryNqvb\">\u041c\u043e\u0434\u0435\u043b\u044c: Robot Vacuum 5<br \/>\u041c\u043e\u0449\u043d\u043e\u0441\u0442\u044c \u0432\u0441\u0430\u0441\u044b\u0432\u0430\u043d\u0438\u044f: 20000 \u041f\u0430<br \/>\u0420\u0430\u0437\u043c\u0435\u0440\u044b \u043e\u0441\u043d\u043e\u0432\u043d\u043e\u0433\u043e \u0443\u0441\u0442\u0440\u043e\u0439\u0441\u0442\u0432\u0430: \u03a6350 x 88 \u043c\u043c<br \/>\u0412\u0435\u0441: 3,75 \u043a\u0433<br \/>\u041c\u043e\u0449\u043d\u043e\u0441\u0442\u044c \u043c\u043e\u0442\u043e\u0440\u0430: 55 \u0412\u0442<br \/>\u041d\u0430\u043f\u0440\u044f\u0436\u0435\u043d\u0438\u0435 \u0430\u043a\u043a\u0443\u043c\u0443\u043b\u044f\u0442\u043e\u0440\u0430: 14,4 \u0412 DC<br \/>\u041d\u043e\u043c\u0438\u043d\u0430\u043b\u044c\u043d\u0430\u044f \u0435\u043c\u043a\u043e\u0441\u0442\u044c \u0430\u043a\u043a\u0443\u043c\u0443\u043b\u044f\u0442\u043e\u0440\u0430: 5200 \u043c\u0410\u0447<br \/>\u041d\u043e\u043c\u0438\u043d\u0430\u043b\u044c\u043d\u0430\u044f \u0435\u043c\u043a\u043e\u0441\u0442\u044c \u0430\u043a\u043a\u0443\u043c\u0443\u043b\u044f\u0442\u043e\u0440\u0430: 4800 \u043c\u0410\u0447<br \/>\u0420\u0430\u0437\u043c\u0435\u0440\u044b \u0437\u0430\u0440\u044f\u0434\u043d\u043e\u0439 \u0441\u0442\u0430\u043d\u0446\u0438\u0438 (\u0441 \u0443\u0434\u043b\u0438\u043d\u0438\u0442\u0435\u043b\u0435\u043c): 470 x 360 x 572 \u043c\u043c<br \/>\u0420\u0430\u0437\u043c\u0435\u0440\u044b \u0437\u0430\u0440\u044f\u0434\u043d\u043e\u0439 \u0441\u0442\u0430\u043d\u0446\u0438\u0438 (\u0431\u0435\u0437 \u0443\u0434\u043b\u0438\u043d\u0438\u0442\u0435\u043b\u044f): 260 x 360 x 572 \u043c\u043c<br \/>\u041f\u043e\u0434\u0434\u0435\u0440\u0436\u0438\u0432\u0430\u0435\u043c\u044b\u0435 \u0441\u0438\u0441\u0442\u0435\u043c\u044b: Android 9.0 \u0438\u043b\u0438 iOS 12.0 \u0438 \u043d\u043e\u0432\u0435\u0435<br \/>\u041d\u0430\u043f\u0440\u044f\u0436\u0435\u043d\u0438\u0435 \u0437\u0430\u0440\u044f\u0434\u043a\u0438: 20 \u0412 DC<br \/>\u0427\u0438\u0441\u0442\u044b\u0439 \u0432\u0435\u0441: 3,75 \u043a\u0433<br \/>\u0412\u0445\u043e\u0434\u043d\u0430\u044f \u043c\u043e\u0449\u043d\u043e\u0441\u0442\u044c: 220-240\u0412 ~ 50\/60 \u0413\u0446<br \/>\u0412\u044b\u0445\u043e\u0434\u043d\u0430\u044f \u043c\u043e\u0449\u043d\u043e\u0441\u0442\u044c: 20\u0412 DC 1,5\u0410<br \/>\u0412\u0445\u043e\u0434\u043d\u0430\u044f \u043c\u043e\u0449\u043d\u043e\u0441\u0442\u044c (\u043f\u044b\u043b\u0435\u0441\u043e\u0441): 530 \u0412\u0442<br \/>\u0412\u0445\u043e\u0434\u043d\u0430\u044f \u043c\u043e\u0449\u043d\u043e\u0441\u0442\u044c (\u0442\u0435\u043f\u043b\u043e\u0432\u0430\u044f \u043e\u0447\u0438\u0441\u0442\u043a\u0430): 1600 \u0412\u0442<br \/>\u0412\u0445\u043e\u0434\u043d\u0430\u044f \u043c\u043e\u0449\u043d\u043e\u0441\u0442\u044c (\u0433\u043e\u0440\u044f\u0447\u0430\u044f \u0441\u0443\u0448\u043a\u0430 \u0438 \u0437\u0430\u0440\u044f\u0434\u043a\u0430): 85 \u0412\u0442<\/span><\/span><\/span><\/p><\/p>","protected":false},"excerpt":{"rendered":"<p>Ra\u017eot\u0101js: Xiaomi Modelis: Robot Vacuum 5S\u016bk\u0161anas jauda: 20000 PaGalven\u0101s ier\u012bces izm\u0113ri: \u03a6350 x 88 mmSvars: 3,75 kgMotora jauda: 55 WAkumulatora spriegums: 14,4 V DCAkumulatora ietilp\u012bba (nomin\u0101l\u0101): 5200 mAhAkumulatora ietilp\u012bba (nomin\u0101l\u0101): 4800 mAhUzl\u0101des stacijas izm\u0113ri (ar pagarin\u0101jumu): 470 x 360 x 572 mmUzl\u0101des stacijas izm\u0113ri (bez pagarin\u0101juma): 260 x 360 x 572 mmAtbalst\u012bt\u0101s sist\u0113mas: Android 9.0 [&hellip;]<\/p>\n","protected":false},"featured_media":31425,"comment_status":"open","ping_status":"closed","template":"","meta":{"_joinchat":[]},"product_brand":[329],"product_cat":[282],"product_tag":[],"class_list":{"0":"post-31433","1":"product","2":"type-product","3":"status-publish","4":"has-post-thumbnail","6":"product_brand-xiaomi","7":"product_cat-sadzives-tehnika-puteklu-suceji","9":"first","10":"instock","11":"shipping-taxable","12":"purchasable","13":"product-type-simple"},"_links":{"self":[{"href":"https:\/\/emeniro.lovehorses.lv\/ru\/wp-json\/wp\/v2\/product\/31433","targetHints":{"allow":["GET"]}}],"collection":[{"href":"https:\/\/emeniro.lovehorses.lv\/ru\/wp-json\/wp\/v2\/product"}],"about":[{"href":"https:\/\/emeniro.lovehorses.lv\/ru\/wp-json\/wp\/v2\/types\/product"}],"replies":[{"embeddable":true,"href":"https:\/\/emeniro.lovehorses.lv\/ru\/wp-json\/wp\/v2\/comments?post=31433"}],"wp:featuredmedia":[{"embeddable":true,"href":"https:\/\/emeniro.lovehorses.lv\/ru\/wp-json\/wp\/v2\/media\/31425"}],"wp:attachment":[{"href":"https:\/\/emeniro.lovehorses.lv\/ru\/wp-json\/wp\/v2\/media?parent=31433"}],"wp:term":[{"taxonomy":"product_brand","embeddable":true,"href":"https:\/\/emeniro.lovehorses.lv\/ru\/wp-json\/wp\/v2\/product_brand?post=31433"},{"taxonomy":"product_cat","embeddable":true,"href":"https:\/\/emeniro.lovehorses.lv\/ru\/wp-json\/wp\/v2\/product_cat?post=31433"},{"taxonomy":"product_tag","embeddable":true,"href":"https:\/\/emeniro.lovehorses.lv\/ru\/wp-json\/wp\/v2\/product_tag?post=31433"}],"curies":[{"name":"wp","href":"https:\/\/api.w.org\/{rel}","templated":true}]}}