{"id":31633,"date":"2026-05-01T01:18:18","date_gmt":"2026-05-01T01:18:18","guid":{"rendered":"https:\/\/emeniro.lovehorses.lv\/product\/aeg-tr939m4e-9kg\/"},"modified":"2026-05-01T01:18:18","modified_gmt":"2026-05-01T01:18:18","slug":"aeg-tr939m4e-9kg","status":"publish","type":"product","link":"https:\/\/emeniro.lovehorses.lv\/ru\/product\/aeg-tr939m4e-9kg\/","title":{"rendered":"AEG TR939M4E 9\u043a\u0433"},"content":{"rendered":"<p>\u0411\u0440\u0435\u043d\u0434 AEG<\/p>\n<p>\u041a\u043e\u0434 \u043f\u0440\u043e\u0434\u0443\u043a\u0442\u0430 916099395<br \/>\u0426\u0432\u0435\u0442 \u0411\u0435\u043b\u044b\u0439<br \/>EAN 7332543843992<br \/>\u0401\u043c\u043a\u043e\u0441\u0442\u044c<br \/>\u0412\u043c\u0435\u0441\u0442\u0438\u043c\u043e\u0441\u0442\u044c \u0431\u0435\u043b\u044c\u044f \u043f\u0440\u0438 \u0441\u0443\u0448\u043a\u0435 9 \u043a\u0433<br \/>\u041f\u043e\u0442\u0440\u0435\u0431\u043b\u0435\u043d\u0438\u0435 \u044d\u043b\u0435\u043a\u0442\u0440\u043e\u044d\u043d\u0435\u0440\u0433\u0438\u0438 \u0438 \u0432\u043e\u0434\u044b<br \/>\u041a\u043b\u0430\u0441\u0441 \u044d\u043d\u0435\u0440\u0433\u043e\u044d\u0444\u0444\u0435\u043a\u0442\u0438\u0432\u043d\u043e\u0441\u0442\u0438 A+++<br \/>\u0413\u043e\u0434\u043e\u0432\u043e\u0435 \u043f\u043e\u0442\u0440\u0435\u0431\u043b\u0435\u043d\u0438\u0435 \u044d\u043b\u0435\u043a\u0442\u0440\u043e\u044d\u043d\u0435\u0440\u0433\u0438\u0438 (160 \u0446\u0438\u043a\u043b\u043e\u0432) (\u043a\u0412\u0442\/\u0447) 195 \u043a\u0412\u0442\u00b7\u0447<br \/>\u0420\u0430\u0437\u043c\u0435\u0440\u044b, \u0432\u0435\u0441<br \/>\u0412\u044b\u0441\u043e\u0442\u0430 85 \u0441\u043c<br \/>\u0428\u0438\u0440\u0438\u043d\u0430 59.6 \u0441\u043c<br \/>\u0413\u043b\u0443\u0431\u0438\u043d\u0430 63.8 \u0441\u043c<br \/>\u0412\u0435\u0441 51 \u043a\u0433<br \/>\u0412\u0435\u0441 \u0441 \u0443\u043f\u0430\u043a\u043e\u0432\u043a\u043e\u0439 53,5 \u043a\u0433<br \/>\u0423\u043f\u0440\u0430\u0432\u043b\u0435\u043d\u0438\u0435<br \/>\u0423\u043f\u0440\u0430\u0432\u043b\u0435\u043d\u0438\u0435 \u042d\u043b\u0435\u043a\u0442\u0440\u043e\u043d\u043d\u043e\u0435<br \/>\u0414\u0438\u0441\u043f\u043b\u0435\u0439 \u0415\u0441\u0442\u044c<br \/>\u0414\u0440\u0443\u0433\u0438\u0435 \u043f\u0430\u0440\u0430\u043c\u0435\u0442\u0440\u044b<br \/>\u0423\u0440\u043e\u0432\u0435\u043d\u044c \u0448\u0443\u043c\u0430 63 \u0434\u0411<br \/>\u041e\u0442\u043b\u043e\u0436\u0435\u043d\u043d\u044b\u0439 \u0441\u0442\u0430\u0440\u0442 \u0412\u043a\u043b\u044e\u0447\u0435\u043d<\/p>\n<p>\u0414\u0420\u0423\u0413\u0410\u042f \u0421\u0423\u0428\u0418\u041b\u041a\u0410 \u0414\u041b\u042f \u0411\u0415\u041b\u042c\u042f, \u0413\u041b\u0423\u0411\u0418\u041d\u0410 63,8 \u0421\u041c 9,0<br \/>\u0420\u0410\u0412\u041d\u041e\u041c\u0415\u0420\u041d\u0410\u042f \u0421\u0423\u0428\u041a\u0410, \u041d\u0415\u0417\u0410\u0412\u0418\u0421\u0418\u041c\u041e \u041e\u0422 \u0422\u041a\u0410\u041d\u0418. \u041a\u0410\u0416\u0414\u041e\u0415 \u0412\u041e\u041b\u041e\u041a\u041d\u041e \u041e\u0422\u0421\u041b\u0415\u0416\u0418\u0412\u0410\u0415\u0422\u0421\u042f \u0418 \u0417\u0410\u0429\u0418\u0429\u0410\u0415\u0422\u0421\u042f<br \/>\u0421\u0443\u0448\u0438\u0442\u0435 \u0441 \u0443\u0432\u0435\u0440\u0435\u043d\u043d\u043e\u0441\u0442\u044c\u044e. \u0421\u0443\u0448\u0438\u043b\u043a\u0430 \u0434\u043b\u044f \u0431\u0435\u043b\u044c\u044f 9000 Absolute Care\u00ae Plus \u043e\u0431\u0435\u0441\u043f\u0435\u0447\u0438\u0432\u0430\u0435\u0442 \u0432\u044b\u0441\u043e\u0447\u0430\u0439\u0448\u0443\u044e \u0442\u043e\u0447\u043d\u043e\u0441\u0442\u044c \u0438 \u0431\u0435\u0440\u0435\u0436\u043d\u044b\u0439 \u0443\u0445\u043e\u0434 \u043f\u0440\u0438 \u0441\u0443\u0448\u043a\u0435 \u0431\u043b\u0430\u0433\u043e\u0434\u0430\u0440\u044f \u0442\u0435\u0445\u043d\u043e\u043b\u043e\u0433\u0438\u0438 3DScan \u0438 Absolute Care\u00ae. \u041e\u043d\u0430 \u043e\u043f\u0440\u0435\u0434\u0435\u043b\u044f\u0435\u0442 \u0443\u0440\u043e\u0432\u0435\u043d\u044c \u0432\u043b\u0430\u0436\u043d\u043e\u0441\u0442\u0438 \u0432 \u0431\u0435\u043b\u044c\u0435, \u0433\u0430\u0440\u0430\u043d\u0442\u0438\u0440\u0443\u044f, \u0447\u0442\u043e \u0434\u0430\u0436\u0435 \u0441\u043c\u0435\u0448\u0430\u043d\u043d\u044b\u0435 \u0442\u043a\u0430\u043d\u0438 \u0432\u044b\u0441\u044b\u0445\u0430\u044e\u0442 \u0440\u0430\u0432\u043d\u043e\u043c\u0435\u0440\u043d\u043e.<\/p>\n<ul>\n<li><img decoding=\"async\" src=\"https:\/\/media.flixcar.com\/delivery\/static\/inpage\/9\/images\/loading.gif\" data-flixsrcset=\"\/\/media.flixcar.com\/f360cdn\/Electrolux-109801822-PSAADY22BIA0000A.jpg 200w, \/\/media.flixcar.com\/f360cdn\/Electrolux-109801822-PSAADY22BIA0000A.jpg 400w, \/\/media.flixcar.com\/f360cdn\/Electrolux-109801822-PSAADY22BIA0000A.jpg 600w, \/\/media.flixcar.com\/f360cdn\/Electrolux-109801822-PSAADY22BIA0000A.jpg 800w, \/\/media.flixcar.com\/f360cdn\/Electrolux-109801822-PSAADY22BIA0000A.jpg 1000w\" data-sizes=\"auto\" alt=\"Image\" style=\"vertical-align: baseline;margin: 0px auto;padding: 0px;line-height: 1.4;background: transparent;box-shadow: initial;max-height: 300px;width: auto\">\u201d 3DSCAN TEHNOLO\u0122IJA. SEGAS UN D\u016aNU JAKAS K\u0100 JAUNAS. 100% ATJAUNOTA KVALIT\u0100TE*\u201d3DScan tehnolo\u0123ija nodro\u0161ina augst\u0101k\u0101 l\u012bme\u0146a \u017e\u0101v\u0113\u0161anas precizit\u0101ti un kop\u0161anu. T\u0101 dzi\u013ci sken\u0113 ap\u0123\u0113rbus, lai noteiktu mitruma l\u012bmeni. Esiet p\u0101rliecin\u0101ti, ka visi j\u016bsu ap\u0123\u0113rbi, pat d\u016bnu jakas un segas, ir vienm\u0113r\u012bgi iz\u017e\u0101v\u0113ti un saglab\u0101sies p\u016bkaini un silti. 3DSCAN TEHNOLO\u0122IJA. SEGAS UN D\u016aNU JAKAS K\u0100 JAUNAS. 100% ATJAUNOTA KVALIT\u0100TE**Pamatojoties uz \u0101r\u0113ju siltumiztur\u012bbas p\u0101rbaudi ap\u0123\u0113rbos, kas \u017e\u0101v\u0113ti, izmantojot 3DScan tehnolo\u0123iju, atbilsto\u0161i standartam ISO\u00a011092.<\/li>\n<li><img decoding=\"async\" src=\"https:\/\/media.flixcar.com\/delivery\/static\/inpage\/9\/images\/loading.gif\" data-flixsrcset=\"\/\/media.flixcar.com\/f360cdn\/Electrolux-109801831-PSAADY22BIA00006.jpg 200w, \/\/media.flixcar.com\/f360cdn\/Electrolux-109801831-PSAADY22BIA00006.jpg 400w, \/\/media.flixcar.com\/f360cdn\/Electrolux-109801831-PSAADY22BIA00006.jpg 600w, \/\/media.flixcar.com\/f360cdn\/Electrolux-109801831-PSAADY22BIA00006.jpg 800w, \/\/media.flixcar.com\/f360cdn\/Electrolux-109801831-PSAADY22BIA00006.jpg 1000w\" data-sizes=\"auto\" alt=\"Image\" style=\"vertical-align: baseline;margin: 0px auto;padding: 0px;line-height: 1.4;background: transparent;box-shadow: initial;max-height: 300px;width: auto\">ABSOLUTECARE\u00ae. \u0413\u0410\u0420\u0410\u041d\u0422\u0418\u042f \u041e\u0422\u0421\u0423\u0422\u0421\u0422\u0412\u0418\u042f \u0423\u0421\u0410\u0414\u041a\u0418 \u041e\u0414\u0415\u0416\u0414\u042b* AbsoluteCare\u00ae \u0438\u0441\u043f\u043e\u043b\u044c\u0437\u0443\u0435\u0442 \u0442\u0435\u0445\u043d\u043e\u043b\u043e\u0433\u0438\u044e \u0442\u0435\u043f\u043b\u043e\u0432\u043e\u0433\u043e \u043d\u0430\u0441\u043e\u0441\u0430, \u0430 \u0442\u0430\u043a\u0436\u0435 \u0440\u0435\u0433\u0443\u043b\u0438\u0440\u0443\u0435\u043c\u044b\u0435 \u0434\u0432\u0438\u0436\u0435\u043d\u0438\u044f \u0431\u0430\u0440\u0430\u0431\u0430\u043d\u0430 \u0438 \u0442\u0435\u043c\u043f\u0435\u0440\u0430\u0442\u0443\u0440\u0443 \u0434\u043b\u044f \u0431\u0435\u0437\u043e\u043f\u0430\u0441\u043d\u043e\u0439 \u0441\u0443\u0448\u043a\u0438 \u0434\u0430\u0436\u0435 \u0434\u0435\u043b\u0438\u043a\u0430\u0442\u043d\u043e\u0439 \u043e\u0434\u0435\u0436\u0434\u044b. \u0413\u0430\u0440\u0430\u043d\u0442\u0438\u0440\u0443\u0435\u0442 \u043e\u0442\u0441\u0443\u0442\u0441\u0442\u0432\u0438\u0435 \u0443\u0441\u0430\u0434\u043a\u0438 \u0448\u0435\u0440\u0441\u0442\u044f\u043d\u044b\u0445 \u0438\u0437\u0434\u0435\u043b\u0438\u0439 \u0438 \u0441\u043e\u0445\u0440\u0430\u043d\u0435\u043d\u0438\u0435 \u0444\u043e\u0440\u043c\u044b \u0448\u0435\u043b\u043a\u043e\u0432\u044b\u0445 \u0432\u0435\u0449\u0435\u0439, \u0430 \u0442\u0430\u043a\u0436\u0435 \u0432\u043e\u0441\u0441\u0442\u0430\u043d\u0430\u0432\u043b\u0438\u0432\u0430\u0435\u0442 \u0432\u043e\u0434\u043e\u043e\u0442\u0442\u0430\u043b\u043a\u0438\u0432\u0430\u044e\u0449\u0438\u0435 \u0441\u0432\u043e\u0439\u0441\u0442\u0432\u0430. ABSOLUTECARE\u00ae. \u0413\u0410\u0420\u0410\u041d\u0422\u0418\u042f \u041e\u0422\u0421\u0423\u0422\u0421\u0422\u0412\u0418\u042f \u0423\u0421\u0410\u0414\u041a\u0418 \u041e\u0414\u0415\u0416\u0414\u042b** \u041f\u043e \u0441\u0440\u0430\u0432\u043d\u0435\u043d\u0438\u044e \u0441\u043e \u0441\u0443\u0448\u043a\u043e\u0439 \u0432 \u0440\u0430\u0441\u043f\u0440\u0430\u0432\u043b\u0435\u043d\u043d\u043e\u043c \u0432\u0438\u0434\u0435.<\/li>\n<li>MIXDRY. \u0411\u0415\u0417 \u0421\u041e\u0420\u0422\u0418\u0420\u041e\u0412\u041a\u0418. \u0411\u0415\u0417 \u0423\u0421\u0418\u041b\u0418\u0419. \u0421\u0423\u0428\u0418\u0422\u0415 \u0425\u041b\u041e\u041f\u041e\u041a \u0412\u041c\u0415\u0421\u0422\u0415 \u0421 \u0421\u0418\u041d\u0422\u0415\u0422\u0418\u041a\u041e\u0419 MixDry \u0443\u0434\u043e\u0431\u043d\u043e, \u0440\u0430\u0432\u043d\u043e\u043c\u0435\u0440\u043d\u043e \u0438 \u0442\u0449\u0430\u0442\u0435\u043b\u044c\u043d\u043e \u0441\u0443\u0448\u0438\u0442 \u0441\u0438\u043d\u0442\u0435\u0442\u0438\u0447\u0435\u0441\u043a\u0443\u044e \u0438 \u0445\u043b\u043e\u043f\u043a\u043e\u0432\u0443\u044e \u043e\u0434\u0435\u0436\u0434\u0443, \u043d\u0435 \u043f\u0435\u0440\u0435\u0441\u0443\u0448\u0438\u0432\u0430\u044f \u0438 \u043d\u0435 \u043d\u0435\u0434\u043e\u0441\u0443\u0448\u0438\u0432\u0430\u044f. \u0421\u043e\u0440\u0442\u0438\u0440\u043e\u0432\u043a\u0430 \u043d\u0435 \u0442\u0440\u0435\u0431\u0443\u0435\u0442\u0441\u044f. \u0422\u0435\u0445\u043d\u043e\u043b\u043e\u0433\u0438\u044f \u0442\u0435\u043f\u043b\u043e\u0432\u043e\u0433\u043e \u043d\u0430\u0441\u043e\u0441\u0430 \u043e\u0431\u0435\u0441\u043f\u0435\u0447\u0438\u0432\u0430\u0435\u0442 \u043e\u043f\u0442\u0438\u043c\u0430\u043b\u044c\u043d\u043e\u0435 \u043a\u043e\u043b\u0438\u0447\u0435\u0441\u0442\u0432\u043e \u0442\u0435\u043f\u043b\u0430, \u0441\u043e\u0445\u0440\u0430\u043d\u044f\u044f \u043d\u0438\u0437\u043a\u043e\u0435 \u044d\u043d\u0435\u0440\u0433\u043e\u043f\u043e\u0442\u0440\u0435\u0431\u043b\u0435\u043d\u0438\u0435. MIXDRY. \u0411\u0415\u0417 \u0421\u041e\u0420\u0422\u0418\u0420\u041e\u0412\u041a\u0418. \u0411\u0415\u0417 \u0423\u0421\u0418\u041b\u0418\u0419. \u0421\u0423\u0428\u0418\u0422\u0415 \u0425\u041b\u041e\u041f\u041e\u041a \u0412\u041c\u0415\u0421\u0422\u0415 \u0421 \u0421\u0418\u041d\u0422\u0415\u0422\u0418\u041a\u041e\u0419* \u041f\u0440\u043e\u0432\u0435\u0440\u0435\u043d\u043e \u043d\u0430 \u0445\u043b\u043e\u043f\u043a\u043e\u0432\u043e\u0439 \u0438 \u0441\u0438\u043d\u0442\u0435\u0442\u0438\u0447\u0435\u0441\u043a\u043e\u0439 \u0442\u043a\u0430\u043d\u0438 \u0432\u0435\u0441\u043e\u043c \u0434\u043e 5 \u043a\u0433.<\/li>\n<li>SENSIDRY\u00ae \u0420\u0410\u0412\u041d\u041e\u041c\u0415\u0420\u041d\u041e \u0421\u0423\u0428\u0418\u0422 \u041e\u0414\u0415\u0416\u0414\u0423 \u0414\u0410\u0416\u0415 \u041d\u0410 \u041d\u0418\u0417\u041a\u0418\u0425 \u0422\u0415\u041c\u041f\u0415\u0420\u0410\u0422\u0423\u0420\u0410\u0425 SensiDry\u00ae \u0438\u0441\u043f\u043e\u043b\u044c\u0437\u0443\u0435\u0442 \u0442\u043e\u0447\u043d\u044b\u0435 \u0434\u0430\u0442\u0447\u0438\u043a\u0438 \u0434\u043b\u044f \u043e\u0431\u0435\u0441\u043f\u0435\u0447\u0435\u043d\u0438\u044f \u0440\u0430\u0432\u043d\u043e\u043c\u0435\u0440\u043d\u043e\u0439 \u0441\u0443\u0448\u043a\u0438 \u043e\u0434\u0435\u0436\u0434\u044b \u0431\u0435\u0437 \u0443\u0432\u0435\u043b\u0438\u0447\u0435\u043d\u0438\u044f \u0432\u0440\u0435\u043c\u0435\u043d\u0438. \u041e\u0434\u0435\u0436\u0434\u0430 \u043f\u043e\u0434\u0430\u0435\u0442\u0441\u044f \u0440\u043e\u0432\u043d\u043e \u0441\u0442\u043e\u043b\u044c\u043a\u043e \u0442\u0435\u043f\u043b\u0430, \u0441\u043a\u043e\u043b\u044c\u043a\u043e \u043d\u0443\u0436\u043d\u043e \u0434\u043b\u044f \u0431\u0435\u0440\u0435\u0436\u043d\u043e\u0439 \u0441\u0443\u0448\u043a\u0438 \u0438 \u043f\u0440\u043e\u0434\u043b\u0435\u043d\u0438\u044f \u0441\u0440\u043e\u043a\u0430 \u0441\u043b\u0443\u0436\u0431\u044b.<\/li>\n<\/ul>\n<p>\u0424\u0443\u043d\u043a\u0446\u0438\u0438<\/p>\n<ul>\n<li>\u0412\u043c\u0435\u0441\u0442\u0438\u043c\u043e\u0441\u0442\u044c \u043f\u0440\u0438 \u0441\u0443\u0448\u043a\u0435: 9,0 \u043a\u0433<\/li>\n<li>\u0422\u0435\u0445\u043d\u043e\u043b\u043e\u0433\u0438\u044f \u0442\u0435\u043f\u043b\u043e\u0432\u043e\u0433\u043e \u043d\u0430\u0441\u043e\u0441\u0430 \u043e\u0431\u0435\u0441\u043f\u0435\u0447\u0438\u0432\u0430\u0435\u0442 \u043c\u0430\u043a\u0441\u0438\u043c\u0430\u043b\u044c\u043d\u0443\u044e \u044d\u043d\u0435\u0440\u0433\u043e\u044d\u0444\u0444\u0435\u043a\u0442\u0438\u0432\u043d\u043e\u0441\u0442\u044c<\/li>\n<li>\u041f\u0430\u043d\u0435\u043b\u044c \u0441 \u0442\u0435\u043a\u0441\u0442\u043e\u0432\u044b\u043c\u0438 \u0441\u0438\u043c\u0432\u043e\u043b\u0430\u043c\u0438 \u043d\u0430 \u0430\u043d\u0433\u043b\u0438\u0439\u0441\u043a\u043e\u043c \u044f\u0437\u044b\u043a\u0435<\/li>\n<li>\u041f\u043e\u0442\u0440\u0435\u0431\u043b\u0435\u043d\u0438\u0435 \u044d\u043d\u0435\u0440\u0433\u0438\u0438 (\u041f\u0440\u043e\u0433\u0440\u0430\u043c\u043c\u0430 \u041e\u0441\u043e\u0431\u043e \u0441\u0443\u0445\u043e\u0435 \u0445\u043b\u043e\u043f\u043a\u043e\u0432\u043e\u0435 \u0431\u0435\u043b\u044c\u0451): \u0432\u0441\u0435\u0433\u043e 1,46 (1,68) \u043a\u0412\u0442\u00b7\u0447 \u043f\u043e\u0441\u043b\u0435 \u0441\u0443\u0448\u043a\u0438 \u043f\u0440\u0438 1400 (1000) \u043e\u0431.\/\u043c\u0438\u043d.<\/li>\n<li>\u0418\u0437\u043c\u0435\u043d\u0435\u043d\u0438\u0435 \u043d\u0430\u043f\u0440\u0430\u0432\u043b\u0435\u043d\u0438\u044f \u0432\u0440\u0430\u0449\u0435\u043d\u0438\u044f \u0431\u0430\u0440\u0430\u0431\u0430\u043d\u0430 \u043f\u0440\u0435\u0434\u043e\u0442\u0432\u0440\u0430\u0449\u0430\u0435\u0442 \u0441\u043f\u0443\u0442\u044b\u0432\u0430\u043d\u0438\u0435 \u0438 \u0441\u043c\u044f\u0442\u0438\u0435 \u0431\u0435\u043b\u044c\u044f \u043f\u0440\u0438 \u0441\u0443\u0448\u043a\u0435<\/li>\n<li>\u0414\u0438\u0441\u043f\u043b\u0435\u0439: \u0431\u043e\u043b\u044c\u0448\u043e\u0439 \u0431\u0435\u043b\u044b\u0439 LED<\/li>\n<li><\/li>\n<li>\u0412\u043d\u0443\u0442\u0440\u0435\u043d\u043d\u044f\u044f \u043f\u043e\u0434\u0441\u0432\u0435\u0442\u043a\u0430 \u0434\u043b\u044f \u043e\u043f\u0442\u0438\u043c\u0430\u043b\u044c\u043d\u043e\u0433\u043e \u043e\u0431\u0437\u043e\u0440\u0430 \u0431\u0430\u0440\u0430\u0431\u0430\u043d\u0430<\/li>\n<li>\u0420\u0430\u0441\u043f\u043e\u043b\u043e\u0436\u0435\u043d\u0438\u0435 \u0438 \u0451\u043c\u043a\u043e\u0441\u0442\u044c \u043a\u043e\u043d\u0442\u0435\u0439\u043d\u0435\u0440\u0430 \u0434\u043b\u044f \u0432\u043e\u0434\u044b: \u0441\u043b\u0435\u0432\u0430 \u043e\u0442 \u043f\u0430\u043d\u0435\u043b\u0438 \u0443\u043f\u0440\u0430\u0432\u043b\u0435\u043d\u0438\u044f, 5,28 \u043b<\/li>\n<li>\u041d\u043e\u0436\u043a\u0438: 4 \u0440\u0435\u0433\u0443\u043b\u0438\u0440\u0443\u0435\u043c\u044b\u0435 \u043d\u043e\u0436\u043a\u0438<\/li>\n<\/ul>\n<p>\u041a\u043b\u0430\u0441\u0441 \u044d\u043d\u0435\u0440\u0433\u043e\u044d\u0444\u0444\u0435\u043a\u0442\u0438\u0432\u043d\u043e\u0441\u0442\u0438 A+++<br \/>\u0413 x \u0428 x \u0413, \u043c\u043c 850x596x638<br \/>\u0426\u0432\u0435\u0442 \u0411\u0435\u043b\u044b\u0439<br \/>\u041a\u043e\u043c\u043f\u043b\u0435\u043a\u0442\u0430\u0446\u0438\u044f: \u043a\u043e\u043c\u043f\u043b\u0435\u043a\u0442 \u0434\u043b\u044f \u0441\u043b\u0438\u0432\u0430 \u0432\u043e\u0434\u044b | \u043f\u043e\u0434\u0434\u043e\u043d \u0434\u043b\u044f \u0441\u0443\u0448\u043a\u0438<br \/>\u0412\u043e\u0437\u043c\u043e\u0436\u043d\u044b\u0435 \u0434\u043e\u043f\u043e\u043b\u043d\u0438\u0442\u0435\u043b\u044c\u043d\u044b\u0435 \u0430\u043a\u0441\u0435\u0441\u0441\u0443\u0430\u0440\u044b: \u0430\u043a\u0441\u0435\u0441\u0441\u0443\u0430\u0440 \u0434\u043b\u044f \u0443\u0441\u0442\u0430\u043d\u043e\u0432\u043a\u0438 \u0441\u0443\u0448\u0438\u043b\u043a\u0438 \u043d\u0430 \u0441\u0442\u0438\u0440\u0430\u043b\u044c\u043d\u0443\u044e \u043c\u0430\u0448\u0438\u043d\u0443<br \/>\u041c\u043e\u0449\u043d\u043e\u0441\u0442\u044c \u043f\u043e\u0434\u043a\u043b\u044e\u0447\u0435\u043d\u0438\u044f, \u0412\u0442 700<br \/>\u041d\u0430\u043f\u0440\u044f\u0436\u0435\u043d\u0438\u0435 \u0441\u0435\u0442\u0438, \u0412 230<br \/>\u041f\u0440\u0435\u0434\u043e\u0445\u0440\u0430\u043d\u0438\u0442\u0435\u043b\u044c, \u0410 5<br \/>\u041d\u043e\u043c\u0435\u0440 \u043f\u0440\u043e\u0434\u0443\u043a\u0442\u0430 916 099 395<br \/>Powered by Flixmedia<\/p>\n<p><\/p>","protected":false},"excerpt":{"rendered":"<p>Pre\u010du z\u012bme AEG Produkta kods 916099395Kr\u0101sa BaltaEAN 7332543843992Ietilp\u012bbaVe\u013cas ietilp\u012bba \u017e\u0101v\u0113jot 9 kgElektroener\u0123ijas un \u016bdens pat\u0113ri\u0146\u0161Energoefektivit\u0101tes klase A+++Elektroener\u0123ijas pat\u0113ri\u0146\u0161 gad\u0101 (160 cikli) (kw\/h) 195 kWhIzm\u0113ri, svarsAugstums 85 cmPlatums 59.6 cmDzi\u013cums 63.8 cmSvars 51 kgSvars ar iepakojumu 53.5 kgVad\u012bbaVad\u012bba ElektroniskaDisplejs IrCiti parametriTrok\u0161\u0146a l\u012bmenis 63 dBAtliktais starts Ir CITA VE\u013bAS \u017d\u0100V\u0112T\u0100JS, DZI\u013bUMS 63.8 CM 9,0VIENM\u0112R\u012aGA \u017d\u0100V\u0112\u0160ANA, NEATKAR\u012aGI NO [&hellip;]<\/p>\n","protected":false},"featured_media":31631,"comment_status":"open","ping_status":"closed","template":"","meta":{"_joinchat":[]},"product_brand":[262],"product_cat":[261],"product_tag":[],"class_list":{"0":"post-31633","1":"product","2":"type-product","3":"status-publish","4":"has-post-thumbnail","6":"product_brand-aeg","7":"product_cat-sadzives-tehnika-velas-zavetaji","9":"first","10":"instock","11":"shipping-taxable","12":"purchasable","13":"product-type-simple"},"_links":{"self":[{"href":"https:\/\/emeniro.lovehorses.lv\/ru\/wp-json\/wp\/v2\/product\/31633","targetHints":{"allow":["GET"]}}],"collection":[{"href":"https:\/\/emeniro.lovehorses.lv\/ru\/wp-json\/wp\/v2\/product"}],"about":[{"href":"https:\/\/emeniro.lovehorses.lv\/ru\/wp-json\/wp\/v2\/types\/product"}],"replies":[{"embeddable":true,"href":"https:\/\/emeniro.lovehorses.lv\/ru\/wp-json\/wp\/v2\/comments?post=31633"}],"wp:featuredmedia":[{"embeddable":true,"href":"https:\/\/emeniro.lovehorses.lv\/ru\/wp-json\/wp\/v2\/media\/31631"}],"wp:attachment":[{"href":"https:\/\/emeniro.lovehorses.lv\/ru\/wp-json\/wp\/v2\/media?parent=31633"}],"wp:term":[{"taxonomy":"product_brand","embeddable":true,"href":"https:\/\/emeniro.lovehorses.lv\/ru\/wp-json\/wp\/v2\/product_brand?post=31633"},{"taxonomy":"product_cat","embeddable":true,"href":"https:\/\/emeniro.lovehorses.lv\/ru\/wp-json\/wp\/v2\/product_cat?post=31633"},{"taxonomy":"product_tag","embeddable":true,"href":"https:\/\/emeniro.lovehorses.lv\/ru\/wp-json\/wp\/v2\/product_tag?post=31633"}],"curies":[{"name":"wp","href":"https:\/\/api.w.org\/{rel}","templated":true}]}}