{"id":31669,"date":"2026-05-01T01:19:25","date_gmt":"2026-05-01T01:19:25","guid":{"rendered":"https:\/\/emeniro.lovehorses.lv\/product\/delonghi-ec685w\/"},"modified":"2026-05-01T01:19:25","modified_gmt":"2026-05-01T01:19:25","slug":"delonghi-ec685w","status":"publish","type":"product","link":"https:\/\/emeniro.lovehorses.lv\/ru\/product\/delonghi-ec685w\/","title":{"rendered":"De\u2019Longhi EC685W"},"content":{"rendered":"<\/p>\n<p><span class=\"jCAhz ChMk0b\"><span class=\"ryNqvb\">\u041e\u0431\u044a\u0435\u043c \u0440\u0435\u0437\u0435\u0440\u0432\u0443\u0430\u0440\u0430 \u0434\u043b\u044f \u0432\u043e\u0434\u044b (\u043b) 1.1<\/span><\/span><span class=\"jCAhz\"><span class=\"ryNqvb\"><br \/><\/span><\/span><span class=\"jCAhz ChMk0b\"><span class=\"ryNqvb\">\u041e\u0441\u043e\u0431\u044b\u0435 \u0432\u043e\u0437\u043c\u043e\u0436\u043d\u043e\u0441\u0442\u0438<\/span><\/span><span class=\"jCAhz\"><span class=\"ryNqvb\"><br \/><\/span><\/span><span class=\"jCAhz ChMk0b\"><span class=\"ryNqvb\">\u0100trs uzsild\u012b\u0161anas laiks \u2013 40 sekundes, divu l\u012bme\u0146u kr\u016bz\u012b\u0161u tur\u0113t\u0101js \u2013 kr\u016bzes l\u012bdz 120 mm, kr\u016bz\u012b\u0161u sild\u012b\u0161anas papl\u0101te, pogu apgaismojums<\/span><\/span><span class=\"jCAhz\"><span class=\"ryNqvb\"><br \/><\/span><\/span><span class=\"jCAhz ChMk0b\"><span class=\"ryNqvb\">\u0431\u0435\u043b\u044b\u0439 \u0446\u0432\u0435\u0442<\/span><\/span><span class=\"jCAhz\"><span class=\"ryNqvb\"><br \/><\/span><\/span><span class=\"jCAhz ChMk0b\"><span class=\"ryNqvb\">\u042d\u043d\u0435\u0440\u0433\u0438\u044f<\/span><\/span><span class=\"jCAhz\"><span class=\"ryNqvb\"><br \/><\/span><\/span><span class=\"jCAhz ChMk0b\"><span class=\"ryNqvb\">\u041c\u043e\u0449\u043d\u043e\u0441\u0442\u044c, \u0412\u0442) 1300<\/span><\/span><span class=\"jCAhz\"><span class=\"ryNqvb\"><br \/><\/span><\/span><span class=\"jCAhz ChMk0b\"><span class=\"ryNqvb\">KAFIJAS AUTOM\u0100TI<\/span><\/span><span class=\"jCAhz\"><span class=\"ryNqvb\"><br \/><\/span><\/span><span class=\"jCAhz ChMk0b\"><span class=\"ryNqvb\">\u0422\u0438\u043f \u044d\u0441\u043f\u0440\u0435\u0441\u0441\u043e-\u0430\u0432\u0442\u043e\u043c\u0430\u0442\u0430<\/span><\/span><span class=\"jCAhz\"><span class=\"ryNqvb\"><br \/><\/span><\/span><span class=\"jCAhz ChMk0b\"><span class=\"ryNqvb\">\u043f\u043e\u043b\u0443\u0430\u0432\u0442\u043e\u043c\u0430\u0442\u0438\u0447\u0435\u0441\u043a\u0438\u0439<\/span><\/span><span class=\"jCAhz\"><span class=\"ryNqvb\"><br \/><\/span><\/span><span class=\"jCAhz ChMk0b\"><span class=\"ryNqvb\">\u0421\u0438\u0441\u0442\u0435\u043c\u0430 \u0432\u0437\u0431\u0438\u0432\u0430\u043d\u0438\u044f \u043c\u043e\u043b\u043e\u043a\u0430<\/span><\/span><span class=\"jCAhz\"><span class=\"ryNqvb\"><br \/><\/span><\/span><span class=\"jCAhz ChMk0b\"><span class=\"ryNqvb\">\u0440\u0443\u0447\u043d\u0430\u044f \u0442\u0440\u0443\u0431\u043a\u0430 \u0434\u043b\u044f \u043f\u0430\u0440\u0430<\/span><\/span><span class=\"jCAhz\"><span class=\"ryNqvb\"><br \/><\/span><\/span><span class=\"jCAhz ChMk0b\"><span class=\"ryNqvb\">\u041c\u043e\u0449\u043d\u043e\u0441\u0442\u044c \u043d\u0430\u0441\u043e\u0441\u0430 (\u0434\u0438\u0430\u043f\u0430\u0437\u043e\u043d) 15<\/span><\/span><span class=\"jCAhz\"><span class=\"ryNqvb\"><br \/><\/span><\/span><span class=\"jCAhz ChMk0b\"><span class=\"ryNqvb\">\u0412\u043e\u0437\u043c\u043e\u0436\u043d\u043e\u0441\u0442\u044c \u0438\u0441\u043f\u043e\u043b\u044c\u0437\u043e\u0432\u0430\u0442\u044c \u043c\u043e\u043b\u043e\u0442\u044b\u0439 \u043a\u043e\u0444\u0435<\/span><\/span><span class=\"jCAhz\"><span class=\"ryNqvb\"><br \/><\/span><\/span><span class=\"jCAhz ChMk0b\"><span class=\"ryNqvb\">\u0414\u0432\u0435 \u0447\u0430\u0448\u043a\u0438 \u043e\u0434\u043d\u043e\u0432\u0440\u0435\u043c\u0435\u043d\u043d\u043e<\/span><\/span><span class=\"jCAhz\"><span class=\"ryNqvb\"><br \/><\/span><\/span><span class=\"jCAhz ChMk0b\"><span class=\"ryNqvb\">\u0420\u0430\u0437\u043c\u0435\u0440\u044b<\/span><\/span><span class=\"jCAhz\"><span class=\"ryNqvb\"><br \/><\/span><\/span><span class=\"jCAhz ChMk0b\"><span class=\"ryNqvb\">\u0432\u044b\u0441\u043e\u0442\u0430 (\u0441\u043c) 30,3<\/span><\/span><span class=\"jCAhz\"><span class=\"ryNqvb\"><br \/><\/span><\/span><span class=\"jCAhz ChMk0b\"><span class=\"ryNqvb\">\u0448\u0438\u0440\u0438\u043d\u0430 (\u0441\u043c) 15<\/span><\/span><span class=\"jCAhz\"><span class=\"ryNqvb\"><br \/><\/span><\/span><span class=\"jCAhz ChMk0b\"><span class=\"ryNqvb\">\u0433\u043b\u0443\u0431\u0438\u043d\u0430 (\u0441\u043c) 33<\/span><\/span><\/p><\/p>","protected":false},"excerpt":{"rendered":"<p>\u016adens tvertnes tilpums (l)1.1Speci\u0101las iesp\u0113jas\u0100trs uzsild\u012b\u0161anas laiks \u2013 40 sekundes, divu l\u012bme\u0146u kr\u016bz\u012b\u0161u tur\u0113t\u0101js \u2013 kr\u016bzes l\u012bdz 120 mm, kr\u016bz\u012b\u0161u sild\u012b\u0161anas papl\u0101te, pogu apgaismojumsbalta kr\u0101saEner\u0123ijaJauda, W)1300KAFIJAS AUTOM\u0100TIEspresso autom\u0101ta tipspusautom\u0101tiskaisPiena puto\u0161anas sist\u0113marokas sloti\u0146aS\u016bk\u0146a jauda (diapazons)15Iesp\u0113ja izmantot malto kafijuDivas tases vienai narkotikai vienlaikusizm\u0113riemaugstums (cm)30,3Platums (cm)15Dzi\u013cums (cm)33<\/p>","protected":false},"featured_media":31667,"comment_status":"open","ping_status":"closed","template":"","meta":{"_joinchat":[]},"product_brand":[],"product_cat":[314],"product_tag":[],"class_list":{"0":"post-31669","1":"product","2":"type-product","3":"status-publish","4":"has-post-thumbnail","6":"product_cat-maza-sadzives-tehnika-kafijas-automati","8":"first","9":"instock","10":"shipping-taxable","11":"purchasable","12":"product-type-simple"},"_links":{"self":[{"href":"https:\/\/emeniro.lovehorses.lv\/ru\/wp-json\/wp\/v2\/product\/31669","targetHints":{"allow":["GET"]}}],"collection":[{"href":"https:\/\/emeniro.lovehorses.lv\/ru\/wp-json\/wp\/v2\/product"}],"about":[{"href":"https:\/\/emeniro.lovehorses.lv\/ru\/wp-json\/wp\/v2\/types\/product"}],"replies":[{"embeddable":true,"href":"https:\/\/emeniro.lovehorses.lv\/ru\/wp-json\/wp\/v2\/comments?post=31669"}],"wp:featuredmedia":[{"embeddable":true,"href":"https:\/\/emeniro.lovehorses.lv\/ru\/wp-json\/wp\/v2\/media\/31667"}],"wp:attachment":[{"href":"https:\/\/emeniro.lovehorses.lv\/ru\/wp-json\/wp\/v2\/media?parent=31669"}],"wp:term":[{"taxonomy":"product_brand","embeddable":true,"href":"https:\/\/emeniro.lovehorses.lv\/ru\/wp-json\/wp\/v2\/product_brand?post=31669"},{"taxonomy":"product_cat","embeddable":true,"href":"https:\/\/emeniro.lovehorses.lv\/ru\/wp-json\/wp\/v2\/product_cat?post=31669"},{"taxonomy":"product_tag","embeddable":true,"href":"https:\/\/emeniro.lovehorses.lv\/ru\/wp-json\/wp\/v2\/product_tag?post=31669"}],"curies":[{"name":"wp","href":"https:\/\/api.w.org\/{rel}","templated":true}]}}