{"id":31725,"date":"2026-05-01T01:20:45","date_gmt":"2026-05-01T01:20:45","guid":{"rendered":"https:\/\/emeniro.lovehorses.lv\/product\/miele-km-7464-fr-indukcijas-razots-vacija\/"},"modified":"2026-05-01T01:20:45","modified_gmt":"2026-05-01T01:20:45","slug":"miele-km-7464-fr-indukcijas-razots-vacija","status":"publish","type":"product","link":"https:\/\/emeniro.lovehorses.lv\/ru\/product\/miele-km-7464-fr-indukcijas-razots-vacija\/","title":{"rendered":"Miele KM 7464 FR \u0418\u043d\u0434\u0443\u043a\u0446\u0438\u044f! \u041f\u0420\u041e\u0418\u0417\u0412\u0415\u0414\u0415\u041d\u041e \u0412 \u0413\u0415\u0420\u041c\u0410\u041d\u0418\u0418"},"content":{"rendered":"<\/p>\n<p><span class=\"jCAhz ChMk0b\"><span class=\"ryNqvb\">\u041f\u0440\u043e\u0438\u0437\u0432\u043e\u0434\u0438\u0442\u0435\u043b\u044c Miele<\/span><\/span><span class=\"jCAhz\"><span class=\"ryNqvb\"><br \/><\/span><\/span><span class=\"jCAhz ChMk0b\"><span class=\"ryNqvb\">\u0422\u0438\u043f \u0418\u043d\u0434\u0443\u043a\u0446\u0438\u044f<\/span><\/span><span class=\"jCAhz\"><span class=\"ryNqvb\"><br \/><\/span><\/span><span class=\"jCAhz ChMk0b\"><span class=\"ryNqvb\">\u041f\u043e\u0432\u0435\u0440\u0445\u043d\u043e\u0441\u0442\u044c \u0421\u0442\u0435\u043a\u043b\u043e\u043a\u0435\u0440\u0430\u043c\u0438\u043a\u0430<\/span><\/span><span class=\"jCAhz\"><span class=\"ryNqvb\"><br \/><\/span><\/span><span class=\"jCAhz ChMk0b\"><span class=\"ryNqvb\">\u0427\u0435\u0440\u043d\u044b\u0439 \u0446\u0432\u0435\u0442<\/span><\/span><span class=\"jCAhz\"><span class=\"ryNqvb\"><br \/><\/span><\/span><span class=\"jCAhz ChMk0b\"><span class=\"ryNqvb\">\u041a\u043e\u043b\u0438\u0447\u0435\u0441\u0442\u0432\u043e \u0433\u043e\u0440\u0435\u043b\u043e\u043a 4<\/span><\/span><span class=\"jCAhz\"><span class=\"ryNqvb\"><br \/><\/span><\/span><span class=\"jCAhz ChMk0b\"><span class=\"ryNqvb\">EAN\u00a04002516138495<\/span><\/span><span class=\"jCAhz\"><span class=\"ryNqvb\"><br \/><\/span><\/span><span class=\"jCAhz ChMk0b\"><span class=\"ryNqvb\">\u0423\u043f\u0440\u0430\u0432\u043b\u0435\u043d\u0438\u0435<\/span><\/span><span class=\"jCAhz\"><span class=\"ryNqvb\"><br \/><\/span><\/span><span class=\"jCAhz ChMk0b\"><span class=\"ryNqvb\">\u0422\u0438\u043f \u0443\u043f\u0440\u0430\u0432\u043b\u0435\u043d\u0438\u044f \u0421\u0435\u043d\u0441\u043e\u0440\u043d\u043e\u0435<\/span><\/span><span class=\"jCAhz\"><span class=\"ryNqvb\"><br \/><\/span><\/span><span class=\"jCAhz ChMk0b\"><span class=\"ryNqvb\">\u041f\u0430\u043d\u0435\u043b\u044c \u0443\u043f\u0440\u0430\u0432\u043b\u0435\u043d\u0438\u044f \u0421\u0435\u043d\u0441\u043e\u0440\u043d\u0430\u044f<\/span><\/span><span class=\"jCAhz\"><span class=\"ryNqvb\"><br \/><\/span><\/span><span class=\"jCAhz ChMk0b\"><span class=\"ryNqvb\">\u0420\u0430\u0437\u043c\u0435\u0440\u044b, \u0432\u0435\u0441<\/span><\/span><span class=\"jCAhz\"><span class=\"ryNqvb\"><br \/><\/span><\/span><span class=\"jCAhz ChMk0b\"><span class=\"ryNqvb\">Izm\u0113ri, cm 5,2\u00d762,6\u00d752,6<\/span><\/span><span class=\"jCAhz\"><span class=\"ryNqvb\"><br \/><\/span><\/span><span class=\"jCAhz ChMk0b\"><span class=\"ryNqvb\">\u0412\u0435\u0441 (\u0431\u0435\u0437 \u0443\u043f\u0430\u043a\u043e\u0432\u043a\u0438) 11 \u043a\u0433<\/span><\/span><span class=\"jCAhz\"><span class=\"ryNqvb\"><br \/><\/span><\/span><span class=\"jCAhz ChMk0b\"><span class=\"ryNqvb\">\u0414\u043e\u043f\u043e\u043b\u043d\u0438\u0442\u0435\u043b\u044c\u043d\u044b\u0435 \u0444\u0443\u043d\u043a\u0446\u0438\u0438<\/span><\/span><span class=\"jCAhz\"><span class=\"ryNqvb\"><br \/><\/span><\/span><span class=\"jCAhz ChMk0b\"><span class=\"ryNqvb\">\u0420\u0430\u043c\u0430 \u041d\u0435\u0440\u0436\u0430\u0432\u0435\u044e\u0449\u0430\u044f \u0441\u0442\u0430\u043b\u044c<\/span><\/span><span class=\"jCAhz\"><span class=\"ryNqvb\"><br \/><\/span><\/span><span class=\"jCAhz ChMk0b\"><span class=\"ryNqvb\">\u0422\u0430\u0439\u043c\u0435\u0440<\/span><\/span><span class=\"jCAhz\"><span class=\"ryNqvb\"><br \/><\/span><\/span><span class=\"jCAhz ChMk0b\"><span class=\"ryNqvb\">\u0414\u0435\u0442\u0441\u043a\u0430\u044f \u0431\u043b\u043e\u043a\u0438\u0440\u043e\u0432\u043a\u0430 \u0443\u043f\u0440\u0430\u0432\u043b\u0435\u043d\u0438\u044f<\/span><\/span><span class=\"jCAhz\"><span class=\"ryNqvb\"><br \/><\/span><\/span><span class=\"jCAhz ChMk0b\"><span class=\"ryNqvb\">\u041e\u0431\u0449\u0430\u044f \u043c\u043e\u0449\u043d\u043e\u0441\u0442\u044c 7,3 \u043a\u0412\u0442<\/span><\/span><\/p><\/p>","protected":false},"excerpt":{"rendered":"<p>Ra\u017eot\u0101js MieleTips IndukcijaVirsma Stikla keramikaMelna kr\u0101saDeg\u013cu skaits 4EAN\u00a04002516138495KontroleVad\u012bbas veids Sk\u0101rienvad\u012bbaVad\u012bbas panelis Sk\u0101rienjut\u012bgsIzm\u0113ri, svarsIzm\u0113ri, cm 5,2\u00d762,6\u00d752,6Svars (bez iepakojuma) 11 kgPapildu iesp\u0113jasR\u0101mis Ner\u016bs\u0113jo\u0161ais t\u0113raudsTaimerisB\u0113rnu sl\u0113dzenes kontroleKop\u0113j\u0101 jauda 7,3 kW<\/p>","protected":false},"featured_media":31723,"comment_status":"open","ping_status":"closed","template":"","meta":{"_joinchat":[]},"product_brand":[302],"product_cat":[264],"product_tag":[],"class_list":{"0":"post-31725","1":"product","2":"type-product","3":"status-publish","4":"has-post-thumbnail","6":"product_brand-miele","7":"product_cat-iebuvejama-sadzives-tehnika-iebuvejamas-elektriskas-plits-virsmas","9":"first","10":"instock","11":"shipping-taxable","12":"purchasable","13":"product-type-simple"},"_links":{"self":[{"href":"https:\/\/emeniro.lovehorses.lv\/ru\/wp-json\/wp\/v2\/product\/31725","targetHints":{"allow":["GET"]}}],"collection":[{"href":"https:\/\/emeniro.lovehorses.lv\/ru\/wp-json\/wp\/v2\/product"}],"about":[{"href":"https:\/\/emeniro.lovehorses.lv\/ru\/wp-json\/wp\/v2\/types\/product"}],"replies":[{"embeddable":true,"href":"https:\/\/emeniro.lovehorses.lv\/ru\/wp-json\/wp\/v2\/comments?post=31725"}],"wp:featuredmedia":[{"embeddable":true,"href":"https:\/\/emeniro.lovehorses.lv\/ru\/wp-json\/wp\/v2\/media\/31723"}],"wp:attachment":[{"href":"https:\/\/emeniro.lovehorses.lv\/ru\/wp-json\/wp\/v2\/media?parent=31725"}],"wp:term":[{"taxonomy":"product_brand","embeddable":true,"href":"https:\/\/emeniro.lovehorses.lv\/ru\/wp-json\/wp\/v2\/product_brand?post=31725"},{"taxonomy":"product_cat","embeddable":true,"href":"https:\/\/emeniro.lovehorses.lv\/ru\/wp-json\/wp\/v2\/product_cat?post=31725"},{"taxonomy":"product_tag","embeddable":true,"href":"https:\/\/emeniro.lovehorses.lv\/ru\/wp-json\/wp\/v2\/product_tag?post=31725"}],"curies":[{"name":"wp","href":"https:\/\/api.w.org\/{rel}","templated":true}]}}