{"id":31751,"date":"2026-05-01T01:21:24","date_gmt":"2026-05-01T01:21:24","guid":{"rendered":"https:\/\/emeniro.lovehorses.lv\/product\/elica-lane-ix-a-52\/"},"modified":"2026-05-01T01:21:24","modified_gmt":"2026-05-01T01:21:24","slug":"elica-lane-ix-a-52","status":"publish","type":"product","link":"https:\/\/emeniro.lovehorses.lv\/ru\/product\/elica-lane-ix-a-52\/","title":{"rendered":"Elica LANE IX\/A\/52"},"content":{"rendered":"<p><\/p>\n<p class=\"translation-block\"><p><br><\/p><p>\u0422\u043e\u0440\u0433\u043e\u0432\u0430\u044f \u043c\u0430\u0440\u043a\u0430 Elica<br>\u041a\u043e\u0434 \u043f\u0440\u043e\u0434\u0443\u043a\u0442\u0430 PRF0157333<br>\u0422\u0438\u043f \u041f\u043e\u043b\u043d\u043e\u0441\u0442\u044c\u044e \u0432\u0441\u0442\u0440\u0430\u0438\u0432\u0430\u0435\u043c\u0430\u044f<br>\u0426\u0432\u0435\u0442 \u041d\u0435\u0440\u0436\u0430\u0432\u0435\u044e\u0449\u0430\u044f \u0441\u0442\u0430\u043b\u044c<br>\u041a\u043b\u0430\u0441\u0441 \u044d\u043d\u0435\u0440\u0433\u043e\u044d\u0444\u0444\u0435\u043a\u0442\u0438\u0432\u043d\u043e\u0441\u0442\u0438 B<br>\u041a\u043b\u0430\u0441\u0441 \u0433\u0438\u0434\u0440\u043e\u0434\u0438\u043d\u0430\u043c\u0438\u0447\u0435\u0441\u043a\u043e\u0439 \u044d\u0444\u0444\u0435\u043a\u0442\u0438\u0432\u043d\u043e\u0441\u0442\u0438 B<br>\u041a\u043b\u0430\u0441\u0441 \u044d\u0444\u0444\u0435\u043a\u0442\u0438\u0432\u043d\u043e\u0441\u0442\u0438 \u043e\u0441\u0432\u0435\u0449\u0435\u043d\u0438\u044f A<br>\u041a\u043b\u0430\u0441\u0441 \u044d\u0444\u0444\u0435\u043a\u0442\u0438\u0432\u043d\u043e\u0441\u0442\u0438 \u0436\u0438\u0440\u043e\u0443\u043b\u0430\u0432\u043b\u0438\u0432\u0430\u043d\u0438\u044f D<br>\u0420\u0430\u0437\u043c\u0435\u0440\u044b, \u0432\u0435\u0441<br>\u0412\u044b\u0441\u043e\u0442\u0430 65 \u0441\u043c<br>\u0428\u0438\u0440\u0438\u043d\u0430 52 \u0441\u043c<br>\u0413\u043b\u0443\u0431\u0438\u043d\u0430 28 \u0441\u043c<br>\u041f\u0440\u043e\u0438\u0437\u0432\u043e\u0434\u0438\u0442\u0435\u043b\u044c\u043d\u043e\u0441\u0442\u044c<br>\u041c\u0430\u043a\u0441\u0438\u043c\u0430\u043b\u044c\u043d\u0430\u044f \u043c\u043e\u0449\u043d\u043e\u0441\u0442\u044c \u0432\u0441\u0430\u0441\u044b\u0432\u0430\u043d\u0438\u044f 650 \u043c\u00b3\/\u0447<br>\u041c\u0430\u043a\u0441\u0438\u043c\u0430\u043b\u044c\u043d\u0430\u044f \u043c\u043e\u0449\u043d\u043e\u0441\u0442\u044c \u0432\u0441\u0430\u0441\u044b\u0432\u0430\u043d\u0438\u044f (IEC 61591) 650 \u043c\u00b3\/\u0447<br>\u041a\u043e\u043b\u0438\u0447\u0435\u0441\u0442\u0432\u043e \u043c\u043e\u0442\u043e\u0440\u043e\u0432 1<br>\u0423\u043f\u0440\u0430\u0432\u043b\u0435\u043d\u0438\u0435<br>\u0423\u043f\u0440\u0430\u0432\u043b\u0435\u043d\u0438\u0435 \u042d\u043b\u0435\u043a\u0442\u0440\u043e\u043d\u043d\u043e\u0435<br>\u041a\u043e\u043b\u0438\u0447\u0435\u0441\u0442\u0432\u043e \u0441\u043a\u043e\u0440\u043e\u0441\u0442\u0435\u0439 3 + 1 \u0438\u043d\u0442\u0435\u043d\u0441\u0438\u0432\u043d\u044b\u0439 \u0440\u0435\u0436\u0438\u043c<br>\u041f\u0440\u043e\u0447\u0438\u0435 \u043f\u0430\u0440\u0430\u043c\u0435\u0442\u0440\u044b<br>\u0423\u0440\u043e\u0432\u0435\u043d\u044c \u0448\u0443\u043c\u0430 (\u0434\u0411) 68<br>\u041e\u0441\u0432\u0435\u0449\u0435\u043d\u0438\u0435 LED<br>\u0422\u0438\u043f \u0444\u0438\u043b\u044c\u0442\u0440\u0430 \u0410\u043b\u044e\u043c\u0438\u043d\u0438\u0435\u0432\u044b\u0439<br>\u0414\u043e\u043f\u043e\u043b\u043d\u0438\u0442\u0435\u043b\u044c\u043d\u043e\u0435 \u043e\u0431\u043e\u0440\u0443\u0434\u043e\u0432\u0430\u043d\u0438\u0435<br>\u041a\u043e\u0434 \u0443\u0433\u043e\u043b\u044c\u043d\u043e\u0433\u043e \u0444\u0438\u043b\u044c\u0442\u0440\u0430 CFC0140343 (CFC0038668)<\/p><\/p>","protected":false},"excerpt":{"rendered":"<p>Pre\u010du z\u012bme ElicaProdukta kods PRF0157333Veids Piln\u012bb\u0101 ieb\u016bv\u0113jamsKr\u0101sa Ner\u016bs\u0113jo\u0161a t\u0113raudaEnergoefektivit\u0101tes klase BHidrodinamisk\u0101s efektivit\u0101tes klase BApgaismojuma efektivit\u0101tes klase ATauku filtr\u0113\u0161anas efektivit\u0101tes klase DIzm\u0113ri, svarsAugstums 65 cmPlatums 52 cmDzi\u013cums 28 cmVeiktsp\u0113jaMaksim\u0101l\u0101 nos\u016bk\u0161anas jauda 650 m\u00b3\/hMaksim\u0101l\u0101 nos\u016bk\u0161anas jauda (IEC 61591) 650 m\u00b3\/hMotoru skaits 1Vad\u012bbaVad\u012bba Elektroniska\u0100trumu skaits 3 + 1 intens\u012bvais re\u017e\u012bmsCiti parametriTrok\u0161\u0146a l\u012bmenis (dB) 68Apgaismojums LEDFiltra veids Alum\u012bnijaPapildapr\u012bkojumsOgles filtra [&hellip;]<\/p>\n","protected":false},"featured_media":31748,"comment_status":"open","ping_status":"closed","template":"","meta":{"_joinchat":[]},"product_brand":[],"product_cat":[298],"product_tag":[],"class_list":{"0":"post-31751","1":"product","2":"type-product","3":"status-publish","4":"has-post-thumbnail","6":"product_cat-iebuvejama-sadzives-tehnika-iebuvejamie-tvaika-nosuceji","8":"first","9":"instock","10":"shipping-taxable","11":"purchasable","12":"product-type-simple"},"_links":{"self":[{"href":"https:\/\/emeniro.lovehorses.lv\/ru\/wp-json\/wp\/v2\/product\/31751","targetHints":{"allow":["GET"]}}],"collection":[{"href":"https:\/\/emeniro.lovehorses.lv\/ru\/wp-json\/wp\/v2\/product"}],"about":[{"href":"https:\/\/emeniro.lovehorses.lv\/ru\/wp-json\/wp\/v2\/types\/product"}],"replies":[{"embeddable":true,"href":"https:\/\/emeniro.lovehorses.lv\/ru\/wp-json\/wp\/v2\/comments?post=31751"}],"wp:featuredmedia":[{"embeddable":true,"href":"https:\/\/emeniro.lovehorses.lv\/ru\/wp-json\/wp\/v2\/media\/31748"}],"wp:attachment":[{"href":"https:\/\/emeniro.lovehorses.lv\/ru\/wp-json\/wp\/v2\/media?parent=31751"}],"wp:term":[{"taxonomy":"product_brand","embeddable":true,"href":"https:\/\/emeniro.lovehorses.lv\/ru\/wp-json\/wp\/v2\/product_brand?post=31751"},{"taxonomy":"product_cat","embeddable":true,"href":"https:\/\/emeniro.lovehorses.lv\/ru\/wp-json\/wp\/v2\/product_cat?post=31751"},{"taxonomy":"product_tag","embeddable":true,"href":"https:\/\/emeniro.lovehorses.lv\/ru\/wp-json\/wp\/v2\/product_tag?post=31751"}],"curies":[{"name":"wp","href":"https:\/\/api.w.org\/{rel}","templated":true}]}}