{"id":31754,"date":"2026-05-01T01:21:27","date_gmt":"2026-05-01T01:21:27","guid":{"rendered":"https:\/\/emeniro.lovehorses.lv\/product\/schlosser-bf57154bm\/"},"modified":"2026-05-01T01:21:27","modified_gmt":"2026-05-01T01:21:27","slug":"schlosser-bf57154bm","status":"publish","type":"product","link":"https:\/\/emeniro.lovehorses.lv\/ru\/product\/schlosser-bf57154bm\/","title":{"rendered":"Schlosser BF57154BM"},"content":{"rendered":"<p>Pre\u010du z\u012bme\u00a0\u00a0\u00a0 Schlosser<\/p>\n<p>\u00a0\u00a0\u00a0 Tips\u00a0\u00a0\u00a0 Indukcijas<br \/>\u00a0\u00a0\u00a0 Kr\u0101sa\u00a0\u00a0\u00a0 Melna\/Pel\u0113ka<br \/>\u00a0\u00a0\u00a0 Sildri\u0146\u0137u skaits\u00a0\u00a0\u00a0 3<br \/>\u0423\u043f\u0440\u0430\u0432\u043b\u0435\u043d\u0438\u0435<br \/>\u00a0\u00a0\u00a0 Vad\u012bba\u00a0\u00a0\u00a0 Sk\u0101rienvad\u012bba<br \/>\u0420\u0430\u0437\u043c\u0435\u0440\u044b \u0438 \u0432\u0435\u0441<br \/>\u00a0\u00a0\u00a0 Izm\u0113ri, cm\u00a0\u00a0\u00a0 5.9x45x52<br \/>\u0414\u0440\u0443\u0433\u0438\u0435 \u043f\u0430\u0440\u0430\u043c\u0435\u0442\u0440\u044b<br \/>\u00a0\u00a0\u00a0 Taimeris\u00a0\u00a0\u00a0 Ir<br \/>\u00a0\u00a0\u00a0 \u0417\u0430\u0449\u0438\u0442\u0430 \u0434\u0435\u0442\u0441\u043a\u043e\u0439 \u0431\u0435\u0437\u043e\u043f\u0430\u0441\u043d\u043e\u0441\u0442\u0438\u00a0\u00a0 \u00a0<br \/>\u00a0\u00a0\u00a0 Kop\u0113j\u0101 jauda\u00a0\u00a0\u00a0 5500 W<\/p><\/p>","protected":false},"excerpt":{"rendered":"<p>Pre\u010du z\u012bme\u00a0\u00a0\u00a0 Schlosser \u00a0\u00a0\u00a0 Tips\u00a0\u00a0\u00a0 Indukcijas\u00a0\u00a0\u00a0 Kr\u0101sa\u00a0\u00a0\u00a0 Melna\/Pel\u0113ka\u00a0\u00a0\u00a0 Sildri\u0146\u0137u skaits\u00a0\u00a0\u00a0 3Vad\u012bba\u00a0\u00a0\u00a0 Vad\u012bba\u00a0\u00a0\u00a0 Sk\u0101rienvad\u012bbaIzm\u0113rs, svars\u00a0\u00a0\u00a0 Izm\u0113ri, cm\u00a0\u00a0\u00a0 5.9x45x52Citi parametri\u00a0\u00a0\u00a0 Taimeris\u00a0\u00a0\u00a0 Ir\u00a0\u00a0\u00a0 B\u0113rnu dro\u0161\u012bbas aizsardz\u012bba\u00a0\u00a0 \u00a0\u00a0\u00a0\u00a0 Kop\u0113j\u0101 jauda\u00a0\u00a0\u00a0 5500 W<\/p>","protected":false},"featured_media":31752,"comment_status":"open","ping_status":"closed","template":"","meta":{"_joinchat":[]},"product_brand":[],"product_cat":[264],"product_tag":[],"class_list":{"0":"post-31754","1":"product","2":"type-product","3":"status-publish","4":"has-post-thumbnail","6":"product_cat-iebuvejama-sadzives-tehnika-iebuvejamas-elektriskas-plits-virsmas","8":"first","9":"instock","10":"shipping-taxable","11":"purchasable","12":"product-type-simple"},"_links":{"self":[{"href":"https:\/\/emeniro.lovehorses.lv\/ru\/wp-json\/wp\/v2\/product\/31754","targetHints":{"allow":["GET"]}}],"collection":[{"href":"https:\/\/emeniro.lovehorses.lv\/ru\/wp-json\/wp\/v2\/product"}],"about":[{"href":"https:\/\/emeniro.lovehorses.lv\/ru\/wp-json\/wp\/v2\/types\/product"}],"replies":[{"embeddable":true,"href":"https:\/\/emeniro.lovehorses.lv\/ru\/wp-json\/wp\/v2\/comments?post=31754"}],"wp:featuredmedia":[{"embeddable":true,"href":"https:\/\/emeniro.lovehorses.lv\/ru\/wp-json\/wp\/v2\/media\/31752"}],"wp:attachment":[{"href":"https:\/\/emeniro.lovehorses.lv\/ru\/wp-json\/wp\/v2\/media?parent=31754"}],"wp:term":[{"taxonomy":"product_brand","embeddable":true,"href":"https:\/\/emeniro.lovehorses.lv\/ru\/wp-json\/wp\/v2\/product_brand?post=31754"},{"taxonomy":"product_cat","embeddable":true,"href":"https:\/\/emeniro.lovehorses.lv\/ru\/wp-json\/wp\/v2\/product_cat?post=31754"},{"taxonomy":"product_tag","embeddable":true,"href":"https:\/\/emeniro.lovehorses.lv\/ru\/wp-json\/wp\/v2\/product_tag?post=31754"}],"curies":[{"name":"wp","href":"https:\/\/api.w.org\/{rel}","templated":true}]}}