{"id":31832,"date":"2026-05-01T01:22:58","date_gmt":"2026-05-01T01:22:58","guid":{"rendered":"https:\/\/emeniro.lovehorses.lv\/product\/mill-abh2000dn\/"},"modified":"2026-05-01T01:22:58","modified_gmt":"2026-05-01T01:22:58","slug":"mill-abh2000dn","status":"publish","type":"product","link":"https:\/\/emeniro.lovehorses.lv\/ru\/product\/mill-abh2000dn\/","title":{"rendered":"Mill ABH2000DN"},"content":{"rendered":"<p>Pre\u010du z\u012bme\u00a0 \u00a0 Mill<\/p>\n<p>\u00a0 \u00a0 Veids\u00a0 \u00a0 E\u013c\u013cas radiators<br \/>\u00a0 \u00a0 Jauda\u00a0 \u00a0 2000 W<br \/>\u00a0 \u00a0 Kr\u0101sa\u00a0 \u00a0 Balta<br \/>\u00a0 \u00a0 Apsild\u0101m\u0101 plat\u012bba (m\u00b2)\u00a0 \u00a0 L\u012bdz 28<br \/>\u00a0 \u00a0 Sildsekciju skaits\u00a0 \u00a0 1<br \/>\u00a0 \u00a0 Re\u017e\u012bmu skaits\u00a0 \u00a0 3<br \/>\u00a0 \u00a0 Jaudas regulators\u00a0 \u00a0 Elektronisks<br \/>\u00a0 \u00a0 Izm\u0113ri cm (AxPxDz)\u00a0 \u00a0 65.6\u00d742.0x15.0<\/p><\/p>","protected":false},"excerpt":{"rendered":"<p>Pre\u010du z\u012bme\u00a0 \u00a0 Mill \u00a0 \u00a0 Veids\u00a0 \u00a0 E\u013c\u013cas radiators\u00a0 \u00a0 Jauda\u00a0 \u00a0 2000 W\u00a0 \u00a0 Kr\u0101sa\u00a0 \u00a0 Balta\u00a0 \u00a0 Apsild\u0101m\u0101 plat\u012bba (m\u00b2)\u00a0 \u00a0 L\u012bdz 28\u00a0 \u00a0 Sildsekciju skaits\u00a0 \u00a0 1\u00a0 \u00a0 Re\u017e\u012bmu skaits\u00a0 \u00a0 3\u00a0 \u00a0 Jaudas regulators\u00a0 \u00a0 Elektronisks\u00a0 \u00a0 Izm\u0113ri cm (AxPxDz)\u00a0 \u00a0 65.6\u00d742.0&#215;15.0<\/p>","protected":false},"featured_media":31827,"comment_status":"open","ping_status":"closed","template":"","meta":{"_joinchat":[]},"product_brand":[],"product_cat":[288],"product_tag":[],"class_list":{"0":"post-31832","1":"product","2":"type-product","3":"status-publish","4":"has-post-thumbnail","6":"product_cat-siltumtehnika-silditaji-ar-gaisu-sildelementu","8":"first","9":"instock","10":"shipping-taxable","11":"purchasable","12":"product-type-simple"},"_links":{"self":[{"href":"https:\/\/emeniro.lovehorses.lv\/ru\/wp-json\/wp\/v2\/product\/31832","targetHints":{"allow":["GET"]}}],"collection":[{"href":"https:\/\/emeniro.lovehorses.lv\/ru\/wp-json\/wp\/v2\/product"}],"about":[{"href":"https:\/\/emeniro.lovehorses.lv\/ru\/wp-json\/wp\/v2\/types\/product"}],"replies":[{"embeddable":true,"href":"https:\/\/emeniro.lovehorses.lv\/ru\/wp-json\/wp\/v2\/comments?post=31832"}],"wp:featuredmedia":[{"embeddable":true,"href":"https:\/\/emeniro.lovehorses.lv\/ru\/wp-json\/wp\/v2\/media\/31827"}],"wp:attachment":[{"href":"https:\/\/emeniro.lovehorses.lv\/ru\/wp-json\/wp\/v2\/media?parent=31832"}],"wp:term":[{"taxonomy":"product_brand","embeddable":true,"href":"https:\/\/emeniro.lovehorses.lv\/ru\/wp-json\/wp\/v2\/product_brand?post=31832"},{"taxonomy":"product_cat","embeddable":true,"href":"https:\/\/emeniro.lovehorses.lv\/ru\/wp-json\/wp\/v2\/product_cat?post=31832"},{"taxonomy":"product_tag","embeddable":true,"href":"https:\/\/emeniro.lovehorses.lv\/ru\/wp-json\/wp\/v2\/product_tag?post=31832"}],"curies":[{"name":"wp","href":"https:\/\/api.w.org\/{rel}","templated":true}]}}