{"id":31845,"date":"2026-05-01T01:23:13","date_gmt":"2026-05-01T01:23:13","guid":{"rendered":"https:\/\/emeniro.lovehorses.lv\/product\/aeg-lfr95967ue\/"},"modified":"2026-05-01T01:23:13","modified_gmt":"2026-05-01T01:23:13","slug":"aeg-lfr95967ue","status":"publish","type":"product","link":"https:\/\/emeniro.lovehorses.lv\/ru\/product\/aeg-lfr95967ue\/","title":{"rendered":"AEG LFR95967UE"},"content":{"rendered":"<p>ABSOLUTECARE\u00ae \u0421 \u0422\u0415\u0425\u041d\u041e\u041b\u041e\u0413\u0418\u0415\u0419 SOFTWATER. \u0411\u0415\u0417 \u041e\u0422\u0411\u0415\u041b\u0418\u0412\u0410\u041d\u0418\u042f.* \u0417\u0410\u0429\u0418\u0429\u0415\u041d\u041d\u0410\u042f \u0424\u041e\u0420\u041c\u0410**<\/p>\n<p>\u0417\u0430\u0449\u0438\u0449\u0430\u0435\u0442 \u0442\u043a\u0430\u043d\u0438 \u0438 \u0446\u0432\u0435\u0442\u0430. \u0422\u0435\u0445\u043d\u043e\u043b\u043e\u0433\u0438\u044f Softwater \u0444\u0438\u043b\u044c\u0442\u0440\u0443\u0435\u0442 \u0430\u043a\u0442\u0438\u0432\u043d\u044b\u0435 \u043c\u0438\u043d\u0435\u0440\u0430\u043b\u044b \u0438\u0437 \u0432\u043e\u0434\u044b, \u0443\u043c\u0435\u043d\u044c\u0448\u0430\u044f \u0432\u044b\u0446\u0432\u0435\u0442\u0430\u043d\u0438\u0435 \u0446\u0432\u0435\u0442\u0430 \u0432 \u043f\u0435\u0440\u0432\u044b\u0435 50 \u0441\u0442\u0438\u0440\u043e\u043a* \u0438 \u0443\u043b\u0443\u0447\u0448\u0430\u044f \u0441\u043e\u0445\u0440\u0430\u043d\u0435\u043d\u0438\u0435 \u0444\u043e\u0440\u043c\u044b.** \u041f\u043e\u0434\u0434\u0435\u0440\u0436\u0438\u0432\u0430\u0435\u0442 \u0445\u043e\u0440\u043e\u0448\u0438\u0439 \u0432\u043d\u0435\u0448\u043d\u0438\u0439 \u0432\u0438\u0434 \u043e\u0434\u0435\u0436\u0434\u044b \u0434\u043e\u043b\u044c\u0448\u0435 \u0438 \u043e\u0431\u0435\u0441\u043f\u0435\u0447\u0438\u0432\u0430\u0435\u0442 \u043e\u0442\u043b\u0438\u0447\u043d\u0443\u044e \u0437\u0430\u0449\u0438\u0442\u0443 \u0446\u0432\u0435\u0442\u0430.<\/p>\n<p>\u201c* Piel\u0101gots meln\u0101 poliestera kr\u0101sas notur\u012bbas tests p\u0113c 50 cikliem 30 \u00b0C temperat\u016br\u0101 ar SoftWater tehnolo\u0123iju ** Iek\u0161\u0113j\u0101 p\u0101rbaude par\u0101d\u012bja, ka kokvilnas audumi, kas kokvilnas cikl\u0101 mazg\u0101ti ar SoftWater ciet\u0101 \u016bden\u012b, saruka maz\u0101k nek\u0101 tie, kas mazg\u0101ti nefiltr\u0113t\u0101 ciet\u0101 \u016bden\u012b.\u201d<br \/>\u041f\u0415\u0420\u0421\u041e\u041d\u0410\u041b\u0418\u0417\u0418\u0420\u041e\u0412\u0410\u041d\u041d\u041e\u0415 \u0414\u0418\u0421\u0422\u0410\u041d\u0426\u0418\u041e\u041d\u041d\u041e\u0415 \u0423\u041f\u0420\u0410\u0412\u041b\u0415\u041d\u0418\u0415 \u0412\u0410\u0428\u0418\u041c \u0423\u0421\u0422\u0420\u041e\u0419\u0421\u0422\u0412\u041e\u041c \u0421 \u041f\u041e\u041c\u041e\u0429\u042c\u042e AEG CONNECT<\/p>\n<p>\u0418\u0441\u043f\u043e\u043b\u044c\u0437\u0443\u0439\u0442\u0435 \u043f\u0440\u0438\u043b\u043e\u0436\u0435\u043d\u0438\u0435 My AEG Care \u0434\u043b\u044f \u043f\u0435\u0440\u0441\u043e\u043d\u0430\u043b\u0438\u0437\u0430\u0446\u0438\u0438 \u043d\u0430\u0441\u0442\u0440\u043e\u0435\u043a \u0438 \u043f\u043e\u043b\u0443\u0447\u0435\u043d\u0438\u044f \u0443\u043c\u043d\u044b\u0445 \u0441\u043e\u0432\u0435\u0442\u043e\u0432 \u0438 \u0440\u0435\u043a\u043e\u043c\u0435\u043d\u0434\u0430\u0446\u0438\u0439. \u041d\u0430\u0441\u0442\u0440\u0430\u0438\u0432\u0430\u0439\u0442\u0435 \u0441\u0432\u043e\u0438 \u0446\u0438\u043a\u043b\u044b \u0441\u0442\u0438\u0440\u043a\u0438 \u0438 \u043e\u0442\u043f\u0440\u0430\u0432\u043b\u044f\u0439\u0442\u0435 \u0438\u043d\u0441\u0442\u0440\u0443\u043a\u0446\u0438\u0438 \u043d\u0430 \u0443\u0441\u0442\u0440\u043e\u0439\u0441\u0442\u0432\u043e \u0434\u043b\u044f \u0430\u0434\u0430\u043f\u0442\u0430\u0446\u0438\u0438 \u043f\u043e\u0434 \u0432\u0430\u0448\u0438 \u043f\u043e\u0442\u0440\u0435\u0431\u043d\u043e\u0441\u0442\u0438 \u0438 \u043f\u0440\u0438\u0432\u044b\u0447\u043a\u0438. \u0423\u043c\u043d\u044b\u0439 \u0438 \u043f\u0440\u043e\u0441\u0442\u043e\u0439 \u0443\u0445\u043e\u0434 \u0432 \u0441\u043c\u0430\u0440\u0442\u0444\u043e\u043d\u0435.<br \/>\u042d\u0424\u0424\u0415\u041a\u0422\u0418\u0412\u041d\u0410\u042f \u0421\u0422\u0418\u0420\u041a\u0410 \u0417\u0410 \u041c\u0415\u041d\u0415\u0415 \u0427\u0415\u041c \u0417\u0410 1 \u0427\u0410\u0421 \u041f\u0420\u0418 30\u00b0C<\/p>\n<p>PowerCare \u0438\u0441\u043f\u043e\u043b\u044c\u0437\u0443\u0435\u0442 \u0443\u043d\u0438\u043a\u0430\u043b\u044c\u043d\u0443\u044e \u0442\u0435\u0445\u043d\u043e\u043b\u043e\u0433\u0438\u044e \u0431\u044b\u0441\u0442\u0440\u043e\u0433\u043e \u0441\u043c\u0435\u0448\u0438\u0432\u0430\u043d\u0438\u044f \u043c\u043e\u044e\u0449\u0438\u0445 \u0441\u0440\u0435\u0434\u0441\u0442\u0432 \u0434\u043b\u044f \u0440\u0430\u0432\u043d\u043e\u043c\u0435\u0440\u043d\u043e\u0433\u043e \u0440\u0430\u0441\u043f\u0440\u0435\u0434\u0435\u043b\u0435\u043d\u0438\u044f \u0441\u0440\u0435\u0434\u0441\u0442\u0432\u0430 \u043f\u043e \u0432\u0430\u0448\u0435\u0439 \u043e\u0434\u0435\u0436\u0434\u0435, \u043e\u0431\u0435\u0441\u043f\u0435\u0447\u0438\u0432\u0430\u044f \u0431\u0435\u0437\u0443\u043f\u0440\u0435\u0447\u043d\u0443\u044e \u0447\u0438\u0441\u0442\u043e\u0442\u0443. \u041c\u043e\u044e\u0449\u0438\u0435 \u0441\u0440\u0435\u0434\u0441\u0442\u0432\u0430 \u044d\u0444\u0444\u0435\u043a\u0442\u0438\u0432\u043d\u044b \u0434\u0430\u0436\u0435 \u043f\u0440\u0438 30\u00b0C \u0438 \u043e\u0431\u0435\u0441\u043f\u0435\u0447\u0438\u0432\u0430\u044e\u0442 \u043e\u0442\u043b\u0438\u0447\u043d\u044b\u0435 \u0440\u0435\u0437\u0443\u043b\u044c\u0442\u0430\u0442\u044b \u0441\u0442\u0438\u0440\u043a\u0438 \u043c\u0435\u043d\u0435\u0435 \u0447\u0435\u043c \u0437\u0430 \u0447\u0430\u0441.<br \/>\u041e\u0421\u0412\u0415\u0416\u0415\u041d\u0418\u0415 \u041e\u0414\u0415\u0416\u0414\u042b \u0418 \u0423\u041c\u0415\u041d\u042c\u0428\u0415\u041d\u0418\u0415 \u0421\u041c\u042f\u0422\u041e\u0421\u0422\u0415\u0419<\/p>\n<p>Steam Refresh \u043d\u0435\u0439\u0442\u0440\u0430\u043b\u0438\u0437\u0443\u0435\u0442 \u0437\u0430\u043f\u0430\u0445\u0438* \u0438 \u0443\u043c\u0435\u043d\u044c\u0448\u0430\u0435\u0442 \u0441\u043c\u044f\u0442\u043e\u0441\u0442\u0438 \u0432\u0441\u0435\u0433\u043e \u0437\u0430 25 \u043c\u0438\u043d\u0443\u0442 \u2014 \u0434\u0430\u0436\u0435 \u043d\u0430 \u0434\u0435\u043b\u0438\u043a\u0430\u0442\u043d\u044b\u0445 \u0442\u043a\u0430\u043d\u044f\u0445. \u0410 \u0435\u0441\u043b\u0438 \u0445\u043e\u0442\u0438\u0442\u0435 \u0434\u043e\u043f\u043e\u043b\u043d\u0438\u0442\u0435\u043b\u044c\u043d\u0443\u044e \u0441\u0432\u0435\u0436\u0435\u0441\u0442\u044c, \u0434\u043e\u0431\u0430\u0432\u044c\u0442\u0435 \u043d\u0430\u0448 \u0430\u0440\u043e\u043c\u0430\u0442\u0438\u0447\u0435\u0441\u043a\u0438\u0439 \u043f\u0430\u0440\u043e\u043e\u0441\u0432\u0435\u0436\u0438\u0442\u0435\u043b\u044c. \u041e\u043d \u043f\u0440\u0438\u0434\u0430\u0441\u0442 \u0441\u0432\u0435\u0436\u0435\u043c\u0443, \u0442\u043e\u043b\u044c\u043a\u043e \u0447\u0442\u043e \u043f\u043e\u0441\u0442\u0438\u0440\u0430\u043d\u043d\u043e\u043c\u0443 \u0433\u0430\u0440\u0434\u0435\u0440\u043e\u0431\u0443 \u043f\u0440\u0438\u044f\u0442\u043d\u044b\u0439 \u0430\u0440\u043e\u043c\u0430\u0442.<\/p>\n<p>*\u041f\u0440\u043e\u0432\u0435\u0440\u043a\u0438 \u0441 \u0443\u0447\u0430\u0441\u0442\u0438\u0435\u043c \u043a\u043b\u0438\u0435\u043d\u0442\u043e\u0432 \u043f\u043e\u043a\u0430\u0437\u0430\u043b\u0438, \u0447\u0442\u043e \u043f\u0430\u0440\u043e\u043e\u0441\u0432\u0435\u0436\u0430\u044e\u0449\u0438\u0439 \u0446\u0438\u043a\u043b \u043d\u0435\u0439\u0442\u0440\u0430\u043b\u0438\u0437\u0443\u0435\u0442 \u0437\u0430\u043f\u0430\u0445 \u0441\u0438\u0433\u0430\u0440\u0435\u0442\u043d\u043e\u0433\u043e \u0434\u044b\u043c\u0430.<br \/>\u041d\u041e\u0412\u042b\u0419 \u0423\u0420\u041e\u0412\u0415\u041d\u042c \u0423\u0425\u041e\u0414\u0410 \u0417\u0410 \u0421\u0422\u0418\u0420\u041a\u041e\u0419<\/p>\n<p>\u041f\u043e\u0440\u0430 \u043b\u0443\u0447\u0448\u0435 \u0437\u0430\u0431\u043e\u0442\u0438\u0442\u044c\u0441\u044f \u043e \u0432\u0430\u0448\u0435\u0439 \u043b\u044e\u0431\u0438\u043c\u043e\u0439 \u043e\u0434\u0435\u0436\u0434\u0435. \u0421\u0442\u0438\u0440\u0430\u043b\u044c\u043d\u0430\u044f \u043c\u0430\u0448\u0438\u043d\u0430 AEG \u2014 \u043b\u0443\u0447\u0448\u0438\u0439 \u0441\u043f\u043e\u0441\u043e\u0431 \u0441\u043e\u0445\u0440\u0430\u043d\u0438\u0442\u044c \u0432\u0430\u0448\u0443 \u043e\u0434\u0435\u0436\u0434\u0443 \u043a\u0430\u043a \u043c\u043e\u0436\u043d\u043e \u0434\u043e\u043b\u044c\u0448\u0435 \u0432 \u043e\u0442\u043b\u0438\u0447\u043d\u043e\u043c \u0441\u043e\u0441\u0442\u043e\u044f\u043d\u0438\u0438. \u0414\u0430\u0436\u0435 \u0432\u0435\u0449\u0438, \u043a\u043e\u0442\u043e\u0440\u044b\u0435 \u0434\u043b\u044f \u0432\u0430\u0441 \u0431\u043e\u043b\u044c\u0448\u0435, \u0447\u0435\u043c \u043f\u0440\u043e\u0441\u0442\u043e \u0430\u043a\u043a\u0443\u0440\u0430\u0442\u043d\u043e \u0441\u0448\u0438\u0442\u044b\u0435 \u043a\u0443\u0441\u043e\u0447\u043a\u0438 \u0442\u043a\u0430\u043d\u0438. \u041d\u0430\u0448\u0438 \u0441\u0442\u0438\u0440\u0430\u043b\u044c\u043d\u044b\u0435 \u043c\u0430\u0448\u0438\u043d\u044b \u043e\u0431\u0435\u0441\u043f\u0435\u0447\u0438\u0432\u0430\u044e\u0442 \u043f\u0440\u0435\u0432\u043e\u0441\u0445\u043e\u0434\u043d\u0443\u044e \u043c\u044f\u0433\u043a\u043e\u0441\u0442\u044c \u0438 \u044d\u0444\u0444\u0435\u043a\u0442\u0438\u0432\u043d\u043e\u0441\u0442\u044c \u0441\u0442\u0438\u0440\u043a\u0438, \u043f\u0440\u0438 \u044d\u0442\u043e\u043c \u043f\u043e\u0442\u0440\u0435\u0431\u043b\u044f\u044f \u043c\u0438\u043d\u0438\u043c\u0430\u043b\u044c\u043d\u043e\u0435 \u043a\u043e\u043b\u0438\u0447\u0435\u0441\u0442\u0432\u043e \u044d\u043d\u0435\u0440\u0433\u0438\u0438. <br \/>\u0424\u0443\u043d\u043a\u0446\u0438\u0438:<\/p>\n<p>\u00a0\u00a0\u00a0 \u042d\u041a\u041e \u0438\u043d\u0432\u0435\u0440\u0442\u043e\u0440\u043d\u044b\u0439 \u043c\u043e\u0442\u043e\u0440: \u043c\u0438\u043d\u0438\u043c\u0430\u043b\u044c\u043d\u043e\u0435 \u044d\u043d\u0435\u0440\u0433\u043e\u043f\u043e\u0442\u0440\u0435\u0431\u043b\u0435\u043d\u0438\u0435, \u043c\u0430\u043a\u0441\u0438\u043c\u0430\u043b\u044c\u043d\u0430\u044f \u044d\u0444\u0444\u0435\u043a\u0442\u0438\u0432\u043d\u043e\u0441\u0442\u044c \u0438 \u0434\u043e\u043b\u0433\u043e\u0432\u0435\u0447\u043d\u043e\u0441\u0442\u044c.<br \/>\u00a0\u00a0\u00a0 \u041f\u0440\u043e\u0433\u0440\u0430\u043c\u043c\u0430 \u043f\u0430\u0440\u0430 ProSteam<br \/>\u00a0\u00a0\u00a0 \u0414\u043e\u043f\u043e\u043b\u043d\u0438\u0442\u0435\u043b\u044c\u043d\u0430\u044f \u0444\u0443\u043d\u043a\u0446\u0438\u044f \u043f\u043e\u043b\u043e\u0441\u043a\u0430\u043d\u0438\u0439<br \/>\u00a0\u00a0\u00a0 \u041f\u043e\u0434\u0441\u0432\u0435\u0442\u043a\u0430 \u0431\u0430\u0440\u0430\u0431\u0430\u043d\u0430 \u0434\u043b\u044f \u043e\u043f\u0442\u0438\u043c\u0430\u043b\u044c\u043d\u043e\u0439 \u0432\u0438\u0434\u0438\u043c\u043e\u0441\u0442\u0438 \u0432\u043d\u0443\u0442\u0440\u0438 \u0441\u0442\u0438\u0440\u0430\u043b\u044c\u043d\u043e\u0439 \u043c\u0430\u0448\u0438\u043d\u044b<br \/>\u00a0\u00a0\u00a0 \u0421\u0438\u0441\u0442\u0435\u043c\u0430 \u0431\u0435\u0441\u043f\u0435\u043d\u043d\u043e\u0433\u043e \u043f\u043e\u043b\u043e\u0441\u043a\u0430\u043d\u0438\u044f<br \/>\u00a0\u00a0\u00a0 \u041e\u0442\u0434\u0435\u043b\u0435\u043d\u0438\u044f \u0434\u043b\u044f \u043c\u043e\u044e\u0449\u0438\u0445 \u0441\u0440\u0435\u0434\u0441\u0442\u0432: 2+1<br \/>\u00a0\u00a0\u00a0 \u0414\u0435\u0442\u0441\u043a\u0438\u0439 \u0437\u0430\u043c\u043e\u043a<br \/>\u00a0\u00a0\u00a0 \u041d\u043e\u0436\u043a\u0438: 4 \u0440\u0435\u0433\u0443\u043b\u0438\u0440\u0443\u0435\u043c\u044b\u0445<br \/>\u00a0\u00a0\u00a0 \u0417\u0430\u0449\u0438\u0442\u0430 \u043e\u0442 \u043f\u0440\u043e\u0442\u0435\u0447\u0435\u043a \u0441 \u0434\u0430\u0442\u0447\u0438\u043a\u043e\u043c Aqua Control<br \/>\u00a0\u00a0\u00a0 \u041f\u0440\u043e\u0433\u0440\u0430\u043c\u043c\u044b \u0441\u0442\u0438\u0440\u043a\u0438: \u0441\u043c\u0435\u0448\u0430\u043d\u043d\u044b\u0435 \u0442\u043a\u0430\u043d\u0438, 49 \u043c\u0438\u043d, Eco 40-60, \u0445\u043b\u043e\u043f\u043e\u043a, \u0441\u0438\u043d\u0442\u0435\u0442\u0438\u043a\u0430, \u0434\u0435\u043b\u0438\u043a\u0430\u0442\u043d\u0430\u044f \u0441\u0442\u0438\u0440\u043a\u0430, \u0448\u0435\u0440\u0441\u0442\u044c, 20 \u043c\u0438\u043d 3 \u043a\u0433, \u043f\u0430\u0440, \u0432\u0435\u0440\u0445\u043d\u044f\u044f \u043e\u0434\u0435\u0436\u0434\u0430, \u0433\u0438\u0433\u0438\u0435\u043d\u0430, \u043f\u043e\u043b\u043e\u0441\u043a\u0430\u043d\u0438\u0435, \u043e\u0442\u0436\u0438\u043c\/\u0441\u043b\u0438\u0432 <br \/>\u0422\u0435\u0445\u043d\u0438\u0447\u0435\u0441\u043a\u0438\u0435 \u0434\u0430\u043d\u043d\u044b\u0435:<\/p>\n<p>\u0420\u0430\u0431\u043e\u0442\u0430<\/p>\n<p>\u00a0\u00a0\u00a0 \u0412\u043c\u0435\u0441\u0442\u0438\u043c\u043e\u0441\u0442\u044c \u0441\u0442\u0438\u0440\u043a\u0438, \u043a\u0433: 9<br \/>\u00a0\u00a0\u00a0 \u041e\u0431\u044a\u0435\u043c \u0431\u0430\u0440\u0430\u0431\u0430\u043d\u0430, \u043b: 69<\/p>\n<p>\u0423\u0441\u0442\u0430\u043d\u043e\u0432\u043a\u0430<\/p>\n<p>\u00a0\u00a0\u00a0 \u0420\u0430\u0437\u043c\u0435\u0440\u044b \u0443\u0441\u0442\u0440\u043e\u0439\u0441\u0442\u0432\u0430 \u0412x\u0428x\u0413, (\u043c\u043c): 847x597x631<br \/>\u00a0\u00a0\u00a0 \u041c\u0430\u043a\u0441\u0438\u043c\u0430\u043b\u044c\u043d\u0430\u044f \u0433\u043b\u0443\u0431\u0438\u043d\u0430, \u043c\u043c: 660<br \/>\u00a0\u00a0\u00a0 Kr\u0101sa: balta<br \/>\u00a0\u00a0\u00a0 \u041f\u043e\u0434\u0430\u0447\u0430 \u0432\u043e\u0434\u044b: \u0445\u043e\u043b\u043e\u0434\u043d\u0430\u044f<br \/>\u00a0\u00a0\u00a0 \u041d\u0430\u043f\u0440\u044f\u0436\u0435\u043d\u0438\u0435, \u0412: 230<br \/>\u00a0\u00a0\u00a0 \u041c\u043e\u0449\u043d\u043e\u0441\u0442\u044c, \u0412\u0442: 2100<br \/>\u00a0\u00a0\u00a0 \u0414\u043b\u0438\u043d\u0430 \u0448\u043d\u0443\u0440\u0430, \u043c: 1,62<br \/>\u00a0\u00a0\u00a0 \u0412\u0435\u0441 (\u043d\u0435\u0442\u0442\u043e), \u043a\u0433: 81,5<\/p>\n<p>\u042d\u043d\u0435\u0440\u0433\u0438\u044f<\/p>\n<p>\u00a0\u00a0\u00a0 \u041f\u043e\u0442\u0440\u0435\u0431\u043b\u0435\u043d\u0438\u0435 \u044d\u043d\u0435\u0440\u0433\u0438\u0438 \u043d\u0430 100 \u0446\u0438\u043a\u043b\u043e\u0432, \u043a\u0412\u0442\u00b7\u0447: 39<br \/>\u00a0\u00a0\u00a0 \u041a\u043b\u0430\u0441\u0441 \u044d\u043d\u0435\u0440\u0433\u043e\u043f\u043e\u0442\u0440\u0435\u0431\u043b\u0435\u043d\u0438\u044f \u043f\u0440\u0438 \u043e\u0442\u0436\u0438\u043c\u0435: A<br \/>\u00a0\u00a0\u00a0 \u041c\u0430\u043a\u0441\u0438\u043c\u0430\u043b\u044c\u043d\u0430\u044f \u0441\u043a\u043e\u0440\u043e\u0441\u0442\u044c \u043e\u0442\u0436\u0438\u043c\u0430, \u043e\u0431\/\u043c\u0438\u043d: 1551<br \/>\u00a0\u00a0\u00a0 \u0423\u0440\u043e\u0432\u0435\u043d\u044c \u0448\u0443\u043c\u0430 \u043f\u0440\u0438 \u043e\u0442\u0436\u0438\u043c\u0435, \u0434\u0411(\u0410): 76<\/p>\n<p>\u041f\u0440\u043e\u0447\u0435\u0435<\/p>\n<p>\u00a0\u00a0\u00a0 \u041a\u043e\u0434 \u043f\u0440\u043e\u0434\u0443\u043a\u0442\u0430 (PNC): 914 501 236<br \/>\u00a0\u00a0\u00a0 \u0421\u0435\u0440\u0438\u044f: \u0421\u0435\u0440\u0438\u044f 9000 AbsoluteCare\u00ae<br \/>\u00a0\u00a0\u00a0 \u0422\u0435\u0445\u043d\u043e\u043b\u043e\u0433\u0438\u044f \u0441\u0442\u0438\u0440\u043a\u0438: Oko Mix<br \/>\u00a0\u00a0\u00a0 \u0414\u0438\u0441\u043f\u043b\u0435\u0439: \u0431\u043e\u043b\u044c\u0448\u043e\u0439 \u0431\u0435\u043b\u044b\u0439 LED<br \/>\u00a0\u00a0\u00a0 \u0414\u0438\u0437\u0430\u0439\u043d: A.5<br \/>\u00a0\u00a0\u00a0 \u0414\u043e\u043f\u043e\u043b\u043d\u0438\u0442\u0435\u043b\u044c\u043d\u044b\u0435 \u043f\u0440\u043e\u0433\u0440\u0430\u043c\u043c\u044b \u0441 \u0443\u043c\u043d\u044b\u043c \u043f\u0440\u0438\u043b\u043e\u0436\u0435\u043d\u0438\u0435\u043c: \u0441\u043f\u043e\u0440\u0442\u0438\u0432\u043d\u0430\u044f \u043e\u0434\u0435\u0436\u0434\u0430, \u0435\u0436\u0435\u0434\u043d\u0435\u0432\u043d\u044b\u0435 \u0442\u0440\u0435\u043d\u0438\u0440\u043e\u0432\u043a\u0438, \u043f\u0443\u0445\u043e\u0432\u0438\u043a, \u0444\u0443\u0442\u0431\u043e\u043b\/\u0440\u0435\u0433\u0431\u0438, \u043b\u044b\u0436\u043d\u0430\u044f \u043e\u0434\u0435\u0436\u0434\u0430, \u0431\u0435\u0433\u043e\u0432\u044b\u0435 \u043a\u0440\u043e\u0441\u0441\u043e\u0432\u043a\u0438, \u043f\u043e\u0441\u0442\u0435\u043b\u044c XL, \u043e\u0434\u0435\u044f\u043b\u043e, \u0448\u0442\u043e\u0440\u044b, \u043f\u043e\u0434\u0443\u0448\u043a\u0430, \u043f\u043e\u043b\u043e\u0442\u0435\u043d\u0446\u0430, \u0448\u0435\u0440\u0441\u0442\u044c \u0434\u043e\u043c\u0430\u0448\u043d\u0438\u0445 \u0436\u0438\u0432\u043e\u0442\u043d\u044b\u0445, \u0433\u043b\u0430\u0436\u043a\u0430, \u0430\u043d\u0442\u0438\u0430\u043b\u043b\u0435\u0440\u0433\u0435\u043d\u043d\u044b\u0439 \u043f\u0430\u0440, \u0434\u0436\u0438\u043d\u0441\u044b, \u0448\u0435\u043b\u043a, \u0434\u0435\u0442\u0441\u043a\u0430\u044f \u043e\u0434\u0435\u0436\u0434\u0430, \u043e\u0434\u0435\u0436\u0434\u0430, \u0431\u044b\u0441\u0442\u0440\u0430\u044f \u043f\u0440\u043e\u0433\u0440\u0430\u043c\u043c\u0430, \u0440\u0443\u0431\u0430\u0448\u043a\u0430, \u0447\u0438\u0441\u0442\u043a\u0430 \u043a\u0430\u0448\u0435\u043c\u0438\u0440\u0430.<br \/>\u00a0\u00a0\u00a0 \u041f\u043e\u0434\u0441\u0432\u0435\u0442\u043a\u0430 \u0431\u0430\u0440\u0430\u0431\u0430\u043d\u0430: \u0414\u0430<\/p><\/p>","protected":false},"excerpt":{"rendered":"<p>ABSOLUTECARE\u00ae AR SOFTWATER TEHNOLO\u0122IJU. BEZ BAL\u0112\u0160ANAS.* AIZSARG\u0100TA FORMA** Aizsarg\u0101 audumus un kr\u0101sas. Softwater tehnolo\u0123ija filtr\u0113 akt\u012bvos miner\u0101lus no \u016bdens, samazinot kr\u0101sas izbal\u0113\u0161anu pirmaj\u0101s 50 mazg\u0101\u0161anas reiz\u0113s* un uzlabojot formas saglab\u0101\u0161anu.** Saglab\u0101 ap\u0123\u0113rbu labu izskatu ilg\u0101k un nodro\u0161ina lielisku kr\u0101su aizsardz\u012bbu. \u201c* Piel\u0101gots meln\u0101 poliestera kr\u0101sas notur\u012bbas tests p\u0113c 50 cikliem 30 \u00b0C temperat\u016br\u0101 ar SoftWater [&hellip;]<\/p>\n","protected":false},"featured_media":31843,"comment_status":"open","ping_status":"closed","template":"","meta":{"_joinchat":[]},"product_brand":[262],"product_cat":[285],"product_tag":[],"class_list":{"0":"post-31845","1":"product","2":"type-product","3":"status-publish","4":"has-post-thumbnail","6":"product_brand-aeg","7":"product_cat-sadzives-tehnika-velas-masinas-ar-frontalo-ieladi","9":"first","10":"instock","11":"shipping-taxable","12":"purchasable","13":"product-type-simple"},"_links":{"self":[{"href":"https:\/\/emeniro.lovehorses.lv\/ru\/wp-json\/wp\/v2\/product\/31845","targetHints":{"allow":["GET"]}}],"collection":[{"href":"https:\/\/emeniro.lovehorses.lv\/ru\/wp-json\/wp\/v2\/product"}],"about":[{"href":"https:\/\/emeniro.lovehorses.lv\/ru\/wp-json\/wp\/v2\/types\/product"}],"replies":[{"embeddable":true,"href":"https:\/\/emeniro.lovehorses.lv\/ru\/wp-json\/wp\/v2\/comments?post=31845"}],"wp:featuredmedia":[{"embeddable":true,"href":"https:\/\/emeniro.lovehorses.lv\/ru\/wp-json\/wp\/v2\/media\/31843"}],"wp:attachment":[{"href":"https:\/\/emeniro.lovehorses.lv\/ru\/wp-json\/wp\/v2\/media?parent=31845"}],"wp:term":[{"taxonomy":"product_brand","embeddable":true,"href":"https:\/\/emeniro.lovehorses.lv\/ru\/wp-json\/wp\/v2\/product_brand?post=31845"},{"taxonomy":"product_cat","embeddable":true,"href":"https:\/\/emeniro.lovehorses.lv\/ru\/wp-json\/wp\/v2\/product_cat?post=31845"},{"taxonomy":"product_tag","embeddable":true,"href":"https:\/\/emeniro.lovehorses.lv\/ru\/wp-json\/wp\/v2\/product_tag?post=31845"}],"curies":[{"name":"wp","href":"https:\/\/api.w.org\/{rel}","templated":true}]}}