{"id":31904,"date":"2026-05-01T01:24:33","date_gmt":"2026-05-01T01:24:33","guid":{"rendered":"https:\/\/emeniro.lovehorses.lv\/product\/sharp-r242inw-r242-inw\/"},"modified":"2026-05-01T01:24:33","modified_gmt":"2026-05-01T01:24:33","slug":"sharp-r242inw-r242-inw","status":"publish","type":"product","link":"https:\/\/emeniro.lovehorses.lv\/ru\/product\/sharp-r242inw-r242-inw\/","title":{"rendered":"Sharp R242INW ( R242 INW )"},"content":{"rendered":"<p><\/p>\n<p>\u0422\u0438\u043f \u043c\u0438\u043a\u0440\u043e\u0432\u043e\u043b\u043d\u043e\u0432\u043e\u0439 \u043f\u0435\u0447\u0438:<br \/>\u041e\u0442\u0434\u0435\u043b\u044c\u043d\u043e \u0441\u0442\u043e\u044f\u0449\u0430\u044f<br \/>\u041e\u0431\u044a\u0435\u043c (\u043b) 20<br \/>\u041c\u043e\u0449\u043d\u043e\u0441\u0442\u044c \u043c\u0438\u043a\u0440\u043e\u0432\u043e\u043b\u043d (\u0412\u0442) 800<br \/>Grils \u2013<br \/>\u0412\u0440\u0430\u0449\u0430\u044e\u0449\u0430\u044f\u0441\u044f \u043f\u043b\u0430\u0442\u0444\u043e\u0440\u043c\u0430 +<br \/>\u0414\u0438\u0430\u043c\u0435\u0442\u0440 \u0442\u0430\u0440\u0435\u043b\u043a\u0438 (\u0441\u043c) 25,5<br \/>\u0426\u0438\u0444\u0440\u043e\u0432\u043e\u0439 \u0442\u0430\u0439\u043c\u0435\u0440<br \/>\u041e\u0441\u043d\u043e\u0432\u043d\u044b\u0435 \u043f\u0430\u0440\u0430\u043c\u0435\u0442\u0440\u044b:<br \/>\u0414\u0438\u0441\u043f\u043b\u0435\u0439 +<br \/>Kr\u0101sa Melna\/Ner\u016bs\u0113jo\u0161ais t\u0113rauds<br \/>\u0420\u0430\u0437\u043c\u0435\u0440\u044b:<br \/>\u0412\u044b\u0441\u043e\u0442\u0430 (\u0441\u043c) 25,7<br \/>\u0428\u0438\u0440\u0438\u043d\u0430 (\u0441\u043c) 43,9<br \/>\u0413\u043b\u0443\u0431\u0438\u043d\u0430 (\u0441\u043c) 35,8<br \/>\u0412\u0435\u0441 (\u043a\u0433) 10,5<\/p>","protected":false},"excerpt":{"rendered":"<p>Mikrovi\u013c\u0146u kr\u0101sns tips:Br\u012bva st\u0101v\u0113\u0161anaS\u0113jums (L) 20Mikrovi\u013c\u0146u jauda (W) 800Grils \u2013Rot\u0113jo\u0161a b\u0101ze +Pamatnes diametrs (cm) 25,5Digit\u0101lais taimerisParastie parametri:Displejs +Kr\u0101sa Melna\/Ner\u016bs\u0113jo\u0161ais t\u0113raudsIzm\u0113ri:Augstums (cm) 25,7Platums (cm) 43,9Dzi\u013cums (cm) 35,8Svars (Kg) 10,5<\/p>","protected":false},"featured_media":31900,"comment_status":"open","ping_status":"closed","template":"","meta":{"_joinchat":[]},"product_brand":[339],"product_cat":[273],"product_tag":[],"class_list":{"0":"post-31904","1":"product","2":"type-product","3":"status-publish","4":"has-post-thumbnail","6":"product_brand-sharp","7":"product_cat-sadzives-tehnika-mikrovilnu-krasnis","9":"first","10":"instock","11":"shipping-taxable","12":"purchasable","13":"product-type-simple"},"_links":{"self":[{"href":"https:\/\/emeniro.lovehorses.lv\/ru\/wp-json\/wp\/v2\/product\/31904","targetHints":{"allow":["GET"]}}],"collection":[{"href":"https:\/\/emeniro.lovehorses.lv\/ru\/wp-json\/wp\/v2\/product"}],"about":[{"href":"https:\/\/emeniro.lovehorses.lv\/ru\/wp-json\/wp\/v2\/types\/product"}],"replies":[{"embeddable":true,"href":"https:\/\/emeniro.lovehorses.lv\/ru\/wp-json\/wp\/v2\/comments?post=31904"}],"wp:featuredmedia":[{"embeddable":true,"href":"https:\/\/emeniro.lovehorses.lv\/ru\/wp-json\/wp\/v2\/media\/31900"}],"wp:attachment":[{"href":"https:\/\/emeniro.lovehorses.lv\/ru\/wp-json\/wp\/v2\/media?parent=31904"}],"wp:term":[{"taxonomy":"product_brand","embeddable":true,"href":"https:\/\/emeniro.lovehorses.lv\/ru\/wp-json\/wp\/v2\/product_brand?post=31904"},{"taxonomy":"product_cat","embeddable":true,"href":"https:\/\/emeniro.lovehorses.lv\/ru\/wp-json\/wp\/v2\/product_cat?post=31904"},{"taxonomy":"product_tag","embeddable":true,"href":"https:\/\/emeniro.lovehorses.lv\/ru\/wp-json\/wp\/v2\/product_tag?post=31904"}],"curies":[{"name":"wp","href":"https:\/\/api.w.org\/{rel}","templated":true}]}}