{"id":31969,"date":"2026-05-01T01:25:59","date_gmt":"2026-05-01T01:25:59","guid":{"rendered":"https:\/\/emeniro.lovehorses.lv\/product\/lg-ms2535gib\/"},"modified":"2026-05-01T01:25:59","modified_gmt":"2026-05-01T01:25:59","slug":"lg-ms2535gib","status":"publish","type":"product","link":"https:\/\/emeniro.lovehorses.lv\/ru\/product\/lg-ms2535gib\/","title":{"rendered":"LG MS2535GIB"},"content":{"rendered":"<\/p>\n<p>Jauda:\u00a0 1000 W\u00a0\u00a0<br \/>Vad\u012bbas tips:\u00a0 Elektronisk\u0101\u00a0\u00a0<br \/>\u0414\u0438\u0441\u043f\u043b\u0435\u0439: LED \u0434\u0438\u0441\u043f\u043b\u0435\u0439\u00a0\u00a0<br \/>Durvju atv\u0113r\u0161anas veids:\u00a0 Atv\u0113r\u0161anas poga (Sk\u0101rienjut\u012bga vad\u012bba)\u00a0\u00a0<br \/>\u041a\u0430\u043c\u0435\u0440\u0430 \u043c\u0438\u043a\u0440\u043e\u0432\u043e\u043b\u043d\u043e\u0432\u043e\u0439 \u043f\u0435\u0447\u0438<br \/>Kameras tilpums:\u00a0 25 l\u00a0\u00a0<br \/>\u0414\u0438\u0430\u043c\u0435\u0442\u0440 \u043c\u0438\u0441\u043a\u0438: 29,2 \u0441\u043c\u00a0\u00a0<br \/>\u0412\u043d\u0443\u0442\u0440\u0435\u043d\u043d\u0435\u0435 \u043f\u043e\u043a\u0440\u044b\u0442\u0438\u0435 \u043a\u0430\u043c\u0435\u0440\u044b: \u041a\u0435\u0440\u0430\u043c\u0438\u043a\u0430\u00a0\u00a0<br \/>\u041e\u0441\u0432\u0435\u0449\u0435\u043d\u0438\u0435 \u043a\u0430\u043c\u0435\u0440\u044b: \u0414\u0430\u00a0\u00a0<br \/>Grils:\u00a0 Nav\u00a0\u00a0<br \/>\u0420\u0415\u0416\u0418\u041c\u042b \u0420\u0410\u0411\u041e\u0422\u042b<br \/>Autom\u0101tiska pagatavo\u0161ana:\u00a0 Ir\u00a0\u00a0<br \/>Autom\u0101tiska atkaus\u0113\u0161ana:\u00a0 Ir\u00a0\u00a0<br \/>KOP\u0112JIE PARAMETRI<br \/>Vad\u012bbas blo\u0137\u0113\u0161ana \u201caizsardz\u012bba no b\u0113rniem\u201d:\u00a0 Ir\u00a0\u00a0<br \/>\u0426\u0432\u0435\u0442: \u0427\u0451\u0440\u043d\u044b\u0439\u00a0\u00a0<br \/>\u0420\u0430\u0437\u043c\u0435\u0440\u044b (\u0412x\u0428x\u0413):<br \/>27,2 x 47,6 x 36,8 \u0441\u043c<\/p>","protected":false},"excerpt":{"rendered":"<p>Jauda:\u00a0 1000 W\u00a0\u00a0Vad\u012bbas tips:\u00a0 Elektronisk\u0101\u00a0\u00a0Displejs: LED displejs\u00a0\u00a0Durvju atv\u0113r\u0161anas veids:\u00a0 Atv\u0113r\u0161anas poga (Sk\u0101rienjut\u012bga vad\u012bba)\u00a0\u00a0MIKROVI\u013b\u0145U KR\u0100SNS KAMERAKameras tilpums:\u00a0 25 l\u00a0\u00a0B\u013codas diametrs: 29,2 cm\u00a0\u00a0Iek\u0161\u0113jais kameras p\u0101rkl\u0101jums: Keramika\u00a0\u00a0Kameras apgaismojums: Ir\u00a0\u00a0Grils:\u00a0 Nav\u00a0\u00a0DARBA RE\u017d\u012aMIAutom\u0101tiska pagatavo\u0161ana:\u00a0 Ir\u00a0\u00a0Autom\u0101tiska atkaus\u0113\u0161ana:\u00a0 Ir\u00a0\u00a0KOP\u0112JIE PARAMETRIVad\u012bbas blo\u0137\u0113\u0161ana \u201caizsardz\u012bba no b\u0113rniem\u201d:\u00a0 Ir\u00a0\u00a0Kr\u0101sa:Melna\u00a0\u00a0Izm\u0113ri (AxPxDz):27,2 x 47,6 x 36,8 cm<\/p>","protected":false},"featured_media":31967,"comment_status":"open","ping_status":"closed","template":"","meta":{"_joinchat":[]},"product_brand":[112],"product_cat":[273],"product_tag":[],"class_list":{"0":"post-31969","1":"product","2":"type-product","3":"status-publish","4":"has-post-thumbnail","6":"product_brand-lg","7":"product_cat-sadzives-tehnika-mikrovilnu-krasnis","9":"first","10":"instock","11":"shipping-taxable","12":"purchasable","13":"product-type-simple"},"_links":{"self":[{"href":"https:\/\/emeniro.lovehorses.lv\/ru\/wp-json\/wp\/v2\/product\/31969","targetHints":{"allow":["GET"]}}],"collection":[{"href":"https:\/\/emeniro.lovehorses.lv\/ru\/wp-json\/wp\/v2\/product"}],"about":[{"href":"https:\/\/emeniro.lovehorses.lv\/ru\/wp-json\/wp\/v2\/types\/product"}],"replies":[{"embeddable":true,"href":"https:\/\/emeniro.lovehorses.lv\/ru\/wp-json\/wp\/v2\/comments?post=31969"}],"wp:featuredmedia":[{"embeddable":true,"href":"https:\/\/emeniro.lovehorses.lv\/ru\/wp-json\/wp\/v2\/media\/31967"}],"wp:attachment":[{"href":"https:\/\/emeniro.lovehorses.lv\/ru\/wp-json\/wp\/v2\/media?parent=31969"}],"wp:term":[{"taxonomy":"product_brand","embeddable":true,"href":"https:\/\/emeniro.lovehorses.lv\/ru\/wp-json\/wp\/v2\/product_brand?post=31969"},{"taxonomy":"product_cat","embeddable":true,"href":"https:\/\/emeniro.lovehorses.lv\/ru\/wp-json\/wp\/v2\/product_cat?post=31969"},{"taxonomy":"product_tag","embeddable":true,"href":"https:\/\/emeniro.lovehorses.lv\/ru\/wp-json\/wp\/v2\/product_tag?post=31969"}],"curies":[{"name":"wp","href":"https:\/\/api.w.org\/{rel}","templated":true}]}}