{"id":32121,"date":"2026-05-01T01:29:47","date_gmt":"2026-05-01T01:29:47","guid":{"rendered":"https:\/\/emeniro.lovehorses.lv\/product\/miele-wtr870wpm-8kg-63-7cm-ar-zavetaju\/"},"modified":"2026-05-01T01:29:47","modified_gmt":"2026-05-01T01:29:47","slug":"miele-wtr870wpm-8kg-63-7cm-ar-zavetaju","status":"publish","type":"product","link":"https:\/\/emeniro.lovehorses.lv\/ru\/product\/miele-wtr870wpm-8kg-63-7cm-ar-zavetaju\/","title":{"rendered":"Miele WTR870WPM 8 \u043a\u0433 63,7 \u0441\u043c \u0441 \u0441\u0443\u0448\u043a\u043e\u0439!"},"content":{"rendered":"<\/p>\n<p>\u041f\u0440\u043e\u0438\u0437\u0432\u043e\u0434\u0438\u0442\u0435\u043b\u044c Miele<br \/>\u0431\u0435\u043b\u044b\u0439 \u0446\u0432\u0435\u0442<br \/>Uzst\u0101d\u012b\u0161anas veids br\u012bvi st\u0101vo\u0161s<br \/>\u0422\u0438\u043f \u0441\u0442\u0438\u0440\u0430\u043b\u044c\u043d\u043e\u0439 \u043c\u0430\u0448\u0438\u043d\u044b \u0421 \u0441\u0443\u0448\u043a\u043e\u0439<br \/>EAN\u00a04002516362760<br \/>\u042d\u043d\u0435\u0440\u0433\u043e\u043f\u043e\u0442\u0440\u0435\u0431\u043b\u0435\u043d\u0438\u0435 \u0437\u0430 1 \u0446\u0438\u043a\u043b \u0441\u0442\u0438\u0440\u043a\u0438 \u0438 \u0441\u0443\u0448\u043a\u0438 (2021) (\u0441\u0442\u0438\u0440\u0430\u043b\u044c\u043d\u044b\u0435 \u043c\u0430\u0448\u0438\u043d\u044b \u0441 \u0441\u0443\u0448\u043a\u043e\u0439) D<br \/>Ener\u0123ijas pat\u0113ri\u0146\u0161 1 mazg\u0101\u0161anas cikl\u0101\u00a0 (ve\u013cas ma\u0161\u012bnas) A<br \/>Elektr\u012bbas pat\u0113ri\u0146\u0161 100 mazg\u0101\u0161anas un \u017e\u0101v\u0113\u0161anas ciklos\u00a0 (mazg\u0101\u0161anas un \u017e\u0101v\u0113\u0161anas ma\u0161\u012bnas) 262 kWh<br \/>\u041f\u043e\u0442\u0440\u0435\u0431\u043b\u0435\u043d\u0438\u0435 \u044d\u043b\u0435\u043a\u0442\u0440\u043e\u044d\u043d\u0435\u0440\u0433\u0438\u0438 \u0437\u0430 100 \u0446\u0438\u043a\u043b\u043e\u0432 \u0441\u0442\u0438\u0440\u043a\u0438 (\u0441\u0442\u0438\u0440\u0430\u043b\u044c\u043d\u044b\u0435 \u043c\u0430\u0448\u0438\u043d\u044b) 46 \u043a\u0412\u0442\u0447<br \/>\u041c\u043e\u0449\u043d\u043e\u0441\u0442\u044c<br \/>\u0417\u0430\u0433\u0440\u0443\u0437\u043a\u0430 \u0434\u043b\u044f \u0441\u0442\u0438\u0440\u043a\u0438 \u0438 \u0441\u0443\u0448\u043a\u0438 5 \u043a\u0433<br \/>\u0417\u0430\u0433\u0440\u0443\u0437\u043a\u0430 \u0434\u043b\u044f \u0441\u0442\u0438\u0440\u043a\u0438 8 \u043a\u0433<br \/>\u016adens pat\u0113ri\u0146\u0161 vien\u0101 mazg\u0101\u0161anas cikl\u0101\u00a0 (ve\u013cas-\u017e\u0101v\u0113jam\u0101s ma\u0161\u012bnas) 68 l<br \/>\u016adens pat\u0113ri\u0146\u0161 vien\u0101 mazg\u0101\u0161anas cikl\u0101\u00a0 (ve\u013cas ma\u0161\u012bnas) 47 l<br \/>Cikla laiks \u201cECO 40-60\u201d (stundas:min\u016btes)\u00a0 (ve\u013cas ma\u0161\u012bnas un \u017e\u0101v\u0113t\u0101ji) 6:29<br \/>Cikla laiks \u201cECO 40-60\u201d (stundas:min\u016btes)\u00a0 (ve\u013cas ma\u0161\u012bnas) 3:39<br \/>\u0421\u043a\u043e\u0440\u043e\u0441\u0442\u044c \u043e\u0442\u0436\u0438\u043c\u0430 (\u043e\u0431\/\u043c\u0438\u043d) 1600<br \/>\u041a\u043b\u0430\u0441\u0441 \u044d\u043d\u0435\u0440\u0433\u043e\u044d\u0444\u0444\u0435\u043a\u0442\u0438\u0432\u043d\u043e\u0441\u0442\u0438 \u0446\u0435\u043d\u0442\u0440\u0438\u0444\u0443\u0433\u0438 A<br \/>Grie\u0161an\u0101s trok\u0161\u0146a l\u012bmenis\u00a0 69 dB<br \/>\u041a\u043b\u0430\u0441\u0441 \u0430\u043a\u0443\u0441\u0442\u0438\u0447\u0435\u0441\u043a\u043e\u0433\u043e \u0448\u0443\u043c\u0430 A<br \/>\u0420\u0430\u0437\u043c\u0435\u0440\u044b, \u0432\u0435\u0441<br \/>\u0412\u044b\u0441\u043e\u0442\u0430 85 \u0441\u043c<br \/>\u0428\u0438\u0440\u0438\u043d\u0430 59,6 \u0441\u043c<br \/>\u0413\u043b\u0443\u0431\u0438\u043d\u0430 63,7 \u0441\u043c<br \/>\u0412\u0435\u0441 (\u0431\u0435\u0437 \u0443\u043f\u0430\u043a\u043e\u0432\u043a\u0438) 98 \u043a\u0433<br \/>\u0412\u0435\u0441 \u0431\u0440\u0443\u0442\u0442\u043e (\u0432\u0435\u0441 \u0443\u043f\u0430\u043a\u043e\u0432\u043a\u0438) 100 \u043a\u0433<br \/>\u0423\u043f\u0440\u0430\u0432\u043b\u0435\u043d\u0438\u0435<br \/>\u042d\u043b\u0435\u043a\u0442\u0440\u043e\u043d\u043d\u044b\u0439 \u0434\u0438\u0441\u043f\u043b\u0435\u0439<br \/>\u0422\u0438\u043f \u0443\u043f\u0440\u0430\u0432\u043b\u0435\u043d\u0438\u044f \u042d\u043b\u0435\u043a\u0442\u0440\u043e\u043d\u043d\u043e\u0435<br \/>\u0414\u043e\u043f\u043e\u043b\u043d\u0438\u0442\u0435\u043b\u044c\u043d\u044b\u0435 \u0444\u0443\u043d\u043a\u0446\u0438\u0438<br \/>\u041a\u043e\u043b\u0438\u0447\u0435\u0441\u0442\u0432\u043e \u043f\u0440\u043e\u0433\u0440\u0430\u043c\u043c 24 (\u0441\u0442\u0438\u0440\u043a\u0430) + 10 (\u0441\u0443\u0448\u043a\u0430)<br \/>\u041e\u0431\u0440\u0430\u0431\u043e\u0442\u043a\u0430 \u043f\u0430\u0440\u043e\u043c<br \/>\u041e\u0442\u0441\u0440\u043e\u0447\u043a\u0430 \u0437\u0430\u043f\u0443\u0441\u043a\u0430 \u0434\u043e 24 \u0447\u0430\u0441\u043e\u0432<\/p><\/p>","protected":false},"excerpt":{"rendered":"<p>Ra\u017eot\u0101js Mielebalta kr\u0101saUzst\u0101d\u012b\u0161anas veids br\u012bvi st\u0101vo\u0161sVe\u013cas ma\u0161\u012bnas tips Ar \u017e\u0101v\u0113t\u0101juEAN\u00a04002516362760Ener\u0123ijas pat\u0113ri\u0146\u0161 1 ve\u013cas mazg\u0101jam\u0101s ma\u0161\u012bnas un \u017e\u0101v\u0113t\u0101ja cikl\u0101 (2021) (ve\u013cas mazg\u0101jam\u0101s ma\u0161\u012bnas-\u017e\u0101v\u0113t\u0101ji) DEner\u0123ijas pat\u0113ri\u0146\u0161 1 mazg\u0101\u0161anas cikl\u0101\u00a0 (ve\u013cas ma\u0161\u012bnas) AElektr\u012bbas pat\u0113ri\u0146\u0161 100 mazg\u0101\u0161anas un \u017e\u0101v\u0113\u0161anas ciklos\u00a0 (mazg\u0101\u0161anas un \u017e\u0101v\u0113\u0161anas ma\u0161\u012bnas) 262 kWhElektr\u012bbas pat\u0113ri\u0146\u0161 100 mazg\u0101\u0161anas ciklos (ve\u013cas ma\u0161\u012bnas) 46 kWhJaudaVe\u013cas slodze mazg\u0101\u0161anai un \u017e\u0101v\u0113\u0161anai 5 [&hellip;]<\/p>\n","protected":false},"featured_media":32118,"comment_status":"open","ping_status":"closed","template":"","meta":{"_joinchat":[]},"product_brand":[302],"product_cat":[315],"product_tag":[],"class_list":{"0":"post-32121","1":"product","2":"type-product","3":"status-publish","4":"has-post-thumbnail","6":"product_brand-miele","7":"product_cat-sadzives-tehnika-velas-masinas-velas-mazgajamas-masinas-ar-zavetaju","9":"first","10":"instock","11":"shipping-taxable","12":"purchasable","13":"product-type-simple"},"_links":{"self":[{"href":"https:\/\/emeniro.lovehorses.lv\/ru\/wp-json\/wp\/v2\/product\/32121","targetHints":{"allow":["GET"]}}],"collection":[{"href":"https:\/\/emeniro.lovehorses.lv\/ru\/wp-json\/wp\/v2\/product"}],"about":[{"href":"https:\/\/emeniro.lovehorses.lv\/ru\/wp-json\/wp\/v2\/types\/product"}],"replies":[{"embeddable":true,"href":"https:\/\/emeniro.lovehorses.lv\/ru\/wp-json\/wp\/v2\/comments?post=32121"}],"wp:featuredmedia":[{"embeddable":true,"href":"https:\/\/emeniro.lovehorses.lv\/ru\/wp-json\/wp\/v2\/media\/32118"}],"wp:attachment":[{"href":"https:\/\/emeniro.lovehorses.lv\/ru\/wp-json\/wp\/v2\/media?parent=32121"}],"wp:term":[{"taxonomy":"product_brand","embeddable":true,"href":"https:\/\/emeniro.lovehorses.lv\/ru\/wp-json\/wp\/v2\/product_brand?post=32121"},{"taxonomy":"product_cat","embeddable":true,"href":"https:\/\/emeniro.lovehorses.lv\/ru\/wp-json\/wp\/v2\/product_cat?post=32121"},{"taxonomy":"product_tag","embeddable":true,"href":"https:\/\/emeniro.lovehorses.lv\/ru\/wp-json\/wp\/v2\/product_tag?post=32121"}],"curies":[{"name":"wp","href":"https:\/\/api.w.org\/{rel}","templated":true}]}}