{"id":32201,"date":"2026-05-01T01:31:26","date_gmt":"2026-05-01T01:31:26","guid":{"rendered":"https:\/\/emeniro.lovehorses.lv\/product\/boxin-ix-a-60\/"},"modified":"2026-05-01T01:31:26","modified_gmt":"2026-05-01T01:31:26","slug":"boxin-ix-a-60","status":"publish","type":"product","link":"https:\/\/emeniro.lovehorses.lv\/ru\/product\/boxin-ix-a-60\/","title":{"rendered":"BOXIN IX\/ A\/ 60"},"content":{"rendered":"<\/p>\n<p>Ra\u017eot\u0101js\u00a0\u00a0\u00a0\u00a0 Elica<br \/>Ska\u013cuma l\u012bmenis\u00a0\u00a0\u00a0\u00a0 49-60 dB(A)<br \/>Mont\u0101\u017eas tips\u00a0\u00a0\u00a0\u00a0 Leb\u016bv\u0113jams<br \/>Filtrs +\u00a0\u00a0\u00a0\u00a0 Met\u0101la tauku filtrs<br \/>P\u0101rvald\u012bba\u00a0\u00a0\u00a0\u00a0 Meh\u0101nisks<br \/>Ekstrakcijas jauda atbilsto\u0161i IEC 61591, m\u00b3\/h +\u00a0\u00a0\u00a0\u00a0 650<br \/>Dzin\u0113ju skaits\u00a0\u00a0\u00a0\u00a0 1<br \/>Jaudas interv\u0101ls, m\u00b3\/h +\u00a0\u00a0\u00a0\u00a0 600 \u2013 799<br \/>Platuma interv\u0101ls, cm\u00a0\u00a0\u00a0\u00a0 50 \u2013 59 cm<br \/>Ener\u0123ijas klase\u00a0\u00a0\u00a0\u00a0 D<br \/>Produkta kategorija\u00a0\u00a0\u00a0\u00a0 Tvaika nos\u016bc\u0113ji<br \/>Kr\u0101sa\u00a0\u00a0\u00a0\u00a0 Ner\u016bs\u0113jo\u0161ais t\u0113rauds<br \/>Platums\u00a0\u00a0\u00a0\u00a0 56 cm<br \/>Tvaika nos\u016bc\u0113ja piesl\u0113guma veids\u00a0\u00a0\u00a0\u00a0 Pievienojams ventil\u0101cijas atverei<\/p><\/p>","protected":false},"excerpt":{"rendered":"<p>Ra\u017eot\u0101js\u00a0\u00a0\u00a0\u00a0 ElicaSka\u013cuma l\u012bmenis\u00a0\u00a0\u00a0\u00a0 49-60 dB(A)Mont\u0101\u017eas tips\u00a0\u00a0\u00a0\u00a0 Leb\u016bv\u0113jamsFiltrs +\u00a0\u00a0\u00a0\u00a0 Met\u0101la tauku filtrsP\u0101rvald\u012bba\u00a0\u00a0\u00a0\u00a0 Meh\u0101nisksEkstrakcijas jauda atbilsto\u0161i IEC 61591, m\u00b3\/h +\u00a0\u00a0\u00a0\u00a0 650Dzin\u0113ju skaits\u00a0\u00a0\u00a0\u00a0 1Jaudas interv\u0101ls, m\u00b3\/h +\u00a0\u00a0\u00a0\u00a0 600 \u2013 799Platuma interv\u0101ls, cm\u00a0\u00a0\u00a0\u00a0 50 \u2013 59 cmEner\u0123ijas klase\u00a0\u00a0\u00a0\u00a0 DProdukta kategorija\u00a0\u00a0\u00a0\u00a0 Tvaika nos\u016bc\u0113jiKr\u0101sa\u00a0\u00a0\u00a0\u00a0 Ner\u016bs\u0113jo\u0161ais t\u0113raudsPlatums\u00a0\u00a0\u00a0\u00a0 56 cmTvaika nos\u016bc\u0113ja piesl\u0113guma veids\u00a0\u00a0\u00a0\u00a0 Pievienojams ventil\u0101cijas atverei<\/p>","protected":false},"featured_media":32194,"comment_status":"open","ping_status":"closed","template":"","meta":{"_joinchat":[]},"product_brand":[],"product_cat":[298],"product_tag":[],"class_list":{"0":"post-32201","1":"product","2":"type-product","3":"status-publish","4":"has-post-thumbnail","6":"product_cat-iebuvejama-sadzives-tehnika-iebuvejamie-tvaika-nosuceji","8":"first","9":"instock","10":"shipping-taxable","11":"purchasable","12":"product-type-simple"},"_links":{"self":[{"href":"https:\/\/emeniro.lovehorses.lv\/ru\/wp-json\/wp\/v2\/product\/32201","targetHints":{"allow":["GET"]}}],"collection":[{"href":"https:\/\/emeniro.lovehorses.lv\/ru\/wp-json\/wp\/v2\/product"}],"about":[{"href":"https:\/\/emeniro.lovehorses.lv\/ru\/wp-json\/wp\/v2\/types\/product"}],"replies":[{"embeddable":true,"href":"https:\/\/emeniro.lovehorses.lv\/ru\/wp-json\/wp\/v2\/comments?post=32201"}],"wp:featuredmedia":[{"embeddable":true,"href":"https:\/\/emeniro.lovehorses.lv\/ru\/wp-json\/wp\/v2\/media\/32194"}],"wp:attachment":[{"href":"https:\/\/emeniro.lovehorses.lv\/ru\/wp-json\/wp\/v2\/media?parent=32201"}],"wp:term":[{"taxonomy":"product_brand","embeddable":true,"href":"https:\/\/emeniro.lovehorses.lv\/ru\/wp-json\/wp\/v2\/product_brand?post=32201"},{"taxonomy":"product_cat","embeddable":true,"href":"https:\/\/emeniro.lovehorses.lv\/ru\/wp-json\/wp\/v2\/product_cat?post=32201"},{"taxonomy":"product_tag","embeddable":true,"href":"https:\/\/emeniro.lovehorses.lv\/ru\/wp-json\/wp\/v2\/product_tag?post=32201"}],"curies":[{"name":"wp","href":"https:\/\/api.w.org\/{rel}","templated":true}]}}