{"id":32226,"date":"2026-05-01T01:32:06","date_gmt":"2026-05-01T01:32:06","guid":{"rendered":"https:\/\/emeniro.lovehorses.lv\/product\/delonghi-ecam450-65-delonghi-ecam450-65\/"},"modified":"2026-05-01T01:32:06","modified_gmt":"2026-05-01T01:32:06","slug":"delonghi-ecam450-65-delonghi-ecam450-65","status":"publish","type":"product","link":"https:\/\/emeniro.lovehorses.lv\/ru\/product\/delonghi-ecam450-65-delonghi-ecam450-65\/","title":{"rendered":"Delonghi ECAM450.65 (De&#8217;longhi ECAM450.65)"},"content":{"rendered":"<p><b>\u0421\u043e\u0432\u0435\u0442\u044b<br \/>Autom\u0101tiskie<br \/>Ra\u017eot\u0101js<br \/>De\u2019Longhi<br \/>\u0426\u0432\u0435\u0442<br \/>Melns<br \/>Garantijas laiks<br \/>24 m\u0113ne\u0161i<br \/>Izmanto<br \/>Kafijas pupi\u0146as, Malta kafiju<br \/>Putu veidot\u0101ja tips<br \/>Integr\u0113ts piena konteineris<br \/>Dzirnavi\u0146u tips<br \/>\u041c\u0435\u0442\u0430\u043b\u043b\u0438\u0447\u0435\u0441\u043a\u0438\u0439<br \/>Vai kafijas autom\u0101ts pagatavo karstu \u016bdeni?<br \/>\u0414\u0430<br \/>Vai kafijas autom\u0101ts pagatavo karstu pienu?<br \/>\u0414\u0430<br \/>Kafijas padeves kr\u0101ns ar regul\u0113jamu augstumu<br \/>14.3 cm<br \/>\u041c\u043e\u0449\u043d\u043e\u0441\u0442\u044c<br \/>1450 W<br \/>\u016adens s\u016bk\u0146a spiediens<br \/>19 BAR<br \/>Izcelsmes valsts<br \/>Eiropas Savien\u012bba<br \/>EAN<br \/>8004399026209<br \/>Kafijas pagatavo\u0161anas bloks<br \/>Iz\u0146emams<br \/>Tas\u012b\u0161u sild\u012bt\u0101js<br \/>Pas\u012bvs<br \/>Pupi\u0146u tvert\u0146u skaits<br \/>1<br \/>P\u0100RVALD\u012aBA<br \/>\u042d\u043a\u0440\u0430\u043d<br \/>Kr\u0101sains<br \/>Kafijas autom\u0101ta izv\u0113lnes valoda<br \/>Ang\u013cu, \u010cehu, D\u0101\u0146u, Fran\u010du, It\u0101\u013cu, Krievu, Norv\u0113\u0123u, Po\u013cu, Slov\u0101ku, Somu, Sp\u0101\u0146u, Turku, Ukrai\u0146u, V\u0101cu, Zviedru<br \/>Vad\u012bbas tips<br \/>Sk\u0101rienj\u016bt\u012bgs ekr\u0101ns<br \/>Smart app<br \/>\u0414\u0430<br \/>IETILP\u012aBA<br \/>\u041e\u0431\u044a\u0435\u043c \u0440\u0435\u0437\u0435\u0440\u0432\u0443\u0430\u0440\u0430 \u0434\u043b\u044f \u0432\u043e\u0434\u044b<br \/>1.8 \u043b<br \/>Kafijas pupi\u0146u tvertne<br \/>300 g<br \/>Kafijas biezumu daudzums (porcijas)<br \/>14<br \/>IESTAT\u012aJUMI<br \/>Porciju izv\u0113le melnai kafijai<br \/>2<br \/>Porciju izv\u0113le kafijai ar pienu<br \/>1<br \/>Regul\u0113jams mal\u0161anas raupjums (l\u012bme\u0146i)<br \/>13<br \/>Porciju izm\u0113rs<br \/>Programm\u0113jams<br \/>Saglab\u0101tie profili<br \/>4<br \/>Kafijas stiprums (l\u012bme\u0146i)<br \/>5<br \/>Kafijas temperat\u016bra (l\u012bme\u0146i)<br \/>3<br \/>KOP\u0160ANAS PROGRAMMAS<br \/>Atka\u013c\u0137o\u0161anas programma<br \/>\u0414\u0430<br \/>Piena sist\u0113mas att\u012br\u012b\u0161anas programma<br \/>\u0414\u0430<br \/>Sist\u0113mas t\u012br\u012b\u0161anas programma<br \/>\u0414\u0430<br \/>Autom\u0101tiska skalo\u0161an\u0101s<br \/>\u0414\u0430<br \/>IZM\u0112RI UN SVARS<br \/>\u0413\u043b\u0443\u0431\u0438\u043d\u0430<br \/>45 \u0441\u043c<br \/>\u0412\u044b\u0441\u043e\u0442\u0430<br \/>38.5 cm<br \/>\u0428\u0438\u0440\u0438\u043d\u0430<br \/>26 cm<br \/>\u0412\u0435\u0441<br \/>11.4 kg<br \/>PAGATAVOJAMIE DZ\u0112RIENI<br \/>Pagatavojamie dz\u0113rieni- Citi<br \/>Karsts piens, Karsts \u016bdens<br \/>Kafija<br \/>Americano, Caff\u00e8 latte, Cappuccino, Cappuccino mix, Cold brew, Cortado, Espresso, Espresso Macchiato, Flat white, Kafijas kanna, Latte Macchiato, Long black, Melna kafija<br \/>KOMPLEKT\u0100 IETILPST<br \/>Komplekt\u0101 ietilpst<br \/>(*Ra\u017eot\u0101js patur ties\u012bbas bez iepriek\u0161\u0113ja br\u012bdin\u0101juma main\u012bt komplekt\u0101 iek\u013caut\u0101s preces*), Atka\u013c\u0137o\u0161anas \u0161\u0137idrums, Karote malt\u0101s kafijas ieb\u0113r\u0161anai, Karst\u0101 \u016bdens kr\u0101ns\/ manu\u0101ls piena putot\u0101js, Lietot\u0101ja rokasgr\u0101mata, Piena konteineris, T\u012br\u012b\u0161anas birst\u012bte, \u016adens ciet\u012bbas tests, \u016adens filtrsVair\u0101k nek\u0101 50 karsto, ledus un auksto kafijas dz\u0113rienu receptes!<\/b><\/p>\n<p>Jaunais De\u2019Longhi kafijas autom\u0101ts \u201cEletta Explore\u201d j\u016bs noteikti iepriecin\u0101s ar iespaid\u012bg\u0101m un daudzveid\u012bg\u0101m kafijas recept\u0113m: izv\u0113lieties karstu, ledus vai aukstu dz\u0113rienu un pagatavojiet kafiju pa tie\u0161o sav\u0101 iem\u012b\u013cotaj\u0101 termokr\u016bz\u0113. \u0160aj\u0101 model\u012b ieb\u016bv\u0113t\u0101s jaun\u0101k\u0101s tehnolo\u0123ijas p\u0101rv\u0113rt\u012bs j\u016bsu virtuvi m\u0101j\u012bg\u0101 kafejn\u012bc\u0101. Vair\u0101k par funkcij\u0101m lasiet zem\u0101k:<\/p>\n<p><b>IESP\u0112JAMS, PLA\u0160\u0100KAIS M\u0100J\u0100S PAGATAVOJAMO DZ\u0112RIENU KL\u0100STS<\/b><\/p>\n<p>Ar \u201cLatteCrema Hot\u201d un \u201cLatteCrema Cool\u201d piena tvertn\u0113m, \u012bpa\u0161o l\u012bdz\u0146em\u0161anas funkciju un ieb\u016bv\u0113tu auksto dz\u0113rienu pagatavo\u0161anas tehnolo\u0123iju, \u201cEletta Explore\u201d pied\u0101v\u0101 vair\u0101k nek\u0101 50 da\u017e\u0101dus dz\u0113rienus, kas pagatavojami ar vienu pogas spiedienu.<\/p>\n<p><b>\u201cLATTECREMA HOT\u201d UN \u201cLATTECREMA COOL\u201d KARSTIEM VAI AUKSTIEM PIENA DZ\u0112RIENIEM (VAR IZMANTOT AR\u012a AUGU IZCELSMES PIENU)<\/b><\/p>\n<p>\u201cEletta Explore\u201d ir apr\u012bkots ar div\u0101m piena tvertn\u0113m, \u2013 \u201cLatteCrema Hot\u201d un \u201cLatteCrema Cool\u201d \u2013 lai j\u016bs var\u0113tu baud\u012bt gan karstus, gan aukstus piena dz\u0113rienus. T\u0101s ir piem\u0113rotas ar\u012b augu piena alternat\u012bv\u0101m, piem\u0113ram, sojas, auzu vai mande\u013cu pienam. Ier\u012bce ir apr\u012bkota ar\u012b ar ieb\u016bv\u0113tu autom\u0101tisko piena tvert\u0146u t\u012br\u012b\u0161anas sist\u0113mu. V\u0113l liel\u0101k\u0101m \u0113rt\u012bb\u0101m \u2013 tvertnes dr\u012bkst mazg\u0101t trauku mazg\u0101jam\u0101 ma\u0161\u012bn\u0101.<\/p>\n<p><b>IZBAUDIET GARDUS AUKSTOS DZ\u0112RIENUS<\/b><\/p>\n<p>Pateicoties jaunajai aukst\u0101s ekstrakcijas tehnolo\u0123ijai, j\u016bs var\u0113siet pagatavot gardu auksto kafiju maz\u0101k nek\u0101 3 min\u016bt\u0113s. \u016adens (istabas temperat\u016br\u0101) iepl\u016bst pa tie\u0161o pagatavo\u0161anas blok\u0101. Puls\u0113jo\u0161ais s\u016bknis un zemais pagatavo\u0161anas spiediens nodro\u0161ina kafijas ekstrah\u0113\u0161anu pa pilienam. Sal\u012bdzin\u0101jum\u0101 ar citiem dz\u0113rieniem, aukst\u0101 kafija ir maz\u0101k sk\u0101bena un r\u016bgtena. T\u0101s gar\u0161\u0101 izce\u013cas saldenas, atsvaidzino\u0161as notis, un \u0161\u0101dam dz\u0113rienam lieliski piem\u0113rotas b\u016bs specialit\u0101tes kafijas pupi\u0146as.<\/p>\n<p><b>PAGATAVOJIET SAVUS IECIEN\u012aT\u0100KOS AUKSTOS VAI KARSTOS DZ\u0112RIENUS L\u012aDZ\u0145EM\u0160ANAI<\/b><\/p>\n<p>Jaun\u0101 \u201cTo-Go\u201d funkcija sniedz iesp\u0113ju piepild\u012bt iecien\u012bt\u0101ko ce\u013cojumu kr\u016bzi (ar ietilp\u012bbu l\u012bdz 475 ml) ar gardu kafiju un pa\u0146emt to l\u012bdzi dodoties ce\u013c\u0101. Izv\u0113lieties k\u0101du no 3 izm\u0113riem: 235, 335 vai 475 ml. Pateicoties pace\u013camai papl\u0101tei, j\u016bs var\u0113siet izmantot gandr\u012bz jebkuru kr\u016bzi (l\u012bdz 16 cm augstum\u0101).<\/p>\n<p><b>3.5\u2033 KR\u0100SU TFT SK\u0100RIENEKR\u0100NS<\/b><\/p>\n<p>Lieto\u0161anas \u0113rt\u012bbas nodro\u0161ina kr\u0101sainais sk\u0101rienekr\u0101ns, uz k\u0101 ir skaidri p\u0101rredzamas \u201cEletta Explore\u201d funkcijas. Visi dz\u0113rieni ir sagrup\u0113ti 4 kategorij\u0101s ar augstas iz\u0161\u0137irtsp\u0113jas, piesk\u0101rienam maig\u0101m un kr\u0101sain\u0101m ikon\u0101m (karstie dz\u0113rieni, aukstie dz\u0113rieni, l\u012bdz\u0146em\u0161anai, iecien\u012bt\u0101kie dz\u0113rieni), lai j\u016bs neapjuktu pla\u0161aj\u0101 pied\u0101v\u0101to dz\u0113rienu kl\u0101st\u0101.<\/p>\n<p><b>\u201cBEAN ADAPT\u201d AUGST\u0100K\u0100S KVALIT\u0100TES TEHNOLO\u0122IJA<\/b><\/p>\n<p>Gardas kafijas nosl\u0113pums sl\u0113pjas kafijas pupi\u0146\u0101s. Lai atkl\u0101tu to spilgto gar\u0161u bu\u0137eti un arom\u0101tu, pupi\u0146as ar da\u017e\u0101diem grauzd\u0113jumiem ir j\u0101sama\u013c un j\u0101pagatavo at\u0161\u0137ir\u012bgi. Par laimi, \u201cBean Adapt\u201d tehnolo\u0123ija par to ir par\u016bp\u0113jusies j\u016bsu viet\u0101 \u2013 jums atliek tikai savienot kafijas autom\u0101tu ar viedier\u012bci un, izmantojot De\u2019Longhi viedo lietotni \u201cCoffee Link\u201d, izv\u0113l\u0113ties kafijas pupi\u0146u grauzd\u0113juma l\u012bmeni. P\u0113c tam kafijas autom\u0101ts ieteiks vispiem\u0113rot\u0101ko malumu, maltas kafijas daudzumu, k\u0101 ar\u012b pagatavo\u0161anas temperat\u016bru. P\u0113c \u0161o parametru iestat\u012b\u0161anas, varam mier\u012bgi aps\u0113sties un baud\u012bt izcili pagatavotu kafiju.<\/p>\n<p><b>4 LIETOT\u0100JU PROFILI UN VAIR\u0100KAS PIEL\u0100GO\u0160ANAS IESP\u0112JAS<\/b><\/p>\n<p>Katru recepti ir iesp\u0113jams piel\u0101got: izv\u0113lieties k\u0101du no 5 intensit\u0101tes l\u012bme\u0146iem, 4 porciju lielumiem un 3 temperat\u016bras iestat\u012bjumiem. \u010cetri lietot\u0101ju profili \u013cauj \u010detriem kafijas cien\u012bt\u0101jiem saglab\u0101t sev v\u0113lamos iestat\u012bjumus.<\/p>\n<p><b>\u201cCOFFEE LINK\u201d VIED\u0100 APLIK\u0100CIJA: ATKL\u0100JIET VAIR\u0100K NEK\u0100 100 RECEPTES<\/b><\/p>\n<p>Atkl\u0101jiet piln\u012bgi jaunu kafijas pasauli ar De\u2019Longhi \u012bpa\u0161o \u201cCoffee Link\u201d viedo lietotni: izm\u0113\u0123iniet vair\u0101k nek\u0101 100 karsto un auksto kafijas dz\u0113rienu receptes (jums atliek tikai sekot nor\u0101d\u012bjumiem), izp\u0113tiet papildu pagatavo\u0161anas iesp\u0113jas un lietojiet kafijas autom\u0101tu att\u0101lin\u0101ti.<\/p>\n<p><b>AUTOMATIZ\u0112TA APKOPE<\/b><\/p>\n<p>De\u2019Longhi ir velt\u012bjis laiku tam, lai nodro\u0161in\u0101tu vieglu \u201cEletta Explore\u201d apkopi. Pateicoties ieb\u016bv\u0113taj\u0101m autom\u0101tisk\u0101s apkopes programm\u0101m un paroc\u012bgiem t\u012br\u012b\u0161anas pazi\u0146ojumiem, kas tiek att\u0113loti ekr\u0101n\u0101, r\u016bpes par \u0161o kafijas autom\u0101tu ir v\u0113l vienk\u0101r\u0161\u0101kas k\u0101 v\u0113l nekad. V\u0113l liel\u0101k\u0101m \u0113rt\u012bb\u0101m \u2013 notekpapl\u0101ti un piena tvertnes dr\u012bkst mazg\u0101t trauku mazg\u0101jam\u0101 ma\u0161\u012bn\u0101, savuk\u0101rt, pagatavo\u0161anas bloku iesp\u0113jams tikpat viegli iz\u0146emt un izskalot.<\/p>\n<p><\/p>","protected":false},"excerpt":{"rendered":"<p>TipsAutom\u0101tiskieRa\u017eot\u0101jsDe\u2019LonghiKr\u0101saMelnsGarantijas laiks24 m\u0113ne\u0161iIzmantoKafijas pupi\u0146as, Malta kafijuPutu veidot\u0101ja tipsIntegr\u0113ts piena konteinerisDzirnavi\u0146u tipsMet\u0101laVai kafijas autom\u0101ts pagatavo karstu \u016bdeni?J\u0101Vai kafijas autom\u0101ts pagatavo karstu pienu?J\u0101Kafijas padeves kr\u0101ns ar regul\u0113jamu augstumu14.3 cmJauda1450 W\u016adens s\u016bk\u0146a spiediens19 BARIzcelsmes valstsEiropas Savien\u012bbaEAN8004399026209Kafijas pagatavo\u0161anas bloksIz\u0146emamsTas\u012b\u0161u sild\u012bt\u0101jsPas\u012bvsPupi\u0146u tvert\u0146u skaits1P\u0100RVALD\u012aBAEkr\u0101nsKr\u0101sainsKafijas autom\u0101ta izv\u0113lnes valodaAng\u013cu, \u010cehu, D\u0101\u0146u, Fran\u010du, It\u0101\u013cu, Krievu, Norv\u0113\u0123u, Po\u013cu, Slov\u0101ku, Somu, Sp\u0101\u0146u, Turku, Ukrai\u0146u, V\u0101cu, ZviedruVad\u012bbas [&hellip;]<\/p>\n","protected":false},"featured_media":32223,"comment_status":"open","ping_status":"closed","template":"","meta":[],"product_brand":[],"product_cat":[314],"product_tag":[],"class_list":{"0":"post-32226","1":"product","2":"type-product","3":"status-publish","4":"has-post-thumbnail","6":"product_cat-maza-sadzives-tehnika-kafijas-automati","8":"first","9":"instock","10":"shipping-taxable","11":"purchasable","12":"product-type-simple"},"_links":{"self":[{"href":"https:\/\/emeniro.lovehorses.lv\/ru\/wp-json\/wp\/v2\/product\/32226","targetHints":{"allow":["GET"]}}],"collection":[{"href":"https:\/\/emeniro.lovehorses.lv\/ru\/wp-json\/wp\/v2\/product"}],"about":[{"href":"https:\/\/emeniro.lovehorses.lv\/ru\/wp-json\/wp\/v2\/types\/product"}],"replies":[{"embeddable":true,"href":"https:\/\/emeniro.lovehorses.lv\/ru\/wp-json\/wp\/v2\/comments?post=32226"}],"wp:featuredmedia":[{"embeddable":true,"href":"https:\/\/emeniro.lovehorses.lv\/ru\/wp-json\/wp\/v2\/media\/32223"}],"wp:attachment":[{"href":"https:\/\/emeniro.lovehorses.lv\/ru\/wp-json\/wp\/v2\/media?parent=32226"}],"wp:term":[{"taxonomy":"product_brand","embeddable":true,"href":"https:\/\/emeniro.lovehorses.lv\/ru\/wp-json\/wp\/v2\/product_brand?post=32226"},{"taxonomy":"product_cat","embeddable":true,"href":"https:\/\/emeniro.lovehorses.lv\/ru\/wp-json\/wp\/v2\/product_cat?post=32226"},{"taxonomy":"product_tag","embeddable":true,"href":"https:\/\/emeniro.lovehorses.lv\/ru\/wp-json\/wp\/v2\/product_tag?post=32226"}],"curies":[{"name":"wp","href":"https:\/\/api.w.org\/{rel}","templated":true}]}}