{"id":32233,"date":"2026-05-01T01:32:21","date_gmt":"2026-05-01T01:32:21","guid":{"rendered":"https:\/\/emeniro.lovehorses.lv\/product\/delonghi-eletta-explore-ecam450-86-t\/"},"modified":"2026-05-01T01:32:21","modified_gmt":"2026-05-01T01:32:21","slug":"delonghi-eletta-explore-ecam450-86-t","status":"publish","type":"product","link":"https:\/\/emeniro.lovehorses.lv\/ru\/product\/delonghi-eletta-explore-ecam450-86-t\/","title":{"rendered":"DELONGHI ELETTA EXPLORE ECAM450.86.T"},"content":{"rendered":"<p>\u0422\u0435\u0445\u043d\u043e\u043b\u043e\u0433\u0438\u044f LatteCrema Hot \u0438 Cool \u043e\u0431\u0435\u0441\u043f\u0435\u0447\u0438\u0432\u0430\u0435\u0442 \u043f\u0440\u0438\u0433\u043e\u0442\u043e\u0432\u043b\u0435\u043d\u0438\u0435 \u0433\u043e\u0440\u044f\u0447\u0435\u0439 \u0438 \u0445\u043e\u043b\u043e\u0434\u043d\u043e\u0439 \u043c\u043e\u043b\u043e\u0447\u043d\u043e\u0439 \u043f\u0435\u043d\u044b;<br \/>\u2022 \u0422\u0435\u0445\u043d\u043e\u043b\u043e\u0433\u0438\u044f \u0445\u043e\u043b\u043e\u0434\u043d\u043e\u0433\u043e \u044d\u043a\u0441\u0442\u0440\u0430\u0433\u0438\u0440\u043e\u0432\u0430\u043d\u0438\u044f \u043f\u043e\u0437\u0432\u043e\u043b\u044f\u0435\u0442 \u043f\u0440\u0438\u0433\u043e\u0442\u043e\u0432\u0438\u0442\u044c \u0441\u0432\u0435\u0436\u0438\u0435 \u0445\u043e\u043b\u043e\u0434\u043d\u044b\u0435 \u043d\u0430\u043f\u0438\u0442\u043a\u0438 \u043c\u0435\u043d\u0435\u0435 \u0447\u0435\u043c \u0437\u0430 5 \u043c\u0438\u043d\u0443\u0442;<br \/>\u2022 3,5-\u0434\u044e\u0439\u043c\u043e\u0432\u044b\u0439 TFT \u044d\u043a\u0440\u0430\u043d \u043f\u043e\u043a\u0430\u0437\u044b\u0432\u0430\u0435\u0442 \u0440\u0430\u0437\u043d\u044b\u0435 \u0438\u043a\u043e\u043d\u043a\u0438 \u0438 \u043f\u043e\u0437\u0432\u043e\u043b\u044f\u0435\u0442 \u043d\u0430\u0441\u0442\u0440\u0430\u0438\u0432\u0430\u0442\u044c \u043d\u0435\u0441\u043a\u043e\u043b\u044c\u043a\u043e \u0444\u0443\u043d\u043a\u0446\u0438\u0439 \u0430\u043f\u043f\u0430\u0440\u0430\u0442\u0430;<br \/>\u2022 \u0422\u0435\u0445\u043d\u043e\u043b\u043e\u0433\u0438\u044f Bean Adapt \u0430\u0432\u0442\u043e\u043c\u0430\u0442\u0438\u0447\u0435\u0441\u043a\u0438 \u043f\u043e\u0434\u0441\u0442\u0440\u0430\u0438\u0432\u0430\u0435\u0442 \u043d\u0430\u0441\u0442\u0440\u043e\u0439\u043a\u0438 \u0430\u043f\u043f\u0430\u0440\u0430\u0442\u0430 \u043f\u043e\u0434 \u043a\u0430\u0436\u0434\u044b\u0439 \u0442\u0438\u043f \u043a\u043e\u0444\u0435, \u043e\u0431\u0435\u0441\u043f\u0435\u0447\u0438\u0432\u0430\u044f \u0438\u0434\u0435\u0430\u043b\u044c\u043d\u043e\u0435 \u043f\u0440\u0438\u0433\u043e\u0442\u043e\u0432\u043b\u0435\u043d\u0438\u0435 \u043a\u043e\u0444\u0435 \u0438\u0437 \u0432\u044b\u0431\u0440\u0430\u043d\u043d\u044b\u0445 \u0437\u0435\u0440\u0435\u043d;<br \/>\u2022 Wi-Fi savienojums un mobil\u0101 lietotne \u2013 pieejama Apple un Android t\u0101lru\u0146iem lietot\u0146u veikal\u0101, \u013cauj vad\u012bt un konfigur\u0113t iek\u0101rtu no att\u0101luma;<br \/>\u2022 \u0410\u0432\u0442\u043e\u043c\u0430\u0442\u0438\u0447\u0435\u0441\u043a\u0430\u044f \u0441\u0438\u0441\u0442\u0435\u043c\u0430 To-Go \u043f\u043e\u0437\u0432\u043e\u043b\u044f\u0435\u0442 \u0438\u0441\u043f\u043e\u043b\u044c\u0437\u043e\u0432\u0430\u0442\u044c \u0447\u0430\u0448\u043a\u0438 \u0432\u044b\u0441\u043e\u0442\u043e\u0439 \u0434\u043e 16 \u0441\u043c, \u0432\u043a\u043b\u044e\u0447\u0430\u044f \u0447\u0430\u0448\u043a\u0443 \u0434\u043b\u044f \u043d\u0430\u043f\u0438\u0442\u043a\u043e\u0432 \u0441 \u0441\u043e\u0431\u043e\u0439.<\/p>\n<p>\u042d\u0441\u043f\u0440\u0435\u0441\u0441\u043e \u043a\u043e\u0444\u0435\u043c\u0430\u0448\u0438\u043d\u0430<\/p>\n<p>\u0442\u0438\u043f \u044d\u0441\u043f\u0440\u0435\u0441\u0441\u043e \u0430\u043f\u043f\u0430\u0440\u0430\u0442\u0430<br \/>\u043f\u043e\u043b\u043d\u043e\u0441\u0442\u044c\u044e \u0430\u0432\u0442\u043e\u043c\u0430\u0442\u0438\u0447\u0435\u0441\u043a\u0438\u0439<br \/>\u201cone touch\u201d (vienas pogas) dz\u0113riena pagatavo\u0161ana<br \/>\u043b\u0430\u0442\u0442\u0435 \u043c\u0430\u043a\u0438\u0430\u0442\u043e, \u043a\u0430\u043f\u0443\u0447\u0438\u043d\u043e, \u0430\u043c\u0435\u0440\u0438\u043a\u0430\u043d\u043e, \u0431\u0435\u043b\u044b\u0439 \u043a\u043e\u0444\u0435, \u043a\u0430\u0444\u0435 \u043b\u0430\u0442\u0442\u0435, \u043b\u0443\u043d\u0433\u043e, \u044d\u0441\u043f\u0440\u0435\u0441\u0441\u043e, \u0447\u0451\u0440\u043d\u044b\u0439 \u043a\u043e\u0444\u0435, \u0433\u043e\u0440\u044f\u0447\u0435\u0435 \u043c\u043e\u043b\u043e\u043a\u043e, \u043a\u043e\u0444\u0435\u0439\u043d\u044b\u0439 \u0433\u043e\u0440\u0448\u043e\u043a, \u0433\u043e\u0440\u044f\u0447\u0430\u044f \u0432\u043e\u0434\u0430, \u044d\u0441\u043f\u0440\u0435\u0441\u0441\u043e \u043c\u0430\u043a\u0438\u0430\u0442\u043e<br \/>funkcijas<br \/>\u0441\u044a\u0451\u043c\u043d\u044b\u0439 \u0431\u043b\u043e\u043a \u043f\u0440\u0438\u0433\u043e\u0442\u043e\u0432\u043b\u0435\u043d\u0438\u044f<br \/>programmas<br \/>\u043f\u0440\u043e\u0433\u0440\u0430\u043c\u043c\u0438\u0440\u043e\u0432\u0430\u043d\u0438\u0435 \u0447\u0430\u0448\u0435\u043a, \u043f\u0440\u043e\u0433\u0440\u0430\u043c\u043c\u0430 \u0434\u0435\u043a\u0430\u043b\u044c\u0446\u0438\u043d\u0430\u0446\u0438\u0438, \u0443\u0441\u0442\u0430\u043d\u043e\u0432\u043a\u0430 \u0436\u0451\u0441\u0442\u043a\u043e\u0441\u0442\u0438 \u0432\u043e\u0434\u044b, \u043e\u0447\u0438\u0441\u0442\u043a\u0430 \u0441\u0438\u0441\u0442\u0435\u043c\u044b \u043c\u043e\u043b\u043e\u043a\u0430<br \/>\u043f\u0440\u0438\u0433\u043e\u0442\u043e\u0432\u043b\u0435\u043d\u0438\u0435 \u043a\u043e\u0444\u0435<br \/>\u0430\u0432\u0442\u043e\u043c\u0430\u0442\u0438\u0447\u0435\u0441\u043a\u043e\u0435<br \/>\u043c\u0435\u043d\u044e \u0434\u043b\u044f \u043c\u043e\u043b\u043e\u0442\u043e\u0433\u043e \u043a\u043e\u0444\u0435<br \/>\u0414\u0430<br \/>\u043c\u043e\u043b\u043e\u0447\u043d\u044b\u0439 \u0432\u0441\u043f\u0435\u043d\u0438\u0432\u0430\u0442\u0435\u043b\u044c<br \/>\u0414\u0430<br \/>\u043f\u0430\u0440 \/ \u0433\u043e\u0440\u044f\u0447\u0430\u044f \u0432\u043e\u0434\u0430<br \/>\u0414\u0430<br \/>\u0432\u044b\u0431\u043e\u0440 \u043a\u043e\u043b\u0438\u0447\u0435\u0441\u0442\u0432\u0430 \u0433\u043e\u0440\u044f\u0447\u0435\u0439 \u0432\u043e\u0434\u044b<br \/>\u0414\u0430<br \/>\u043a\u043e\u0444\u0435\u0439\u043d\u044b\u0439 \u043d\u043e\u0441\u0438\u043a \u0441 \u0440\u0435\u0433\u0443\u043b\u0438\u0440\u0443\u0435\u043c\u043e\u0439 \u0432\u044b\u0441\u043e\u0442\u043e\u0439<br \/>17 cm<br \/>\u043e\u0431\u044a\u0451\u043c \u043f\u043e\u0440\u0446\u0438\u0438<br \/>240 \u043c\u043b<br \/>jauda<br \/>1450 W<br \/>\u0441\u0438\u0441\u0442\u0435\u043c\u0430 \u0434\u0430\u0432\u043b\u0435\u043d\u0438\u044f<br \/>19 \u0431\u0430\u0440<br \/>\u0451\u043c\u043a\u043e\u0441\u0442\u044c \u0440\u0435\u0437\u0435\u0440\u0432\u0443\u0430\u0440\u0430 \u0434\u043b\u044f \u0432\u043e\u0434\u044b<br \/>1,8 \u043b<br \/>\u0451\u043c\u043a\u043e\u0441\u0442\u044c \u043a\u043e\u043d\u0442\u0435\u0439\u043d\u0435\u0440\u0430 \u0434\u043b\u044f \u0437\u0435\u0440\u0435\u043d<br \/>300 \u0433<br \/>\u043a\u043e\u043d\u0442\u0435\u0439\u043d\u0435\u0440 \u0434\u043b\u044f \u043e\u0442\u0445\u043e\u0434\u043e\u0432<br \/>14 \u043f\u043e\u0440\u0446\u0438\u0439<br \/>\u0440\u0435\u0433\u0443\u043b\u0438\u0440\u043e\u0432\u043a\u0430 \u043a\u0440\u0435\u043f\u043e\u0441\u0442\u0438 \u043a\u043e\u0444\u0435<br \/>\u0414\u0430<br \/>\u043d\u0430\u0441\u0442\u0440\u043e\u0439\u043a\u0438 \u043a\u043e\u0444\u0435\u043c\u043e\u043b\u043a\u0438<br \/>\u0414\u0430<br \/>\u0443\u0440\u043e\u0432\u043d\u0438 \u0442\u0435\u043c\u043f\u0435\u0440\u0430\u0442\u0443\u0440\u044b<br \/>3<br \/>\u0432\u043e\u0434\u044f\u043d\u043e\u0439 \u0444\u0438\u043b\u044c\u0442\u0440<br \/>\u0444\u0438\u043b\u044c\u0442\u0440 Delonghi<br \/>\u044d\u043d\u0435\u0440\u0433\u043e\u043f\u043e\u0442\u0440\u0435\u0431\u043b\u0435\u043d\u0438\u0435 \u0432 \u0440\u0435\u0436\u0438\u043c\u0435 \u043e\u0436\u0438\u0434\u0430\u043d\u0438\u044f<br \/>\u0414\u0430<br \/>\u043a\u043e\u043d\u0442\u0435\u0439\u043d\u0435\u0440 \u0434\u043b\u044f \u043c\u043e\u043b\u043e\u043a\u0430<br \/>\u0414\u0430<br \/>\u043a\u043e\u0444\u0435\u043c\u043e\u043b\u043a\u0430<br \/>\u043a\u043e\u0444\u0435\u043c\u043e\u043b\u043a\u0430 \u0438\u0437 \u043d\u0435\u0440\u0436\u0430\u0432\u0435\u044e\u0449\u0435\u0439 \u0441\u0442\u0430\u043b\u0438<br \/>\u041e\u0431\u0449\u0438\u0435 \u043f\u0430\u0440\u0430\u043c\u0435\u0442\u0440\u044b<\/p>\n<p>displejs<br \/>\u0446\u0432\u0435\u0442\u043d\u043e\u0439 TFT \u0441\u0435\u043d\u0441\u043e\u0440\u043d\u044b\u0439 \u044d\u043a\u0440\u0430\u043d<br \/>\u012bpa\u0161\u012bbas<br \/>\u0442\u0435\u0445\u043d\u043e\u043b\u043e\u0433\u0438\u0438 LatteCrema Hot \u0438 Cool, Bean Adapt, \u0441\u043e\u0437\u0434\u0430\u043d\u0438\u0435 \u0441\u043e\u0431\u0441\u0442\u0432\u0435\u043d\u043d\u044b\u0445 \u0440\u0435\u0446\u0435\u043f\u0442\u043e\u0432 \u0441 \u043f\u043e\u043c\u043e\u0449\u044c\u044e \u043f\u0440\u0438\u043b\u043e\u0436\u0435\u043d\u0438\u044f, \u0442\u0435\u0445\u043d\u043e\u043b\u043e\u0433\u0438\u044f \u0445\u043e\u043b\u043e\u0434\u043d\u043e\u0433\u043e \u043f\u0440\u0438\u0433\u043e\u0442\u043e\u0432\u043b\u0435\u043d\u0438\u044f, 4 \u043f\u043e\u043b\u044c\u0437\u043e\u0432\u0430\u0442\u0435\u043b\u044c\u0441\u043a\u0438\u0445 \u043f\u0440\u043e\u0444\u0438\u043b\u044f, \u0444\u0443\u043d\u043a\u0446\u0438\u044f \u0441\u043e\u0445\u0440\u0430\u043d\u0435\u043d\u0438\u044f \u0430\u0440\u043e\u043c\u0430\u0442\u0430, \u0431\u043e\u043b\u0435\u0435 50 \u0445\u043e\u043b\u043e\u0434\u043d\u044b\u0445 \u0438 \u0433\u043e\u0440\u044f\u0447\u0438\u0445 \u043a\u043e\u0444\u0435\u0439\u043d\u044b\u0445 \u043d\u0430\u043f\u0438\u0442\u043a\u043e\u0432, \u0444\u0443\u043d\u043a\u0446\u0438\u044f To-Go \u0434\u043b\u044f \u043d\u0430\u043f\u0438\u0442\u043a\u043e\u0432 \u0434\u043e 470 \u043c\u043b, 5 \u0443\u0440\u043e\u0432\u043d\u0435\u0439 \u0438\u043d\u0442\u0435\u043d\u0441\u0438\u0432\u043d\u043e\u0441\u0442\u0438, Wi-Fi \u043f\u043e\u0434\u043a\u043b\u044e\u0447\u0435\u043d\u0438\u0435, \u043f\u0440\u0438\u043b\u043e\u0436\u0435\u043d\u0438\u0435 Coffee Link \u0441 \u0431\u043e\u043b\u0435\u0435 \u0447\u0435\u043c 100 \u043a\u0440\u0435\u0430\u0442\u0438\u0432\u043d\u044b\u043c\u0438 \u0440\u0435\u0446\u0435\u043f\u0442\u0430\u043c\u0438, 13 \u043d\u0430\u0441\u0442\u0440\u043e\u0435\u043a \u043f\u043e\u043c\u043e\u043b\u0430<br \/>komplekt\u0101cija<br \/>\u043f\u0440\u043e\u0438\u0437\u0432\u043e\u0434\u0438\u0442\u0435\u043b\u044c<br \/>DeLonghi<br \/>kr\u0101sa<br \/>\u0442\u0438\u0442\u0430\u043d\u043e\u0432\u044b\u0439<br \/>\u042f\u0437\u044b\u043a<\/p>\n<p>\u044f\u0437\u044b\u043a\u0438<br \/>\u0410\u043d\u0433\u043b\u0438\u0439\u0441\u043a\u0438\u0439<br \/>\u0420\u0430\u0437\u043c\u0435\u0440\u044b<\/p>\n<p>platums<br \/>26 \u0441\u043c<br \/>augstums<br \/>38,5 \u0441\u043c<br \/>dzi\u013cums<br \/>45 \u0441\u043c<br \/>svars<br \/>11,3 \u043a\u0433<\/p>","protected":false},"excerpt":{"rendered":"<p>LatteCrema Hot un Cool tehnolo\u0123ija nodro\u0161ina karst\u0101 un aukst\u0101 piena putu pagatavo\u0161anu;\u2022 Aukst\u0101s ekstrakcijas tehnolo\u0123ija \u013cauj pagatavot svaigus aukstus dz\u0113rienus maz\u0101k nek\u0101 5 min\u016bt\u0113s;\u2022 3.5 collu TFT ekr\u0101ns r\u0101da da\u017e\u0101das ikonas un \u013cauj piel\u0101got vair\u0101kas autom\u0101ta funkcijas;\u2022 Bean Adapt tehnolo\u0123ija autom\u0101tiski piel\u0101go autom\u0101ta uzst\u0101d\u012bjumus katram kafijas tipam, nodro\u0161inot ide\u0101lu kafijas pagatavo\u0161anu no izv\u0113l\u0113taj\u0101m pupi\u0146\u0101m;\u2022 Wi-Fi [&hellip;]<\/p>\n","protected":false},"featured_media":32231,"comment_status":"open","ping_status":"closed","template":"","meta":{"_joinchat":[]},"product_brand":[],"product_cat":[314],"product_tag":[],"class_list":{"0":"post-32233","1":"product","2":"type-product","3":"status-publish","4":"has-post-thumbnail","6":"product_cat-maza-sadzives-tehnika-kafijas-automati","8":"first","9":"instock","10":"shipping-taxable","11":"purchasable","12":"product-type-simple"},"_links":{"self":[{"href":"https:\/\/emeniro.lovehorses.lv\/ru\/wp-json\/wp\/v2\/product\/32233","targetHints":{"allow":["GET"]}}],"collection":[{"href":"https:\/\/emeniro.lovehorses.lv\/ru\/wp-json\/wp\/v2\/product"}],"about":[{"href":"https:\/\/emeniro.lovehorses.lv\/ru\/wp-json\/wp\/v2\/types\/product"}],"replies":[{"embeddable":true,"href":"https:\/\/emeniro.lovehorses.lv\/ru\/wp-json\/wp\/v2\/comments?post=32233"}],"wp:featuredmedia":[{"embeddable":true,"href":"https:\/\/emeniro.lovehorses.lv\/ru\/wp-json\/wp\/v2\/media\/32231"}],"wp:attachment":[{"href":"https:\/\/emeniro.lovehorses.lv\/ru\/wp-json\/wp\/v2\/media?parent=32233"}],"wp:term":[{"taxonomy":"product_brand","embeddable":true,"href":"https:\/\/emeniro.lovehorses.lv\/ru\/wp-json\/wp\/v2\/product_brand?post=32233"},{"taxonomy":"product_cat","embeddable":true,"href":"https:\/\/emeniro.lovehorses.lv\/ru\/wp-json\/wp\/v2\/product_cat?post=32233"},{"taxonomy":"product_tag","embeddable":true,"href":"https:\/\/emeniro.lovehorses.lv\/ru\/wp-json\/wp\/v2\/product_tag?post=32233"}],"curies":[{"name":"wp","href":"https:\/\/api.w.org\/{rel}","templated":true}]}}